{"id":39,"date":"2016-05-18T16:57:44","date_gmt":"2016-05-18T14:57:44","guid":{"rendered":"https:\/\/www.barcelonatourstickets.com\/?page_id=39"},"modified":"2017-01-11T10:47:37","modified_gmt":"2017-01-11T09:47:37","slug":"about-us","status":"publish","type":"page","link":"https:\/\/www.barcelonatourstickets.com\/es\/about-us\/","title":{"rendered":"About us"},"content":{"rendered":"<h3 style=\"text-align: center;\"><i>\u201cUn cliente es la m\u00e1s importante de nuestras premisas, el es parte de nuestro negocio y el\u00a0prop\u00f3sito\u00a0del mismo<\/i><i>.\u201d\u00a0<\/i><\/h3>\n<div><\/div>\n<div style=\"text-align: right;\"><i>Mahatma\u00a0Gandhi<\/i><\/div>\n<div style=\"text-align: right;\"><\/div>\n<div><div class=\"kad-spacer clearfix\" style=\"height:20px\"><\/div><\/div>\n<div>En\u00a0<a href=\"https:\/\/www.barcelonatourstickets.com\/\" target=\"_blank\"><em>Barcelona Tours &amp; Tickets<\/em><\/a>\u00a0creemos que los recuerdos de tu viaje son lo m\u00e1s importante. Nuestro equipo cuenta con m\u00e1s de 10 a\u00f1os de experiencia en el \u00e1mbito del turismo y del transporte de pasajeros. Y buscamos continuamente la incorporaci\u00f3n de nuevos servicios, de la m\u00e1s alta calidad, a nuestro cat\u00e1logo de productos para proveer de nuevas experiencias en turismo, cultura, gastronom\u00eda y ocio a nuestros clientes. <strong>Nuestra misi\u00f3n es ofrecer a nuestros clientes una visi\u00f3n inolvidable del coraz\u00f3n de Catalunya.<\/strong>\u00a0Nos encantar\u00eda contribuir a que usted viva y disfrute una experiencia incre\u00edble. Somos especialista en proveer un alto rango de tours dentro y fuera de Barcelona.<\/div>\n<div><\/div>\n<div>\n<h4><strong>\u00bfPor qu\u00e9 reservar con nosotros?:<\/strong><\/h4>\n<ul>\n<li>Experiencia y especializaci\u00f3n<\/li>\n<li>Calidad y servicio<\/li>\n<li>Un toque personal<\/li>\n<li>Expertos locales<\/li>\n<li>Fiabilidad<\/li>\n<\/ul>\n<div><\/div>\n<p><strong>Nuestra compa\u00f1\u00eda puede ayudarle a planificar el viaje perfecto. Usted puede reservar sus tours, transfers y eventos con nosotros. Estamos ansiosos por recibir sus propuestas!\u00a0<\/strong><\/p>\n<\/div>","protected":false},"excerpt":{"rendered":"<p>\u201cUn cliente es la m\u00e1s importante de nuestras premisas, el es parte de nuestro negocio y el\u00a0prop\u00f3sito\u00a0del mismo.\u201d\u00a0 Mahatma\u00a0Gandhi En\u00a0Barcelona Tours &amp; Tickets\u00a0creemos que los recuerdos de tu viaje son lo m\u00e1s importante. Nuestro equipo cuenta con m\u00e1s de 10 &hellip; <a class=\"kt-excerpt-readmore\" href=\"https:\/\/www.barcelonatourstickets.com\/es\/about-us\/\" aria-label=\"About us\">Leer m&aacute;s<\/a><\/p>\n","protected":false},"author":38,"featured_media":111,"parent":0,"menu_order":2,"comment_status":"closed","ping_status":"closed","template":"page-feature.php","meta":{"footnotes":""},"class_list":["post-39","page","type-page","status-publish","has-post-thumbnail","hentry"],"_links":{"self":[{"href":"https:\/\/www.barcelonatourstickets.com\/es\/wp-json\/wp\/v2\/pages\/39","targetHints":{"allow":["GET"]}}],"collection":[{"href":"https:\/\/www.barcelonatourstickets.com\/es\/wp-json\/wp\/v2\/pages"}],"about":[{"href":"https:\/\/www.barcelonatourstickets.com\/es\/wp-json\/wp\/v2\/types\/page"}],"author":[{"embeddable":true,"href":"https:\/\/www.barcelonatourstickets.com\/es\/wp-json\/wp\/v2\/users\/38"}],"replies":[{"embeddable":true,"href":"https:\/\/www.barcelonatourstickets.com\/es\/wp-json\/wp\/v2\/comments?post=39"}],"version-history":[{"count":0,"href":"https:\/\/www.barcelonatourstickets.com\/es\/wp-json\/wp\/v2\/pages\/39\/revisions"}],"wp:featuredmedia":[{"embeddable":true,"href":"https:\/\/www.barcelonatourstickets.com\/es\/wp-json\/wp\/v2\/media\/111"}],"wp:attachment":[{"href":"https:\/\/www.barcelonatourstickets.com\/es\/wp-json\/wp\/v2\/media?parent=39"}],"curies":[{"name":"wp","href":"https:\/\/api.w.org\/{rel}","templated":true}]}}