{"id":3931,"date":"2019-12-13T05:35:48","date_gmt":"2019-12-13T04:35:48","guid":{"rendered":"https:\/\/www.barcelonatourstickets.com\/?page_id=3931"},"modified":"2020-01-22T03:07:49","modified_gmt":"2020-01-22T02:07:49","slug":"bike-tours","status":"publish","type":"page","link":"https:\/\/www.barcelonatourstickets.com\/es\/bike-tours\/","title":{"rendered":"(English) Bike Tours"},"content":{"rendered":"<div class=\"woocommerce columns-4 \"><div id=\"product_wrapper4\" class=\"products kad_product_wrapper rowtight shopcolumn4 shopfullwidth init-isotope-intrinsic  reinit-isotope\" data-fade-in=\"1\"   data-iso-selector=\".kad_product\" data-iso-style=\"fitRows\" data-iso-filter=\"true\"><div class=\"product type-product post-463 status-publish first instock product_cat-bike-tour product_tag-barcelona product_tag-bike-tours product_tag-ebike product_tag-engspa product_tag-highlights product_tag-sightseeing product_tag-traveling-by-yourself product_tag-traveling-with-children product_tag-traveling-with-partner has-post-thumbnail virtual sold-individually purchasable product-type-booking tcol-md-3 tcol-sm-4 tcol-xs-6 tcol-ss-12 bike-tour kad_product\">\n\t\t<div class=\"grid_item product_item clearfix kad_product_fade_in kt_item_fade_in\"><a href=\"https:\/\/www.barcelonatourstickets.com\/es\/tours\/barcelona-gaudi-ebike-tour\/\" class=\"product_item_link product_img_link\"><div class=\"kad-product-flipper kt-product-intrinsic\" style=\"padding-bottom:100%;\"><div class=\"kad_img_flip image_flip_front\"><img loading=\"lazy\" decoding=\"async\" src=\"https:\/\/www.barcelonatourstickets.com\/wp-content\/uploads\/2016\/08\/PickaPictour_Photowalk_Photoshooting_Ebikes_Barcelona2-300x300.jpg\" srcset=\"https:\/\/www.barcelonatourstickets.com\/wp-content\/uploads\/2016\/08\/PickaPictour_Photowalk_Photoshooting_Ebikes_Barcelona2-300x300.jpg 300w, https:\/\/www.barcelonatourstickets.com\/wp-content\/uploads\/2016\/08\/PickaPictour_Photowalk_Photoshooting_Ebikes_Barcelona2-200x200.jpg 200w, https:\/\/www.barcelonatourstickets.com\/wp-content\/uploads\/2016\/08\/PickaPictour_Photowalk_Photoshooting_Ebikes_Barcelona2-480x480.jpg 480w, https:\/\/www.barcelonatourstickets.com\/wp-content\/uploads\/2016\/08\/PickaPictour_Photowalk_Photoshooting_Ebikes_Barcelona2-240x240.jpg 240w, https:\/\/www.barcelonatourstickets.com\/wp-content\/uploads\/2016\/08\/PickaPictour_Photowalk_Photoshooting_Ebikes_Barcelona2-400x400.jpg 400w, https:\/\/www.barcelonatourstickets.com\/wp-content\/uploads\/2016\/08\/PickaPictour_Photowalk_Photoshooting_Ebikes_Barcelona2-600x600.jpg 600w\" sizes=\"auto, (max-width: 300px) 100vw, 300px\"  alt=\"beach\" width=\"300\" height=\"300\" class=\"attachment-shop_catalog size-300x300 wp-post-image\"><\/div>\t\t\t\t<div class=\"kad_img_flip image_flip_back\">\n\t\t\t\t<img loading=\"lazy\" decoding=\"async\" src=\"https:\/\/www.barcelonatourstickets.com\/wp-content\/uploads\/2016\/07\/Gaudi\u0301-Highlights-info-4-300x300.jpg\" srcset=\"https:\/\/www.barcelonatourstickets.com\/wp-content\/uploads\/2016\/07\/Gaudi\u0301-Highlights-info-4-300x300.jpg 300w, https:\/\/www.barcelonatourstickets.com\/wp-content\/uploads\/2016\/07\/Gaudi\u0301-Highlights-info-4-200x200.jpg 200w, https:\/\/www.barcelonatourstickets.com\/wp-content\/uploads\/2016\/07\/Gaudi\u0301-Highlights-info-4-748x748.jpg 748w, https:\/\/www.barcelonatourstickets.com\/wp-content\/uploads\/2016\/07\/Gaudi\u0301-Highlights-info-4-480x480.jpg 480w, https:\/\/www.barcelonatourstickets.com\/wp-content\/uploads\/2016\/07\/Gaudi\u0301-Highlights-info-4-240x240.jpg 240w, https:\/\/www.barcelonatourstickets.com\/wp-content\/uploads\/2016\/07\/Gaudi\u0301-Highlights-info-4-800x800.jpg 800w, https:\/\/www.barcelonatourstickets.com\/wp-content\/uploads\/2016\/07\/Gaudi\u0301-Highlights-info-4-400x400.jpg 400w, https:\/\/www.barcelonatourstickets.com\/wp-content\/uploads\/2016\/07\/Gaudi\u0301-Highlights-info-4-600x600.jpg 600w\" sizes=\"auto, (max-width: 300px) 100vw, 300px\"  alt=\"eBike Tour\" width=\"300\" height=\"300\" class=\"attachment-shop_catalog size-300x300 wp-post-image\">\t\t\t\t<\/div>\n\t\t\t<\/div><style>.wapl-label-id-1643 .product-label:after { border-color: #4a5ece; }<\/style><div class=\"wapl-label-id-1643 label-wrap wapl-label label-red wapl-aligncenter\">\n\t\t\t<span class=\"woocommerce-advanced-product-label product-label label-red\" >\n\t\t\t\t<span class=\"wapl-label-text\">Idioma: Ing\/Esp<\/span>\n\t\t\t<\/span>\n\t\t<\/div><\/a><div class=\"details_product_item\"><div class=\"product_details\"><a href=\"https:\/\/www.barcelonatourstickets.com\/es\/tours\/barcelona-gaudi-ebike-tour\/\" class=\"product_item_link product_title_link\"><h5>Barcelona Gaud\u00ed eBike Tour<\/h5><\/a><div class=\"product_excerpt\"><p><\/p>\n<p class=\"p1\">Descubre las historias de la vida de Antoni Gaud\u00ed que hemos preparado para t\u00ed en este tour guiado en bicicleta el\u00e9ctrica.<\/p>\n<p><\/p>\n<\/div><\/div>\n\t<span class=\"price\">Desde: <span class=\"woocommerce-Price-amount amount\"><bdi>39,00<span class=\"woocommerce-Price-currencySymbol\">&euro;<\/span><\/bdi><\/span><\/span>\n<a href=\"https:\/\/www.barcelonatourstickets.com\/es\/tours\/barcelona-gaudi-ebike-tour\/\" aria-describedby=\"woocommerce_loop_add_to_cart_link_describedby_463\" data-quantity=\"1\" class=\"button product_type_booking add_to_cart_button kad-btn headerfont kad_add_to_cart\" data-product_id=\"463\" data-product_sku=\"\" aria-label=\"Read more about &ldquo;Barcelona Gaud\u00ed eBike Tour&rdquo;\" rel=\"nofollow\">Select options<\/a>\t<span id=\"woocommerce_loop_add_to_cart_link_describedby_463\" class=\"screen-reader-text\">\n\t\t\t<\/span>\n<\/div><\/div><\/div>\n<div class=\"product type-product post-468 status-publish instock product_cat-bike-tour product_tag-barcelona product_tag-bike-tours product_tag-ebike product_tag-engspa product_tag-highlights product_tag-sagrada-familia product_tag-sightseeing product_tag-traveling-by-yourself product_tag-traveling-with-children product_tag-traveling-with-partner has-post-thumbnail virtual sold-individually purchasable product-type-booking tcol-md-3 tcol-sm-4 tcol-xs-6 tcol-ss-12 bike-tour kad_product\">\n\t\t<div class=\"grid_item product_item clearfix kad_product_fade_in kt_item_fade_in\"><a href=\"https:\/\/www.barcelonatourstickets.com\/es\/tours\/sagrda-familia-ebike-tour-copy\/\" class=\"product_item_link product_img_link\"><div class=\"kad-product-flipper kt-product-intrinsic\" style=\"padding-bottom:100%;\"><div class=\"kad_img_flip image_flip_front\"><img loading=\"lazy\" decoding=\"async\" src=\"https:\/\/www.barcelonatourstickets.com\/wp-content\/uploads\/2016\/07\/gotic-sfamilia-02-653x700-300x300.jpg\" srcset=\"https:\/\/www.barcelonatourstickets.com\/wp-content\/uploads\/2016\/07\/gotic-sfamilia-02-653x700-300x300.jpg 300w, https:\/\/www.barcelonatourstickets.com\/wp-content\/uploads\/2016\/07\/gotic-sfamilia-02-653x700-32x32.jpg 32w, https:\/\/www.barcelonatourstickets.com\/wp-content\/uploads\/2016\/07\/gotic-sfamilia-02-653x700-200x200.jpg 200w, https:\/\/www.barcelonatourstickets.com\/wp-content\/uploads\/2016\/07\/gotic-sfamilia-02-653x700-480x480.jpg 480w, https:\/\/www.barcelonatourstickets.com\/wp-content\/uploads\/2016\/07\/gotic-sfamilia-02-653x700-240x240.jpg 240w, https:\/\/www.barcelonatourstickets.com\/wp-content\/uploads\/2016\/07\/gotic-sfamilia-02-653x700-400x400.jpg 400w, https:\/\/www.barcelonatourstickets.com\/wp-content\/uploads\/2016\/07\/gotic-sfamilia-02-653x700-600x600.jpg 600w\" sizes=\"auto, (max-width: 300px) 100vw, 300px\"  alt=\"Sagrada Familia\" width=\"300\" height=\"300\" class=\"attachment-shop_catalog size-300x300 wp-post-image\"><\/div>\t\t\t\t<div class=\"kad_img_flip image_flip_back\">\n\t\t\t\t<img loading=\"lazy\" decoding=\"async\" src=\"https:\/\/www.barcelonatourstickets.com\/wp-content\/uploads\/2016\/07\/sagrada-familia-por-dentro-300x300.jpg\" srcset=\"https:\/\/www.barcelonatourstickets.com\/wp-content\/uploads\/2016\/07\/sagrada-familia-por-dentro-300x300.jpg 300w, https:\/\/www.barcelonatourstickets.com\/wp-content\/uploads\/2016\/07\/sagrada-familia-por-dentro-200x200.jpg 200w, https:\/\/www.barcelonatourstickets.com\/wp-content\/uploads\/2016\/07\/sagrada-familia-por-dentro-240x240.jpg 240w, https:\/\/www.barcelonatourstickets.com\/wp-content\/uploads\/2016\/07\/sagrada-familia-por-dentro-400x400.jpg 400w\" sizes=\"auto, (max-width: 300px) 100vw, 300px\"  alt=\"eBike Sagrada Familia\" width=\"300\" height=\"300\" class=\"attachment-shop_catalog size-300x300 wp-post-image\">\t\t\t\t<\/div>\n\t\t\t<\/div><style>.wapl-label-id-1643 .product-label:after { border-color: #4a5ece; }<\/style><div class=\"wapl-label-id-1643 label-wrap wapl-label label-red wapl-aligncenter\">\n\t\t\t<span class=\"woocommerce-advanced-product-label product-label label-red\" >\n\t\t\t\t<span class=\"wapl-label-text\">Idioma: Ing\/Esp<\/span>\n\t\t\t<\/span>\n\t\t<\/div><\/a><div class=\"details_product_item\"><div class=\"product_details\"><a href=\"https:\/\/www.barcelonatourstickets.com\/es\/tours\/sagrda-familia-ebike-tour-copy\/\" class=\"product_item_link product_title_link\"><h5>Sagrada Familia eBike Tour<\/h5><\/a><div class=\"product_excerpt\"><p class=\"p1\"><strong>Sagrada Familia eBike (electric bike) Tour:<\/strong> We designed the Sagrada Fam\u00edlia tour for the ones that have a special interest in Gaud\u00eds Master piece.<\/p>\n<\/div><\/div>\n\t<span class=\"price\">Desde: <span class=\"woocommerce-Price-amount amount\"><bdi>69,00<span class=\"woocommerce-Price-currencySymbol\">&euro;<\/span><\/bdi><\/span><\/span>\n<a href=\"https:\/\/www.barcelonatourstickets.com\/es\/tours\/sagrda-familia-ebike-tour-copy\/\" aria-describedby=\"woocommerce_loop_add_to_cart_link_describedby_468\" data-quantity=\"1\" class=\"button product_type_booking add_to_cart_button kad-btn headerfont kad_add_to_cart\" data-product_id=\"468\" data-product_sku=\"\" aria-label=\"Read more about &ldquo;Sagrada Familia eBike Tour&rdquo;\" rel=\"nofollow\">Select options<\/a>\t<span id=\"woocommerce_loop_add_to_cart_link_describedby_468\" class=\"screen-reader-text\">\n\t\t\t<\/span>\n<\/div><\/div><\/div>\n<div class=\"product type-product post-481 status-publish instock product_cat-bike-tour product_cat-tapas-tours product_tag-barcelona product_tag-bike-tours product_tag-cavas product_tag-cellars product_tag-ebike product_tag-engspa product_tag-highlights product_tag-sightseeing product_tag-tapas product_tag-traveling-by-yourself product_tag-traveling-with-partner product_tag-wine has-post-thumbnail virtual sold-individually purchasable product-type-booking tcol-md-3 tcol-sm-4 tcol-xs-6 tcol-ss-12 bike-tour tapas-tours kad_product\">\n\t\t<div class=\"grid_item product_item clearfix kad_product_fade_in kt_item_fade_in\"><a href=\"https:\/\/www.barcelonatourstickets.com\/es\/tours\/fine-wine-tasting-ebike-tour\/\" class=\"product_item_link product_img_link\"><div class=\"kad-product-flipper kt-product-intrinsic\" style=\"padding-bottom:100%;\"><div class=\"kad_img_flip image_flip_front\"><img loading=\"lazy\" decoding=\"async\" src=\"https:\/\/www.barcelonatourstickets.com\/wp-content\/uploads\/2016\/07\/wine-passion-4-653x620-300x300.jpg\" srcset=\"https:\/\/www.barcelonatourstickets.com\/wp-content\/uploads\/2016\/07\/wine-passion-4-653x620-300x300.jpg 300w, https:\/\/www.barcelonatourstickets.com\/wp-content\/uploads\/2016\/07\/wine-passion-4-653x620-32x32.jpg 32w, https:\/\/www.barcelonatourstickets.com\/wp-content\/uploads\/2016\/07\/wine-passion-4-653x620-200x200.jpg 200w, https:\/\/www.barcelonatourstickets.com\/wp-content\/uploads\/2016\/07\/wine-passion-4-653x620-480x480.jpg 480w, https:\/\/www.barcelonatourstickets.com\/wp-content\/uploads\/2016\/07\/wine-passion-4-653x620-240x240.jpg 240w, https:\/\/www.barcelonatourstickets.com\/wp-content\/uploads\/2016\/07\/wine-passion-4-653x620-400x400.jpg 400w, https:\/\/www.barcelonatourstickets.com\/wp-content\/uploads\/2016\/07\/wine-passion-4-653x620-600x600.jpg 600w\" sizes=\"auto, (max-width: 300px) 100vw, 300px\"  alt=\"Wine\" width=\"300\" height=\"300\" class=\"attachment-shop_catalog size-300x300 wp-post-image\"><\/div>\t\t\t\t<div class=\"kad_img_flip image_flip_back\">\n\t\t\t\t<img loading=\"lazy\" decoding=\"async\" src=\"https:\/\/www.barcelonatourstickets.com\/wp-content\/uploads\/2016\/07\/pla\u0300nol-Fine-Wine-low-1030x728-300x300.jpg\" srcset=\"https:\/\/www.barcelonatourstickets.com\/wp-content\/uploads\/2016\/07\/pla\u0300nol-Fine-Wine-low-1030x728-300x300.jpg 300w, https:\/\/www.barcelonatourstickets.com\/wp-content\/uploads\/2016\/07\/pla\u0300nol-Fine-Wine-low-1030x728-200x200.jpg 200w, https:\/\/www.barcelonatourstickets.com\/wp-content\/uploads\/2016\/07\/pla\u0300nol-Fine-Wine-low-1030x728-480x480.jpg 480w, https:\/\/www.barcelonatourstickets.com\/wp-content\/uploads\/2016\/07\/pla\u0300nol-Fine-Wine-low-1030x728-240x240.jpg 240w, https:\/\/www.barcelonatourstickets.com\/wp-content\/uploads\/2016\/07\/pla\u0300nol-Fine-Wine-low-1030x728-400x400.jpg 400w, https:\/\/www.barcelonatourstickets.com\/wp-content\/uploads\/2016\/07\/pla\u0300nol-Fine-Wine-low-1030x728-600x600.jpg 600w\" sizes=\"auto, (max-width: 300px) 100vw, 300px\"  alt=\"Fine wine tasting ebike tour\" width=\"300\" height=\"300\" class=\"attachment-shop_catalog size-300x300 wp-post-image\">\t\t\t\t<\/div>\n\t\t\t<\/div><style>.wapl-label-id-1643 .product-label:after { border-color: #4a5ece; }<\/style><div class=\"wapl-label-id-1643 label-wrap wapl-label label-red wapl-aligncenter\">\n\t\t\t<span class=\"woocommerce-advanced-product-label product-label label-red\" >\n\t\t\t\t<span class=\"wapl-label-text\">Idioma: Ing\/Esp<\/span>\n\t\t\t<\/span>\n\t\t<\/div><\/a><div class=\"details_product_item\"><div class=\"product_details\"><a href=\"https:\/\/www.barcelonatourstickets.com\/es\/tours\/fine-wine-tasting-ebike-tour\/\" class=\"product_item_link product_title_link\"><h5>eBike Tour con cata de vinos<\/h5><\/a><div class=\"product_excerpt\"><p><\/p>\n<p class=\"p1\">Disfruta de la Playa, el centros hist\u00f3rico, el Raval, el Born y acaba el tour con una incre\u00edble cata de vinos en una bodega o en la fonda\u00a0donde Picasso lo hacia de estudiante.<\/p>\n<p><\/p>\n<\/div><\/div>\n\t<span class=\"price\">Desde: <span class=\"woocommerce-Price-amount amount\"><bdi>59,00<span class=\"woocommerce-Price-currencySymbol\">&euro;<\/span><\/bdi><\/span><\/span>\n<a href=\"https:\/\/www.barcelonatourstickets.com\/es\/tours\/fine-wine-tasting-ebike-tour\/\" aria-describedby=\"woocommerce_loop_add_to_cart_link_describedby_481\" data-quantity=\"1\" class=\"button product_type_booking add_to_cart_button kad-btn headerfont kad_add_to_cart\" data-product_id=\"481\" data-product_sku=\"\" aria-label=\"Read more about &ldquo;eBike Tour con cata de vinos&rdquo;\" rel=\"nofollow\">Select options<\/a>\t<span id=\"woocommerce_loop_add_to_cart_link_describedby_481\" class=\"screen-reader-text\">\n\t\t\t<\/span>\n<\/div><\/div><\/div>\n<div class=\"product type-product post-473 status-publish last instock product_cat-bike-tour product_tag-barcelona product_tag-bike-tours product_tag-ebike product_tag-engspa product_tag-highlights product_tag-sightseeing product_tag-traveling-by-yourself product_tag-traveling-with-children product_tag-traveling-with-partner has-post-thumbnail virtual sold-individually purchasable product-type-booking tcol-md-3 tcol-sm-4 tcol-xs-6 tcol-ss-12 bike-tour kad_product\">\n\t\t<div class=\"grid_item product_item clearfix kad_product_fade_in kt_item_fade_in\"><a href=\"https:\/\/www.barcelonatourstickets.com\/es\/tours\/bohemian-ebike-tour\/\" class=\"product_item_link product_img_link\"><div class=\"kad-product-flipper kt-product-intrinsic\" style=\"padding-bottom:100%;\"><div class=\"kad_img_flip image_flip_front\"><img loading=\"lazy\" decoding=\"async\" src=\"https:\/\/www.barcelonatourstickets.com\/wp-content\/uploads\/2016\/07\/Bohemian-eBike-Tour-300x300.jpg\" srcset=\"https:\/\/www.barcelonatourstickets.com\/wp-content\/uploads\/2016\/07\/Bohemian-eBike-Tour-300x300.jpg 300w, https:\/\/www.barcelonatourstickets.com\/wp-content\/uploads\/2016\/07\/Bohemian-eBike-Tour-32x32.jpg 32w, https:\/\/www.barcelonatourstickets.com\/wp-content\/uploads\/2016\/07\/Bohemian-eBike-Tour-200x200.jpg 200w, https:\/\/www.barcelonatourstickets.com\/wp-content\/uploads\/2016\/07\/Bohemian-eBike-Tour-748x748.jpg 748w, https:\/\/www.barcelonatourstickets.com\/wp-content\/uploads\/2016\/07\/Bohemian-eBike-Tour-480x480.jpg 480w, https:\/\/www.barcelonatourstickets.com\/wp-content\/uploads\/2016\/07\/Bohemian-eBike-Tour-240x240.jpg 240w, https:\/\/www.barcelonatourstickets.com\/wp-content\/uploads\/2016\/07\/Bohemian-eBike-Tour-800x800.jpg 800w, https:\/\/www.barcelonatourstickets.com\/wp-content\/uploads\/2016\/07\/Bohemian-eBike-Tour-400x400.jpg 400w\" sizes=\"auto, (max-width: 300px) 100vw, 300px\"  alt=\"Bohemian eBike Tour\" width=\"300\" height=\"300\" class=\"attachment-shop_catalog size-300x300 wp-post-image\"><\/div>\t\t\t\t<div class=\"kad_img_flip image_flip_back\">\n\t\t\t\t<img loading=\"lazy\" decoding=\"async\" src=\"https:\/\/www.barcelonatourstickets.com\/wp-content\/uploads\/2016\/07\/Bohemian-1500x630-300x300.jpg\" srcset=\"https:\/\/www.barcelonatourstickets.com\/wp-content\/uploads\/2016\/07\/Bohemian-1500x630-300x300.jpg 300w, https:\/\/www.barcelonatourstickets.com\/wp-content\/uploads\/2016\/07\/Bohemian-1500x630-200x200.jpg 200w, https:\/\/www.barcelonatourstickets.com\/wp-content\/uploads\/2016\/07\/Bohemian-1500x630-480x480.jpg 480w, https:\/\/www.barcelonatourstickets.com\/wp-content\/uploads\/2016\/07\/Bohemian-1500x630-240x240.jpg 240w, https:\/\/www.barcelonatourstickets.com\/wp-content\/uploads\/2016\/07\/Bohemian-1500x630-400x400.jpg 400w\" sizes=\"auto, (max-width: 300px) 100vw, 300px\"  alt=\"Bohemian eBike Tour\" width=\"300\" height=\"300\" class=\"attachment-shop_catalog size-300x300 wp-post-image\">\t\t\t\t<\/div>\n\t\t\t<\/div><style>.wapl-label-id-1643 .product-label:after { border-color: #4a5ece; }<\/style><div class=\"wapl-label-id-1643 label-wrap wapl-label label-red wapl-aligncenter\">\n\t\t\t<span class=\"woocommerce-advanced-product-label product-label label-red\" >\n\t\t\t\t<span class=\"wapl-label-text\">Idioma: Ing\/Esp<\/span>\n\t\t\t<\/span>\n\t\t<\/div><\/a><div class=\"details_product_item\"><div class=\"product_details\"><a href=\"https:\/\/www.barcelonatourstickets.com\/es\/tours\/bohemian-ebike-tour\/\" class=\"product_item_link product_title_link\"><h5>Picasso y a Barcelona Bohemia en eBike<\/h5><\/a><div class=\"product_excerpt\"><p><\/p>\n<p class=\"p1\"><strong>Bohemian Neighborhoods eBike (bici el\u00e9ctrica) Tour:<\/strong> Disfruta de la Playa, el centros hist\u00f3rico, el Raval, el Born y enam\u00f3rate de Barcelona<\/p>\n<p><\/p>\n<\/div><\/div>\n\t<span class=\"price\">Desde: <span class=\"woocommerce-Price-amount amount\"><bdi>39,00<span class=\"woocommerce-Price-currencySymbol\">&euro;<\/span><\/bdi><\/span><\/span>\n<a href=\"https:\/\/www.barcelonatourstickets.com\/es\/tours\/bohemian-ebike-tour\/\" aria-describedby=\"woocommerce_loop_add_to_cart_link_describedby_473\" data-quantity=\"1\" class=\"button product_type_booking add_to_cart_button kad-btn headerfont kad_add_to_cart\" data-product_id=\"473\" data-product_sku=\"\" aria-label=\"Read more about &ldquo;Picasso y a Barcelona Bohemia en eBike &rdquo;\" rel=\"nofollow\">Select options<\/a>\t<span id=\"woocommerce_loop_add_to_cart_link_describedby_473\" class=\"screen-reader-text\">\n\t\t\t<\/span>\n<\/div><\/div><\/div>\n<\/div>\n<\/div>","protected":false},"excerpt":{"rendered":"","protected":false},"author":38,"featured_media":0,"parent":0,"menu_order":0,"comment_status":"closed","ping_status":"closed","template":"page-feature.php","meta":{"footnotes":""},"class_list":["post-3931","page","type-page","status-publish","hentry"],"_links":{"self":[{"href":"https:\/\/www.barcelonatourstickets.com\/es\/wp-json\/wp\/v2\/pages\/3931","targetHints":{"allow":["GET"]}}],"collection":[{"href":"https:\/\/www.barcelonatourstickets.com\/es\/wp-json\/wp\/v2\/pages"}],"about":[{"href":"https:\/\/www.barcelonatourstickets.com\/es\/wp-json\/wp\/v2\/types\/page"}],"author":[{"embeddable":true,"href":"https:\/\/www.barcelonatourstickets.com\/es\/wp-json\/wp\/v2\/users\/38"}],"replies":[{"embeddable":true,"href":"https:\/\/www.barcelonatourstickets.com\/es\/wp-json\/wp\/v2\/comments?post=3931"}],"version-history":[{"count":4,"href":"https:\/\/www.barcelonatourstickets.com\/es\/wp-json\/wp\/v2\/pages\/3931\/revisions"}],"predecessor-version":[{"id":4097,"href":"https:\/\/www.barcelonatourstickets.com\/es\/wp-json\/wp\/v2\/pages\/3931\/revisions\/4097"}],"wp:attachment":[{"href":"https:\/\/www.barcelonatourstickets.com\/es\/wp-json\/wp\/v2\/media?parent=3931"}],"curies":[{"name":"wp","href":"https:\/\/api.w.org\/{rel}","templated":true}]}}