{"id":3939,"date":"2019-12-13T05:52:43","date_gmt":"2019-12-13T04:52:43","guid":{"rendered":"https:\/\/www.barcelonatourstickets.com\/?page_id=3939"},"modified":"2020-01-22T03:08:20","modified_gmt":"2020-01-22T02:08:20","slug":"flamenco-shows","status":"publish","type":"page","link":"https:\/\/www.barcelonatourstickets.com\/es\/flamenco-shows\/","title":{"rendered":"Flamenco Show"},"content":{"rendered":"<div class=\"woocommerce columns-4 \"><div id=\"product_wrapper4\" class=\"products kad_product_wrapper rowtight shopcolumn4 shopfullwidth init-isotope-intrinsic  reinit-isotope\" data-fade-in=\"1\"   data-iso-selector=\".kad_product\" data-iso-style=\"fitRows\" data-iso-filter=\"true\"><div class=\"product type-product post-762 status-publish first instock product_cat-flamenco-show product_tag-barcelona product_tag-engspa product_tag-flamenco-show product_tag-traveling-by-yourself product_tag-traveling-with-partner product_tag-wine has-post-thumbnail virtual sold-individually purchasable product-type-booking tcol-md-3 tcol-sm-4 tcol-xs-6 tcol-ss-12 flamenco-show kad_product\">\n\t\t<div class=\"grid_item product_item clearfix kad_product_fade_in kt_item_fade_in\"><a href=\"https:\/\/www.barcelonatourstickets.com\/es\/tours\/palacio-del-flamenco-show\/\" class=\"product_item_link product_img_link\"><div class=\"kad-product-flipper kt-product-intrinsic\" style=\"padding-bottom:100%;\"><div class=\"kad_img_flip image_flip_front\"><img loading=\"lazy\" decoding=\"async\" src=\"https:\/\/www.barcelonatourstickets.com\/wp-content\/uploads\/2016\/10\/IMG_4420-300x300.jpg\" srcset=\"https:\/\/www.barcelonatourstickets.com\/wp-content\/uploads\/2016\/10\/IMG_4420-300x300.jpg 300w, https:\/\/www.barcelonatourstickets.com\/wp-content\/uploads\/2016\/10\/IMG_4420-200x200.jpg 200w, https:\/\/www.barcelonatourstickets.com\/wp-content\/uploads\/2016\/10\/IMG_4420-748x748.jpg 748w, https:\/\/www.barcelonatourstickets.com\/wp-content\/uploads\/2016\/10\/IMG_4420-480x480.jpg 480w, https:\/\/www.barcelonatourstickets.com\/wp-content\/uploads\/2016\/10\/IMG_4420-240x240.jpg 240w, https:\/\/www.barcelonatourstickets.com\/wp-content\/uploads\/2016\/10\/IMG_4420-800x800.jpg 800w, https:\/\/www.barcelonatourstickets.com\/wp-content\/uploads\/2016\/10\/IMG_4420-400x400.jpg 400w, https:\/\/www.barcelonatourstickets.com\/wp-content\/uploads\/2016\/10\/IMG_4420-600x600.jpg 600w\" sizes=\"auto, (max-width: 300px) 100vw, 300px\"  alt=\"Flamenco Show\" width=\"300\" height=\"300\" class=\"attachment-shop_catalog size-300x300 wp-post-image\"><\/div>\t\t\t\t<div class=\"kad_img_flip image_flip_back\">\n\t\t\t\t<img loading=\"lazy\" decoding=\"async\" src=\"https:\/\/www.barcelonatourstickets.com\/wp-content\/uploads\/2016\/10\/DSC_0054-300x300.jpg\" srcset=\"https:\/\/www.barcelonatourstickets.com\/wp-content\/uploads\/2016\/10\/DSC_0054-300x300.jpg 300w, https:\/\/www.barcelonatourstickets.com\/wp-content\/uploads\/2016\/10\/DSC_0054-200x200.jpg 200w, https:\/\/www.barcelonatourstickets.com\/wp-content\/uploads\/2016\/10\/DSC_0054-748x748.jpg 748w, https:\/\/www.barcelonatourstickets.com\/wp-content\/uploads\/2016\/10\/DSC_0054-480x480.jpg 480w, https:\/\/www.barcelonatourstickets.com\/wp-content\/uploads\/2016\/10\/DSC_0054-240x240.jpg 240w, https:\/\/www.barcelonatourstickets.com\/wp-content\/uploads\/2016\/10\/DSC_0054-800x800.jpg 800w, https:\/\/www.barcelonatourstickets.com\/wp-content\/uploads\/2016\/10\/DSC_0054-400x400.jpg 400w, https:\/\/www.barcelonatourstickets.com\/wp-content\/uploads\/2016\/10\/DSC_0054-600x600.jpg 600w\" sizes=\"auto, (max-width: 300px) 100vw, 300px\"  alt=\"Flamenco Show\" width=\"300\" height=\"300\" class=\"attachment-shop_catalog size-300x300 wp-post-image\">\t\t\t\t<\/div>\n\t\t\t<\/div><style>.wapl-label-id-1643 .product-label:after { border-color: #4a5ece; }<\/style><div class=\"wapl-label-id-1643 label-wrap wapl-label label-red wapl-aligncenter\">\n\t\t\t<span class=\"woocommerce-advanced-product-label product-label label-red\" >\n\t\t\t\t<span class=\"wapl-label-text\">Idioma: Ing\/Esp<\/span>\n\t\t\t<\/span>\n\t\t<\/div><\/a><div class=\"details_product_item\"><div class=\"product_details\"><a href=\"https:\/\/www.barcelonatourstickets.com\/es\/tours\/palacio-del-flamenco-show\/\" class=\"product_item_link product_title_link\"><h5>Palacio del Flamenco Show<\/h5><\/a><div class=\"product_excerpt\"><p><\/p>\n<p style=\"text-align: justify;\"><strong>Palacio del Flamenco actualmente ofrece tres shows diferentes cada d\u00eda con m\u00e1s de 15 artistas en el escenario. <\/strong>&#8220;Cantaores&#8221;, &#8220;bailaores&#8221;, guitarristas y otros m\u00fasicos que interact\u00faan para crear una fusi\u00f3n de diferentes estilos.<\/p>\n<p><\/p>\n<\/div><\/div>\n\t<span class=\"price\">Desde: <span class=\"woocommerce-Price-amount amount\"><bdi>35,00<span class=\"woocommerce-Price-currencySymbol\">&euro;<\/span><\/bdi><\/span><\/span>\n<a href=\"https:\/\/www.barcelonatourstickets.com\/es\/tours\/palacio-del-flamenco-show\/\" aria-describedby=\"woocommerce_loop_add_to_cart_link_describedby_762\" data-quantity=\"1\" class=\"button product_type_booking add_to_cart_button kad-btn headerfont kad_add_to_cart\" data-product_id=\"762\" data-product_sku=\"\" aria-label=\"Read more about &ldquo;Palacio del Flamenco Show&rdquo;\" rel=\"nofollow\">Select options<\/a>\t<span id=\"woocommerce_loop_add_to_cart_link_describedby_762\" class=\"screen-reader-text\">\n\t\t\t<\/span>\n<\/div><\/div><\/div>\n<div class=\"product type-product post-1107 status-publish instock product_cat-flamenco-show product_cat-tapas-tours product_cat-walking-tours product_tag-barcelona product_tag-engspa product_tag-flamenco-show product_tag-food product_tag-tapas product_tag-traveling-by-yourself product_tag-traveling-with-partner product_tag-walking-tour product_tag-wine has-post-thumbnail virtual sold-individually purchasable product-type-booking tcol-md-3 tcol-sm-4 tcol-xs-6 tcol-ss-12 flamenco-show tapas-tours walking-tours kad_product\">\n\t\t<div class=\"grid_item product_item clearfix kad_product_fade_in kt_item_fade_in\"><a href=\"https:\/\/www.barcelonatourstickets.com\/es\/tours\/barcelona-tapas-tour-flamenco-show\/\" class=\"product_item_link product_img_link\"><div class=\"kad-product-flipper kt-product-intrinsic\" style=\"padding-bottom:100%;\"><div class=\"kad_img_flip image_flip_front\"><img loading=\"lazy\" decoding=\"async\" src=\"https:\/\/www.barcelonatourstickets.com\/wp-content\/uploads\/2016\/10\/flamenc_4-300x300.jpg\" srcset=\"https:\/\/www.barcelonatourstickets.com\/wp-content\/uploads\/2016\/10\/flamenc_4-300x300.jpg 300w, https:\/\/www.barcelonatourstickets.com\/wp-content\/uploads\/2016\/10\/flamenc_4-200x200.jpg 200w, https:\/\/www.barcelonatourstickets.com\/wp-content\/uploads\/2016\/10\/flamenc_4-456x456.jpg 456w, https:\/\/www.barcelonatourstickets.com\/wp-content\/uploads\/2016\/10\/flamenc_4-480x480.jpg 480w, https:\/\/www.barcelonatourstickets.com\/wp-content\/uploads\/2016\/10\/flamenc_4-240x240.jpg 240w, https:\/\/www.barcelonatourstickets.com\/wp-content\/uploads\/2016\/10\/flamenc_4-400x400.jpg 400w\" sizes=\"auto, (max-width: 300px) 100vw, 300px\"  alt=\"Barcelona Tapas walking Tour with Flamenco Show\" width=\"300\" height=\"300\" class=\"attachment-shop_catalog size-300x300 wp-post-image\"><\/div>\t\t\t\t<div class=\"kad_img_flip image_flip_back\">\n\t\t\t\t<img loading=\"lazy\" decoding=\"async\" src=\"https:\/\/www.barcelonatourstickets.com\/wp-content\/uploads\/2016\/10\/tapas-walking-tour-barcelona-03-300x300.jpg\" srcset=\"https:\/\/www.barcelonatourstickets.com\/wp-content\/uploads\/2016\/10\/tapas-walking-tour-barcelona-03-300x300.jpg 300w, https:\/\/www.barcelonatourstickets.com\/wp-content\/uploads\/2016\/10\/tapas-walking-tour-barcelona-03-200x200.jpg 200w, https:\/\/www.barcelonatourstickets.com\/wp-content\/uploads\/2016\/10\/tapas-walking-tour-barcelona-03-748x748.jpg 748w, https:\/\/www.barcelonatourstickets.com\/wp-content\/uploads\/2016\/10\/tapas-walking-tour-barcelona-03-480x480.jpg 480w, https:\/\/www.barcelonatourstickets.com\/wp-content\/uploads\/2016\/10\/tapas-walking-tour-barcelona-03-240x240.jpg 240w, https:\/\/www.barcelonatourstickets.com\/wp-content\/uploads\/2016\/10\/tapas-walking-tour-barcelona-03-400x400.jpg 400w\" sizes=\"auto, (max-width: 300px) 100vw, 300px\"  alt=\"Barcelona Tapas walking Tour with Flamenco Show\" width=\"300\" height=\"300\" class=\"attachment-shop_catalog size-300x300 wp-post-image\">\t\t\t\t<\/div>\n\t\t\t<\/div><style>.wapl-label-id-1643 .product-label:after { border-color: #4a5ece; }<\/style><div class=\"wapl-label-id-1643 label-wrap wapl-label label-red wapl-aligncenter\">\n\t\t\t<span class=\"woocommerce-advanced-product-label product-label label-red\" >\n\t\t\t\t<span class=\"wapl-label-text\">Idioma: Ing\/Esp<\/span>\n\t\t\t<\/span>\n\t\t<\/div><\/a><div class=\"details_product_item\"><div class=\"product_details\"><a href=\"https:\/\/www.barcelonatourstickets.com\/es\/tours\/barcelona-tapas-tour-flamenco-show\/\" class=\"product_item_link product_title_link\"><h5>Barcelona Tapas Tour con Flamenco Show<\/h5><\/a><div class=\"product_excerpt\"><p>Combina la cultura <strong>gastron\u00f3mica catalana<\/strong> de un tour de tapas por Barcelona con uno de los mejores <strong>Flamenco Shows<\/strong> de la ciudad.<\/p>\n<\/div><\/div>\n\t<span class=\"price\">Desde: <span class=\"woocommerce-Price-amount amount\"><bdi>105,00<span class=\"woocommerce-Price-currencySymbol\">&euro;<\/span><\/bdi><\/span><\/span>\n<a href=\"https:\/\/www.barcelonatourstickets.com\/es\/tours\/barcelona-tapas-tour-flamenco-show\/\" aria-describedby=\"woocommerce_loop_add_to_cart_link_describedby_1107\" data-quantity=\"1\" class=\"button product_type_booking add_to_cart_button kad-btn headerfont kad_add_to_cart\" data-product_id=\"1107\" data-product_sku=\"\" aria-label=\"Read more about &ldquo;Barcelona Tapas Tour con Flamenco Show&rdquo;\" rel=\"nofollow\">Select options<\/a>\t<span id=\"woocommerce_loop_add_to_cart_link_describedby_1107\" class=\"screen-reader-text\">\n\t\t\t<\/span>\n<\/div><\/div><\/div>\n<div class=\"product type-product post-2116 status-publish instock product_cat-flamenco-show product_cat-other-activities product_tag-barcelona product_tag-dinner product_tag-flamenco-show product_tag-multi product_tag-traveling-by-yourself product_tag-traveling-with-partner product_tag-wine has-post-thumbnail virtual sold-individually purchasable product-type-booking tcol-md-3 tcol-sm-4 tcol-xs-6 tcol-ss-12 flamenco-show other-activities kad_product\">\n\t\t<div class=\"grid_item product_item clearfix kad_product_fade_in kt_item_fade_in\"><a href=\"https:\/\/www.barcelonatourstickets.com\/es\/tours\/flamenco-new-years-eve-cocktail-dance\/\" class=\"product_item_link product_img_link\"><div class=\"kad-product-flipper kt-product-intrinsic\" style=\"padding-bottom:100%;\"><div class=\"kad_img_flip image_flip_front\"><img loading=\"lazy\" decoding=\"async\" src=\"https:\/\/www.barcelonatourstickets.com\/wp-content\/uploads\/2017\/08\/DSC_0258-300x300.jpg\" srcset=\"https:\/\/www.barcelonatourstickets.com\/wp-content\/uploads\/2017\/08\/DSC_0258-300x300.jpg 300w, https:\/\/www.barcelonatourstickets.com\/wp-content\/uploads\/2017\/08\/DSC_0258-200x200.jpg 200w, https:\/\/www.barcelonatourstickets.com\/wp-content\/uploads\/2017\/08\/DSC_0258-748x748.jpg 748w, https:\/\/www.barcelonatourstickets.com\/wp-content\/uploads\/2017\/08\/DSC_0258-480x480.jpg 480w, https:\/\/www.barcelonatourstickets.com\/wp-content\/uploads\/2017\/08\/DSC_0258-240x240.jpg 240w, https:\/\/www.barcelonatourstickets.com\/wp-content\/uploads\/2017\/08\/DSC_0258-600x600.jpg 600w\" sizes=\"auto, (max-width: 300px) 100vw, 300px\"  alt=\"New Year\" width=\"300\" height=\"300\" class=\"attachment-shop_catalog size-300x300 wp-post-image\"><\/div>\t\t\t\t<div class=\"kad_img_flip image_flip_back\">\n\t\t\t\t<img loading=\"lazy\" decoding=\"async\" src=\"https:\/\/www.barcelonatourstickets.com\/wp-content\/uploads\/2017\/08\/DSC_0361-300x300.jpg\" srcset=\"https:\/\/www.barcelonatourstickets.com\/wp-content\/uploads\/2017\/08\/DSC_0361-300x300.jpg 300w, https:\/\/www.barcelonatourstickets.com\/wp-content\/uploads\/2017\/08\/DSC_0361-200x200.jpg 200w, https:\/\/www.barcelonatourstickets.com\/wp-content\/uploads\/2017\/08\/DSC_0361-748x748.jpg 748w, https:\/\/www.barcelonatourstickets.com\/wp-content\/uploads\/2017\/08\/DSC_0361-480x480.jpg 480w, https:\/\/www.barcelonatourstickets.com\/wp-content\/uploads\/2017\/08\/DSC_0361-240x240.jpg 240w, https:\/\/www.barcelonatourstickets.com\/wp-content\/uploads\/2017\/08\/DSC_0361-600x600.jpg 600w\" sizes=\"auto, (max-width: 300px) 100vw, 300px\"  alt=\"New Year\" width=\"300\" height=\"300\" class=\"attachment-shop_catalog size-300x300 wp-post-image\">\t\t\t\t<\/div>\n\t\t\t<\/div><style>.wapl-label-id-1645 .product-label:after { border-color: #D9534F; }<\/style><div class=\"wapl-label-id-1645 label-wrap wapl-label label-yellow wapl-aligncenter\">\n\t\t\t<span class=\"woocommerce-advanced-product-label product-label label-yellow\" >\n\t\t\t\t<span class=\"wapl-label-text\">Multiling\u00fce<\/span>\n\t\t\t<\/span>\n\t\t<\/div><\/a><div class=\"details_product_item\"><div class=\"product_details\"><a href=\"https:\/\/www.barcelonatourstickets.com\/es\/tours\/flamenco-new-years-eve-cocktail-dance\/\" class=\"product_item_link product_title_link\"><h5>Palacio del Flamenco Cotill\u00f3n y Baile<\/h5><\/a><div class=\"product_excerpt\"><p><\/p>\n<p style=\"text-align: justify;\"><strong>Palacio del Flamenco is currently offering three different shows with more than 15 artists performing on stage<\/strong>. &#8220;cantaores&#8221; (singers), &#8220;bailaores&#8221; (dancers), guitar players and other musician create a mixture of flamenco styles from the traditional ones to new fusions<\/p>\n<p><\/p>\n<\/div><\/div>\n\t<span class=\"price\">Desde: <span class=\"woocommerce-Price-amount amount\"><bdi>75,00<span class=\"woocommerce-Price-currencySymbol\">&euro;<\/span><\/bdi><\/span><\/span>\n<a href=\"https:\/\/www.barcelonatourstickets.com\/es\/tours\/flamenco-new-years-eve-cocktail-dance\/\" aria-describedby=\"woocommerce_loop_add_to_cart_link_describedby_2116\" data-quantity=\"1\" class=\"button product_type_booking add_to_cart_button kad-btn headerfont kad_add_to_cart\" data-product_id=\"2116\" data-product_sku=\"\" aria-label=\"Read more about &ldquo;Palacio del Flamenco Cotill\u00f3n y Baile&rdquo;\" rel=\"nofollow\">Read more<\/a>\t<span id=\"woocommerce_loop_add_to_cart_link_describedby_2116\" class=\"screen-reader-text\">\n\t\t\t<\/span>\n<\/div><\/div><\/div>\n<div class=\"product type-product post-773 status-publish last instock product_cat-flamenco-show product_cat-other-activities product_cat-tapas-tours product_tag-barcelona product_tag-dinner product_tag-flamenco-show product_tag-food product_tag-multi product_tag-tapas product_tag-traveling-by-yourself product_tag-traveling-with-partner product_tag-wine has-post-thumbnail virtual sold-individually purchasable product-type-booking tcol-md-3 tcol-sm-4 tcol-xs-6 tcol-ss-12 flamenco-show other-activities tapas-tours kad_product\">\n\t\t<div class=\"grid_item product_item clearfix kad_product_fade_in kt_item_fade_in\"><a href=\"https:\/\/www.barcelonatourstickets.com\/es\/tours\/new-year-eve-palacio-flamenco\/\" class=\"product_item_link product_img_link\"><div class=\"kad-product-flipper kt-product-intrinsic\" style=\"padding-bottom:100%;\"><div class=\"kad_img_flip image_flip_front\"><img loading=\"lazy\" decoding=\"async\" src=\"https:\/\/www.barcelonatourstickets.com\/wp-content\/uploads\/2017\/08\/foto-web-4-300x300.jpg\" srcset=\"https:\/\/www.barcelonatourstickets.com\/wp-content\/uploads\/2017\/08\/foto-web-4-300x300.jpg 300w, https:\/\/www.barcelonatourstickets.com\/wp-content\/uploads\/2017\/08\/foto-web-4-200x200.jpg 200w, https:\/\/www.barcelonatourstickets.com\/wp-content\/uploads\/2017\/08\/foto-web-4-748x748.jpg 748w, https:\/\/www.barcelonatourstickets.com\/wp-content\/uploads\/2017\/08\/foto-web-4-480x480.jpg 480w, https:\/\/www.barcelonatourstickets.com\/wp-content\/uploads\/2017\/08\/foto-web-4-240x240.jpg 240w, https:\/\/www.barcelonatourstickets.com\/wp-content\/uploads\/2017\/08\/foto-web-4-600x600.jpg 600w\" sizes=\"auto, (max-width: 300px) 100vw, 300px\"  alt=\"Nochevieja en Palacio del Flamenco\" width=\"300\" height=\"300\" class=\"attachment-shop_catalog size-300x300 wp-post-image\"><\/div>\t\t\t\t<div class=\"kad_img_flip image_flip_back\">\n\t\t\t\t<img loading=\"lazy\" decoding=\"async\" src=\"https:\/\/www.barcelonatourstickets.com\/wp-content\/uploads\/2017\/08\/foto-web-2-300x300.jpg\" srcset=\"https:\/\/www.barcelonatourstickets.com\/wp-content\/uploads\/2017\/08\/foto-web-2-300x300.jpg 300w, https:\/\/www.barcelonatourstickets.com\/wp-content\/uploads\/2017\/08\/foto-web-2-200x200.jpg 200w, https:\/\/www.barcelonatourstickets.com\/wp-content\/uploads\/2017\/08\/foto-web-2-748x748.jpg 748w, https:\/\/www.barcelonatourstickets.com\/wp-content\/uploads\/2017\/08\/foto-web-2-480x480.jpg 480w, https:\/\/www.barcelonatourstickets.com\/wp-content\/uploads\/2017\/08\/foto-web-2-240x240.jpg 240w, https:\/\/www.barcelonatourstickets.com\/wp-content\/uploads\/2017\/08\/foto-web-2-600x600.jpg 600w\" sizes=\"auto, (max-width: 300px) 100vw, 300px\"  alt=\"New Year\" width=\"300\" height=\"300\" class=\"attachment-shop_catalog size-300x300 wp-post-image\">\t\t\t\t<\/div>\n\t\t\t<\/div><style>.wapl-label-id-1645 .product-label:after { border-color: #D9534F; }<\/style><div class=\"wapl-label-id-1645 label-wrap wapl-label label-yellow wapl-aligncenter\">\n\t\t\t<span class=\"woocommerce-advanced-product-label product-label label-yellow\" >\n\t\t\t\t<span class=\"wapl-label-text\">Multiling\u00fce<\/span>\n\t\t\t<\/span>\n\t\t<\/div><\/a><div class=\"details_product_item\"><div class=\"product_details\"><a href=\"https:\/\/www.barcelonatourstickets.com\/es\/tours\/new-year-eve-palacio-flamenco\/\" class=\"product_item_link product_title_link\"><h5>Nochevieja en Palacio del Flamenco<\/h5><\/a><div class=\"product_excerpt\"><p><strong>\u00bfEst\u00e1s buscando una Nochevieja diferente en Barcelona?<\/strong> Deja de buscar has encontrado la opci\u00f3n perfecta: Cena, Show, Cotill\u00f3n y Baile en Palacio del Flamenco<\/p>\n<\/div><\/div>\n\t<span class=\"price\">Desde: <span class=\"woocommerce-Price-amount amount\"><bdi>150,00<span class=\"woocommerce-Price-currencySymbol\">&euro;<\/span><\/bdi><\/span><\/span>\n<a href=\"https:\/\/www.barcelonatourstickets.com\/es\/tours\/new-year-eve-palacio-flamenco\/\" aria-describedby=\"woocommerce_loop_add_to_cart_link_describedby_773\" data-quantity=\"1\" class=\"button product_type_booking add_to_cart_button kad-btn headerfont kad_add_to_cart\" data-product_id=\"773\" data-product_sku=\"\" aria-label=\"Read more about &ldquo;Nochevieja en Palacio del Flamenco&rdquo;\" rel=\"nofollow\">Select options<\/a>\t<span id=\"woocommerce_loop_add_to_cart_link_describedby_773\" class=\"screen-reader-text\">\n\t\t\t<\/span>\n<\/div><\/div><\/div>\n<div class=\"product type-product post-750 status-publish first instock product_cat-flamenco-show product_cat-tapas-tours product_tag-barcelona product_tag-dinner product_tag-engspa product_tag-flamenco-show product_tag-food product_tag-tapas product_tag-traveling-with-partner product_tag-wine has-post-thumbnail virtual sold-individually purchasable product-type-booking tcol-md-3 tcol-sm-4 tcol-xs-6 tcol-ss-12 flamenco-show tapas-tours kad_product\">\n\t\t<div class=\"grid_item product_item clearfix kad_product_fade_in kt_item_fade_in\"><a href=\"https:\/\/www.barcelonatourstickets.com\/es\/tours\/palacio-del-flamenco-show-dinner\/\" class=\"product_item_link product_img_link\"><div class=\"kad-product-flipper kt-product-intrinsic\" style=\"padding-bottom:100%;\"><div class=\"kad_img_flip image_flip_front\"><img loading=\"lazy\" decoding=\"async\" src=\"https:\/\/www.barcelonatourstickets.com\/wp-content\/uploads\/2016\/10\/DSC_0089-300x300.jpg\" srcset=\"https:\/\/www.barcelonatourstickets.com\/wp-content\/uploads\/2016\/10\/DSC_0089-300x300.jpg 300w, https:\/\/www.barcelonatourstickets.com\/wp-content\/uploads\/2016\/10\/DSC_0089-200x200.jpg 200w, https:\/\/www.barcelonatourstickets.com\/wp-content\/uploads\/2016\/10\/DSC_0089-748x748.jpg 748w, https:\/\/www.barcelonatourstickets.com\/wp-content\/uploads\/2016\/10\/DSC_0089-480x480.jpg 480w, https:\/\/www.barcelonatourstickets.com\/wp-content\/uploads\/2016\/10\/DSC_0089-240x240.jpg 240w, https:\/\/www.barcelonatourstickets.com\/wp-content\/uploads\/2016\/10\/DSC_0089-800x800.jpg 800w, https:\/\/www.barcelonatourstickets.com\/wp-content\/uploads\/2016\/10\/DSC_0089-400x400.jpg 400w\" sizes=\"auto, (max-width: 300px) 100vw, 300px\"  alt=\"Flamenco Show\" width=\"300\" height=\"300\" class=\"attachment-shop_catalog size-300x300 wp-post-image\"><\/div>\t\t\t\t<div class=\"kad_img_flip image_flip_back\">\n\t\t\t\t<img loading=\"lazy\" decoding=\"async\" src=\"https:\/\/www.barcelonatourstickets.com\/wp-content\/uploads\/2016\/10\/foto-web-5-300x300.jpg\" srcset=\"https:\/\/www.barcelonatourstickets.com\/wp-content\/uploads\/2016\/10\/foto-web-5-300x300.jpg 300w, https:\/\/www.barcelonatourstickets.com\/wp-content\/uploads\/2016\/10\/foto-web-5-200x200.jpg 200w, https:\/\/www.barcelonatourstickets.com\/wp-content\/uploads\/2016\/10\/foto-web-5-748x748.jpg 748w, https:\/\/www.barcelonatourstickets.com\/wp-content\/uploads\/2016\/10\/foto-web-5-480x480.jpg 480w, https:\/\/www.barcelonatourstickets.com\/wp-content\/uploads\/2016\/10\/foto-web-5-240x240.jpg 240w, https:\/\/www.barcelonatourstickets.com\/wp-content\/uploads\/2016\/10\/foto-web-5-800x800.jpg 800w, https:\/\/www.barcelonatourstickets.com\/wp-content\/uploads\/2016\/10\/foto-web-5-400x400.jpg 400w\" sizes=\"auto, (max-width: 300px) 100vw, 300px\"  alt=\"Flamenco Show\" width=\"300\" height=\"300\" class=\"attachment-shop_catalog size-300x300 wp-post-image\">\t\t\t\t<\/div>\n\t\t\t<\/div><style>.wapl-label-id-1643 .product-label:after { border-color: #4a5ece; }<\/style><div class=\"wapl-label-id-1643 label-wrap wapl-label label-red wapl-aligncenter\">\n\t\t\t<span class=\"woocommerce-advanced-product-label product-label label-red\" >\n\t\t\t\t<span class=\"wapl-label-text\">Idioma: Ing\/Esp<\/span>\n\t\t\t<\/span>\n\t\t<\/div><\/a><div class=\"details_product_item\"><div class=\"product_details\"><a href=\"https:\/\/www.barcelonatourstickets.com\/es\/tours\/palacio-del-flamenco-show-dinner\/\" class=\"product_item_link product_title_link\"><h5>Palacio del Flamenco Show y Cena<\/h5><\/a><div class=\"product_excerpt\"><p><\/p>\n<p style=\"text-align: justify;\"><strong>Palacio del Flamenco actualmente ofrece tres shows diferentes cada d\u00eda con m\u00e1s de 15 artistas en el escenario. <\/strong>\u201cCantaores\u201d, \u201cbailaores\u201d, guitarristas y otros m\u00fasicos que interact\u00faan para crear una fusi\u00f3n de diferentes estilos.<\/p>\n<p><\/p>\n<\/div><\/div>\n\t<span class=\"price\">Desde: <span class=\"woocommerce-Price-amount amount\"><bdi>50,00<span class=\"woocommerce-Price-currencySymbol\">&euro;<\/span><\/bdi><\/span><\/span>\n<a href=\"https:\/\/www.barcelonatourstickets.com\/es\/tours\/palacio-del-flamenco-show-dinner\/\" aria-describedby=\"woocommerce_loop_add_to_cart_link_describedby_750\" data-quantity=\"1\" class=\"button product_type_booking add_to_cart_button kad-btn headerfont kad_add_to_cart\" data-product_id=\"750\" data-product_sku=\"\" aria-label=\"Read more about &ldquo;Palacio del Flamenco Show y Cena&rdquo;\" rel=\"nofollow\">Select options<\/a>\t<span id=\"woocommerce_loop_add_to_cart_link_describedby_750\" class=\"screen-reader-text\">\n\t\t\t<\/span>\n<\/div><\/div><\/div>\n<\/div>\n<\/div>","protected":false},"excerpt":{"rendered":"","protected":false},"author":38,"featured_media":0,"parent":0,"menu_order":0,"comment_status":"closed","ping_status":"closed","template":"page-feature.php","meta":{"footnotes":""},"class_list":["post-3939","page","type-page","status-publish","hentry"],"_links":{"self":[{"href":"https:\/\/www.barcelonatourstickets.com\/es\/wp-json\/wp\/v2\/pages\/3939","targetHints":{"allow":["GET"]}}],"collection":[{"href":"https:\/\/www.barcelonatourstickets.com\/es\/wp-json\/wp\/v2\/pages"}],"about":[{"href":"https:\/\/www.barcelonatourstickets.com\/es\/wp-json\/wp\/v2\/types\/page"}],"author":[{"embeddable":true,"href":"https:\/\/www.barcelonatourstickets.com\/es\/wp-json\/wp\/v2\/users\/38"}],"replies":[{"embeddable":true,"href":"https:\/\/www.barcelonatourstickets.com\/es\/wp-json\/wp\/v2\/comments?post=3939"}],"version-history":[{"count":3,"href":"https:\/\/www.barcelonatourstickets.com\/es\/wp-json\/wp\/v2\/pages\/3939\/revisions"}],"predecessor-version":[{"id":4098,"href":"https:\/\/www.barcelonatourstickets.com\/es\/wp-json\/wp\/v2\/pages\/3939\/revisions\/4098"}],"wp:attachment":[{"href":"https:\/\/www.barcelonatourstickets.com\/es\/wp-json\/wp\/v2\/media?parent=3939"}],"curies":[{"name":"wp","href":"https:\/\/api.w.org\/{rel}","templated":true}]}}