{"id":4064,"date":"2020-01-21T06:02:09","date_gmt":"2020-01-21T05:02:09","guid":{"rendered":"https:\/\/www.barcelonatourstickets.com\/?page_id=4064"},"modified":"2020-01-21T06:05:10","modified_gmt":"2020-01-21T05:05:10","slug":"dali-museum-tours","status":"publish","type":"page","link":"https:\/\/www.barcelonatourstickets.com\/es\/dali-museum-tours\/","title":{"rendered":"(English) Dal\u00ed Museum Tours"},"content":{"rendered":"<\/p>\n<p style=\"text-align: justify;\">Excursi\u00f3n de un d\u00eda que permite visitar dos grandes ciudades situadas al norte de Barcelona: <strong>Figueres con el emblem\u00e1tico Teatre-Museu Dal\u00ed entre sus atractivos principales y Girona, ciudad monumental, con uno de los barrios jud\u00edos mejor conservados de Europa.<\/strong><\/p>\n<p><\/p>\n<\/div><\/div>\n\t<span class=\"price\">Desde: <span class=\"woocommerce-Price-amount amount\"><bdi>80,00<span class=\"woocommerce-Price-currencySymbol\">&euro;<\/span><\/bdi><\/span><\/span>\n<a href=\"https:\/\/www.barcelonatourstickets.com\/es\/tours\/figueres-dali-girona\/\" aria-describedby=\"woocommerce_loop_add_to_cart_link_describedby_1172\" data-quantity=\"1\" class=\"button product_type_booking add_to_cart_button kad-btn headerfont kad_add_to_cart\" data-product_id=\"1172\" data-product_sku=\"\" aria-label=\"Read more about &ldquo;Dal\u00ed Figueres &amp; Girona Tour&rdquo;\" rel=\"nofollow\">Read more<\/a>\t<span id=\"woocommerce_loop_add_to_cart_link_describedby_1172\" class=\"screen-reader-text\">\n\t\t\t<\/span>\n<\/div><\/div><\/div>\n<div class=\"product type-product post-611 status-publish instock product_cat-dali product_cat-from-barcelona product_cat-girona product_cat-shore-excursions product_tag-beach product_tag-by-carminivan product_tag-countryside product_tag-highlights product_tag-multi product_tag-sea product_tag-shore-excursions product_tag-traveling-with-partner has-post-thumbnail virtual sold-individually purchasable product-type-booking tcol-md-3 tcol-sm-4 tcol-xs-6 tcol-ss-12 dali from-barcelona girona shore-excursions kad_product\">\n\t\t<div class=\"grid_item product_item clearfix kad_product_fade_in kt_item_fade_in\"><a href=\"https:\/\/www.barcelonatourstickets.com\/es\/tours\/girona-dali-tour\/\" class=\"product_item_link product_img_link\"><div class=\"kad-product-flipper kt-product-intrinsic\" style=\"padding-bottom:100%;\"><div class=\"kad_img_flip image_flip_front\"><img loading=\"lazy\" decoding=\"async\" src=\"https:\/\/www.barcelonatourstickets.com\/wp-content\/uploads\/2016\/08\/Dali-300x300.jpg\" srcset=\"https:\/\/www.barcelonatourstickets.com\/wp-content\/uploads\/2016\/08\/Dali-300x300.jpg 300w, https:\/\/www.barcelonatourstickets.com\/wp-content\/uploads\/2016\/08\/Dali-200x200.jpg 200w, https:\/\/www.barcelonatourstickets.com\/wp-content\/uploads\/2016\/08\/Dali-480x480.jpg 480w, https:\/\/www.barcelonatourstickets.com\/wp-content\/uploads\/2016\/08\/Dali-240x240.jpg 240w, https:\/\/www.barcelonatourstickets.com\/wp-content\/uploads\/2016\/08\/Dali-600x600.jpg 600w, https:\/\/www.barcelonatourstickets.com\/wp-content\/uploads\/2016\/08\/Dali.jpg 700w\" sizes=\"auto, (max-width: 300px) 100vw, 300px\"  alt=\"Girona &amp; Dal\u00ed Tour\" width=\"300\" height=\"300\" class=\"attachment-shop_catalog size-300x300 wp-post-image\"><\/div>\t\t\t\t<div class=\"kad_img_flip image_flip_back\">\n\t\t\t\t<img loading=\"lazy\" decoding=\"async\" src=\"https:\/\/www.barcelonatourstickets.com\/wp-content\/uploads\/2016\/08\/dali2-300x300.jpg\" srcset=\"https:\/\/www.barcelonatourstickets.com\/wp-content\/uploads\/2016\/08\/dali2-300x300.jpg 300w, https:\/\/www.barcelonatourstickets.com\/wp-content\/uploads\/2016\/08\/dali2-200x200.jpg 200w, https:\/\/www.barcelonatourstickets.com\/wp-content\/uploads\/2016\/08\/dali2-480x480.jpg 480w, https:\/\/www.barcelonatourstickets.com\/wp-content\/uploads\/2016\/08\/dali2-240x240.jpg 240w, https:\/\/www.barcelonatourstickets.com\/wp-content\/uploads\/2016\/08\/dali2-400x400.jpg 400w\" sizes=\"auto, (max-width: 300px) 100vw, 300px\"  alt=\"Girona &amp; Dal\u00ed Tour\" width=\"300\" height=\"300\" class=\"attachment-shop_catalog size-300x300 wp-post-image\">\t\t\t\t<\/div>\n\t\t\t<\/div><style>.wapl-label-id-1645 .product-label:after { border-color: #D9534F; }<\/style><div class=\"wapl-label-id-1645 label-wrap wapl-label label-yellow wapl-aligncenter\">\n\t\t\t<span class=\"woocommerce-advanced-product-label product-label label-yellow\" >\n\t\t\t\t<span class=\"wapl-label-text\">Multiling\u00fce<\/span>\n\t\t\t<\/span>\n\t\t<\/div><\/a><div class=\"details_product_item\"><div class=\"product_details\"><a href=\"https:\/\/www.barcelonatourstickets.com\/es\/tours\/girona-dali-tour\/\" class=\"product_item_link product_title_link\"><h5>Girona and Dal\u00ed Tour (8h Small Groups)<\/h5><\/a><div class=\"product_excerpt\"><p class=\"p1\">Departing from Barcelona you will visit <strong>Girona<\/strong>\u00b4s Medieval Quarter.\u00a0Then you will visit <strong>Figueres and the Dal\u00ed Theatre Museum<\/strong> which exhibit more than 1500 works by the Catalan genius.<\/p>\n<\/div><\/div>\n\t<span class=\"price\">Desde: <span class=\"woocommerce-Price-amount amount\"><bdi>169,00<span class=\"woocommerce-Price-currencySymbol\">&euro;<\/span><\/bdi><\/span><\/span>\n<a href=\"https:\/\/www.barcelonatourstickets.com\/es\/tours\/girona-dali-tour\/\" aria-describedby=\"woocommerce_loop_add_to_cart_link_describedby_611\" data-quantity=\"1\" class=\"button product_type_booking add_to_cart_button kad-btn headerfont kad_add_to_cart\" data-product_id=\"611\" data-product_sku=\"\" aria-label=\"Read more about &ldquo;Girona and Dal\u00ed Tour (8h Small Groups)&rdquo;\" rel=\"nofollow\">Select options<\/a>\t<span id=\"woocommerce_loop_add_to_cart_link_describedby_611\" class=\"screen-reader-text\">\n\t\t\t<\/span>\n<\/div><\/div><\/div>\n<div class=\"product type-product post-1070 status-publish instock product_cat-dali product_cat-from-barcelona product_cat-girona product_cat-shore-excursions product_tag-arquitecture product_tag-art product_tag-by-train product_tag-countryside product_tag-dali product_tag-eng product_tag-from-barcelona product_tag-highlights product_tag-shore-excursions product_tag-sightseeing product_tag-traveling-with-partner has-post-thumbnail featured virtual sold-individually purchasable product-type-booking tcol-md-3 tcol-sm-4 tcol-xs-6 tcol-ss-12 dali from-barcelona girona shore-excursions kad_product\">\n\t\t<div class=\"grid_item product_item clearfix kad_product_fade_in kt_item_fade_in\"><a href=\"https:\/\/www.barcelonatourstickets.com\/es\/tours\/dali-museum-girona-tour\/\" class=\"product_item_link product_img_link\"><div class=\"kad-product-flipper kt-product-intrinsic\" style=\"padding-bottom:100%;\"><div class=\"kad_img_flip image_flip_front\"><img loading=\"lazy\" decoding=\"async\" src=\"https:\/\/www.barcelonatourstickets.com\/wp-content\/uploads\/2016\/10\/dali-museum-BGB-300x300.jpg\" srcset=\"https:\/\/www.barcelonatourstickets.com\/wp-content\/uploads\/2016\/10\/dali-museum-BGB-300x300.jpg 300w, https:\/\/www.barcelonatourstickets.com\/wp-content\/uploads\/2016\/10\/dali-museum-BGB-200x200.jpg 200w, https:\/\/www.barcelonatourstickets.com\/wp-content\/uploads\/2016\/10\/dali-museum-BGB-480x480.jpg 480w, https:\/\/www.barcelonatourstickets.com\/wp-content\/uploads\/2016\/10\/dali-museum-BGB-240x240.jpg 240w, https:\/\/www.barcelonatourstickets.com\/wp-content\/uploads\/2016\/10\/dali-museum-BGB-400x400.jpg 400w, https:\/\/www.barcelonatourstickets.com\/wp-content\/uploads\/2016\/10\/dali-museum-BGB-600x600.jpg 600w\" sizes=\"auto, (max-width: 300px) 100vw, 300px\"  alt=\"Dal\u00ed Tour\" width=\"300\" height=\"300\" class=\"attachment-shop_catalog size-300x300 wp-post-image\"><\/div>\t\t\t\t<div class=\"kad_img_flip image_flip_back\">\n\t\t\t\t<img loading=\"lazy\" decoding=\"async\" src=\"https:\/\/www.barcelonatourstickets.com\/wp-content\/uploads\/2016\/10\/Barcelona-Guide-Bureau-Daily-Sightseeing-Tours-Dali-Museum-8-AVE-bullet-train-300x300.jpg\" srcset=\"https:\/\/www.barcelonatourstickets.com\/wp-content\/uploads\/2016\/10\/Barcelona-Guide-Bureau-Daily-Sightseeing-Tours-Dali-Museum-8-AVE-bullet-train-300x300.jpg 300w, https:\/\/www.barcelonatourstickets.com\/wp-content\/uploads\/2016\/10\/Barcelona-Guide-Bureau-Daily-Sightseeing-Tours-Dali-Museum-8-AVE-bullet-train-200x200.jpg 200w, https:\/\/www.barcelonatourstickets.com\/wp-content\/uploads\/2016\/10\/Barcelona-Guide-Bureau-Daily-Sightseeing-Tours-Dali-Museum-8-AVE-bullet-train-748x748.jpg 748w, https:\/\/www.barcelonatourstickets.com\/wp-content\/uploads\/2016\/10\/Barcelona-Guide-Bureau-Daily-Sightseeing-Tours-Dali-Museum-8-AVE-bullet-train-480x480.jpg 480w, https:\/\/www.barcelonatourstickets.com\/wp-content\/uploads\/2016\/10\/Barcelona-Guide-Bureau-Daily-Sightseeing-Tours-Dali-Museum-8-AVE-bullet-train-240x240.jpg 240w, https:\/\/www.barcelonatourstickets.com\/wp-content\/uploads\/2016\/10\/Barcelona-Guide-Bureau-Daily-Sightseeing-Tours-Dali-Museum-8-AVE-bullet-train-800x800.jpg 800w, https:\/\/www.barcelonatourstickets.com\/wp-content\/uploads\/2016\/10\/Barcelona-Guide-Bureau-Daily-Sightseeing-Tours-Dali-Museum-8-AVE-bullet-train-400x400.jpg 400w, https:\/\/www.barcelonatourstickets.com\/wp-content\/uploads\/2016\/10\/Barcelona-Guide-Bureau-Daily-Sightseeing-Tours-Dali-Museum-8-AVE-bullet-train-600x600.jpg 600w\" sizes=\"auto, (max-width: 300px) 100vw, 300px\"  alt=\"Dal\u00ed Tour\" width=\"300\" height=\"300\" class=\"attachment-shop_catalog size-300x300 wp-post-image\">\t\t\t\t<\/div>\n\t\t\t<\/div><style>.wapl-label-id-1644 .product-label:after { border-color: #D9534F; }<\/style><div class=\"wapl-label-id-1644 label-wrap wapl-label label-blue wapl-aligncenter\">\n\t\t\t<span class=\"woocommerce-advanced-product-label product-label label-blue\" >\n\t\t\t\t<span class=\"wapl-label-text\">Idioma: Ing<\/span>\n\t\t\t<\/span>\n\t\t<\/div><\/a><div class=\"details_product_item\"><div class=\"product_details\"><a href=\"https:\/\/www.barcelonatourstickets.com\/es\/tours\/dali-museum-girona-tour\/\" class=\"product_item_link product_title_link\"><h5>El Museo de Dal\u00ed &#038; Girona en tren<\/h5><\/a><div class=\"product_excerpt\"><p><\/p>\n<p style=\"text-align: justify;\">Llegue al Museo Dal\u00ed en poco tiempo en el tren de alta velocidad AVE.En el camino de regreso, descubra Girona, una joya de la cultura y la historia, con una visita guiada a pie por los barrios medievales y jud\u00edos, y las coloridas casas en el r\u00edo Onyar.<\/p>\n<p><\/p>\n<\/div><\/div>\n\t<span class=\"price\">Desde: <span class=\"woocommerce-Price-amount amount\"><bdi>169,00<span class=\"woocommerce-Price-currencySymbol\">&euro;<\/span><\/bdi><\/span><\/span>\n<a href=\"https:\/\/www.barcelonatourstickets.com\/es\/tours\/dali-museum-girona-tour\/\" aria-describedby=\"woocommerce_loop_add_to_cart_link_describedby_1070\" data-quantity=\"1\" class=\"button product_type_booking add_to_cart_button kad-btn headerfont kad_add_to_cart\" data-product_id=\"1070\" data-product_sku=\"\" aria-label=\"Read more about &ldquo;El Museo de Dal\u00ed &amp; Girona en tren&rdquo;\" rel=\"nofollow\">Select options<\/a>\t<span id=\"woocommerce_loop_add_to_cart_link_describedby_1070\" class=\"screen-reader-text\">\n\t\t\t<\/span>\n<\/div><\/div><\/div>\n<div class=\"product type-product post-1064 status-publish last instock product_cat-dali product_cat-from-barcelona product_cat-shore-excursions product_tag-arquitecture product_tag-art product_tag-by-train product_tag-countryside product_tag-dali product_tag-eng product_tag-from-barcelona product_tag-highlights product_tag-shore-excursions product_tag-sightseeing product_tag-traveling-with-partner has-post-thumbnail featured virtual sold-individually purchasable product-type-booking tcol-md-3 tcol-sm-4 tcol-xs-6 tcol-ss-12 dali from-barcelona shore-excursions kad_product\">\n\t\t<div class=\"grid_item product_item clearfix kad_product_fade_in kt_item_fade_in\"><a href=\"https:\/\/www.barcelonatourstickets.com\/es\/tours\/dali-museum-tour-by-train\/\" class=\"product_item_link product_img_link\"><div class=\"kad-product-flipper kt-product-intrinsic\" style=\"padding-bottom:100%;\"><div class=\"kad_img_flip image_flip_front\"><img loading=\"lazy\" decoding=\"async\" src=\"https:\/\/www.barcelonatourstickets.com\/wp-content\/uploads\/2016\/08\/dali2-300x300.jpg\" srcset=\"https:\/\/www.barcelonatourstickets.com\/wp-content\/uploads\/2016\/08\/dali2-300x300.jpg 300w, https:\/\/www.barcelonatourstickets.com\/wp-content\/uploads\/2016\/08\/dali2-200x200.jpg 200w, https:\/\/www.barcelonatourstickets.com\/wp-content\/uploads\/2016\/08\/dali2-480x480.jpg 480w, https:\/\/www.barcelonatourstickets.com\/wp-content\/uploads\/2016\/08\/dali2-240x240.jpg 240w, https:\/\/www.barcelonatourstickets.com\/wp-content\/uploads\/2016\/08\/dali2-400x400.jpg 400w\" sizes=\"auto, (max-width: 300px) 100vw, 300px\"  alt=\"Girona &amp; Dal\u00ed Tour\" width=\"300\" height=\"300\" class=\"attachment-shop_catalog size-300x300 wp-post-image\"><\/div>\t\t\t\t<div class=\"kad_img_flip image_flip_back\">\n\t\t\t\t<img loading=\"lazy\" decoding=\"async\" src=\"https:\/\/www.barcelonatourstickets.com\/wp-content\/uploads\/2016\/10\/Barcelona-Guide-Bureau-Daily-Sightseeing-Tours-Dali-Museum-8-AVE-bullet-train-300x300.jpg\" srcset=\"https:\/\/www.barcelonatourstickets.com\/wp-content\/uploads\/2016\/10\/Barcelona-Guide-Bureau-Daily-Sightseeing-Tours-Dali-Museum-8-AVE-bullet-train-300x300.jpg 300w, https:\/\/www.barcelonatourstickets.com\/wp-content\/uploads\/2016\/10\/Barcelona-Guide-Bureau-Daily-Sightseeing-Tours-Dali-Museum-8-AVE-bullet-train-200x200.jpg 200w, https:\/\/www.barcelonatourstickets.com\/wp-content\/uploads\/2016\/10\/Barcelona-Guide-Bureau-Daily-Sightseeing-Tours-Dali-Museum-8-AVE-bullet-train-748x748.jpg 748w, https:\/\/www.barcelonatourstickets.com\/wp-content\/uploads\/2016\/10\/Barcelona-Guide-Bureau-Daily-Sightseeing-Tours-Dali-Museum-8-AVE-bullet-train-480x480.jpg 480w, https:\/\/www.barcelonatourstickets.com\/wp-content\/uploads\/2016\/10\/Barcelona-Guide-Bureau-Daily-Sightseeing-Tours-Dali-Museum-8-AVE-bullet-train-240x240.jpg 240w, https:\/\/www.barcelonatourstickets.com\/wp-content\/uploads\/2016\/10\/Barcelona-Guide-Bureau-Daily-Sightseeing-Tours-Dali-Museum-8-AVE-bullet-train-800x800.jpg 800w, https:\/\/www.barcelonatourstickets.com\/wp-content\/uploads\/2016\/10\/Barcelona-Guide-Bureau-Daily-Sightseeing-Tours-Dali-Museum-8-AVE-bullet-train-400x400.jpg 400w, https:\/\/www.barcelonatourstickets.com\/wp-content\/uploads\/2016\/10\/Barcelona-Guide-Bureau-Daily-Sightseeing-Tours-Dali-Museum-8-AVE-bullet-train-600x600.jpg 600w\" sizes=\"auto, (max-width: 300px) 100vw, 300px\"  alt=\"Dal\u00ed Tour\" width=\"300\" height=\"300\" class=\"attachment-shop_catalog size-300x300 wp-post-image\">\t\t\t\t<\/div>\n\t\t\t<\/div><style>.wapl-label-id-1644 .product-label:after { border-color: #D9534F; }<\/style><div class=\"wapl-label-id-1644 label-wrap wapl-label label-blue wapl-aligncenter\">\n\t\t\t<span class=\"woocommerce-advanced-product-label product-label label-blue\" >\n\t\t\t\t<span class=\"wapl-label-text\">Idioma: Ing<\/span>\n\t\t\t<\/span>\n\t\t<\/div><\/a><div class=\"details_product_item\"><div class=\"product_details\"><a href=\"https:\/\/www.barcelonatourstickets.com\/es\/tours\/dali-museum-tour-by-train\/\" class=\"product_item_link product_title_link\"><h5>El museo de Dal\u00ed en AVE<\/h5><\/a><div class=\"product_excerpt\"><p>Descubra la verdad por detr\u00e1s de la famosa cita de Dal\u00ed \u201c<em>La \u00fanica diferencia entre un loco y yo es que yo no estoy loco<\/em>\u201d. <strong>El Museo Dal\u00ed revelar\u00e1 los secretos del consciente-inconsciente que van m\u00e1s all\u00e1 de lo obvio.<\/strong><\/p>\n<\/div><\/div>\n\t<span class=\"price\">Desde: <span class=\"woocommerce-Price-amount amount\"><bdi>124,00<span class=\"woocommerce-Price-currencySymbol\">&euro;<\/span><\/bdi><\/span><\/span>\n<a href=\"https:\/\/www.barcelonatourstickets.com\/es\/tours\/dali-museum-tour-by-train\/\" aria-describedby=\"woocommerce_loop_add_to_cart_link_describedby_1064\" data-quantity=\"1\" class=\"button product_type_booking add_to_cart_button kad-btn headerfont kad_add_to_cart\" data-product_id=\"1064\" data-product_sku=\"\" aria-label=\"Read more about &ldquo;El museo de Dal\u00ed en AVE&rdquo;\" rel=\"nofollow\">Select options<\/a>\t<span id=\"woocommerce_loop_add_to_cart_link_describedby_1064\" class=\"screen-reader-text\">\n\t\t\t<\/span>\n<\/div><\/div><\/div>\n<\/div>\n<\/div>","protected":false},"excerpt":{"rendered":"","protected":false},"author":38,"featured_media":0,"parent":0,"menu_order":0,"comment_status":"closed","ping_status":"closed","template":"page-feature.php","meta":{"footnotes":""},"class_list":["post-4064","page","type-page","status-publish","hentry"],"_links":{"self":[{"href":"https:\/\/www.barcelonatourstickets.com\/es\/wp-json\/wp\/v2\/pages\/4064","targetHints":{"allow":["GET"]}}],"collection":[{"href":"https:\/\/www.barcelonatourstickets.com\/es\/wp-json\/wp\/v2\/pages"}],"about":[{"href":"https:\/\/www.barcelonatourstickets.com\/es\/wp-json\/wp\/v2\/types\/page"}],"author":[{"embeddable":true,"href":"https:\/\/www.barcelonatourstickets.com\/es\/wp-json\/wp\/v2\/users\/38"}],"replies":[{"embeddable":true,"href":"https:\/\/www.barcelonatourstickets.com\/es\/wp-json\/wp\/v2\/comments?post=4064"}],"version-history":[{"count":2,"href":"https:\/\/www.barcelonatourstickets.com\/es\/wp-json\/wp\/v2\/pages\/4064\/revisions"}],"predecessor-version":[{"id":4066,"href":"https:\/\/www.barcelonatourstickets.com\/es\/wp-json\/wp\/v2\/pages\/4064\/revisions\/4066"}],"wp:attachment":[{"href":"https:\/\/www.barcelonatourstickets.com\/es\/wp-json\/wp\/v2\/media?parent=4064"}],"curies":[{"name":"wp","href":"https:\/\/api.w.org\/{rel}","templated":true}]}}