{"id":43,"date":"2016-05-18T16:58:48","date_gmt":"2016-05-18T14:58:48","guid":{"rendered":"https:\/\/www.barcelonatourstickets.com\/?page_id=43"},"modified":"2020-01-14T16:01:13","modified_gmt":"2020-01-14T15:01:13","slug":"contact","status":"publish","type":"page","link":"https:\/\/www.barcelonatourstickets.com\/es\/contact\/","title":{"rendered":"Contacto"},"content":{"rendered":"<div id=\"pl-43\"  class=\"panel-layout\" ><div id=\"pg-43-0\"  class=\"panel-grid panel-has-style\" ><div class=\"siteorigin-panels-stretch kt-panel-row-stretch panel-row-style panel-row-style-for-43-0\" style=\"visibility: hidden;\" data-stretch-type=\"full\" ><div id=\"pgc-43-0-0\"  class=\"panel-grid-cell\" ><div id=\"panel-43-0-0-0\" class=\"so-panel widget widget_sow-headline panel-first-child panel-last-child\" data-index=\"0\" ><div\n\t\t\t\n\t\t\tclass=\"so-widget-sow-headline so-widget-sow-headline-default-37665194f351-43\"\n\t\t\t\n\t\t><div class=\"sow-headline-container \">\n\t\t\t\t\t\t\t<h1 class=\"sow-headline\">\n\t\t\t\t\t\tBarcelona Tours &amp; Tickets\t\t\t\t\t\t<\/h1>\n\t\t\t\t\t\t\t\t\t\t\t<div class=\"decoration\">\n\t\t\t\t\t\t<div class=\"decoration-inside\"><\/div>\n\t\t\t\t\t<\/div>\n\t\t\t\t\t\t\t\t\t\t\t<h3 class=\"sow-sub-headline\">\n\t\t\t\t\t\tPara cualquier pregunta p\u00f3ngase en contacto con nosotros\t\t\t\t\t\t<\/h3>\n\t\t\t\t\t\t<\/div>\n<\/div><\/div><\/div><\/div><\/div><div id=\"pg-43-1\"  class=\"panel-grid panel-has-style\" ><div class=\"siteorigin-panels-stretch kt-panel-row-stretch panel-row-style panel-row-style-for-43-1\" style=\"visibility: hidden;\" data-stretch-type=\"full\" ><div id=\"pgc-43-1-0\"  class=\"panel-grid-cell\" ><div id=\"panel-43-1-0-0\" class=\"so-panel widget widget_sow-headline panel-first-child\" data-index=\"1\" ><div\n\t\t\t\n\t\t\tclass=\"so-widget-sow-headline so-widget-sow-headline-default-786eaf92288d-43\"\n\t\t\t\n\t\t><div class=\"sow-headline-container \">\n\t\t\t\t\t\t\t<h2 class=\"sow-headline\">\n\t\t\t\t\t\tM\u00c1NDENOS SU MENSAJE\t\t\t\t\t\t<\/h2>\n\t\t\t\t\t\t<\/div>\n<\/div><\/div><div id=\"panel-43-1-0-1\" class=\"so-panel widget widget_sow-contact-form panel-last-child\" data-index=\"2\" ><div class=\"panel-widget-style panel-widget-style-for-43-1-0-1\" ><div\n\t\t\t\n\t\t\tclass=\"so-widget-sow-contact-form so-widget-sow-contact-form-default-9bf186f659e6-43\"\n\t\t\t\n\t\t>\t<form\n\t\taction=\"\/es\/wp-json\/wp\/v2\/pages\/43\"\n\t\tmethod=\"POST\"\n\t\tclass=\"sow-contact-form\"\n\t\tid=\"contact-form-959b\"\n\t>\n\n\t\t\n\t\t\t\t\t<div class=\"sow-form-field sow-form-field-name\">\n\t\t\t\t<label class=\"sow-form-field-label-above\" for=\"sow-contact-form-field-su-nombre-1\">\n\t\t\t\t<strong>\n\t\t\t\t\tSu nombre\t\t\t\t\t\t\t\t\t<\/strong>\n\t\t\t<\/label>\n\t\t\t\t\t\t\t<div class=\"sow-field-container\">\n\t\t\t\t\t\t\t<input\n\t\t\ttype=\"text\"\n\t\t\tname=\"su-nombre-1\"\n\t\t\tid=\"sow-contact-form-field-su-nombre-1\"\n\t\t\tvalue=\"\"\n\t\t\tclass=\"sow-text-field\"\n\t\t\t\t\t\t\t\t\/>\n\t\t\t\t\t\t<\/div>\n\t\t\t\t\t\t\t<\/div>\n\t\t\t\t\t\t<div class=\"sow-form-field sow-form-field-email\">\n\t\t\t\t<label class=\"sow-form-field-label-above\" for=\"sow-contact-form-field-su-email-1\">\n\t\t\t\t<strong>\n\t\t\t\t\tSu Email\t\t\t\t\t\t\t\t\t<\/strong>\n\t\t\t<\/label>\n\t\t\t\t\t\t\t<div class=\"sow-field-container\">\n\t\t\t\t\t\t\t<input\n\t\t\ttype=\"email\"\n\t\t\tname=\"su-email-1\"\n\t\t\tid=\"sow-contact-form-field-su-email-1\"\n\t\t\tvalue=\"\"\n\t\t\tclass=\"sow-text-field\"\t\t\t\t\t\t\t\t\/>\n\t\t\t\t\t\t<\/div>\n\t\t\t\t\t\t\t<\/div>\n\t\t\t\t\t\t<div class=\"sow-form-field sow-form-field-subject\">\n\t\t\t\t<label class=\"sow-form-field-label-above\" for=\"sow-contact-form-field-asunto-1\">\n\t\t\t\t<strong>\n\t\t\t\t\tAsunto\t\t\t\t\t\t\t\t\t<\/strong>\n\t\t\t<\/label>\n\t\t\t\t\t\t\t<div class=\"sow-field-container\">\n\t\t\t\t\t\t\t<input\n\t\t\ttype=\"text\"\n\t\t\tname=\"asunto-1\"\n\t\t\tid=\"sow-contact-form-field-asunto-1\"\n\t\t\tvalue=\"\"\n\t\t\tclass=\"sow-text-field\"\n\t\t\t\t\t\t\t\t\/>\n\t\t\t\t\t\t<\/div>\n\t\t\t\t\t\t\t<\/div>\n\t\t\t\t\t\t<div class=\"sow-form-field sow-form-field-textarea\">\n\t\t\t\t<label class=\"sow-form-field-label-above\" for=\"sow-contact-form-field-mensaje-1\">\n\t\t\t\t<strong>\n\t\t\t\t\tMensaje\t\t\t\t\t\t\t\t\t<\/strong>\n\t\t\t<\/label>\n\t\t\t\t\t\t\t<div class=\"sow-field-container\">\n\t\t\t\t\t\t\t<textarea\n\t\t\tname=\"mensaje-1\"\n\t\t\tid=\"sow-contact-form-field-mensaje-1\"\n\t\t\trows=\"10\"\n\t\t\t\t\t\t\t\t><\/textarea>\n\t\t\t\t\t\t<\/div>\n\t\t\t\t\t\t\t<\/div>\n\t\t\t\t\t\t<div class=\"sow-form-field sow-form-field-checkboxes\">\n\t\t\t\t\t\t\t\t<div class=\"sow-field-container\">\n\t\t\t\t\t\t\t\t<ul>\n\t\t\t\t\t\t\t\t\t\t\t\t\t\t<li>\n\t\t\t\t\t\t<input\n\t\t\t\t\t\t\ttype=\"checkbox\"\n\t\t\t\t\t\t\tvalue=\"\"\n\t\t\t\t\t\t\tname=\"4-1[]\"\n\t\t\t\t\t\t\tid=\"sow-contact-form-field-4-1-0\"\n\t\t\t\t\t\t\t\t\t\t\t\t\t\taria-describedby=\"sow-contact-form-field-4-1-description\" \t\t\t\t\t\t\/>\n\t\t\t\t\t\t<label for=\"sow-contact-form-field-4-1-0\">\n\t\t\t\t\t\t\t\t\t\t\t\t\t<\/label>\n\t\t\t\t\t<\/li>\n\t\t\t\t\t\t\t<\/ul>\n\t\t\t\t\t\t\t\t<div\n\t\t\t\t\t\t\tclass=\"sow-form-field-description\"\n\t\t\t\t\t\t\tid=\"sow-contact-form-field-4-1-description\"\n\t\t\t\t\t\t>\n\t\t\t\t\t\t\tHe le\u00eddo y acepto la <a href=\"https:\/\/www.barcelonatourstickets.com\/es\/legal-notice-barcelona-tours-tickets\/\" target=\"_blank\" rel=\"noopener\">Pol\u00edtica de Privacidad<\/a>\t\t\t\t\t\t<\/div>\n\t\t\t\t\t\t\t\t\t\t<\/div>\n\t\t\t\t\t\t\t<\/div>\n\t\t\t\n\t\t\n\t\t<div class=\"sow-submit-wrapper \n\t\tsow-submit-styled\t\t\">\n\n\t\t\t<button\n\t\t\t\ttype=\"submit\"\n\t\t\t\tclass=\"sow-submit\n\t\t\t\t\t\t\t\t\"\n\t\t\t\t\t\t\t>\n\t\t\t\tENVIAR\t\t\t<\/button>\n\t\t<\/div>\n\t\t\t\t<input\n\t\t\ttype=\"hidden\"\n\t\t\tname=\"instance_hash-1\"\n\t\t\tvalue=\"959b11a1\"\n\t\t\/>\n\n\t\t<input type=\"hidden\" id=\"_wpnonce\" name=\"_wpnonce\" value=\"693094ae9d\" \/><input type=\"hidden\" name=\"_wp_http_referer\" value=\"\/es\/wp-json\/wp\/v2\/pages\/43\" \/>\t<\/form>\n\t<\/div><\/div><\/div><\/div><div id=\"pgc-43-1-1\"  class=\"panel-grid-cell\" ><div id=\"panel-43-1-1-0\" class=\"so-panel widget widget_sow-headline panel-first-child\" data-index=\"3\" ><div class=\"panel-widget-style panel-widget-style-for-43-1-1-0\" ><div\n\t\t\t\n\t\t\tclass=\"so-widget-sow-headline so-widget-sow-headline-default-786eaf92288d-43\"\n\t\t\t\n\t\t><div class=\"sow-headline-container \">\n\t\t\t\t\t\t\t<h2 class=\"sow-headline\">\n\t\t\t\t\t\tINFORMACI\u00d3N DE CONTACTO\t\t\t\t\t\t<\/h2>\n\t\t\t\t\t\t<\/div>\n<\/div><\/div><\/div><div id=\"panel-43-1-1-1\" class=\"so-panel widget widget_sow-editor\" data-index=\"4\" ><div class=\"panel-widget-style panel-widget-style-for-43-1-1-1\" ><div\n\t\t\t\n\t\t\tclass=\"so-widget-sow-editor so-widget-sow-editor-base\"\n\t\t\t\n\t\t>\n<div class=\"siteorigin-widget-tinymce textwidget\">\n\t<h4><span style=\"color: #ffffff;\"><strong>Barcelona Tours & Tickets<\/strong><\/span><\/h4>\n<p><span style=\"color: #ffffff;\">En caso de que desee tener una conversaci\u00f3n telef\u00f3nica, por favor, deje un mensaje via email, facebook o twitter con su nombre y n\u00famero de tel\u00e9fono y le devolveremos la llamada lo antes posible.<br \/>\nTel: <a href=\"tel:+34911238717\">+34 911 238 717<\/a><\/p>\n<p><span style=\"color: #ffffff;\">De 10am a 17pm hora local<br \/>\n<\/span><\/p>\n<p><span style=\"color: #ffffff;\">info@tourstickets.com<\/span><br \/>\n<\/span><\/span><\/p>\n<\/div>\n<\/div><\/div><\/div><div id=\"panel-43-1-1-2\" class=\"so-panel widget widget_sow-social-media-buttons panel-last-child\" data-index=\"5\" ><div class=\"panel-widget-style panel-widget-style-for-43-1-1-2\" ><div\n\t\t\t\n\t\t\tclass=\"so-widget-sow-social-media-buttons so-widget-sow-social-media-buttons-wire-d620181b41f1-43\"\n\t\t\t\n\t\t>\n\n<div class=\"social-media-button-container\">\n\t\n\t\t<a \n\t\tclass=\"ow-button-hover sow-social-media-button-facebook-0 sow-social-media-button\" title=\"Barcelona Tours &amp; Tickets en Facebook\" aria-label=\"Barcelona Tours &amp; Tickets en Facebook\" target=\"_blank\" rel=\"noopener noreferrer\" href=\"https:\/\/www.facebook.com\/barcelonatourstickets\/\" \t\t>\n\t\t\t<span>\n\t\t\t\t\t\t\t\t<span class=\"sow-icon-fontawesome sow-fab\" data-sow-icon=\"&#xf39e;\"\n\t\t \n\t\taria-hidden=\"true\"><\/span>\t\t\t\t\t\t\t<\/span>\n\t\t<\/a>\n\t\n\t\t<a \n\t\tclass=\"ow-button-hover sow-social-media-button-suitcase-0 sow-social-media-button\" title=\"Barcelona Tours &amp; Tickets en Tripadvisor\" aria-label=\"Barcelona Tours &amp; Tickets en Tripadvisor\" target=\"_blank\" rel=\"noopener noreferrer\" href=\"https:\/\/www.tripadvisor.es\/Attraction_Review-g187497-d12127397-Reviews-Barcelona_Tours_Tickets-Barcelona_Catalonia.html\" \t\t>\n\t\t\t<span>\n\t\t\t\t\t\t\t\t<span class=\"sow-icon-fontawesome sow-fas\" data-sow-icon=\"&#xf0f2;\"\n\t\t \n\t\taria-hidden=\"true\"><\/span>\t\t\t\t\t\t\t<\/span>\n\t\t<\/a>\n\t<\/div>\n<\/div><\/div><\/div><\/div><\/div><\/div><\/div>","protected":false},"excerpt":{"rendered":"<p>Barcelona Tours &#038; Tickets En caso de que desee tener una conversaci\u00f3n telef\u00f3nica, por favor, deje un mensaje via email, facebook o twitter con su nombre y n\u00famero de tel\u00e9fono y le devolveremos la llamada lo antes posible. Tel: +34 &hellip; <a class=\"kt-excerpt-readmore\" href=\"https:\/\/www.barcelonatourstickets.com\/es\/contact\/\" aria-label=\"Contacto\">Leer m&aacute;s<\/a><\/p>\n","protected":false},"author":38,"featured_media":0,"parent":0,"menu_order":5,"comment_status":"closed","ping_status":"closed","template":"page-fullwidth.php","meta":{"footnotes":""},"class_list":["post-43","page","type-page","status-publish","hentry"],"_links":{"self":[{"href":"https:\/\/www.barcelonatourstickets.com\/es\/wp-json\/wp\/v2\/pages\/43","targetHints":{"allow":["GET"]}}],"collection":[{"href":"https:\/\/www.barcelonatourstickets.com\/es\/wp-json\/wp\/v2\/pages"}],"about":[{"href":"https:\/\/www.barcelonatourstickets.com\/es\/wp-json\/wp\/v2\/types\/page"}],"author":[{"embeddable":true,"href":"https:\/\/www.barcelonatourstickets.com\/es\/wp-json\/wp\/v2\/users\/38"}],"replies":[{"embeddable":true,"href":"https:\/\/www.barcelonatourstickets.com\/es\/wp-json\/wp\/v2\/comments?post=43"}],"version-history":[{"count":46,"href":"https:\/\/www.barcelonatourstickets.com\/es\/wp-json\/wp\/v2\/pages\/43\/revisions"}],"predecessor-version":[{"id":4049,"href":"https:\/\/www.barcelonatourstickets.com\/es\/wp-json\/wp\/v2\/pages\/43\/revisions\/4049"}],"wp:attachment":[{"href":"https:\/\/www.barcelonatourstickets.com\/es\/wp-json\/wp\/v2\/media?parent=43"}],"curies":[{"name":"wp","href":"https:\/\/api.w.org\/{rel}","templated":true}]}}