{"id":1060,"date":"2016-10-18T10:17:55","date_gmt":"2016-10-18T08:17:55","guid":{"rendered":"https:\/\/www.barcelonatourstickets.com\/tours\/montserrat-tour\/"},"modified":"2021-01-14T10:44:41","modified_gmt":"2021-01-14T09:44:41","slug":"montserrat-tour","status":"publish","type":"product","link":"https:\/\/www.barcelonatourstickets.com\/es\/tours\/montserrat-tour\/","title":{"rendered":"Montserrat Tour"},"content":{"rendered":"<h5>El Tour Montserrat.<\/h5>\n<p><strong>\u00a1Este tour es la forma m\u00e1s f\u00e1cil y r\u00e1pida de visitar Montserrat! <\/strong>Espectaculares monta\u00f1as y vistas, un antiguo monasterio, un santuario sagrado. Un lugar incomparable que no debe perderse.<br \/>\nInicie esto tour con una <a href=\"https:\/\/www.barcelonatourstickets.com\/product-category\/shore-excursions\/\" target=\"_blank\" rel=\"noopener noreferrer\">pintoresca viaje<\/a> por la monta\u00f1a. A mitad de camino ver\u00e1 el monasterio de casi 1000 a\u00f1os. Hay un corto paseo para llegar all\u00ed, el mejor momento para disfrutar de las magn\u00edficas vistas y probar el queso y la miel artesanales que encontrar\u00e1 en los puestos a lo largo del camino.<\/p>\n<p>Tendr\u00e1s aproximadamente 2 horas en el Santuario de Montserrat, combinando un recorrido de orientaci\u00f3n con algo de tiempo libre para ver la Virgen Negra y la bas\u00edlica, el museo, restaurantes y tiendas.<\/p>\n<h6>La monta\u00f1a<\/h6>\n<p>Montserrat es una roca masiva de m\u00e1s de 4000 pies de altura, visible por millas, con formas extra\u00f1as y picos redondeados que sobresalen en el cielo. Hay caminos, escaleras, cuevas, capillas y ermitas esparcidas por la monta\u00f1a, paisajes extraordinarios y maravillosas vistas. No es de extra\u00f1ar que toda la monta\u00f1a sea tambi\u00e9n un parque natural.<\/p>\n<h6>El Monasterio y La Virgen Negra<\/h6>\n<p>El monasterio benedictino de 1000 a\u00f1os de antig\u00fcedad se encuentra a medio camino de la monta\u00f1a y protegido por sus picos. Hay una bas\u00edlica con la Capilla de Nuestra Se\u00f1ora de Montserrat conocida como La Moreneta, la santa patrona de Catalu\u00f1a, y una presencia fuertemente sentida y venerada. La comunidad de monjes tambi\u00e9n dirige una escuela para ni\u00f1os dedicada al estudio de la m\u00fasica.<\/p>\n<h6>El Santuario de Monserrat<\/h6>\n<p>Alrededor del Monasterio hay muchas cosas que hacer, aqu\u00ed hay algunas sugerencias principales:<\/p>\n<ul>\n<li>El mejor lugar para tomar fotos, con unas vistas excepcionales de Montserrat y las llanuras circundantes.<\/li>\n<li>Mercados que venden productos locales como miel y Mat\u00f3 (queso fresco)<\/li>\n<li>\u00a1El Museo de Montserrat tiene una extensa colecci\u00f3n con pinturas de Dal\u00ed, Picasso, El Greco e incluso tesoros del antiguo Egipto!<\/li>\n<li>Restaurantes y tiendas para cualquiera que busque recuerdos<\/li>\n<li>Funicular a la capilla de Sant Joan<\/li>\n<\/ul>\n<h5 style=\"text-align: justify;\"><span style=\"color: #000080; text-decoration: underline; font-family: inherit; font-weight: bold;\">El Tour Montserrat <\/span><span style=\"color: #000080; text-decoration: underline; font-family: inherit; font-weight: bold;\">Punto de Encuentro<\/span><\/h5>\n<p class=\"p3\" style=\"text-align: justify;\">Punto de encuentro para la excursi\u00f3n es en la Carrer Balmes 5 en las oficinas de Julia Travel.!<\/p>\n<h5 class=\"p3\" style=\"text-align: justify;\"><span style=\"color: #000080; text-decoration: underline; font-family: inherit; font-weight: bold;\">Horario<\/span><\/h5>\n<p class=\"p3\" style=\"text-align: justify;\">01\/Abril \u2013 31\/Oct: 15:00 Diariamente<\/p>\n<p class=\"p3\" style=\"text-align: justify;\">01\/Nov \u2013 25\/Mar: 14:15 Diariamente<\/p>\n<h5 class=\"p1\" style=\"text-align: justify;\"><span style=\"text-decoration: underline;\"><span class=\"s1\" style=\"color: #000080; text-decoration: underline;\">Incluido<\/span><\/span><\/h5>\n<p class=\"p3\" style=\"text-align: justify;\">Transporte en un autob\u00fas con aire condicionado.<\/p>\n<p class=\"p3\" style=\"text-align: justify;\">Tour operado en espa\u00f1ol y ingl\u00e9s.<\/p>\n<p class=\"p3\" style=\"text-align: justify;\">Entrada a la exposici\u00f3n audiovisual en Montserrat \u201cEspai Audio visual Montserrat\u201d.<\/p>\n<h5 class=\"p3\" style=\"text-align: justify;\"><span style=\"color: #000080; text-decoration: underline; font-family: inherit; font-weight: bold;\">Excluido<\/span><\/h5>\n<p style=\"text-align: justify;\">Comida y Bebida<\/p>\n<p style=\"text-align: justify;\">Recogida en el hotel.<\/p>\n<h5 class=\"p1\" style=\"text-align: justify;\"><span style=\"text-decoration: underline; color: #000080;\"><span class=\"s1\">Informaci\u00f3n importante<\/span><\/span><\/h5>\n<p class=\"p3\" style=\"text-align: justify;\"><span class=\"s1\"><b>Duraci\u00f3n:<\/b><\/span> 4.5 horas<\/p>\n<p class=\"p3\" style=\"text-align: justify;\"><span class=\"s1\"><b>The Montserrat Tour price:<\/b><\/span> 51 euros adultos | 41 euros ni\u00f1os<\/p>\n<p class=\"p3\" style=\"text-align: justify;\"><span class=\"s1\"><b>Idioma: <\/b><\/span>Ingl\u00e9s y Espa\u00f1ol<\/p>\n<p class=\"p3\" style=\"text-align: justify;\"><span class=\"s1\"><b>Atenci\u00f3n:<\/b><\/span><\/p>\n<p style=\"text-align: justify;\">En esta excursi\u00f3n hay que caminar.<\/p>\n<p style=\"text-align: justify;\">No es accesible para silla de ruedas. Pero se la persona tiene alguna movilidad (i.e pueda bajar y subir en el autob\u00fas) la silla de rueda se puede poner en el autob\u00fas.<\/p>\n<p class=\"p3\" style=\"text-align: justify;\"><span class=\"s1\"><b>Para m\u00e1s informaciones contacte con nosotros o env\u00edenos un correo a info@tourstickets.com<\/b><\/span><\/p>","protected":false},"excerpt":{"rendered":"<p style=\"text-align: justify;\"><strong>\u00a1Este tour es la forma m\u00e1s f\u00e1cil y r\u00e1pida de visitar Montserrat!<\/strong> Espectaculares monta\u00f1as y vistas, un antiguo monasterio, un santuario sagrado. Un lugar incomparable que no debe perderse. <strong>Disfrute de una viajen pintoresca y no pierda la oportunidad de mirrar a la Virgen Negra<\/strong><\/p>\n","protected":false},"featured_media":580,"comment_status":"closed","ping_status":"closed","template":"","meta":[],"product_brand":[],"product_cat":[100,61,17,18],"product_tag":[67,57,113,93,28,41,62,29,98,97,99],"class_list":{"0":"post-1060","1":"product","2":"type-product","3":"status-publish","4":"has-post-thumbnail","6":"product_cat-montserrat-tours","7":"product_cat-shore-excursions","8":"product_cat-1-day-tours","9":"product_cat-from-barcelona","10":"product_tag-by-bus","11":"product_tag-countryside","12":"product_tag-eng","13":"product_tag-from-barcelona","14":"product_tag-highlights","15":"product_tag-montserrat","16":"product_tag-shore-excursions","17":"product_tag-sightseeing","18":"product_tag-traveling-by-yourself","19":"product_tag-traveling-with-children","20":"product_tag-traveling-with-partner","22":"first","23":"instock","24":"virtual","25":"sold-individually","26":"purchasable","27":"product-type-booking"},"_links":{"self":[{"href":"https:\/\/www.barcelonatourstickets.com\/es\/wp-json\/wp\/v2\/product\/1060","targetHints":{"allow":["GET"]}}],"collection":[{"href":"https:\/\/www.barcelonatourstickets.com\/es\/wp-json\/wp\/v2\/product"}],"about":[{"href":"https:\/\/www.barcelonatourstickets.com\/es\/wp-json\/wp\/v2\/types\/product"}],"replies":[{"embeddable":true,"href":"https:\/\/www.barcelonatourstickets.com\/es\/wp-json\/wp\/v2\/comments?post=1060"}],"wp:featuredmedia":[{"embeddable":true,"href":"https:\/\/www.barcelonatourstickets.com\/es\/wp-json\/wp\/v2\/media\/580"}],"wp:attachment":[{"href":"https:\/\/www.barcelonatourstickets.com\/es\/wp-json\/wp\/v2\/media?parent=1060"}],"wp:term":[{"taxonomy":"product_brand","embeddable":true,"href":"https:\/\/www.barcelonatourstickets.com\/es\/wp-json\/wp\/v2\/product_brand?post=1060"},{"taxonomy":"product_cat","embeddable":true,"href":"https:\/\/www.barcelonatourstickets.com\/es\/wp-json\/wp\/v2\/product_cat?post=1060"},{"taxonomy":"product_tag","embeddable":true,"href":"https:\/\/www.barcelonatourstickets.com\/es\/wp-json\/wp\/v2\/product_tag?post=1060"}],"curies":[{"name":"wp","href":"https:\/\/api.w.org\/{rel}","templated":true}]}}