{"id":1064,"date":"2016-10-18T10:51:08","date_gmt":"2016-10-18T08:51:08","guid":{"rendered":"https:\/\/www.barcelonatourstickets.com\/tours\/dali-museum-tour-by-train\/"},"modified":"2021-01-14T10:42:10","modified_gmt":"2021-01-14T09:42:10","slug":"dali-museum-tour-by-train","status":"publish","type":"product","link":"https:\/\/www.barcelonatourstickets.com\/es\/tours\/dali-museum-tour-by-train\/","title":{"rendered":"El museo de Dal\u00ed en AVE"},"content":{"rendered":"<h5 class=\"title-detail\" style=\"text-align: justify;\">El museo de Dal\u00ed en tren de alta velocidad<\/h5>\n<p style=\"text-align: justify;\">Si\u00e9ntese y rel\u00e1jese mientras el tren de alta velocidad AVE lo lleva al Museo Dal\u00ed en muy poco tiempo. Descubre la verdad detr\u00e1s de la famosa cita de Dal\u00ed &#8220;La \u00fanica diferencia entre un loco y yo es que yo no estoy loco&#8221;. El Museo Dal\u00ed revelar\u00e1 los secretos del consciente-inconsciente que van m\u00e1s all\u00e1 de lo obvio.<\/p>\n<p style=\"text-align: justify;\">No importa lo que sepa a\u00fan<strong> este provocador pintor surrealista lo sorprender\u00e1.<\/strong> El genio de Salvador Dal\u00ed se cultiv\u00f3 en el terreno de L&#8217;Empord\u00e0 y <a href=\"https:\/\/www.barcelonatourstickets.com\/tours\/girona-and-costa-brava-tour\/\" target=\"_blank\" rel=\"noopener noreferrer\">Costa Brava<\/a> en cuyo centro se encuentra Figueres, su lugar de nacimiento y hogar del Teatro-Museo Dal\u00ed.<\/p>\n<h6 style=\"text-align: justify;\">El Museo Dal\u00ed<\/h6>\n<p style=\"text-align: justify;\">El Teatro-Museo de Figueres ofrece una experiencia \u00fanica de poder observar, vivir y disfrutar el trabajo y el pensamiento de una de las mentes m\u00e1s extraordinarias del siglo XX. Contiene la gama m\u00e1s amplia de obras que abarcan la carrera art\u00edstica de Salvador Dal\u00ed (1904-1989), desde sus primeras experiencias art\u00edsticas y sus creaciones surrealistas hasta las obras de los \u00faltimos a\u00f1os de su vida.<\/p>\n<p style=\"text-align: justify;\">Salvador Dal\u00ed decidi\u00f3, a principios de la d\u00e9cada de 1960, construir su museo dentro de las ruinas del antiguo Teatro Municipal de Figueres que hab\u00eda sido destruido en la Guerra Civil. Todo en \u00e9l fue concebido y dise\u00f1ado por el artista para ofrecer a los visitantes una experiencia real de entrar en su mundo cautivador y \u00fanico. Por lo tanto, el Teatro-Museo Dal\u00ed debe verse en su conjunto, como la gran obra de Salvador Dal\u00ed.<\/p>\n<h6 style=\"text-align: justify;\">AVE Tren de Alta Velocidad<\/h6>\n<p style=\"text-align: justify;\">Disfruta del viaje de Barcelona a Figueres con el tren de alta velocidad AVE. \u00a1Solo toma 50 minutos cubrir 140 km, lo que le permitir\u00e1 regresar a Barcelona a tiempo para el almuerzo!<\/p>\n<h5 style=\"text-align: justify;\"><span style=\"color: #000080; text-decoration: underline; font-family: inherit; font-weight: bold;\">P<\/span><span style=\"color: #000080; text-decoration: underline; font-family: inherit; font-weight: bold;\">unto de encuentro<\/span><\/h5>\n<p class=\"p3\" style=\"text-align: justify;\">\u00a1Un taxi lo recoger\u00e1 en su hotel alrededor de las 7:30 de la ma\u00f1ana!<\/p>\n<h5 style=\"text-align: justify;\"><span style=\"color: #000080; text-decoration: underline; font-family: inherit; font-weight: bold;\">Punto de retorno <\/span><\/h5>\n<p class=\"p3\" style=\"text-align: justify;\">Estaci\u00f3n de Sants en Barcelona<\/p>\n<h5 class=\"p3\" style=\"text-align: justify;\"><span style=\"color: #000080; text-decoration: underline; font-family: inherit; font-weight: bold;\">Horario<\/span><\/h5>\n<p class=\"p3\" style=\"text-align: justify;\">Martes, Jueves &amp; Sabado a las 7:30 de la ma\u00f1ana. Del 1-Abril al 1-Noviembre<\/p>\n<h5 class=\"p1\" style=\"text-align: justify;\"><span style=\"text-decoration: underline;\"><span class=\"s1\" style=\"color: #000080; text-decoration: underline;\">Incluido<\/span><\/span><\/h5>\n<p>Guia en Ingl\u00e9s<\/p>\n<p>Recorrida al hotel<\/p>\n<p>AVE Tren de Alta Velocidad y transporte hasta el museo de Dal\u00ed<\/p>\n<p>Saltar la fila as\u00ed como la entrada en el Museo de Dal\u00ed (custo \u20ac14.00)<\/p>\n<p>Tiempo libre en el museo<\/p>\n<h5 class=\"p3\" style=\"text-align: justify;\"><span style=\"color: #000080; text-decoration: underline; font-family: inherit; font-weight: bold;\">Excluido<\/span><\/h5>\n<p style=\"text-align: justify;\">Comida y bebidas.<\/p>\n<p>Retorno al hotel, el tour termina en la estaci\u00f3n de Sants en Barcelona.<\/p>\n<h5 class=\"p1\" style=\"text-align: justify;\"><span style=\"text-decoration: underline; color: #000080;\"><span class=\"s1\">Importante<\/span><\/span><\/h5>\n<p class=\"p3\" style=\"text-align: justify;\"><span class=\"s1\"><b>Duration:<\/b><\/span>\u00a06 horas<\/p>\n<p class=\"p3\" style=\"text-align: justify;\"><span class=\"s1\"><b>Price:<\/b><\/span> 112 euros adulto | 56 euros ni\u00f1os<\/p>\n<p class=\"p3\" style=\"text-align: justify;\"><span class=\"s1\"><b>Idioma:\u00a0<\/b><\/span>Ingl\u00e9s<\/p>\n<p class=\"p3\" style=\"text-align: justify;\"><span class=\"s1\"><b>Atenci\u00f3n:<\/b><\/span><\/p>\n<p style=\"text-align: justify;\">En este tour hay que caminar<\/p>\n<p class=\"p3\" style=\"text-align: justify;\"><span class=\"s1\"><b>Para m\u00e1s informaciones contacte con nosotros o env\u00edenos un correo a <\/b><\/span> <span class=\"s2\"> info@tourstickets.com <\/span><\/p>","protected":false},"excerpt":{"rendered":"<p>Descubra la verdad por detr\u00e1s de la famosa cita de Dal\u00ed \u201c<em>La \u00fanica diferencia entre un loco y yo es que yo no estoy loco<\/em>\u201d. <strong>El Museo Dal\u00ed revelar\u00e1 los secretos del consciente-inconsciente que van m\u00e1s all\u00e1 de lo obvio.<\/strong><\/p>\n","protected":false},"featured_media":615,"comment_status":"closed","ping_status":"closed","template":"","meta":[],"product_brand":[],"product_cat":[135,61,18],"product_tag":[46,68,94,57,95,113,93,28,62,29,99],"class_list":{"0":"post-1064","1":"product","2":"type-product","3":"status-publish","4":"has-post-thumbnail","6":"product_cat-dali","7":"product_cat-shore-excursions","8":"product_cat-from-barcelona","9":"product_tag-arquitecture","10":"product_tag-art","11":"product_tag-by-train","12":"product_tag-countryside","13":"product_tag-dali","14":"product_tag-eng","15":"product_tag-from-barcelona","16":"product_tag-highlights","17":"product_tag-shore-excursions","18":"product_tag-sightseeing","19":"product_tag-traveling-with-partner","21":"first","22":"instock","23":"featured","24":"virtual","25":"sold-individually","26":"purchasable","27":"product-type-booking"},"_links":{"self":[{"href":"https:\/\/www.barcelonatourstickets.com\/es\/wp-json\/wp\/v2\/product\/1064","targetHints":{"allow":["GET"]}}],"collection":[{"href":"https:\/\/www.barcelonatourstickets.com\/es\/wp-json\/wp\/v2\/product"}],"about":[{"href":"https:\/\/www.barcelonatourstickets.com\/es\/wp-json\/wp\/v2\/types\/product"}],"replies":[{"embeddable":true,"href":"https:\/\/www.barcelonatourstickets.com\/es\/wp-json\/wp\/v2\/comments?post=1064"}],"wp:featuredmedia":[{"embeddable":true,"href":"https:\/\/www.barcelonatourstickets.com\/es\/wp-json\/wp\/v2\/media\/615"}],"wp:attachment":[{"href":"https:\/\/www.barcelonatourstickets.com\/es\/wp-json\/wp\/v2\/media?parent=1064"}],"wp:term":[{"taxonomy":"product_brand","embeddable":true,"href":"https:\/\/www.barcelonatourstickets.com\/es\/wp-json\/wp\/v2\/product_brand?post=1064"},{"taxonomy":"product_cat","embeddable":true,"href":"https:\/\/www.barcelonatourstickets.com\/es\/wp-json\/wp\/v2\/product_cat?post=1064"},{"taxonomy":"product_tag","embeddable":true,"href":"https:\/\/www.barcelonatourstickets.com\/es\/wp-json\/wp\/v2\/product_tag?post=1064"}],"curies":[{"name":"wp","href":"https:\/\/api.w.org\/{rel}","templated":true}]}}