{"id":1070,"date":"2016-10-18T11:26:11","date_gmt":"2016-10-18T09:26:11","guid":{"rendered":"https:\/\/www.barcelonatourstickets.com\/tours\/dali-museum-girona-tour\/"},"modified":"2021-01-14T10:41:53","modified_gmt":"2021-01-14T09:41:53","slug":"dali-museum-girona-tour","status":"publish","type":"product","link":"https:\/\/www.barcelonatourstickets.com\/es\/tours\/dali-museum-girona-tour\/","title":{"rendered":"El Museo de Dal\u00ed &#038; Girona en tren"},"content":{"rendered":"<h5 class=\"title-detail\">El museo de Dal\u00ed &amp; Girona en <span style=\"color: inherit; font-family: inherit; text-align: justify;\">tren de alta velocidad<\/span><\/h5>\n<p style=\"text-align: justify;\">Si\u00e9ntese y rel\u00e1jese mientras el tren de alta velocidad AVE lo lleva al Museo Dal\u00ed en muy poco tiempo. Descubre la verdad detr\u00e1s de la famosa cita de Dal\u00ed &#8220;La diferencia entre un loco y yo es que no estoy loco&#8221;. El Museo Dal\u00ed revelar\u00e1 los secretos del consciente-inconsciente que van m\u00e1s all\u00e1 de lo obvio. No te pierdas un recorrido por Girona, una joya de la cultura y la historia, con barrios medievales y jud\u00edos y las coloridas casas en el r\u00edo Onyar.<\/p>\n<p style=\"text-align: justify;\">No importa lo que ya sepa,<strong> este provocador pintor surrealista lo sorprender\u00e1<\/strong>. El genio de Salvador Dal\u00ed se cultiv\u00f3 en el terreno de L&#8217;Empord\u00e0 y <a href=\"https:\/\/www.barcelonatourstickets.com\/tours\/girona-and-costa-brava-tour\/\" target=\"_blank\" rel=\"noopener noreferrer\">Costa Brava<\/a> en cuyo centro se encuentra Figueres, su lugar de nacimiento y hogar del Teatro-Museo Dal\u00ed.<\/p>\n<h6 style=\"text-align: justify;\">El Museo de Dal\u00ed<\/h6>\n<p style=\"text-align: justify;\">El Teatro-Museo de Figueres ofrece una experiencia \u00fanica de poder observar, vivir y disfrutar el trabajo y el pensamiento de una de las mentes m\u00e1s extraordinarias del siglo XX. Contiene la gama m\u00e1s amplia de obras que abarcan la carrera art\u00edstica de Salvador Dal\u00ed (1904-1989), desde sus primeras experiencias art\u00edsticas y sus creaciones surrealistas hasta las obras de los \u00faltimos a\u00f1os de su vida.<\/p>\n<p style=\"text-align: justify;\">Salvador Dal\u00ed decidi\u00f3, a principios de la d\u00e9cada de 1960, construir su museo dentro de las ruinas del antiguo Teatro Municipal de Figueres que hab\u00eda sido destruido en la Guerra Civil. Todo en \u00e9l fue concebido y dise\u00f1ado por el artista para ofrecer a los visitantes una experiencia real de entrar en su mundo cautivador y \u00fanico. Por lo tanto, el Teatro-Museo Dal\u00ed debe verse en su conjunto, como la gran obra de Salvador Dal\u00ed.<\/p>\n<h6 style=\"text-align: justify;\">Girona<\/h6>\n<p style=\"text-align: justify;\"><strong>El Centro Viejo<\/strong>. Descubre la red de calles medievales, muchas de ellas con el nombre de un oficio particular que se practicaba all\u00ed, un recordatorio de los gremios medievales. Ahora todav\u00eda est\u00e1n llenos de vida, con caf\u00e9s y tiendas que han mantenido el esp\u00edritu comercial de la zona.<\/p>\n<p style=\"text-align: justify;\"><strong>El Call \u2013 Barrio Jud\u00edo<\/strong>. Uno de los barrios jud\u00edos medievales mejor conservados de Europa, con hermosos edificios antiguos y calles estrechas. Los jud\u00edos vivieron all\u00ed durante 6 siglos gobernados por sus propias leyes hasta que fueron expulsados junto con todos los jud\u00edos en Espa\u00f1a en 1492. Camine hasta las murallas de la ciudad que ofrecen unas vistas preciosas.<\/p>\n<p style=\"text-align: justify;\"><strong>Las casas en el rio Onyar<\/strong>. Filas de edificios rojos, naranjas y amarillos se alinean a lo largo de las orillas del r\u00edo Onyar, con varios puentes que conectan el casco antiguo con el resto de Girona.<\/p>\n<p style=\"text-align: justify;\"><strong>Catedral de Girona<\/strong>. En cima de una colina se encuentra la Catedral de Girona, con 90 escalones para llegar y una mezcla de estilos que ilustran la larga historia del edificio. Tiene una entrada barroca, un claustro rom\u00e1nico y la m\u00e1s amplia nave g\u00f3tica del mundo. No te pierdas el <strong>Tapiz de la Creaci\u00f3n<\/strong> que se encuentra en el museo, un tapiz con un bordado rom\u00e1nico.<\/p>\n<h5 style=\"text-align: justify;\"><strong><span style=\"color: #000080;\"><u>Punto de Encuentro<\/u><\/span><\/strong><\/h5>\n<p class=\"p3\" style=\"text-align: justify;\">\u00a1Un taxi lo recoger\u00e1 en su hotel o fuera del apartamento a las 7:30 de la ma\u00f1ana!<\/p>\n<h5 style=\"text-align: justify;\"><span style=\"color: #000080; text-decoration: underline; font-family: inherit; font-weight: bold;\">Punto de Retorno<\/span><\/h5>\n<p class=\"p3\" style=\"text-align: justify;\">Estaci\u00f3n de Trens Sants Barcelona<\/p>\n<h5 class=\"p3\" style=\"text-align: justify;\"><span style=\"color: #000080; text-decoration: underline; font-family: inherit; font-weight: bold;\">Horario<\/span><\/h5>\n<p class=\"p3\" style=\"text-align: justify;\">07:30 de la ma\u00f1ana, Martes, Jueves, Viernes y S\u00e1bados<\/p>\n<h5 class=\"p1\" style=\"text-align: justify;\"><strong><span style=\"text-decoration: underline;\"><span class=\"s1\" style=\"color: #000080; text-decoration: underline;\">Incluido<\/span><\/span><\/strong><\/h5>\n<p>Guia en Ingl\u00e9s<br \/>\nRecogida del Hotel<br \/>\nEl tren de alta velocidad y transporte en autob\u00fas<br \/>\nLa entrada en el Museo de Dal\u00ed y la Catedral de Girona<br \/>\nTiempo libre en el Museo de Dal\u00ed y tiempo libre para comer en Girona<\/p>\n<h5 class=\"p3\" style=\"text-align: justify;\"><span style=\"color: #000080; text-decoration: underline; font-family: inherit; font-weight: bold;\">Excluido<\/span><\/h5>\n<p style=\"text-align: justify;\">Comida y Bebidas.<\/p>\n<p>Retorno a el hotel, el tour termina en la estaci\u00f3n de tren en Sants, Barcelona.<\/p>\n<h5 class=\"p1\" style=\"text-align: justify;\"><strong><span style=\"text-decoration: underline; color: #000080;\"><span class=\"s1\">Importante<\/span><\/span><\/strong><\/h5>\n<p class=\"p3\" style=\"text-align: justify;\"><span class=\"s1\"><b>Duraci\u00f3n:<\/b><\/span> 10 horas<\/p>\n<p class=\"p3\" style=\"text-align: justify;\"><span class=\"s1\"><b>Precio:<\/b><\/span> 154 euros adultos | 77 euros ni\u00f1os<\/p>\n<p class=\"p3\" style=\"text-align: justify;\"><span class=\"s1\"><b>Idioma: <\/b><\/span>Ingl\u00e9s<\/p>\n<p class=\"p3\" style=\"text-align: justify;\"><span class=\"s1\"><b>Atenci\u00f3n:<\/b><\/span><\/p>\n<p style=\"text-align: justify;\">En este tour hay que caminar.<\/p>\n<p class=\"p3\" style=\"text-align: justify;\"><span class=\"s1\"><b> Para m\u00e1s informaciones contacte con nosotros o env\u00edenos un correo a <\/b><\/span> <span class=\"s2\"> info@tourstickets.com <\/span><\/p>","protected":false},"excerpt":{"rendered":"<p style=\"text-align: justify;\">Llegue al Museo Dal\u00ed en poco tiempo en el tren de alta velocidad AVE.En el camino de regreso, descubra Girona, una joya de la cultura y la historia, con una visita guiada a pie por los barrios medievales y jud\u00edos, y las coloridas casas en el r\u00edo Onyar.<\/p>\n","protected":false},"featured_media":1067,"comment_status":"closed","ping_status":"closed","template":"","meta":[],"product_brand":[],"product_cat":[135,133,61,18],"product_tag":[46,68,94,57,95,113,93,28,62,29,99],"class_list":{"0":"post-1070","1":"product","2":"type-product","3":"status-publish","4":"has-post-thumbnail","6":"product_cat-dali","7":"product_cat-girona","8":"product_cat-shore-excursions","9":"product_cat-from-barcelona","10":"product_tag-arquitecture","11":"product_tag-art","12":"product_tag-by-train","13":"product_tag-countryside","14":"product_tag-dali","15":"product_tag-eng","16":"product_tag-from-barcelona","17":"product_tag-highlights","18":"product_tag-shore-excursions","19":"product_tag-sightseeing","20":"product_tag-traveling-with-partner","22":"first","23":"instock","24":"featured","25":"virtual","26":"sold-individually","27":"purchasable","28":"product-type-booking"},"_links":{"self":[{"href":"https:\/\/www.barcelonatourstickets.com\/es\/wp-json\/wp\/v2\/product\/1070","targetHints":{"allow":["GET"]}}],"collection":[{"href":"https:\/\/www.barcelonatourstickets.com\/es\/wp-json\/wp\/v2\/product"}],"about":[{"href":"https:\/\/www.barcelonatourstickets.com\/es\/wp-json\/wp\/v2\/types\/product"}],"replies":[{"embeddable":true,"href":"https:\/\/www.barcelonatourstickets.com\/es\/wp-json\/wp\/v2\/comments?post=1070"}],"wp:featuredmedia":[{"embeddable":true,"href":"https:\/\/www.barcelonatourstickets.com\/es\/wp-json\/wp\/v2\/media\/1067"}],"wp:attachment":[{"href":"https:\/\/www.barcelonatourstickets.com\/es\/wp-json\/wp\/v2\/media?parent=1070"}],"wp:term":[{"taxonomy":"product_brand","embeddable":true,"href":"https:\/\/www.barcelonatourstickets.com\/es\/wp-json\/wp\/v2\/product_brand?post=1070"},{"taxonomy":"product_cat","embeddable":true,"href":"https:\/\/www.barcelonatourstickets.com\/es\/wp-json\/wp\/v2\/product_cat?post=1070"},{"taxonomy":"product_tag","embeddable":true,"href":"https:\/\/www.barcelonatourstickets.com\/es\/wp-json\/wp\/v2\/product_tag?post=1070"}],"curies":[{"name":"wp","href":"https:\/\/api.w.org\/{rel}","templated":true}]}}