{"id":1073,"date":"2016-10-18T11:45:23","date_gmt":"2016-10-18T09:45:23","guid":{"rendered":"https:\/\/www.barcelonatourstickets.com\/tours\/barcelona-shopping-sensations\/"},"modified":"2020-02-19T23:36:56","modified_gmt":"2020-02-19T22:36:56","slug":"barcelona-shopping-sensations","status":"publish","type":"product","link":"https:\/\/www.barcelonatourstickets.com\/es\/tours\/barcelona-shopping-sensations\/","title":{"rendered":"Barcelona Compras y Sensaciones"},"content":{"rendered":"<h5 class=\"title-detail\" style=\"text-align: justify;\">Barcelona <a href=\"https:\/\/www.barcelonatourstickets.com\/tours\/roca-village-shopping-express\/\" target=\"_blank\" rel=\"noopener noreferrer\">Compras<\/a>\u00a0y Sensaciones.<\/h5>\n<p style=\"text-align: justify;\">Descubre la historia y la forma de vida de Barcelona a trav\u00e9s de los escaparates del G\u00f3tico, Born y Sant Pere. Captura la tradici\u00f3n comercial, la cultura y la gastronom\u00eda de Barcelona con una aproximaci\u00f3n a los lugares m\u00e1s emblem\u00e1ticos de estos barrios: desde el mercado de Santa Caterina, tiendas centenarias de las boutiques de dise\u00f1o de moda y locales emblem\u00e1ticos.<\/p>\n<p style=\"text-align: justify;\">Descubre las tiendas\u00a0independientes con m\u00e1s encanto de Barcelona y sus talleres. Caminar, admirar y darse una vuelta por el barrio de Sant Pere, Santa Caterina y el G\u00f3tico, donde hay una fabulosa mezcla de tradici\u00f3n, ambiente hist\u00f3rico y joyas arquitect\u00f3nicas.<\/p>\n<h6 style=\"text-align: justify;\">Conectar con todos los sentidos saboreando el estilo de vida de Barcelona.<\/h6>\n<ul style=\"text-align: justify;\">\n<li><strong>Gusto<\/strong>. Los m\u00e1s golosos podr\u00e1n probar un poco de turr\u00f3n. Tambi\u00e9n se ofrecer\u00e1n degustaciones de pan con aceite de oliva y jam\u00f3n curado para los amantes de las tapas.<\/li>\n<li><strong>Olfato<\/strong>. Oler la mezcla de productos del Mercat de Santa Caterina y disfrutar de todo el ajetreo. Prestar atenci\u00f3n a la incre\u00edble variedad de frutas y verduras.<\/li>\n<li><strong>Tacto<\/strong>. Tocar los mosaicos y sentir las texturas de la ropa.<\/li>\n<li><strong>Vista<\/strong>. Ver los dise\u00f1os de moda e innovadoras boutiques independientes.<\/li>\n<li><strong>O\u00eddo<\/strong>. Escuchar las historias del gu\u00eda que te desvelar\u00e1 los secretos de la ciudad vieja y las historias de las tiendas m\u00e1s antiguas (algunas tienen m\u00e1s de cien a\u00f1os).<\/li>\n<\/ul>\n<h5 style=\"text-align: justify;\"><span style=\"color: #000080; text-decoration: underline; font-family: inherit; font-weight: bold;\">Barcelona\u00a0Compras y Sensaciones punto de encuentro<\/span><\/h5>\n<p class=\"p3\" style=\"text-align: justify;\">El tour comienza\u00a0en la Plaza Sant Jaume, frente a la Oficina de Turismo. Por favor, llega 15 minutos antes de la hora de salida. Busca nuestros paraguas naranjas!<\/p>\n<h5 style=\"text-align: justify;\"><span style=\"color: #000080; text-decoration: underline; font-family: inherit; font-weight: bold;\">Punto final del tour<\/span><\/h5>\n<p class=\"p3\" style=\"text-align: justify;\">Plaza Catalunya<\/p>\n<h5 class=\"p3\" style=\"text-align: justify;\"><span style=\"color: #000080; text-decoration: underline; font-family: inherit; font-weight: bold;\">Horario de salida<\/span><\/h5>\n<p class=\"p3\" style=\"text-align: justify;\">Viernes a las 3:30 pm desde el 5 de abril hasta el 10 de enero.<\/p>\n<h5 class=\"p1\" style=\"text-align: justify;\"><span style=\"text-decoration: underline;\"><span class=\"s1\" style=\"color: #000080; text-decoration: underline;\">Incluye<\/span><\/span><\/h5>\n<ul style=\"text-align: justify;\">\n<li>Cata y muestras de varios productos<\/li>\n<li>Tarjeta de descuento<\/li>\n<li>Gu\u00eda de compras y el mapa del Barcelona Shopping Line<\/li>\n<li>1 \u20ac de descuento para la visita guiada a la Casa de la Seda (Casa de la Seda)<\/li>\n<\/ul>\n<h5 class=\"p1\" style=\"text-align: justify;\"><span style=\"text-decoration: underline;\"><span class=\"s1\" style=\"color: #000080; text-decoration: underline;\">Excluye<\/span><\/span><\/h5>\n<p style=\"text-align: justify;\">Comidas y bebidas.<\/p>\n<h5 class=\"p1\" style=\"text-align: justify;\"><span style=\"text-decoration: underline; color: #000080;\"><span class=\"s1\">Informaci\u00f3n Adicional<\/span><\/span><\/h5>\n<p class=\"p3\" style=\"text-align: justify;\"><span class=\"s1\"><b>Duraci\u00f3n:<\/b><\/span>\u00a03 horas<\/p>\n<p class=\"p3\" style=\"text-align: justify;\"><span class=\"s1\"><b>Barcelona Shopping &amp; Sensations\u00a0Tour precio:<\/b><\/span>\u00a025 euros adulto<\/p>\n<p class=\"p3\" style=\"text-align: justify;\"><span class=\"s1\"><b>Idioma:\u00a0<\/b><\/span>English\/Spanish\/Catalan<\/p>\n<p class=\"p3\" style=\"text-align: justify;\"><span class=\"s1\"><b>Por favor tenga en cuenta:<\/b><\/span>\u00a0que se trata de un tour a pie de\u00a03 horas de duraci\u00f3n, as\u00ed que ven\u00a0preparado y lleva calzado c\u00f3modo.<\/p>\n<p class=\"p1\" style=\"text-align: justify;\"><b>Para peticiones especiales, no dude en contactar con nosotros v\u00eda mail:<\/b>\u00a0booking@barcelonatourstickets.com o haga click\u00a0<a href=\"https:\/\/www.barcelonatourstickets.com\/contact\/\"><span class=\"s1\">aqu\u00ed<\/span><\/a><\/p>","protected":false},"excerpt":{"rendered":"<p style=\"text-align: justify;\">Caminar, admirar y darse una vuelta por el barrio de Sant Pere, Santa Caterina y el G\u00f3tico, donde hay una fabulosa mezcla de tradici\u00f3n, ambiente hist\u00f3rico y joyas arquitect\u00f3nicas.<\/p>\n","protected":false},"featured_media":1076,"comment_status":"closed","ping_status":"closed","template":"","meta":[],"product_brand":[],"product_cat":[130],"product_tag":[],"class_list":{"0":"post-1073","1":"product","2":"type-product","3":"status-publish","4":"has-post-thumbnail","6":"product_cat-uncategorized","8":"first","9":"instock","10":"virtual","11":"sold-individually","12":"purchasable","13":"product-type-booking"},"_links":{"self":[{"href":"https:\/\/www.barcelonatourstickets.com\/es\/wp-json\/wp\/v2\/product\/1073","targetHints":{"allow":["GET"]}}],"collection":[{"href":"https:\/\/www.barcelonatourstickets.com\/es\/wp-json\/wp\/v2\/product"}],"about":[{"href":"https:\/\/www.barcelonatourstickets.com\/es\/wp-json\/wp\/v2\/types\/product"}],"replies":[{"embeddable":true,"href":"https:\/\/www.barcelonatourstickets.com\/es\/wp-json\/wp\/v2\/comments?post=1073"}],"wp:featuredmedia":[{"embeddable":true,"href":"https:\/\/www.barcelonatourstickets.com\/es\/wp-json\/wp\/v2\/media\/1076"}],"wp:attachment":[{"href":"https:\/\/www.barcelonatourstickets.com\/es\/wp-json\/wp\/v2\/media?parent=1073"}],"wp:term":[{"taxonomy":"product_brand","embeddable":true,"href":"https:\/\/www.barcelonatourstickets.com\/es\/wp-json\/wp\/v2\/product_brand?post=1073"},{"taxonomy":"product_cat","embeddable":true,"href":"https:\/\/www.barcelonatourstickets.com\/es\/wp-json\/wp\/v2\/product_cat?post=1073"},{"taxonomy":"product_tag","embeddable":true,"href":"https:\/\/www.barcelonatourstickets.com\/es\/wp-json\/wp\/v2\/product_tag?post=1073"}],"curies":[{"name":"wp","href":"https:\/\/api.w.org\/{rel}","templated":true}]}}