{"id":1107,"date":"2016-10-19T17:54:02","date_gmt":"2016-10-19T15:54:02","guid":{"rendered":"https:\/\/www.barcelonatourstickets.com\/tours\/barcelona-tapas-tour-flamenco-show\/"},"modified":"2021-01-14T10:41:29","modified_gmt":"2021-01-14T09:41:29","slug":"barcelona-tapas-tour-flamenco-show","status":"publish","type":"product","link":"https:\/\/www.barcelonatourstickets.com\/es\/tours\/barcelona-tapas-tour-flamenco-show\/","title":{"rendered":"Barcelona Tapas Tour con Flamenco Show"},"content":{"rendered":"<h4 style=\"text-align: justify;\">Barcelona Tapas Tour con Flamenco Show<\/h4>\n<div class=\"column\" style=\"text-align: justify;\">\n<div class=\"column\">\n<div class=\"column\" style=\"text-align: justify;\">\n<p>Combina la cultura gastron\u00f3mica catalana de un Barcelona tapas tour con uno de los mejores Flamenco Shows de la ciudad. La mejor manera de comenzar tu visita por Barcelona &#8211; no solo recibir\u00e1s una fant\u00e1stica panor\u00e1mica de la ciudad sino que adem\u00e1s aprender\u00e1s sobre la cultura de tapas de Barcelona en los mejores bares y cafeter\u00edas. Nuestros gu\u00edas te ofrecer\u00e1n la mejor informaci\u00f3n para que aproveches al m\u00e1ximo tu estancia.<\/p>\n<h5>Degusta la mejor gastronom\u00eda durante el tapas tour.<\/h5>\n<\/div>\n<div class=\"column\" style=\"text-align: justify;\">\n<div class=\"column\">\n<p>La excursi\u00f3n comienza con una copa de vino en un Centro Gastron\u00f3mico creado bajo la filosof\u00eda de la comida lenta y abierto para ofrecer experiencias a amantes de la gastronom\u00eda y viajeros que visitan Barcelona.<\/p>\n<p>Su gu\u00eda especialista en gastronom\u00eda lo guiar\u00e1 a trav\u00e9s de la calle m\u00e1s famosa de Barcelona, \u200b\u200bLa Rambla. Desde aqu\u00ed ir\u00e1s a La Boquer\u00eda, el famoso mercado de alimentos de la ciudad, que ofrece una gran variedad de productos frescos, como frutas y verduras, marisco, queso y cualquier tipo de carne imaginable. Probar\u00e1 productos tradicionales en el mercado.<\/p>\n<p>Continuar\u00e1s por el Barrio G\u00f3tico, donde descubrir\u00e1s la arquitectura, el ambiente, el idioma y la gastronom\u00eda \u00fanicos de Espa\u00f1a, y algunas de las tiendas gourmet con m\u00e1s de 100 a\u00f1os de antig\u00fcedad. Usted se detendr\u00e1 en una tienda especializada en jam\u00f3n ib\u00e9rico, lo mejor de lo mejor, donde probar\u00e1 esta deliciosa carne curada.<\/p>\n<p>El recorrido se detendr\u00e1 en dos restaurantes que ofrecen una amplia selecci\u00f3n de deliciosas tapas locales.<\/p>\n<p>Finalizar\u00e1 nuestro recorrido lleno de buena comida, tradici\u00f3n, buen vino, buena conversaci\u00f3n y una mejor comprensi\u00f3n de la cultura espa\u00f1ola e inglesa, de la historia y de c\u00f3mo vivir como un local<\/p>\n<p>Su \u00faltima parada ser\u00e1 un aut\u00e9ntico espect\u00e1culo flamenco en un palacio g\u00f3tico del siglo XVII en el coraz\u00f3n de uno de los barrios m\u00e1s modernos de Barcelona. El bar es absolutamente impresionante y el entorno te hace sentir como si hubieras retrocedido en el tiempo. Es el lugar perfecto para escapar del bullicio de El Born.<\/p>\n<\/div>\n<\/div>\n<\/div>\n<\/div>\n<h5 style=\"text-align: justify;\"><span style=\"color: #000080; text-decoration: underline; font-family: inherit; font-weight: bold; text-align: justify;\">Punto de encuentro del Barcelona Tapas Tour con Flamenco Show<\/span><\/h5>\n<div class=\"section\" style=\"text-align: justify;\">\n<div class=\"section\">\n<div class=\"layoutArea\">\n<div class=\"column\">\n<p>Tours, Tapas &amp; Friends Gastronomic Center. Carrer del Pintor Fortuny 10- \ufffc14 (en frente del Hotel Silken Ramblas), Barcelona.<\/p>\n<\/div>\n<\/div>\n<\/div>\n<\/div>\n<h5 class=\"p3\" style=\"text-align: justify;\"><span style=\"color: #000080; text-decoration: underline; font-family: inherit; font-weight: bold;\">Horario<\/span><\/h5>\n<div class=\"column\">\n<p>Del 1 de Marzo al 30 de Septiembre:<\/p>\n<p>En ingl\u00e9s: De lunes a S\u00e1bado a las 5:00pm<br \/>\nEn espa\u00f1ol: Lunes, Mi\u00e9rcoles, Viernes y S\u00e1bados a las 5:00pm<\/p>\n<\/div>\n<h5 class=\"p3\" style=\"text-align: justify;\"><span style=\"color: #000080; text-decoration: underline; font-family: inherit; font-weight: bold;\">Incluye<\/span><\/h5>\n<div class=\"column\" style=\"text-align: justify;\">\n<div class=\"column\">\n<div class=\"column\">\n<ul>\n<li>Tapas tour con gu\u00eda en espa\u00f1ol especializado en gastronom\u00eda<\/li>\n<li>8 tapas, fr\u00edas y calientes<\/li>\n<li>3 degustaciones en el mercado y tiendas especializadas<\/li>\n<li>3 bebidas (el agua se considera una bebida)<\/li>\n<\/ul>\n<\/div>\n<\/div>\n<\/div>\n<h5 class=\"p1\" style=\"text-align: justify;\"><span style=\"text-decoration: underline;\"><span class=\"s1\" style=\"color: #000080; text-decoration: underline;\">Excluye<\/span><\/span><\/h5>\n<div class=\"column\" style=\"text-align: justify;\">Comida y bebida no especificada<br \/>\nTransporte hasta el meeting point<\/div>\n<h5 class=\"p1\" style=\"text-align: justify;\"><span style=\"text-decoration: underline; color: #000080;\"><span class=\"s1\">Informaci\u00f3n Adicional<\/span><\/span><\/h5>\n<p class=\"p3\" style=\"text-align: justify;\"><span class=\"s1\"><b>Duratci\u00f3n:<\/b><\/span>\u00a04 horas<\/p>\n<p class=\"p3\" style=\"text-align: justify;\"><span class=\"s1\"><b>Precio:<\/b><\/span>\u00a0105 \u20ac<\/p>\n<p class=\"p3\" style=\"text-align: justify;\"><span class=\"s1\"><b>Idioma:\u00a0<\/b><\/span>Espa\u00f1ol o Ingl\u00e9s<\/p>\n<p><strong>Tenga en cuenta:<\/strong><\/p>\n<p>Qu\u00e9 ponerse: ropa y zapatos c\u00f3modos y equipo de clima h\u00famedo si se espera lluvia<\/p>\n<p>Condiciones clim\u00e1ticas: el tour tiene lugar llueva o truene<\/p>\n<p>Sin accesibilidad para discapacitados<\/p>\n<p>El precio para adultos se aplica a todos los viajeros<\/p>\n<p>Nos encanta brindar deliciosas opciones para quienes tienen necesidades diet\u00e9ticas. Si tienes un\u00a0alergia a los alimentos o los requisitos diet\u00e9ticos, por favor d\u00edganos al hacer la reserva.<\/p>\n<p>Los beb\u00e9s (de 3 a\u00f1os o menos) son gratis, no se les proporciona comida o bebida.<\/p>\n<p class=\"p1\"><b>Para peticiones especiales, no dude en contactar con nosotros v\u00eda mail:<\/b>\u00a0booking@barcelonatourstickets.com o haga click\u00a0<a href=\"https:\/\/www.barcelonatourstickets.com\/contact\/\"><span class=\"s1\">aqu\u00ed<\/span><\/a><\/p>","protected":false},"excerpt":{"rendered":"<p>Combina la cultura <strong>gastron\u00f3mica catalana<\/strong> de un tour de tapas por Barcelona con uno de los mejores <strong>Flamenco Shows<\/strong> de la ciudad.<\/p>\n","protected":false},"featured_media":1113,"comment_status":"closed","ping_status":"closed","template":"","meta":[],"product_brand":[],"product_cat":[20,22,83],"product_tag":[27,112,80,38,36,98,99,37,39],"class_list":{"0":"post-1107","1":"product","2":"type-product","3":"status-publish","4":"has-post-thumbnail","6":"product_cat-walking-tours","7":"product_cat-tapas-tours","8":"product_cat-flamenco-show","9":"product_tag-barcelona","10":"product_tag-engspa","11":"product_tag-flamenco-show","12":"product_tag-food","13":"product_tag-tapas","14":"product_tag-traveling-by-yourself","15":"product_tag-traveling-with-partner","16":"product_tag-walking-tour","17":"product_tag-wine","19":"first","20":"instock","21":"virtual","22":"sold-individually","23":"purchasable","24":"product-type-booking"},"_links":{"self":[{"href":"https:\/\/www.barcelonatourstickets.com\/es\/wp-json\/wp\/v2\/product\/1107","targetHints":{"allow":["GET"]}}],"collection":[{"href":"https:\/\/www.barcelonatourstickets.com\/es\/wp-json\/wp\/v2\/product"}],"about":[{"href":"https:\/\/www.barcelonatourstickets.com\/es\/wp-json\/wp\/v2\/types\/product"}],"replies":[{"embeddable":true,"href":"https:\/\/www.barcelonatourstickets.com\/es\/wp-json\/wp\/v2\/comments?post=1107"}],"wp:featuredmedia":[{"embeddable":true,"href":"https:\/\/www.barcelonatourstickets.com\/es\/wp-json\/wp\/v2\/media\/1113"}],"wp:attachment":[{"href":"https:\/\/www.barcelonatourstickets.com\/es\/wp-json\/wp\/v2\/media?parent=1107"}],"wp:term":[{"taxonomy":"product_brand","embeddable":true,"href":"https:\/\/www.barcelonatourstickets.com\/es\/wp-json\/wp\/v2\/product_brand?post=1107"},{"taxonomy":"product_cat","embeddable":true,"href":"https:\/\/www.barcelonatourstickets.com\/es\/wp-json\/wp\/v2\/product_cat?post=1107"},{"taxonomy":"product_tag","embeddable":true,"href":"https:\/\/www.barcelonatourstickets.com\/es\/wp-json\/wp\/v2\/product_tag?post=1107"}],"curies":[{"name":"wp","href":"https:\/\/api.w.org\/{rel}","templated":true}]}}