{"id":1122,"date":"2016-10-19T19:14:41","date_gmt":"2016-10-19T17:14:41","guid":{"rendered":"https:\/\/www.barcelonatourstickets.com\/tours\/montserrat-food-wine\/"},"modified":"2021-01-14T10:41:14","modified_gmt":"2021-01-14T09:41:14","slug":"montserrat-food-wine","status":"publish","type":"product","link":"https:\/\/www.barcelonatourstickets.com\/es\/tours\/montserrat-food-wine\/","title":{"rendered":"Montserrat, Food &#038; Wine"},"content":{"rendered":"<h4 style=\"text-align: justify;\">Montserrat, Food &amp; Wine<\/h4>\n<div class=\"column\">\n<p style=\"text-align: justify;\">Montserrat es la monta\u00f1a m\u00e1s importante de Catalu\u00f1a. Famoso por sus formas g\u00f3ticas, hermosas vistas, ideal para todo tipo de caminatas y escalada. Para muchos en todo el mundo es una monta\u00f1a espiritual llena de historias m\u00edsticas que abarcan desde tiempos prehist\u00f3ricos hasta nuestros d\u00edas.<\/p>\n<p style=\"text-align: justify;\">El recorrido comienza en Barcelona, Calle Balmes 5 en la Oficina de Julia. Viaje desde donde partimos en un autob\u00fas hacia el <strong> Parque Nacional de Montserrat<\/strong>, a solo 1 hora en coche de Barcelona.<\/p>\n<p style=\"text-align: justify;\"><a href=\"https:\/\/www.barcelonatourstickets.com\/product-tag\/montserrat\/\" target=\"_blank\" rel=\"noopener noreferrer\">En Montserrat<\/a> hay muchas actividades para elegir, sobre las cuales obtendr\u00e1 mucha informaci\u00f3n de su gu\u00eda para disfrutar durante su tiempo libre<b>. <\/b> Es posible que desee explorar m\u00e1s el monasterio, visitar la cueva sagrada o montar un funicular arriba de la monta\u00f1a y disfrutar de una vista de 360o del \u00e1rea a 900 metros sobre el nivel del mar. La visita guiada comienza con una corta caminata hasta el monasterio donde puede disfrutar de las espectaculares vistas y tener una verdadera sensaci\u00f3n de la espiritualidad que Montserrat tiene para ofrecer.<\/p>\n<p style=\"text-align: justify;\">Despu\u00e9s de su tiempo libre, nos reunimos nuevamente con su gu\u00eda y nos dirigimos a la <strong>Bodega Torres<\/strong>, una bodega local. Conozca el proceso de elaboraci\u00f3n del vino y pruebe algunos de sus mejores vinos combinados con una tapa de jam\u00f3n ib\u00e9rico.<\/p>\n<p style=\"text-align: justify;\">Si incluy\u00f3 el almuerzo gastron\u00f3mico, aqu\u00ed disfrutar\u00e1 de su deliciosa comida. Si no incluy\u00f3, tendr\u00e1 tiempo libre para explorar los vi\u00f1edos o comer algo en el restaurante.<\/p>\n<p style=\"text-align: justify;\">Luego nos dirigimos al pueblo de pescadores de Sitges. Esta ciudad es una de las m\u00e1s bellas de la costa catalana. Disfruta de un recorrido guiado por las calles estrechas y las hermosas playas, luego disfruta de m\u00e1s tiempo libre para hacer lo que quieras. Luego regresamos a Barcelona.<\/p>\n<\/div>\n<h5 style=\"text-align: justify;\"><span style=\"color: #000080;\"><u>Punto de Encuentro<\/u><\/span><\/h5>\n<div class=\"column\">Este recorrido comenzar\u00e1 en la oficina de Julia Travel &#8211; Tours &amp; Tickets en Ramblas 54. Llegue 15 minutos antes de la hora de salida.<\/div>\n<h5 class=\"p3\" style=\"text-align: justify;\"><span style=\"color: #000080; text-decoration: underline; font-family: inherit; font-weight: bold;\">Horario<\/span><\/h5>\n<p class=\"p3\" style=\"text-align: justify;\">7:30 de la ma\u00f1ana, diariamente<\/p>\n<h5 class=\"p1\" style=\"text-align: justify;\"><span style=\"text-decoration: underline;\"><span class=\"s1\" style=\"color: #000080; text-decoration: underline;\">Incluido<\/span><\/span><\/h5>\n<div class=\"column\">\n<p class=\"p1\"><span class=\"s1\">\u2013 Transportation en autob\u00fas<\/span><\/p>\n<p class=\"p2\">\u2013 Parc Natural de Montserrat y Santuario<\/p>\n<p class=\"p1\"><span class=\"s1\">\u2013\u00a0 Visita de la Bodega de Torres<\/span><\/p>\n<p><span class=\"s1\">\u2013 Pueblo de Sitges<\/span><\/p>\n<p><span class=\"s1\">\u2013 Retorno a Barcelona<\/span><\/p>\n<\/div>\n<h5 class=\"p3\" style=\"text-align: justify;\"><span style=\"color: #000080; text-decoration: underline; font-family: inherit; font-weight: bold;\">Excluido<\/span><\/h5>\n<div class=\"column\">&#8211; \u00a0Recogida al hotel<\/div>\n<div class=\"column\">&#8211;\u00a0 Comida &amp; bebidas<\/div>\n<h5 class=\"p1\" style=\"text-align: justify;\"><span style=\"text-decoration: underline; color: #000080;\"><span class=\"s1\">Informaci\u00f3n Importante<\/span><\/span><\/h5>\n<p class=\"p3\" style=\"text-align: justify;\"><span class=\"s1\"><b>Duraci\u00f3n:<\/b><\/span> 11 horas<\/p>\n<p class=\"p3\" style=\"text-align: justify;\"><span class=\"s1\"><b>Precio sin Almuerzo:<\/b><\/span> 85.00 euros adulto | 67.00 euros ni\u00f1os (4-12)<\/p>\n<p><span class=\"s1\"><b>Precio con Almuerzo:<\/b><\/span> 114 euros adulto | 96.00 euros ni\u00f1os (4-12)<\/p>\n<p class=\"p3\" style=\"text-align: justify;\"><span class=\"s1\"><b>Idioma:<\/b> Ingl\u00e9s y Espa\u00f1ol<\/span><\/p>\n<p class=\"p3\" style=\"text-align: justify;\"><span class=\"s1\"><b>Atenci\u00f3n<\/b><\/span><\/p>\n<p style=\"text-align: justify;\">En esta excursi\u00f3n hay que caminar.<\/p>\n<p class=\"p3\" style=\"text-align: justify;\">Para m\u00e1s informaciones contacte con nosotros o env\u00edenos un correo a <strong>info@tourstickets.com<\/strong><\/p>","protected":false},"excerpt":{"rendered":"<p>Disfruta de nuestras experiencias exclusivas e \u00edntimas. Descubre el parque nacional de Montserrat, uno de los lugares m\u00e1s importantes de la regi\u00f3n. <strong>Disfruta de la visita a la Bodegas Torres, \u00a1disfrutar\u00e1s degustar vino!<\/strong><\/p>\n","protected":false},"featured_media":1253,"comment_status":"closed","ping_status":"closed","template":"","meta":[],"product_brand":[],"product_cat":[100,17,18],"product_tag":[67,57,113,93,28,41,62,29,98,99],"class_list":{"0":"post-1122","1":"product","2":"type-product","3":"status-publish","4":"has-post-thumbnail","6":"product_cat-montserrat-tours","7":"product_cat-1-day-tours","8":"product_cat-from-barcelona","9":"product_tag-by-bus","10":"product_tag-countryside","11":"product_tag-eng","12":"product_tag-from-barcelona","13":"product_tag-highlights","14":"product_tag-montserrat","15":"product_tag-shore-excursions","16":"product_tag-sightseeing","17":"product_tag-traveling-by-yourself","18":"product_tag-traveling-with-partner","20":"first","21":"instock","22":"virtual","23":"sold-individually","24":"purchasable","25":"product-type-booking"},"_links":{"self":[{"href":"https:\/\/www.barcelonatourstickets.com\/es\/wp-json\/wp\/v2\/product\/1122","targetHints":{"allow":["GET"]}}],"collection":[{"href":"https:\/\/www.barcelonatourstickets.com\/es\/wp-json\/wp\/v2\/product"}],"about":[{"href":"https:\/\/www.barcelonatourstickets.com\/es\/wp-json\/wp\/v2\/types\/product"}],"replies":[{"embeddable":true,"href":"https:\/\/www.barcelonatourstickets.com\/es\/wp-json\/wp\/v2\/comments?post=1122"}],"wp:featuredmedia":[{"embeddable":true,"href":"https:\/\/www.barcelonatourstickets.com\/es\/wp-json\/wp\/v2\/media\/1253"}],"wp:attachment":[{"href":"https:\/\/www.barcelonatourstickets.com\/es\/wp-json\/wp\/v2\/media?parent=1122"}],"wp:term":[{"taxonomy":"product_brand","embeddable":true,"href":"https:\/\/www.barcelonatourstickets.com\/es\/wp-json\/wp\/v2\/product_brand?post=1122"},{"taxonomy":"product_cat","embeddable":true,"href":"https:\/\/www.barcelonatourstickets.com\/es\/wp-json\/wp\/v2\/product_cat?post=1122"},{"taxonomy":"product_tag","embeddable":true,"href":"https:\/\/www.barcelonatourstickets.com\/es\/wp-json\/wp\/v2\/product_tag?post=1122"}],"curies":[{"name":"wp","href":"https:\/\/api.w.org\/{rel}","templated":true}]}}