{"id":1126,"date":"2016-10-19T19:51:00","date_gmt":"2016-10-19T17:51:00","guid":{"rendered":"https:\/\/www.barcelonatourstickets.com\/tours\/montserrat-tapas-wine\/"},"modified":"2021-01-14T10:41:02","modified_gmt":"2021-01-14T09:41:02","slug":"montserrat-tapas-wine","status":"publish","type":"product","link":"https:\/\/www.barcelonatourstickets.com\/es\/tours\/montserrat-tapas-wine\/","title":{"rendered":"Montserrat, Tapas &#038; Vino"},"content":{"rendered":"<h4 style=\"text-align: justify;\">Montserrat, Tapas &amp; Vino<\/h4>\n<div class=\"column\" style=\"text-align: justify;\">\n<div class=\"section\">\n<div class=\"section\">El recorrido inicia en Barcelona, Plaza Catalunya (delante Hard Rock Caf\u00e9) desde donde partimos en un autob\u00fas hacia el <strong> Parque Nacional de Montserrat<\/strong>, a solo 45 minutos de Barcelona.<\/div>\n<div class=\"section\">\n<div class=\"layoutArea\">\n<div class=\"column\">\n<p><a href=\"https:\/\/www.barcelonatourstickets.com\/tours\/montserrat-food-wine\/\" target=\"_blank\" rel=\"noopener noreferrer\">Montserrat<\/a> es la monta\u00f1a m\u00e1s importante de Catalu\u00f1a. Un macizo \u00fanico famoso por sus formas g\u00f3ticas, hermosas vistas, ideal para todo tipo de caminatas y escalada. La visita guiada comienza con un corto paseo hasta el monasterio, donde puede disfrutar de las espectaculares vistas y obtener una verdadera sensaci\u00f3n de espiritualidad que Montserrat tiene para ofrecer.Despu\u00e9s de Montserrat nos dirigimos al <strong> Castillo de Oller del Mas<\/strong>, una de las bodegas m\u00e1s importantes y hermosas de la regi\u00f3n, a solo unos minutos de Montserrat. Ubicada en un impresionante castillo que data de hace m\u00e1s de mil a\u00f1os, algunas de sus paredes a\u00fan son originales del siglo X. La bodega reina en m\u00e1s de 1000 acres de tierra con un campo de golf abierto al p\u00fablico.<\/p>\n<p>Oller del Mas es una bodega de chateau en D.O. Pla de Bages, una regi\u00f3n vin\u00edcola tradicional con miles de a\u00f1os de historia. Solo usan m\u00e9todos agr\u00edcolas ecol\u00f3gicos, y sus vinos est\u00e1n certificados como org\u00e1nicos.<\/p>\n<p>Nuestros gu\u00edas locales lo llevar\u00e1n a visitar la bodega y las vi\u00f1as para un hermoso paseo. Aprender\u00e1 c\u00f3mo se elabora el vino en esta antigua propiedad y descubrir\u00e1 todos sus secretos.<\/p>\n<p>La degustaci\u00f3n de tapas y vinos tendr\u00e1 lugar al final de la visita. Podr\u00e1 degustar los tres mejores vinos producidos en Oller del Mas, combinados de tapas y un postre.<\/p>\n<\/div>\n<\/div>\n<\/div>\n<\/div>\n<\/div>\n<h5 style=\"text-align: justify;\"><span style=\"color: #000080;\"><u>Punto de Encuentro<\/u><\/span><\/h5>\n<div class=\"column\" style=\"text-align: justify;\">El recorrido inicia en Barcelona, Plaza Catalunya (delante Hard Rock Caf\u00e9). El gu\u00eda estar\u00e1 con un paraguas rosa brillante.<\/div>\n<h5 class=\"p3\" style=\"text-align: justify;\"><span style=\"color: #000080; text-decoration: underline; font-family: inherit; font-weight: bold;\">Horario<\/span><\/h5>\n<p class=\"p3\" style=\"text-align: justify;\">\u00a08:45 de la ma\u00f1ana, por favor llegar 15 minutos antes de la hora de salida.<\/p>\n<h5 class=\"p1\" style=\"text-align: justify;\"><span style=\"text-decoration: underline;\"><span class=\"s1\" style=\"color: #000080; text-decoration: underline;\">Incluido<\/span><\/span><\/h5>\n<div class=\"column\" style=\"text-align: justify;\">\n<div class=\"column\">\n<ul class=\"ul1\">\n<li class=\"li1\">Autob\u00fas con aire acondicionado.<\/li>\n<li class=\"li1\">Guia local<\/li>\n<li class=\"li1\">Visita guiada al parque Nacional de Monserrat.<\/li>\n<li class=\"li1\">Aproxidamente media hora de tiempo libre en Monserrat*.<\/li>\n<li class=\"li1\">Entrada en la abodega Oller del Mas.<\/li>\n<li class=\"li1\">Visita por el lagar, el castillo y vi\u00f1edo.<\/li>\n<li class=\"li1\">Degustaci\u00f3n de vino (3 vinos org\u00e1nicos)<\/li>\n<li class=\"li1\">Combinado de tapas y un postre.<\/li>\n<\/ul>\n<p class=\"p1\"><i>*Tenga en atenci\u00f3n que el tiempo libre en Monserrat, no es suficiente para visitar el Museo, ver la Madonna Negra o pasear en el funicular. Mirra la nuestra excursi\u00f3n de d\u00eda entero Monserrat, Comida y Vino, se ustedes est\u00e1n interesados en hacer estas actividades.<\/i><\/p>\n<\/div>\n<\/div>\n<h5 class=\"p3\" style=\"text-align: justify;\"><span style=\"color: #000080; text-decoration: underline; font-family: inherit; font-weight: bold;\">Excluido<\/span><\/h5>\n<div class=\"column\" style=\"text-align: justify;\">&#8211;\u00a0 Recogida al hotel<\/div>\n<h5 class=\"p1\" style=\"text-align: justify;\"><span style=\"text-decoration: underline; color: #000080;\"><span class=\"s1\">Informaci\u00f3n Importante<\/span><\/span><\/h5>\n<p class=\"p3\" style=\"text-align: justify;\"><span class=\"s1\"><b>Duraci\u00f3n:<\/b><\/span> 6 horas<\/p>\n<p class=\"p3\" style=\"text-align: justify;\"><span class=\"s1\"><b>Precio:<\/b><\/span> 69,95 euros adulto | 49.95 euros ni\u00f1os (4-12) | 67,95 euros S\u00e9nior (+65)<\/p>\n<p class=\"p3\" style=\"text-align: justify;\"><span class=\"s1\"><b>Idioma:\u00a0<\/b><\/span>Ingl\u00e9s<\/p>\n<p class=\"p3\" style=\"text-align: justify;\"><span class=\"s1\"><b>Atenci\u00f3n:<\/b><\/span><\/p>\n<p style=\"text-align: justify;\">En esta excursi\u00f3n hay que caminar. Max 16 personas por grupo<\/p>\n<p class=\"p3\" style=\"text-align: justify;\"><span class=\"s1\"><b>Para m\u00e1s informaciones contacte con nosotros o env\u00edenos un correo a<\/b><\/span> <span class=\"s2\">info@tourstickets.com<\/span><\/p>","protected":false},"excerpt":{"rendered":"<p>Un respiro en la naturaleza mientras disfruta de sus vacaciones. <strong> Visite Montserrat y disfrute de una cata de vinos en Oller del Mas, un castillo rodeado de hermosos campos con impresionantes vistas.<\/strong> Una experiencia muy intensa en la naturaleza y vivencias del pasado. Las mejores tapas regionales en este recorrido que supera en calidad.<\/p>\n","protected":false},"featured_media":1252,"comment_status":"closed","ping_status":"closed","template":"","meta":[],"product_brand":[],"product_cat":[100,22,18],"product_tag":[67,57,113,38,93,28,41,62,29,36,98,99,39],"class_list":{"0":"post-1126","1":"product","2":"type-product","3":"status-publish","4":"has-post-thumbnail","6":"product_cat-montserrat-tours","7":"product_cat-tapas-tours","8":"product_cat-from-barcelona","9":"product_tag-by-bus","10":"product_tag-countryside","11":"product_tag-eng","12":"product_tag-food","13":"product_tag-from-barcelona","14":"product_tag-highlights","15":"product_tag-montserrat","16":"product_tag-shore-excursions","17":"product_tag-sightseeing","18":"product_tag-tapas","19":"product_tag-traveling-by-yourself","20":"product_tag-traveling-with-partner","21":"product_tag-wine","23":"first","24":"instock","25":"virtual","26":"sold-individually","27":"purchasable","28":"product-type-booking"},"_links":{"self":[{"href":"https:\/\/www.barcelonatourstickets.com\/es\/wp-json\/wp\/v2\/product\/1126","targetHints":{"allow":["GET"]}}],"collection":[{"href":"https:\/\/www.barcelonatourstickets.com\/es\/wp-json\/wp\/v2\/product"}],"about":[{"href":"https:\/\/www.barcelonatourstickets.com\/es\/wp-json\/wp\/v2\/types\/product"}],"replies":[{"embeddable":true,"href":"https:\/\/www.barcelonatourstickets.com\/es\/wp-json\/wp\/v2\/comments?post=1126"}],"wp:featuredmedia":[{"embeddable":true,"href":"https:\/\/www.barcelonatourstickets.com\/es\/wp-json\/wp\/v2\/media\/1252"}],"wp:attachment":[{"href":"https:\/\/www.barcelonatourstickets.com\/es\/wp-json\/wp\/v2\/media?parent=1126"}],"wp:term":[{"taxonomy":"product_brand","embeddable":true,"href":"https:\/\/www.barcelonatourstickets.com\/es\/wp-json\/wp\/v2\/product_brand?post=1126"},{"taxonomy":"product_cat","embeddable":true,"href":"https:\/\/www.barcelonatourstickets.com\/es\/wp-json\/wp\/v2\/product_cat?post=1126"},{"taxonomy":"product_tag","embeddable":true,"href":"https:\/\/www.barcelonatourstickets.com\/es\/wp-json\/wp\/v2\/product_tag?post=1126"}],"curies":[{"name":"wp","href":"https:\/\/api.w.org\/{rel}","templated":true}]}}