{"id":1172,"date":"2016-11-03T10:46:34","date_gmt":"2016-11-03T09:46:34","guid":{"rendered":"https:\/\/www.barcelonatourstickets.com\/tours\/figueres-dali-girona\/"},"modified":"2021-01-14T10:40:50","modified_gmt":"2021-01-14T09:40:50","slug":"figueres-dali-girona","status":"publish","type":"product","link":"https:\/\/www.barcelonatourstickets.com\/es\/tours\/figueres-dali-girona\/","title":{"rendered":"Dal\u00ed Figueres &#038; Girona Tour"},"content":{"rendered":"<h4 style=\"text-align: justify;\">Catalunya Bus Turistic Dali\u00b4s Figueres &amp; Girona<\/h4>\n<div class=\"column\" style=\"text-align: justify;\">\n<div class=\"section\">\n<div class=\"section\">Te llevamos en un viaje por dos de las ciudades m\u00e1s representativas del norte de Catalu\u00f1a: Girona y Figueres. Explore los monumentos medievales de Girona a pie y disfrute del fascinante mundo del surrealismo de Dal\u00ed. Salta desde el Paseo de Gracia de Barcelona al barrio jud\u00edo de Girona y a Figueras donde se encuentra el museo m\u00e1s visitado del pa\u00eds, el Teatro-Museo Dal\u00ed.<\/div>\n<div class=\"section\">\n<ul>\n<li>Una <b>excursi\u00f3n de un d\u00eda<\/b> desde Barcelona que realiza la primera parada en <b>Girona<\/b>. Una ciudad que invita a perderse por sus calles y pasear por el n\u00facleo antiguo de uno de los mejores conjuntos hist\u00f3ricos del pa\u00eds: murallas medievales, monumentos rom\u00e1nicos y g\u00f3ticos, espacios barrocos y uno de los barrios jud\u00edos mejor conservados de Europa.<\/li>\n<li>La segunda parada es en <b>Figueres<\/b>, la ciudad de Dal\u00ed. Una poblaci\u00f3n muy atractiva, con casas se\u00f1oriales, tiendas, terrazas\u2026. y con el Teatre Museu Dal\u00ed como elemento m\u00e1s destacado. El museo permite adentrarse en el universo surrealista de Salvador Dal\u00ed. Tan pronto como llegues a Figueres, te dar\u00e1s cuenta de que no solo est\u00e1s en la capital del hermoso condado del Alt Empord\u00e0, sino que tambi\u00e9n est\u00e1s en la capital mundial del surrealismo. Visitar\u00e1s el Teatre-Museu Dal\u00ed, que contiene la mayor colecci\u00f3n de obras del artista.<\/li>\n<\/ul>\n<\/div>\n<\/div>\n<\/div>\n<h5 style=\"text-align: justify;\"><span style=\"color: #000080; text-decoration: underline; font-family: inherit; font-weight: bold;\">Figueres, Dal\u00ed &amp; Girona\u00a0Tour <\/span><span style=\"color: #000080; text-decoration: underline; font-family: inherit; font-weight: bold;\">pick up and drop off point<\/span><\/h5>\n<div class=\"column\" style=\"text-align: justify;\">\n<ul>\n<li><strong>Salida<\/strong> a las 8.30h des de Pl. Catalunya (delante de El Corte Ingl\u00e9s). Presentaci\u00f3n 20 minutos antes de la salida. <a href=\"http:\/\/professional.barcelonaturisme.com\/imgfiles\/ecv\/cbt\/terminalcbt.pdf\" target=\"_blank\" rel=\"noopener noreferrer\">Ver plano<\/a><\/li>\n<\/ul>\n<\/div>\n<h5 class=\"p3\" style=\"text-align: justify;\"><span style=\"color: #000080; text-decoration: underline; font-family: inherit; font-weight: bold;\">Salidas<\/span><\/h5>\n<p class=\"p3\" style=\"text-align: justify;\"><strong><u>Horario de Verano<\/u><\/strong><u><\/u> (30.03.2020 &#8211; 08.11.2020)<\/p>\n<p class=\"p3\" style=\"text-align: justify;\">De Martes a Domingo a las 8:30 am<\/p>\n<p class=\"p3\" style=\"text-align: justify;\"><strong><u>Horario de Invierno<\/u>\u00a0<\/strong>(11.11.2019 &#8211; 29.3.2020)<\/p>\n<p class=\"p3\" style=\"text-align: justify;\">Cada martes y s\u00e1bado a las 8:30 am<\/p>\n<h5 class=\"p1\" style=\"text-align: justify;\"><span style=\"text-decoration: underline;\"><span class=\"s1\" style=\"color: #000080; text-decoration: underline;\">Incluye<\/span><\/span><\/h5>\n<div class=\"column\" style=\"text-align: justify;\">\n<div class=\"column\">\n<ul>\n<li>Visita guiada a Girona.<\/li>\n<li>Visita orientativa al museo Dal\u00ed.<\/li>\n<li><b>Entrada gratuita al Teatre-Museu Dal\u00ed <\/b>y &#8220;Dal\u00ed Joies&#8221; en Figueres.<\/li>\n<li>Descuentos en museos, lugares de inter\u00e9s, tiendas y restaurantes.<\/li>\n<\/ul>\n<\/div>\n<\/div>\n<h5 class=\"p3\" style=\"text-align: justify;\"><span style=\"color: #000080; text-decoration: underline; font-family: inherit; font-weight: bold;\">Excluye<\/span><\/h5>\n<div class=\"column\" style=\"text-align: justify;\">&#8211; \u00a0Recogidas en el hotel<\/div>\n<div class=\"column\" style=\"text-align: justify;\">&#8211; \u00a0Cualquier comida o bebida que no haya sido especificada en &#8220;Incluye&#8221;<\/div>\n<h5 class=\"p1\" style=\"text-align: justify;\"><span style=\"text-decoration: underline; color: #000080;\"><span class=\"s1\">Informaci\u00f3n Adicional<\/span><\/span><\/h5>\n<p class=\"p3\" style=\"text-align: justify;\"><span class=\"s1\"><b>Duraci\u00f3n:<\/b><\/span>\u00a011 horas<\/p>\n<p class=\"p3\" style=\"text-align: justify;\"><span class=\"s1\"><b>The Figueres, Dal\u00ed &amp; Girona\u00a0Tour precio:<\/b><\/span> 80 euros adultos | ni\u00f1os (1-8) gratis<\/p>\n<p style=\"text-align: justify;\"><strong>Idiomas: <\/strong>catal\u00e1n, castellano e ingl\u00e9s.<\/p>\n<p class=\"p3\" style=\"text-align: justify;\"><span class=\"s1\"><b>Para m\u00e1s informaciones contacte con nosotros o env\u00edenos un correo a<\/b><\/span> info@tourstickets.com<\/p>","protected":false},"excerpt":{"rendered":"<p style=\"text-align: justify;\">Excursi\u00f3n de un d\u00eda que permite visitar dos grandes ciudades situadas al norte de Barcelona: <strong>Figueres con el emblem\u00e1tico Teatre-Museu Dal\u00ed entre sus atractivos principales y Girona, ciudad monumental, con uno de los barrios jud\u00edos mejor conservados de Europa.<\/strong><\/p>\n","protected":false},"featured_media":1421,"comment_status":"closed","ping_status":"closed","template":"","meta":[],"product_brand":[],"product_cat":[135,133,61,17,18],"product_tag":[67,57,112,93,28,62,29,98,97,99],"class_list":{"0":"post-1172","1":"product","2":"type-product","3":"status-publish","4":"has-post-thumbnail","6":"product_cat-dali","7":"product_cat-girona","8":"product_cat-shore-excursions","9":"product_cat-1-day-tours","10":"product_cat-from-barcelona","11":"product_tag-by-bus","12":"product_tag-countryside","13":"product_tag-engspa","14":"product_tag-from-barcelona","15":"product_tag-highlights","16":"product_tag-shore-excursions","17":"product_tag-sightseeing","18":"product_tag-traveling-by-yourself","19":"product_tag-traveling-with-children","20":"product_tag-traveling-with-partner","22":"first","23":"instock","24":"virtual","25":"sold-individually","26":"purchasable","27":"product-type-booking"},"_links":{"self":[{"href":"https:\/\/www.barcelonatourstickets.com\/es\/wp-json\/wp\/v2\/product\/1172","targetHints":{"allow":["GET"]}}],"collection":[{"href":"https:\/\/www.barcelonatourstickets.com\/es\/wp-json\/wp\/v2\/product"}],"about":[{"href":"https:\/\/www.barcelonatourstickets.com\/es\/wp-json\/wp\/v2\/types\/product"}],"replies":[{"embeddable":true,"href":"https:\/\/www.barcelonatourstickets.com\/es\/wp-json\/wp\/v2\/comments?post=1172"}],"wp:featuredmedia":[{"embeddable":true,"href":"https:\/\/www.barcelonatourstickets.com\/es\/wp-json\/wp\/v2\/media\/1421"}],"wp:attachment":[{"href":"https:\/\/www.barcelonatourstickets.com\/es\/wp-json\/wp\/v2\/media?parent=1172"}],"wp:term":[{"taxonomy":"product_brand","embeddable":true,"href":"https:\/\/www.barcelonatourstickets.com\/es\/wp-json\/wp\/v2\/product_brand?post=1172"},{"taxonomy":"product_cat","embeddable":true,"href":"https:\/\/www.barcelonatourstickets.com\/es\/wp-json\/wp\/v2\/product_cat?post=1172"},{"taxonomy":"product_tag","embeddable":true,"href":"https:\/\/www.barcelonatourstickets.com\/es\/wp-json\/wp\/v2\/product_tag?post=1172"}],"curies":[{"name":"wp","href":"https:\/\/api.w.org\/{rel}","templated":true}]}}