{"id":1176,"date":"2016-11-03T10:46:38","date_gmt":"2016-11-03T09:46:38","guid":{"rendered":"https:\/\/www.barcelonatourstickets.com\/tours\/barcelona-bus-turistic\/"},"modified":"2021-01-14T10:37:57","modified_gmt":"2021-01-14T09:37:57","slug":"barcelona-bus-turistic","status":"publish","type":"product","link":"https:\/\/www.barcelonatourstickets.com\/es\/tours\/barcelona-bus-turistic\/","title":{"rendered":"Barcelona Bus Turistic (Hop on-Hop off)"},"content":{"rendered":"<h4 style=\"text-align: justify;\">Barcelona Bus Tur\u00edstic (Hop on &#8211; Hop off)<\/h4>\n<p>Bus turistic de Barcelona ofrece autobuses de dos pisos para conocer Barcelona a trav\u00e9s de tres rutas tur\u00edsticas con el mismo billete, v\u00e1lido para 1 o 2 d\u00edas. 45 paradas en puntos de inter\u00e9s y seis puntos de conexi\u00f3n entre las tres rutas. Suba y baje del Bus tantas veces como le apetezca y disfrute de 180\u20ac de descuento en sus visitas.<\/p>\n<ul>\n<li><strong>Autobuses de dos pisos:<\/strong> conoce Barcelona subiendo y bajando del Barcelona Bus Tur\u00edstic tantas veces como quieras.<\/li>\n<li><strong>3 rutas<\/strong> tur\u00edsticas con 1 solo billete, v\u00e1lido para 1 o 2 d\u00edas consecutivos*.<br \/>\n* Billete v\u00e1lido para d\u00edas naturales, no para periodos de 24 horas.<\/li>\n<li><strong>5 puntos de conexi\u00f3n<\/strong> para combinar las 3 rutas tur\u00edsticas del bus.<\/li>\n<li><strong>44 paradas<\/strong> en puntos de inter\u00e9s.<\/li>\n<li>Gu\u00eda de <strong>audio en 16 idiomas<\/strong>:\u00a0catal\u00e1n, castellano, ingl\u00e9s, franc\u00e9s, alem\u00e1n, italiano, japon\u00e9s, chino, portugu\u00e9s, ruso, holand\u00e9s, sueco, finland\u00e9s, \u00e1rabe, hebreo y turco.<\/li>\n<li><strong>WI FI gratuito<\/strong>, con conexi\u00f3n directa.<\/li>\n<li><strong>Aplicaci\u00f3n para smartphones<\/strong> con informaci\u00f3n del servicio y de la ciudad.<\/li>\n<li><strong>C\u00f3digos QR<\/strong> en las paradas, con informaci\u00f3n de la ciudad.<\/li>\n<li><strong>Horario del servicio*:<\/strong>\n<ul>\n<li style=\"list-style-type: none;\">\n<ul>\n<li><em>Ruta Roja y Azul<\/em>: de lunes a domingo, todo el a\u00f1o.<\/li>\n<li><em>Ruta Verde<\/em>: de lunes a domingo, desde el 27\/3 al 1\/11\/2015.<\/li>\n<li>Invierno: de 9 a 19h. | Verano: de 9 a 20h.<\/li>\n<li>Cerrado: 01\/01 y 25\/12.<\/li>\n<\/ul>\n<\/li>\n<\/ul>\n<p>* Consulta los horarios en la parada del bus.<\/li>\n<li><strong>Frecuencia\u00a0de paso del Barcelona Bus Tur\u00edstic entre 25 y 5 minutos,<\/strong> en funci\u00f3n de la temporada.<\/li>\n<li><a href=\"http:\/\/professional.barcelonaturisme.com\/imgfiles\/ecv\/bbt\/planol2014.JPG\" target=\"_blank\" rel=\"noopener noreferrer\">Ver las rutas del Barcelona Bus Tur\u00edstic<\/a><\/li>\n<\/ul>\n<h5 style=\"text-align: justify;\"><span style=\"color: #000080; text-decoration: underline; font-family: inherit; font-weight: bold;\">Barcelona Bus Turistic (Hop on &#8211; Hop off)\u00a0<\/span><span style=\"color: #000080; text-decoration: underline; font-family: inherit; font-weight: bold;\">pick up and drop off point<\/span><\/h5>\n<p>Revise las paradas y las rutas\u00a0<a href=\"http:\/\/bcnshop.barcelonaturisme.com\/imgfiles\/ecv\/bbt\/Planol16.jpg\" target=\"_blank\" rel=\"noopener noreferrer\">aqu\u00ed<\/a>.<\/p>\n<p>Descargue el mapa\u00a0<a href=\"https:\/\/www.barcelonatourstickets.com\/wp-content\/uploads\/2016\/11\/Barcelona-Bus-turistic-routes-2016.pdf\" target=\"_blank\" rel=\"noopener noreferrer\">AQU\u00cd<\/a><\/p>\n<h5 class=\"p3\" style=\"text-align: justify;\"><span style=\"color: #000080; text-decoration: underline; font-family: inherit; font-weight: bold;\">Horarios<\/span><\/h5>\n<ul style=\"text-align: justify;\">\n<li><em>Rutas roja y azul<\/em>: de lunes a domingo todo el a\u00f1o.<\/li>\n<li><em>Ruta verde<\/em>: de lunes a domingo del 27\/3 al 1\/11.<\/li>\n<li>Invierno: 9am to 7pm. | Verano: 9am to 20pm.<\/li>\n<li>Cerrado: 01\/01 y 25\/12.<\/li>\n<li>Revise los horarios en las paradas de autob\u00fas.<\/li>\n<\/ul>\n<h5 class=\"p1\" style=\"text-align: justify;\"><span style=\"text-decoration: underline;\"><span class=\"s1\" style=\"color: #000080; text-decoration: underline;\">Incluye<\/span><\/span><\/h5>\n<p>Transporte en\u00a0Autobuses de dos pisos<br \/>\nGu\u00eda de <strong>audio en 16 idiomas<\/strong><br \/>\n<b>WIFI gratis<\/b>, con conexi\u00f3n LAN directa.<br \/>\nAuriculares y mapas<\/p>\n<h5 class=\"p3\" style=\"text-align: justify;\"><span style=\"color: #000080; text-decoration: underline; font-family: inherit; font-weight: bold;\">Excluye<\/span><\/h5>\n<p>Hotel pick-up and drop off<\/p>\n<p>Comidas o bebidas<\/p>\n<p>Propinas y gratitudes<\/p>\n<h5 class=\"p1\" style=\"text-align: justify;\"><span style=\"text-decoration: underline; color: #000080;\"><span class=\"s1\">Informaci\u00f3n adicional<\/span><\/span><\/h5>\n<p style=\"text-align: justify;\">Barcelona Bus Tur\u00edstic Lista de precios:<\/p>\n<p style=\"text-align: justify;\">1 d\u00eda: Adulto 30\u20ac | Ni\u00f1os (4-12) 16\u20ac | Senior (+65) 25\u20ac<\/p>\n<p>2 d\u00edas consecutivos: Adulto 40\u20ac | Ni\u00f1os (4-12) 21\u20ac | Senior (+65) 35\u20ac<\/p>\n<blockquote><p>Punto de canjeo: Directamente en el autob\u00fas o en las Oficinas de Barcelona turisme.<\/p><\/blockquote>\n<p class=\"p3\" style=\"text-align: justify;\"><span class=\"s1\"><b>Please for special requests send us an email to<\/b><\/span> <span class=\"s2\">booking@barcelonatourstickets.com<\/span><\/p>\n","protected":false},"excerpt":{"rendered":"<p>Si vienes por primera vez a Barcelona, o tienes poco tiempo para visitar la ciudad, te proponemos que subas al <strong>Barcelona Bus Tur\u00edstic, la mejor forma de ver todos los monumentos y lugares de inter\u00e9s, de forma r\u00e1pida y c\u00f3moda.<\/strong><\/p>\n","protected":false},"featured_media":1412,"comment_status":"closed","ping_status":"closed","template":"","meta":[],"product_brand":[],"product_cat":[19,17],"product_tag":[46,27,67,28,65,114,29,98,97,99],"class_list":{"0":"post-1176","1":"product","2":"type-product","3":"status-publish","4":"has-post-thumbnail","6":"product_cat-barcelona-highlights","7":"product_cat-1-day-tours","8":"product_tag-arquitecture","9":"product_tag-barcelona","10":"product_tag-by-bus","11":"product_tag-highlights","12":"product_tag-montjuic","13":"product_tag-multi","14":"product_tag-sightseeing","15":"product_tag-traveling-by-yourself","16":"product_tag-traveling-with-children","17":"product_tag-traveling-with-partner","19":"first","20":"instock","21":"virtual","22":"sold-individually","23":"purchasable","24":"product-type-booking"},"_links":{"self":[{"href":"https:\/\/www.barcelonatourstickets.com\/es\/wp-json\/wp\/v2\/product\/1176","targetHints":{"allow":["GET"]}}],"collection":[{"href":"https:\/\/www.barcelonatourstickets.com\/es\/wp-json\/wp\/v2\/product"}],"about":[{"href":"https:\/\/www.barcelonatourstickets.com\/es\/wp-json\/wp\/v2\/types\/product"}],"replies":[{"embeddable":true,"href":"https:\/\/www.barcelonatourstickets.com\/es\/wp-json\/wp\/v2\/comments?post=1176"}],"wp:featuredmedia":[{"embeddable":true,"href":"https:\/\/www.barcelonatourstickets.com\/es\/wp-json\/wp\/v2\/media\/1412"}],"wp:attachment":[{"href":"https:\/\/www.barcelonatourstickets.com\/es\/wp-json\/wp\/v2\/media?parent=1176"}],"wp:term":[{"taxonomy":"product_brand","embeddable":true,"href":"https:\/\/www.barcelonatourstickets.com\/es\/wp-json\/wp\/v2\/product_brand?post=1176"},{"taxonomy":"product_cat","embeddable":true,"href":"https:\/\/www.barcelonatourstickets.com\/es\/wp-json\/wp\/v2\/product_cat?post=1176"},{"taxonomy":"product_tag","embeddable":true,"href":"https:\/\/www.barcelonatourstickets.com\/es\/wp-json\/wp\/v2\/product_tag?post=1176"}],"curies":[{"name":"wp","href":"https:\/\/api.w.org\/{rel}","templated":true}]}}