{"id":1189,"date":"2016-11-03T12:11:18","date_gmt":"2016-11-03T11:11:18","guid":{"rendered":"https:\/\/www.barcelonatourstickets.com\/tours\/barcelona-card-express\/"},"modified":"2021-01-14T10:37:45","modified_gmt":"2021-01-14T09:37:45","slug":"barcelona-card-express","status":"publish","type":"product","link":"https:\/\/www.barcelonatourstickets.com\/es\/tours\/barcelona-card-express\/","title":{"rendered":"Barcelona Card Express"},"content":{"rendered":"<h4 style=\"text-align: justify;\">Barcelona\u00a0Card Express<\/h4>\n<h5 style=\"text-align: justify;\"><span style=\"text-align: justify;\">2 D\u00edas de experiencias ilimitadas<\/span><\/h5>\n<p style=\"text-align: justify;\">Descubre muchas de las actividades culturales y de ocio de Barcelona, con la Barcelona Card Express. Podr\u00e1s moverte en tren al aeropuerto, utilizar el transporte p\u00fablico de la ciudad de forma gratuita durante 2 d\u00edas, adem\u00e1s de tener m\u00e1s de 100 descuentos.<\/p>\n<div style=\"text-align: justify;\"><strong>Transporte p\u00fablico gratuito durante 2 d\u00edas<\/strong>: metro y autobuses urbanos de Transports Metropolitans de Barcelona, lineas urbanas de Ferrocarrils de la Generalitat de Catalunya, tranv\u00edas, tren al aeropuerto de Barcelona y Renfe rodalies zona 1.<br \/>\n<strong>M\u00e1s de 100 descuentos<\/strong> en museos y lugares de inter\u00e9s, visitas y tours, ocio, espect\u00e1culos, locales nocturnos, comercios, restaurantes, transportes singulares y otros servicios. <a href=\"http:\/\/bcnshop.barcelonaturisme.com\/imgfiles\/ecv\/BCExpress\/Express16.pdf\" target=\"_blanck\" rel=\"noopener noreferrer\">Ver lista<\/a><\/div>\n<div style=\"text-align: justify;\">\n<p>Mapa general de la ciudad de Barcelona con:<\/p>\n<ul>\n<li>La ubicaci\u00f3n de los descuentos.<\/li>\n<li>Mapa de la red de metro.<\/li>\n<\/ul>\n<\/div>\n<h5 style=\"text-align: justify;\"><span style=\"color: #000080; text-decoration: underline; font-family: inherit; font-weight: bold;\">Barcelona\u00a0Card Express\u00a0punto de recogida<\/span><\/h5>\n<div class=\"column\" style=\"text-align: justify;\">\n<p><strong>Oficinas de Turismo mencionadas a continuaci\u00f3n:<\/strong><\/p>\n<p><span style=\"text-decoration: underline;\">Plac\u0327a de Catalunya<\/span><\/p>\n<div class=\"section\">\n<div class=\"layoutArea\">\n<div class=\"column\">\n<p>Pl.Catalunya, 17 S Daily: 8:30- 21 h<\/p>\n<p>Cerrada: 1\/1 and 25\/12<\/p>\n<p><span style=\"text-decoration: underline;\">Plac\u0327a de Sant Jaume<\/span><\/p>\n<p>Lunes a viernes: 8:30-20:30 h\u00a0Sabados 9-19 h<\/p>\n<p>Domingos y Festivos: 9-14 h Cerrado: 1\/1 and 25\/12<\/p>\n<\/div>\n<\/div>\n<div class=\"layoutArea\">\n<div class=\"column\">\n<p><span style=\"text-decoration: underline;\">Aeropuerto. Terminales 1 &amp; 2<\/span><\/p>\n<p>Diariamente: 8:30- 20:30 h Cerrado:1\/1 and 25\/12<\/p>\n<p><span style=\"text-decoration: underline;\">Estacio\u0301 de Sants<\/span><\/p>\n<p>Pl.Pai\u0308sos Catalans, s\/n Diariamente: 8:30-20:30 h Cerrado 1\/1 and 25\/12<\/p>\n<p><span style=\"text-decoration: underline;\">Mirador de Colom<\/span><\/p>\n<p>Portal de la Pau s\/n Diariamente: 8:30-20:30h Cerrado : 1\/1 and 25\/12<\/p>\n<\/div>\n<\/div>\n<\/div>\n<\/div>\n<h5 class=\"p1\" style=\"text-align: justify;\"><span style=\"text-decoration: underline; color: #000080;\"><span class=\"s1\">Incluye<\/span><\/span><\/h5>\n<p style=\"text-align: justify;\">Incluye 2 d\u00edas de viaje ilimitado gratis en transporte p\u00fablico y m\u00e1s de 100 descuentos, para que pueda aprovechar al m\u00e1ximo su estad\u00eda en la ciudad. <strong>48 museos y atracciones<\/strong> con descuentos de hasta el 60%. <strong>16 Visitas y tours<\/strong> con descuentos de hasta el 50%. <strong>12 equipos de ocio<\/strong> con descuentos de hasta el 50%. <strong>7 Entretenimiento<\/strong> con descuentos de hasta el 20%. <strong>3 locales nocturnos<\/strong> con descuentos de hasta el 30%. \u00a1<strong>Tiendas y restaurantes<\/strong> con descuentos de hasta el 20% y mucho m\u00e1s!<\/p>\n<h5 class=\"p1\" style=\"text-align: justify;\"><span style=\"text-decoration: underline; color: #000080;\"><span class=\"s1\">Essential Information<\/span><\/span><\/h5>\n<p style=\"text-align: justify;\">Barcelona Card Express\u00a0Precio: 20 \u20ac<\/p>\n<blockquote><p>Punto de canjeo: Oficinas de turismo de Barcelona.<\/p><\/blockquote>\n<p class=\"p3\" style=\"text-align: justify;\"><span class=\"s1\"><b>Please for special requests send us an email to<\/b><\/span> <span class=\"s2\">booking@barcelonatourstickets.com<\/span><\/p>\n","protected":false},"excerpt":{"rendered":"<p><strong>Descubre muchas de las actividades culturales y de ocio de Barcelona, con la Barcelona Card Express<\/strong>. Podr\u00e1s moverte en tren al aeropuerto, utilizar el transporte p\u00fablico de la ciudad de forma gratuita durante 2 d\u00edas, adem\u00e1s de tener m\u00e1s de 100 descuentos.<\/p>\n","protected":false},"featured_media":1301,"comment_status":"closed","ping_status":"closed","template":"","meta":[],"product_brand":[],"product_cat":[25],"product_tag":[105,114,69,106,125,98,97,99],"class_list":{"0":"post-1189","1":"product","2":"type-product","3":"status-publish","4":"has-post-thumbnail","6":"product_cat-other-activities","7":"product_tag-cards","8":"product_tag-multi","9":"product_tag-museum","10":"product_tag-public-transport","11":"product_tag-save","12":"product_tag-traveling-by-yourself","13":"product_tag-traveling-with-children","14":"product_tag-traveling-with-partner","16":"first","17":"instock","18":"virtual","19":"sold-individually","20":"purchasable","21":"product-type-booking"},"_links":{"self":[{"href":"https:\/\/www.barcelonatourstickets.com\/es\/wp-json\/wp\/v2\/product\/1189","targetHints":{"allow":["GET"]}}],"collection":[{"href":"https:\/\/www.barcelonatourstickets.com\/es\/wp-json\/wp\/v2\/product"}],"about":[{"href":"https:\/\/www.barcelonatourstickets.com\/es\/wp-json\/wp\/v2\/types\/product"}],"replies":[{"embeddable":true,"href":"https:\/\/www.barcelonatourstickets.com\/es\/wp-json\/wp\/v2\/comments?post=1189"}],"wp:featuredmedia":[{"embeddable":true,"href":"https:\/\/www.barcelonatourstickets.com\/es\/wp-json\/wp\/v2\/media\/1301"}],"wp:attachment":[{"href":"https:\/\/www.barcelonatourstickets.com\/es\/wp-json\/wp\/v2\/media?parent=1189"}],"wp:term":[{"taxonomy":"product_brand","embeddable":true,"href":"https:\/\/www.barcelonatourstickets.com\/es\/wp-json\/wp\/v2\/product_brand?post=1189"},{"taxonomy":"product_cat","embeddable":true,"href":"https:\/\/www.barcelonatourstickets.com\/es\/wp-json\/wp\/v2\/product_cat?post=1189"},{"taxonomy":"product_tag","embeddable":true,"href":"https:\/\/www.barcelonatourstickets.com\/es\/wp-json\/wp\/v2\/product_tag?post=1189"}],"curies":[{"name":"wp","href":"https:\/\/api.w.org\/{rel}","templated":true}]}}