{"id":1201,"date":"2016-11-03T14:24:35","date_gmt":"2016-11-03T13:24:35","guid":{"rendered":"https:\/\/www.barcelonatourstickets.com\/tours\/barcelona-card\/"},"modified":"2021-01-14T10:37:39","modified_gmt":"2021-01-14T09:37:39","slug":"barcelona-card","status":"publish","type":"product","link":"https:\/\/www.barcelonatourstickets.com\/es\/tours\/barcelona-card\/","title":{"rendered":"Barcelona Card"},"content":{"rendered":"<h4 style=\"text-align: justify;\">Barcelona\u00a0Card<\/h4>\n<div style=\"text-align: justify;\">\n<p>Descubre muchas de las actividades culturales y de ocio de Barcelona, gratis o a un precio reducido, con la Barcelona Card. Podr\u00e1s moverte en tren al aeropuerto, utilizar el transporte p\u00fablico de la ciudad de forma gratuita adem\u00e1s de tener acceso libre a algunos museos y m\u00e1s de 85 descuentos.<\/p>\n<ul>\n<li>Gratuidades y <b>acceso sin cola a los museos m\u00e1s importantes de la ciudad<\/b> como: el Museu Nacional d\u2019Art de Catalunya, Fundaci\u00f3 Joan Mir\u00f3, Fundaci\u00f3 A. T\u00e0pies, Centres del Museu d\u2019Hist\u00f2ria de la Ciutat, Museu d&#8217;Art Contemporani de Barcelona, Centre de Cultura Contempor\u00e0nia de Barcelona, Museu del Modernisme Catal\u00e0, Museu Egipci de Barcelona y otros. Tambi\u00e9n gratuidades a lugares de inter\u00e9s como Las Golondrinas y la Torre de Collserola.<\/li>\n<li><b>Transporte p\u00fablico gratuito<\/b>: metro y autobuses urbanos de Transports Metropolitans de Barcelona, lineas urbanas de Ferrocarrils de la Generalitat de Catalunya, tranvias, tren al aeropuerto de Barcelona y Renfe rodalies zona 1.<\/li>\n<li><b>M\u00e1s de 70 descuentos<\/b> en museos y lugares de inter\u00e9s, visitas y tours, ocio, espect\u00e1culos, locales nocturnos, comercios, restaurantes, transportes singulares y otros servicios.<\/li>\n<li>La <b>Barcelona Card Kids,<\/b> (4-12 a\u00f1os), ofrece todas las ventajas de la Barcelona Card por menos de lo que cuesta un pase de transporte.<\/li>\n<li>Las <b>gratuidades<\/b> y los <b>descuentos<\/b> s\u00f3lo ser\u00e1n v\u00e1lidos una vez activada la tarjeta y durante el per\u00edodo de validez de la misma. <a href=\"http:\/\/professional.barcelonaturisme.com\/imgfiles\/ecv\/card\/BarcelonaCard2015.pdf\" target=\"_blank\" rel=\"noopener noreferrer\">Ver lista<\/a><\/li>\n<li><b>Gu\u00eda en seis idiomas<\/b> (catal\u00e1n\/castellano\/ingl\u00e9s\/franc\u00e9s\/alem\u00e1n\/italiano) que incluye informaci\u00f3n sobre las gratuidades y los descuentos.<\/li>\n<li><b>Mapa general<\/b> de la ciudad de Barcelona con:\n<ul>\n<li>La ubicaci\u00f3n de las gratuidades y los descuentos.<\/li>\n<li>Mapa de la red de metro.<\/li>\n<\/ul>\n<\/li>\n<li>Tarjeta<b> <\/b>Barcelona Card<b> v\u00e1lida para 3, 4 o 5 d\u00edas consecutivos<\/b>, (d\u00edas naturales, no por per\u00edodos de 24 horas) <b>a partir de 46 \u20ac<\/b>.<\/li>\n<\/ul>\n<\/div>\n<h5 style=\"text-align: justify;\"><span style=\"color: #000080; text-decoration: underline; font-family: inherit; font-weight: bold;\">Barcelona\u00a0Card punto de recogida<\/span><\/h5>\n<div class=\"column\" style=\"text-align: justify;\">\n<p><strong>Oficinas de Turismo mencionadas a continuaci\u00f3n:<\/strong><\/p>\n<p><span style=\"text-decoration: underline;\">Plac\u0327a de Catalunya<\/span><\/p>\n<div class=\"section\">\n<div class=\"layoutArea\">\n<div class=\"column\">\n<p>Pl.Catalunya, 17 S Daily: 8:30- 21 h<\/p>\n<p>Cerrada: 1\/1 and 25\/12<\/p>\n<p><span style=\"text-decoration: underline;\">Plac\u0327a de Sant Jaume<\/span><\/p>\n<p>Lunes a viernes: 8:30-20:30 h\u00a0Sabados 9-19 h<\/p>\n<p>Domingos y Festivos: 9-14 h Cerrado: 1\/1 and 25\/12<\/p>\n<\/div>\n<\/div>\n<div class=\"layoutArea\">\n<div class=\"column\">\n<p><span style=\"text-decoration: underline;\">Aeropuerto. Terminales 1 &amp; 2<\/span><\/p>\n<p>Diariamente: 8:30- 20:30 h Cerrado:1\/1 and 25\/12<\/p>\n<p><span style=\"text-decoration: underline;\">Estacio\u0301 de Sants<\/span><\/p>\n<p>Pl.Pai\u0308sos Catalans, s\/n Diariamente: 8:30-20:30 h Cerrado 1\/1 and 25\/12<\/p>\n<p><span style=\"text-decoration: underline;\">Mirador de Colom<\/span><\/p>\n<p>Portal de la Pau s\/n Diariamente: 8:30-20:30h Cerrado : 1\/1 and 25\/12<\/p>\n<\/div>\n<\/div>\n<\/div>\n<\/div>\n<h5 class=\"p1\" style=\"text-align: justify;\"><span style=\"text-decoration: underline; color: #000080;\"><span class=\"s1\">Incluye<\/span><\/span><\/h5>\n<p class=\"p1\" style=\"text-align: justify;\"><span style=\"font-family: inherit;\">En Barcelona puedes ver el mejor Gaud\u00ed en la Sagrada Familia, la Pedrera y la Casa Batll\u00f3, rememorar las victorias del Bar\u00e7a en el Museo de Futbol Club Barcelona, disfrutar con los m\u00e1s peque\u00f1os en las Golondrinas y el Zoo de Barcelona o descubrir las maravillas del Museo Nacional de Arte de Catalunya y otros museos. A todo esto y mucho m\u00e1s tendr\u00e1s acceso, gratis o con un precio reducido, con la Barcelona Card.<\/span><\/p>\n<p style=\"text-align: justify;\">Con una sola tarjeta podr\u00e1s acceder gratis al metro, autobuses, ferrocarriles de la Generalitat de Catalunya, tranv\u00edas e incluso el tren y\/o metro al aeropuerto de Barcelona. Te ahorrar\u00e1s tiempo y dinero ya que adem\u00e1s podr\u00e1s acceder gratis o con grandes descuentos a los museos m\u00e1s importantes de Barcelona y a muchos lugares de inter\u00e9s, visitas y tours, ocio, espect\u00e1culos, locales nocturnos, tiendas, restaurantes, transportes singulares y otros servicios.<\/p>\n<h5 class=\"p1\" style=\"text-align: justify;\"><span style=\"color: #000080; text-decoration: underline; font-family: inherit; font-weight: bold;\">Informaci\u00f3n Adicional<\/span><\/h5>\n<p style=\"text-align: justify;\">Lista de precios de la Barcelona Card:<\/p>\n<p style=\"text-align: justify;\">3 d\u00edas: adultos 46\u20ac | ni\u00f1os (4 a 12 a\u00f1os): 22\u20ac<\/p>\n<p style=\"text-align: justify;\">4 d\u00edas: adultos 56\u20ac | ni\u00f1os (4 a 12 a\u00f1os): 28\u20ac<\/p>\n<p style=\"text-align: justify;\">5 d\u00edas: adultos 61\u20ac | ni\u00f1os (4 a 12 a\u00f1os): 33\u20ac<\/p>\n<blockquote><p>Punto de canjeo: Oficinas de Barcelona turisme.<\/p><\/blockquote>\n<p class=\"p3\" style=\"text-align: justify;\"><span class=\"s1\"><b>Please for special requests send us an email to<\/b><\/span> <span class=\"s2\">booking@barcelonatourstickets.com<\/span><\/p>\n","protected":false},"excerpt":{"rendered":"<p style=\"text-align: justify;\"><strong>Descubre muchas de las actividades culturales y de ocio de Barcelona, gratis o a un precio reducido, con la Barcelona Card.<\/strong> Podr\u00e1s moverte en tren al aeropuerto, utilizar el transporte p\u00fablico de la ciudad de forma gratuita adem\u00e1s de tener acceso libre a algunos museos y m\u00e1s de 85 descuentos.<\/p>\n","protected":false},"featured_media":842,"comment_status":"closed","ping_status":"closed","template":"","meta":[],"product_brand":[],"product_cat":[25],"product_tag":[105,114,69,106,125,98,97,99],"class_list":{"0":"post-1201","1":"product","2":"type-product","3":"status-publish","4":"has-post-thumbnail","6":"product_cat-other-activities","7":"product_tag-cards","8":"product_tag-multi","9":"product_tag-museum","10":"product_tag-public-transport","11":"product_tag-save","12":"product_tag-traveling-by-yourself","13":"product_tag-traveling-with-children","14":"product_tag-traveling-with-partner","16":"first","17":"instock","18":"virtual","19":"sold-individually","20":"purchasable","21":"product-type-booking"},"_links":{"self":[{"href":"https:\/\/www.barcelonatourstickets.com\/es\/wp-json\/wp\/v2\/product\/1201","targetHints":{"allow":["GET"]}}],"collection":[{"href":"https:\/\/www.barcelonatourstickets.com\/es\/wp-json\/wp\/v2\/product"}],"about":[{"href":"https:\/\/www.barcelonatourstickets.com\/es\/wp-json\/wp\/v2\/types\/product"}],"replies":[{"embeddable":true,"href":"https:\/\/www.barcelonatourstickets.com\/es\/wp-json\/wp\/v2\/comments?post=1201"}],"wp:featuredmedia":[{"embeddable":true,"href":"https:\/\/www.barcelonatourstickets.com\/es\/wp-json\/wp\/v2\/media\/842"}],"wp:attachment":[{"href":"https:\/\/www.barcelonatourstickets.com\/es\/wp-json\/wp\/v2\/media?parent=1201"}],"wp:term":[{"taxonomy":"product_brand","embeddable":true,"href":"https:\/\/www.barcelonatourstickets.com\/es\/wp-json\/wp\/v2\/product_brand?post=1201"},{"taxonomy":"product_cat","embeddable":true,"href":"https:\/\/www.barcelonatourstickets.com\/es\/wp-json\/wp\/v2\/product_cat?post=1201"},{"taxonomy":"product_tag","embeddable":true,"href":"https:\/\/www.barcelonatourstickets.com\/es\/wp-json\/wp\/v2\/product_tag?post=1201"}],"curies":[{"name":"wp","href":"https:\/\/api.w.org\/{rel}","templated":true}]}}