{"id":1263,"date":"2016-11-07T10:20:56","date_gmt":"2016-11-07T09:20:56","guid":{"rendered":"https:\/\/www.barcelonatourstickets.com\/tours\/articket-barcelona\/"},"modified":"2021-01-14T10:37:27","modified_gmt":"2021-01-14T09:37:27","slug":"articket-barcelona","status":"publish","type":"product","link":"https:\/\/www.barcelonatourstickets.com\/es\/tours\/articket-barcelona\/","title":{"rendered":"Articket Barcelona &#8211; Skip the line!"},"content":{"rendered":"<h4 style=\"text-align: justify;\">Articket Barcelona &#8211; Skip the line<\/h4>\n<div style=\"text-align: justify;\">\n<p style=\"text-align: justify;\">Descubre la obra de los genios del arte del siglo XX y realiza un recorrido por mil a\u00f1os de creatividad. Todo el arte de Barcelona a tu alcance, con una sola entrada y un gran ahorro en comparaci\u00f3n a lo que te costar\u00edan las entradas de todos los museos por separado: Articket Barcelona<\/p>\n<ul>\n<li><strong>Entrada<\/strong> v\u00e1lida para visitar:\n<ul>\n<li><strong>Museu Picasso<br \/>\n<\/strong>Montcada, 15-23<br \/>\nPrincipal centro de referencia para el conocimientode los a\u00f1os de formaci\u00f3n del artista y su relaci\u00f3n con Barcelona. Sus exposiciones permanentes y temporales muestran las obras de arte de Pablo Picasso.<\/li>\n<li><strong>Fundaci\u00f3 Joan Mir\u00f3<br \/>\n<\/strong>Parc de Montju\u00efc<br \/>\nAcoge la mejor colecci\u00f3n de la obra de Joan Mir\u00f3 con exposiciones de pintura, escultura y obra gr\u00e1fica completa.<\/li>\n<li><strong>Museu Nacional d&#8217;Art de Catalunya- MNAC<br \/>\n<\/strong>Palau Nacional. Parc de Montju\u00efc<br \/>\nEl museo ofrece un viaje por 1.000 a\u00f1os de arte catal\u00e1n, desde el s. XI hasta el s.XX.<\/li>\n<li><strong>Centre de Cultura Contempor\u00e0nia de Barcelona &#8211; CCCB<br \/>\n<\/strong>C. Montalegre, 5<br \/>\nCentro de exposiciones de arte y actividades art\u00edsticas que incluyen m\u00fasica, cine, danza o performance.<\/li>\n<li><strong>Fundaci\u00f3 Antoni T\u00e0pies<br \/>\n<\/strong>Arag\u00f3, 255<br \/>\nCentro de arte creado por el art\u00edsta Antoni T\u00e0pies. Un museo ubicado en un edificio modernista que organiza todo tipo de exposiciones temporales, conferencias y ciclos de cine, entre otros.<\/li>\n<li><strong>Museu d&#8217;Art Contemporani de Barcelona &#8211; MACBA<br \/>\n<\/strong>Pl. dels Angels, 1<br \/>\nMuseo, dise\u00f1ado por Richard Meier, que re\u00fane un conjunto significativo de la creaci\u00f3n art\u00edstica de los \u00faltimos cincuenta a\u00f1os.<\/li>\n<\/ul>\n<\/li>\n<li><strong>Validez de la entrada:<\/strong>\u00a01 a\u00f1o a partir de la fecha de cambio del voucher.<\/li>\n<li><strong>Incluye<\/strong> visita a todas las colecciones permanentes y exposiciones temporales de los museos y centros de arte.<\/li>\n<li><strong>Grupos de m\u00e1s de 10 personas:<\/strong> es imprescindible reserva previa en cada museo.<\/li>\n<\/ul>\n<\/div>\n<h5 style=\"text-align: justify;\"><span style=\"color: #000080; text-decoration: underline; font-family: inherit; font-weight: bold;\">Articket Barcelona\u00a0Card punto de recogida<\/span><\/h5>\n<div class=\"column\" style=\"text-align: justify;\">\n<p><strong>Oficinas de Turismo mencionadas a continuaci\u00f3n:<\/strong><\/p>\n<p><span style=\"text-decoration: underline;\">Plac\u0327a de Catalunya<\/span><\/p>\n<div class=\"section\">\n<div class=\"layoutArea\">\n<div class=\"column\">\n<p>Pl.Catalunya, 17 S Daily: 8:30- 21 h<\/p>\n<p>Cerrada: 1\/1 and 25\/12<\/p>\n<p><span style=\"text-decoration: underline;\">Plac\u0327a de Sant Jaume<\/span><\/p>\n<p>Lunes a viernes: 8:30-20:30 h\u00a0Sabados 9-19 h<\/p>\n<p>Domingos y Festivos: 9-14 h Cerrado: 1\/1 and 25\/12<\/p>\n<\/div>\n<\/div>\n<div class=\"layoutArea\">\n<div class=\"column\">\n<p><span style=\"text-decoration: underline;\">Aeropuerto. Terminales 1 &amp; 2<\/span><\/p>\n<p>Diariamente: 8:30- 20:30 h Cerrado:1\/1 and 25\/12<\/p>\n<p><span style=\"text-decoration: underline;\">Estacio\u0301 de Sants<\/span><\/p>\n<p>Pl.Pai\u0308sos Catalans, s\/n Diariamente: 8:30-20:30 h Cerrado 1\/1 and 25\/12<\/p>\n<p><span style=\"text-decoration: underline;\">Mirador de Colom<\/span><\/p>\n<p>Portal de la Pau s\/n Diariamente: 8:30-20:30h Cerrado : 1\/1 and 25\/12<\/p>\n<\/div>\n<\/div>\n<\/div>\n<\/div>\n<h5 class=\"p1\" style=\"text-align: justify;\"><span style=\"text-decoration: underline; color: #000080;\"><span class=\"s1\">Incluye<\/span><\/span><\/h5>\n<p>Acceso r\u00e1pido a 6 museos: CCCB, MACBA, Fundacio\u0301 Antoni Ta\u0300pies, Fundacio\u0301 Joan Miro\u0301, Museu Nacional d\u2019Art de Catalunya (MNAC) and Museu Picasso.<\/p>\n<h5 class=\"p1\" style=\"text-align: justify;\"><span style=\"color: #000080; text-decoration: underline; font-family: inherit; font-weight: bold;\">Informaci\u00f3n Adicional<\/span><\/h5>\n<p style=\"text-align: justify;\">Lista de precios de la Articket Barcelona Card: 35\u20ac<\/p>\n<blockquote><p>Punto de canjeo: Oficinas de Barcelona turisme.<\/p><\/blockquote>\n<p class=\"p3\" style=\"text-align: justify;\"><span class=\"s1\"><b>Please for special requests send us an email to<\/b><\/span> <span class=\"s2\">booking@barcelonatourstickets.com<\/span><\/p>\n","protected":false},"excerpt":{"rendered":"<p style=\"text-align: justify;\"><strong>Articket permite\u00a0visitar seis de los museos m\u00e1s importantes de Barcelona:<\/strong> Centre de Cultura Contempor\u00e0nia de Barcelona (CCCB), Fundaci\u00f3 Antoni T\u00e0pies, Fundaci\u00f3 Joan Mir\u00f3, Museu d&#8217;Art Contemporani de Barcelona (MACBA), Museu Nacional d&#8217;Art de Catalunya y Museu Picasso.<\/p>\n","protected":false},"featured_media":1413,"comment_status":"closed","ping_status":"closed","template":"","meta":[],"product_brand":[],"product_cat":[25],"product_tag":[126,105,114,69,127,98,99],"class_list":{"0":"post-1263","1":"product","2":"type-product","3":"status-publish","4":"has-post-thumbnail","6":"product_cat-other-activities","7":"product_tag-articket","8":"product_tag-cards","9":"product_tag-multi","10":"product_tag-museum","11":"product_tag-skip","12":"product_tag-traveling-by-yourself","13":"product_tag-traveling-with-partner","15":"first","16":"instock","17":"virtual","18":"sold-individually","19":"purchasable","20":"product-type-booking"},"_links":{"self":[{"href":"https:\/\/www.barcelonatourstickets.com\/es\/wp-json\/wp\/v2\/product\/1263","targetHints":{"allow":["GET"]}}],"collection":[{"href":"https:\/\/www.barcelonatourstickets.com\/es\/wp-json\/wp\/v2\/product"}],"about":[{"href":"https:\/\/www.barcelonatourstickets.com\/es\/wp-json\/wp\/v2\/types\/product"}],"replies":[{"embeddable":true,"href":"https:\/\/www.barcelonatourstickets.com\/es\/wp-json\/wp\/v2\/comments?post=1263"}],"wp:featuredmedia":[{"embeddable":true,"href":"https:\/\/www.barcelonatourstickets.com\/es\/wp-json\/wp\/v2\/media\/1413"}],"wp:attachment":[{"href":"https:\/\/www.barcelonatourstickets.com\/es\/wp-json\/wp\/v2\/media?parent=1263"}],"wp:term":[{"taxonomy":"product_brand","embeddable":true,"href":"https:\/\/www.barcelonatourstickets.com\/es\/wp-json\/wp\/v2\/product_brand?post=1263"},{"taxonomy":"product_cat","embeddable":true,"href":"https:\/\/www.barcelonatourstickets.com\/es\/wp-json\/wp\/v2\/product_cat?post=1263"},{"taxonomy":"product_tag","embeddable":true,"href":"https:\/\/www.barcelonatourstickets.com\/es\/wp-json\/wp\/v2\/product_tag?post=1263"}],"curies":[{"name":"wp","href":"https:\/\/api.w.org\/{rel}","templated":true}]}}