{"id":1275,"date":"2016-11-07T11:29:24","date_gmt":"2016-11-07T10:29:24","guid":{"rendered":"https:\/\/www.barcelonatourstickets.com\/tours\/casa-batllo-skip-the-line\/"},"modified":"2021-01-14T10:37:20","modified_gmt":"2021-01-14T09:37:20","slug":"casa-batllo-skip-the-line","status":"publish","type":"product","link":"https:\/\/www.barcelonatourstickets.com\/es\/tours\/casa-batllo-skip-the-line\/","title":{"rendered":"Casa Batll\u00f3 &#8211; Skip the line!"},"content":{"rendered":"<h4 style=\"text-align: justify;\">Casa Batll\u00f3 &#8211; Skip the line!<\/h4>\n<div class=\"column\">\n<div class=\"BloqueTxt4_3\" style=\"text-align: justify;\">Obra maestra y joya de la arquitectura de Antoni Gaud\u00ed, la Casa Batll\u00f3 es un punto de referencia del modernismo. Situado en el Paseo de Gracia, este edificio destaca entre todos por su dise\u00f1o y colores. Es Patrimonio de la Humanidad por la <a href=\"http:\/\/es.unesco.org\/\" target=\"_blank\" rel=\"noopener noreferrer\">UNESCO<\/a>. La Casa Batll\u00f3,<strong> s\u00edmbolo <\/strong>de la Barcelona modernista, os invita a visitar el que m\u00e1s que un edificio de Gaud\u00ed, es un mito del arte, la arquitectura y el dise\u00f1o universal de todos los tiempos.<\/div>\n<div class=\"BloqueTxt4_3\" style=\"text-align: justify;\">La visita proporciona una experiencia emocionante a aquellos que aman lo\u00a0<strong>fant\u00e1stico<\/strong>, lo <strong>teatral<\/strong> y lo <strong>vital<\/strong>. Detr\u00e1s de la fachada modernista, sus espacios expresan su diferencia en la sucesi\u00f3n m\u00e1s refinada de detalles art\u00edsticos y arquitect\u00f3nicos dise\u00f1ados por Gaud\u00ed con la creatividad m\u00e1s absoluta y el mejor trabajo de los artistas y profesionales de la \u00e9poca. En el estilo modernista de Gaud\u00ed, la <strong>luz<\/strong>, el <strong>color<\/strong> y la <strong>forma <\/strong>se conjugan con la<strong>madera<\/strong>, el <strong>hierro<\/strong>, el <strong>cristal<\/strong>, las <strong>cer\u00e1micas<\/strong>, la <strong>piedra<\/strong> <strong>arenisca<\/strong> de manera fant\u00e1stica y sorprendente.<\/div>\n<div class=\"BloqueTxt4_3\" style=\"text-align: justify;\"><strong>Culturales<\/strong>: audio-guiada por la Planta Noble, antigua vivienda de la familia Batll\u00f3, el Patio de Luces, el Desv\u00e1n, la Azotea con sus chimeneas danzantes. Y se completa con la visita al vest\u00edbulo y la escalinata principal.<strong>\u00a0<\/strong><\/div>\n<\/div>\n<h5 style=\"text-align: justify;\"><span style=\"color: #000080; text-decoration: underline; font-family: inherit; font-weight: bold;\">Casa Batll\u00f3<\/span><\/h5>\n<div class=\"column\" style=\"text-align: justify;\">\n<p>Passeig de Gr\u00e0cia, 43.<\/p>\n<p>Metro L3, parada Pg. de Gr\u00e0cia. Bus: 7, 16, 17, 22 y 24. RENFE: Estaci\u00f3n Pg. de Gr\u00e0cia.<\/p>\n<h5 class=\"p1\" style=\"text-align: justify;\"><span style=\"text-decoration: underline; color: #000080;\"><span class=\"s1\">Horarios<\/span><\/span><\/h5>\n<p>Diariamente* de 9am a 8pm (\u00faltima admisi\u00f3n).<\/p>\n<p>* Este horario puede sufrir alteraciones por reserva de salones para actos y convenciones.<\/p>\n<\/div>\n<div class=\"column\" style=\"text-align: justify;\">\n<p><span style=\"color: #000080; text-decoration: underline; font-family: inherit; font-weight: bold;\">Incluye<\/span><\/p>\n<\/div>\n<p>Entrada de acceso r\u00e1pido.<\/p>\n<p><strong>Audio-gu\u00eda en diferentes idiomas<\/strong>: catal\u00e1n, castellano, ingl\u00e9s, franc\u00e9s, alem\u00e1n, italiano, chino, japon\u00e9s, ruso y portugu\u00e9s.<\/p>\n<h5 class=\"p1\" style=\"text-align: justify;\"><span style=\"text-decoration: underline; color: #000080;\"><span class=\"s1\">Informaci\u00f3n Esencial<\/span><\/span><\/h5>\n<p style=\"text-align: justify;\">Casa Batll\u00f3 Lista de Precios:<\/p>\n<p style=\"text-align: justify;\">Adultos: 25\u20ac | Junior (7 a 18 a\u00f1os): 22\u20ac | Senior (+65): 22\u20ac<\/p>\n<p style=\"text-align: justify;\"><em>Ni\u00f1os menores de 6 a\u00f1os entrada libre<\/em><\/p>\n<p><strong>Accesibilidad:<\/strong> facilidades para invidentes, sordos y silla de ruedas. Ascensor hasta el desv\u00e1n.<\/p>\n<h4 style=\"text-align: justify;\"><span class=\"s1\" style=\"font-size: 14px;\"><b>Please for special requests send us an email to info@tourstickets.com<\/b><\/span><\/h4>","protected":false},"excerpt":{"rendered":"<p style=\"text-align: justify;\">Obra maestra y joya arquitect\u00f3nica de Antoni Gaud\u00ed, arquitecto catal\u00e1n universal, construida en 1904-1906. <strong>Punto de referencia obligado del estilo modernista, situada en el Passeig de Gr\u00e0cia.<\/strong><\/p>\n","protected":false},"featured_media":658,"comment_status":"closed","ping_status":"closed","template":"","meta":[],"product_brand":[],"product_cat":[25],"product_tag":[46,68,105,28,114,69,127,98,97,99],"class_list":{"0":"post-1275","1":"product","2":"type-product","3":"status-publish","4":"has-post-thumbnail","6":"product_cat-other-activities","7":"product_tag-arquitecture","8":"product_tag-art","9":"product_tag-cards","10":"product_tag-highlights","11":"product_tag-multi","12":"product_tag-museum","13":"product_tag-skip","14":"product_tag-traveling-by-yourself","15":"product_tag-traveling-with-children","16":"product_tag-traveling-with-partner","18":"first","19":"instock","20":"virtual","21":"sold-individually","22":"purchasable","23":"product-type-booking"},"_links":{"self":[{"href":"https:\/\/www.barcelonatourstickets.com\/es\/wp-json\/wp\/v2\/product\/1275","targetHints":{"allow":["GET"]}}],"collection":[{"href":"https:\/\/www.barcelonatourstickets.com\/es\/wp-json\/wp\/v2\/product"}],"about":[{"href":"https:\/\/www.barcelonatourstickets.com\/es\/wp-json\/wp\/v2\/types\/product"}],"replies":[{"embeddable":true,"href":"https:\/\/www.barcelonatourstickets.com\/es\/wp-json\/wp\/v2\/comments?post=1275"}],"wp:featuredmedia":[{"embeddable":true,"href":"https:\/\/www.barcelonatourstickets.com\/es\/wp-json\/wp\/v2\/media\/658"}],"wp:attachment":[{"href":"https:\/\/www.barcelonatourstickets.com\/es\/wp-json\/wp\/v2\/media?parent=1275"}],"wp:term":[{"taxonomy":"product_brand","embeddable":true,"href":"https:\/\/www.barcelonatourstickets.com\/es\/wp-json\/wp\/v2\/product_brand?post=1275"},{"taxonomy":"product_cat","embeddable":true,"href":"https:\/\/www.barcelonatourstickets.com\/es\/wp-json\/wp\/v2\/product_cat?post=1275"},{"taxonomy":"product_tag","embeddable":true,"href":"https:\/\/www.barcelonatourstickets.com\/es\/wp-json\/wp\/v2\/product_tag?post=1275"}],"curies":[{"name":"wp","href":"https:\/\/api.w.org\/{rel}","templated":true}]}}