{"id":1285,"date":"2016-11-10T11:49:57","date_gmt":"2016-11-10T10:49:57","guid":{"rendered":"https:\/\/www.barcelonatourstickets.com\/tours\/la-pedrera-skip-the-line\/"},"modified":"2021-01-14T10:37:10","modified_gmt":"2021-01-14T09:37:10","slug":"la-pedrera-skip-the-line","status":"publish","type":"product","link":"https:\/\/www.barcelonatourstickets.com\/es\/tours\/la-pedrera-skip-the-line\/","title":{"rendered":"La Pedrera Skip the line!"},"content":{"rendered":"<h4 style=\"text-align: justify;\">La Pedrera\u00a0&#8211; Skip the line!<\/h4>\n<div class=\"column\">\n<div class=\"BloqueTxt4_3\" style=\"text-align: justify;\">\n<p>Te proponemos una visita a la casa Mil\u00e0, mejor conocida como &#8220;La Pedrera&#8221;, <strong>\u00faltima obra civil del gran arquitecto Antoni Gaud\u00ed<\/strong>, Patrimonio Mundial de la Humanidad por la UNESCO y uno de los m\u00e1ximos exponentes de su legado a la ciudad de Barcelona adem\u00e1s de uno de los edificios m\u00e1s destacados del siglo XX. Por la espectacularidad de la fachada y por la originalidad del terrado, actualmente La Pedrera es\u00a0uno de los edificios m\u00e1s emblem\u00e1ticos de la ciudad de Barcelona, y uno de los m\u00e1ximos exponentes de la obra del gran arquitecto Antoni Gaud\u00ed.<\/p>\n<div class=\"marginsupBloques2\">\n<div class=\"txtgris8\">\n<h6>La visita <b>incluye cuatro de los espacios m\u00e1s significativos <\/b>del edificio:<\/h6>\n<p><i><b>El Terrado<\/b><\/i>: de formas sinuosas y lleno de desniveles, es uno de los elementos m\u00e1s rompedores de la obra de Gaud\u00ed. Destacan las cajas de escalera y chimeneas de formas m\u00e1gicas, que se han convertido en iconos de Gaud\u00ed y de Barcelona.<\/p>\n<p><i><b>El Espacio Gaud\u00ed<\/b><\/i>: situado en uno de los espacios con m\u00e1s car\u00e1cter de la arquitectura gaudiniana, la buhardilla de La Pedrera. Acoge la \u00fanica exposici\u00f3n dedicada a la vida y la obra de Gaud\u00ed, presentando sus creaciones mediante maquetas y planos, objetos y dise\u00f1os, fotograf\u00edas y v\u00eddeos.<\/p>\n<p><i><b>El Piso de la Pedrera<\/b><\/i>: una recreaci\u00f3n de una vivienda de principios del siglo XX que nos acerca al estilo de vida de una familia burguesa, con el mobiliario, equipamientos dom\u00e9sticos de la \u00e9poca y los elementos ornamentales dise\u00f1ados por Gaud\u00ed.<\/p>\n<p><b><i>Los patios<\/i><\/b>: una muestra de las innovaciones de Gaud\u00ed, donde se puede admirar la inspiraci\u00f3n natural de todo el edificio.<\/p>\n<p>Actualmente, el edificio es la sede de la Fundaci\u00f3 Catalunya \u2013 La Pedrera y acoge un importante centro cultural de referencia en la ciudad de Barcelona por el conjunto de actividades que organiza y por los diferentes espacios muse\u00edsticos y de uso p\u00fablico que incluye.<\/p>\n<\/div>\n<\/div>\n<\/div>\n<\/div>\n<h5 style=\"text-align: justify;\"><span style=\"color: #000080; text-decoration: underline; font-family: inherit; font-weight: bold;\">La Pedrera<\/span><\/h5>\n<div class=\"column\" style=\"text-align: justify;\">\n<p>Proven\u00e7a, 261-265. Metro L3 y L5: Diagonal. Bus: 7, 16, 17, 22 y 24. <a href=\"http:\/\/professional.barcelonaturisme.com\/imgfiles\/ecv\/mapapedrera.pdf\" target=\"_blank\" rel=\"noopener noreferrer\">Ver plano.<\/a><\/p>\n<h5 class=\"p1\" style=\"text-align: justify;\"><span style=\"text-decoration: underline; color: #000080;\"><span class=\"s1\">Horarios<\/span><\/span><\/h5>\n<p>De marzo a octubre de 9 am a 8 pm<\/p>\n<p>De noviembre a febrero de 9 am a 6 pm<\/p>\n<p><em>* Para una visita m\u00e1s comfortable, recomendamos visitar La Pedrera por la tarde (a partir de las 16h) o a primera hora de la ma\u00f1ana (de 9 a 10h).<\/em><\/p>\n<p><strong>Cerrado:<\/strong> 25\/12 y del 7 al 13 de enero<\/p>\n<p><span style=\"color: #000080; font-family: inherit; font-weight: bold; text-decoration-line: underline;\">Incluye<\/span><\/p>\n<\/div>\n<p>Entrada de acceso r\u00e1pido.<\/p>\n<p><strong>Audio-gu\u00eda en diferentes idiomas<\/strong>: castellano, ingl\u00e9s, franc\u00e9s, alem\u00e1n, italiano, chino, japon\u00e9s, ruso y portugu\u00e9s.<\/p>\n<h5 class=\"p1\" style=\"text-align: justify;\"><span style=\"text-decoration: underline; color: #000080;\"><span class=\"s1\">Informaci\u00f3n Esencial<\/span><\/span><\/h5>\n<p style=\"text-align: justify;\">Lista de Precios:<\/p>\n<p style=\"text-align: justify;\">Adultos: 24\u20ac | Junior (7 a 12 a\u00f1os): 12\u20ac<\/p>\n<p style=\"text-align: justify;\"><em>Ni\u00f1os menores de 6 a\u00f1os entrada libre<\/em><\/p>\n<p><b>Accesibilidad<\/b>: facilidades para invidentes, sordos, personas con movilidad reducida y en silla de ruedas. Ascensor a todos los espacios de la visita.<\/p>\n<h5 style=\"text-align: justify;\"><span class=\"s1\" style=\"font-size: 14px;\"><b>Please for special requests send us an email to<\/b><\/span> info@tourstickets.com<\/h5>","protected":false},"excerpt":{"rendered":"<p style=\"text-align: justify;\">En el cenit de su carrera profesional, Antoni Gaud\u00ed proyecta La Pedrera, su \u00faltima obra civil y una de las m\u00e1s innovadoras. <strong>La Casa Mil\u00e0, conocida popularmente como La Pedrera, fue\u00a0declarado Patrimonio Mundial de la UNESCO el a\u00f1o 1984.<\/strong><\/p>\n","protected":false},"featured_media":791,"comment_status":"closed","ping_status":"closed","template":"","meta":[],"product_brand":[],"product_cat":[25],"product_tag":[46,68,105,28,114,69,127,98,97,99],"class_list":{"0":"post-1285","1":"product","2":"type-product","3":"status-publish","4":"has-post-thumbnail","6":"product_cat-other-activities","7":"product_tag-arquitecture","8":"product_tag-art","9":"product_tag-cards","10":"product_tag-highlights","11":"product_tag-multi","12":"product_tag-museum","13":"product_tag-skip","14":"product_tag-traveling-by-yourself","15":"product_tag-traveling-with-children","16":"product_tag-traveling-with-partner","18":"first","19":"instock","20":"virtual","21":"sold-individually","22":"purchasable","23":"product-type-booking"},"_links":{"self":[{"href":"https:\/\/www.barcelonatourstickets.com\/es\/wp-json\/wp\/v2\/product\/1285","targetHints":{"allow":["GET"]}}],"collection":[{"href":"https:\/\/www.barcelonatourstickets.com\/es\/wp-json\/wp\/v2\/product"}],"about":[{"href":"https:\/\/www.barcelonatourstickets.com\/es\/wp-json\/wp\/v2\/types\/product"}],"replies":[{"embeddable":true,"href":"https:\/\/www.barcelonatourstickets.com\/es\/wp-json\/wp\/v2\/comments?post=1285"}],"wp:featuredmedia":[{"embeddable":true,"href":"https:\/\/www.barcelonatourstickets.com\/es\/wp-json\/wp\/v2\/media\/791"}],"wp:attachment":[{"href":"https:\/\/www.barcelonatourstickets.com\/es\/wp-json\/wp\/v2\/media?parent=1285"}],"wp:term":[{"taxonomy":"product_brand","embeddable":true,"href":"https:\/\/www.barcelonatourstickets.com\/es\/wp-json\/wp\/v2\/product_brand?post=1285"},{"taxonomy":"product_cat","embeddable":true,"href":"https:\/\/www.barcelonatourstickets.com\/es\/wp-json\/wp\/v2\/product_cat?post=1285"},{"taxonomy":"product_tag","embeddable":true,"href":"https:\/\/www.barcelonatourstickets.com\/es\/wp-json\/wp\/v2\/product_tag?post=1285"}],"curies":[{"name":"wp","href":"https:\/\/api.w.org\/{rel}","templated":true}]}}