{"id":1660,"date":"2017-04-25T12:56:27","date_gmt":"2017-04-25T10:56:27","guid":{"rendered":"https:\/\/www.barcelonatourstickets.com\/tours\/half-day-montsderrat-tour\/"},"modified":"2021-01-14T10:32:35","modified_gmt":"2021-01-14T09:32:35","slug":"half-day-montsderrat-tour","status":"publish","type":"product","link":"https:\/\/www.barcelonatourstickets.com\/es\/tours\/half-day-montsderrat-tour\/","title":{"rendered":"Tour de medio d\u00eda a Montserrat"},"content":{"rendered":"<h4 style=\"text-align: justify;\">Tour Medio D\u00eda a Monserrat<\/h4>\n<div class=\"column\" style=\"text-align: justify;\">\n<div class=\"section\">\n<div class=\"section\">\n<p>Venga conocer la monta\u00f1a m\u00e1gica de Montserrat en este viaje en autob\u00fas de medio d\u00eda desde Barcelona. Disfruta de espectaculares vistas de las monta\u00f1as mientras viajas en el tren cremallera y sorpr\u00e9ndete con las voces celestiales del mundialmente famoso coro de ni\u00f1os de Escolania de Montserrat.<\/p>\n<p>Despu\u00e9s de salir de Barcelona por la ma\u00f1ana, llegar\u00e1s a Montserrat para una visita totalmente guiada con un gu\u00eda local. Conocer\u00e1s lo m\u00e1s destacado del pueblo, incluido el Monasterio Benedictino y la estatua de la Virgen de Montserrat. Disfrute de viajar en el tren cremallera para admirar las impresionantes vistas desde la cima de Montserrat. Y la mejor manera de terminar su d\u00eda es visitar la bas\u00edlica donde podr\u00e1 escuchar al coro de ni\u00f1os, la Escolania de Montserrat, serenata con su recital del himno a la Virgen.<\/p>\n<\/div>\n<\/div>\n<\/div>\n<h5 style=\"text-align: justify;\"><span style=\"color: #000080; text-decoration: underline; font-family: inherit; font-weight: bold;\">Tour de medio d\u00eda a Montserrat\u00a0<\/span><span style=\"color: #000080; text-decoration: underline; font-family: inherit; font-weight: bold;\">punto de partida y finalizaci\u00f3n<\/span><\/h5>\n<div class=\"column\" style=\"text-align: justify;\">\n<ul>\n<li><strong>Salida<\/strong> a las 10:00h des de Pl. Catalunya (delante de la tienda Desigual). Presentaci\u00f3n 20 minutos antes de la salida.<\/li>\n<\/ul>\n<\/div>\n<h5 class=\"p3\" style=\"text-align: justify;\"><span style=\"color: #000080; text-decoration: underline; font-family: inherit; font-weight: bold;\">Salidas<\/span><\/h5>\n<ul>\n<li class=\"p3\" style=\"text-align: justify;\">Del marzo a noviembre<\/li>\n<\/ul>\n<p class=\"p3\" style=\"text-align: justify;\">Todos los d\u00edas a las 10:00 am, excepto los s\u00e1bados<\/p>\n<ul>\n<li>De noviembre a marzo<\/li>\n<\/ul>\n<p>Mi\u00e9rcoles y domingos a las 10:00 am<\/p>\n<h5 class=\"p1\" style=\"text-align: justify;\"><span style=\"text-decoration: underline;\"><span class=\"s1\" style=\"color: #000080; text-decoration: underline;\">Incluye<\/span><\/span><\/h5>\n<div class=\"column\" style=\"text-align: justify;\">\n<div class=\"column\">\n<ul>\n<li>Transporte en autob\u00fas desde Barcelona.<\/li>\n<li>Visita al espacio audiovisual de Montserrat.<\/li>\n<li>Entrada al Museo de Montserrat.<\/li>\n<li>Billete de tren cremallera hasta Monistrol de Montserrat.<\/li>\n<\/ul>\n<\/div>\n<\/div>\n<h5 class=\"p3\" style=\"text-align: justify;\"><span style=\"color: #000080; text-decoration: underline; font-family: inherit; font-weight: bold;\">Excluye<\/span><\/h5>\n<div class=\"column\" style=\"text-align: justify;\">&#8211; \u00a0Recogidas en el hotel<\/div>\n<div class=\"column\" style=\"text-align: justify;\">&#8211; \u00a0Cualquier comida o bebida que no haya sido especificada en &#8220;Incluye&#8221;<\/div>\n<h5 class=\"p1\" style=\"text-align: justify;\"><span style=\"text-decoration: underline; color: #000080;\"><span class=\"s1\">Informaci\u00f3n Adicional<\/span><\/span><\/h5>\n<p class=\"p3\" style=\"text-align: justify;\"><span class=\"s1\"><b>Duraci\u00f3n:<\/b><\/span> 6 horas<\/p>\n<p class=\"p3\" style=\"text-align: justify;\"><span class=\"s1\"><b>Precio:<\/b><\/span> 50 euros adultos | ni\u00f1os (1-8) gratis<\/p>\n<p style=\"text-align: justify;\"><strong>Idiomas: <\/strong>catal\u00e1n, castellano e ingl\u00e9s.<\/p>\n<p class=\"p3\" style=\"text-align: justify;\"><span class=\"s1\"><b>Please for special requests send us an email to<\/b><\/span> info@tourstickets.com<\/p>","protected":false},"excerpt":{"rendered":"<p style=\"text-align: justify;\">Un itinerario guiado por los exteriores del Monasterio para descubrir la historia de Montserrat y su importante patrimonio art\u00edstico.<\/p>\n","protected":false},"featured_media":1665,"comment_status":"closed","ping_status":"closed","template":"","meta":[],"product_brand":[],"product_cat":[100,61,17,18],"product_tag":[67,57,93,28,41,114,62,29,98,97,99],"class_list":{"0":"post-1660","1":"product","2":"type-product","3":"status-publish","4":"has-post-thumbnail","6":"product_cat-montserrat-tours","7":"product_cat-shore-excursions","8":"product_cat-1-day-tours","9":"product_cat-from-barcelona","10":"product_tag-by-bus","11":"product_tag-countryside","12":"product_tag-from-barcelona","13":"product_tag-highlights","14":"product_tag-montserrat","15":"product_tag-multi","16":"product_tag-shore-excursions","17":"product_tag-sightseeing","18":"product_tag-traveling-by-yourself","19":"product_tag-traveling-with-children","20":"product_tag-traveling-with-partner","22":"first","23":"instock","24":"virtual","25":"sold-individually","26":"purchasable","27":"product-type-booking"},"_links":{"self":[{"href":"https:\/\/www.barcelonatourstickets.com\/es\/wp-json\/wp\/v2\/product\/1660","targetHints":{"allow":["GET"]}}],"collection":[{"href":"https:\/\/www.barcelonatourstickets.com\/es\/wp-json\/wp\/v2\/product"}],"about":[{"href":"https:\/\/www.barcelonatourstickets.com\/es\/wp-json\/wp\/v2\/types\/product"}],"replies":[{"embeddable":true,"href":"https:\/\/www.barcelonatourstickets.com\/es\/wp-json\/wp\/v2\/comments?post=1660"}],"wp:featuredmedia":[{"embeddable":true,"href":"https:\/\/www.barcelonatourstickets.com\/es\/wp-json\/wp\/v2\/media\/1665"}],"wp:attachment":[{"href":"https:\/\/www.barcelonatourstickets.com\/es\/wp-json\/wp\/v2\/media?parent=1660"}],"wp:term":[{"taxonomy":"product_brand","embeddable":true,"href":"https:\/\/www.barcelonatourstickets.com\/es\/wp-json\/wp\/v2\/product_brand?post=1660"},{"taxonomy":"product_cat","embeddable":true,"href":"https:\/\/www.barcelonatourstickets.com\/es\/wp-json\/wp\/v2\/product_cat?post=1660"},{"taxonomy":"product_tag","embeddable":true,"href":"https:\/\/www.barcelonatourstickets.com\/es\/wp-json\/wp\/v2\/product_tag?post=1660"}],"curies":[{"name":"wp","href":"https:\/\/api.w.org\/{rel}","templated":true}]}}