{"id":1668,"date":"2017-04-25T14:03:24","date_gmt":"2017-04-25T12:03:24","guid":{"rendered":"https:\/\/www.barcelonatourstickets.com\/tours\/half-day-montserrat-tour-copy\/"},"modified":"2021-01-14T10:32:18","modified_gmt":"2021-01-14T09:32:18","slug":"pyrenees-vall-de-nuria","status":"publish","type":"product","link":"https:\/\/www.barcelonatourstickets.com\/es\/tours\/pyrenees-vall-de-nuria\/","title":{"rendered":"Pirineos: Valle de Nuria"},"content":{"rendered":"<h4 style=\"text-align: justify;\">Visita a los Pirineos: Valle de Nuria<\/h4>\n<div class=\"column\" style=\"text-align: justify;\">\n<div class=\"section\">\n<div class=\"section\">\n<p style=\"text-align: justify;\">Entre <strong>cimas de casi 3000 metros de altitud<\/strong> se encuentra el acogedor Valle de Nuria, donde su preservada flora y fauna aguardan tu llegada, para que disfrutes de un d\u00eda inolvidable.<\/p>\n<p style=\"text-align: justify;\">S\u00fabete al singular tren cremallera y descubre el paradis\u00edaco Valle de Nuria. Podr\u00e1s contemplar espectaculares vistas desde el aire, pasear entre magn\u00edficos bosques, saborear apetitosos embutidos tradicionales.<br \/>\nIniciar\u00e1s tu viaje subiendo al <strong>tren cremallera<\/strong>, con el que recorrer\u00e1s m\u00e1s de 10 kil\u00f3metros con un desnivel de 1000 metros. Tendr\u00e1s una <strong>panor\u00e1mica privilegiada<\/strong> del valle desde el aire, en el Telecabina. Una vez en Nuria podr\u00e1s visitar el Santuario, contemplar el lago o pasear por los m\u00faltiples caminos se\u00f1alizados que encontrar\u00e1s.<\/p>\n<p>Por \u00faltimo degustar\u00e1s <strong>apetitosos embutidos<\/strong> de la zona y el licor de Nuria.<\/p>\n<\/div>\n<\/div>\n<\/div>\n<h5 style=\"text-align: justify;\"><span style=\"color: #000080; text-decoration: underline; font-family: inherit; font-weight: bold;\">Pirineos: Valle de Nuria\u00a0<\/span><span style=\"color: #000080; text-decoration: underline; font-family: inherit; font-weight: bold;\">punto de partida y finalizaci\u00f3n<\/span><\/h5>\n<div class=\"column\" style=\"text-align: justify;\">\n<ul>\n<li><strong>Salida<\/strong> a las 8:30h des de Pl. Catalunya (delante de El Corte Ingl\u00e9s). Presentaci\u00f3n 20 minutos antes de la salida. <a href=\"http:\/\/professional.barcelonaturisme.com\/imgfiles\/ecv\/cbt\/terminalcbt.pdf\" target=\"_blank\" rel=\"noopener noreferrer\">Ver plano<\/a><\/li>\n<\/ul>\n<\/div>\n<h5 class=\"p3\" style=\"text-align: justify;\"><span style=\"color: #000080; text-decoration: underline; font-family: inherit; font-weight: bold;\">Salidas<\/span><\/h5>\n<p class=\"p3\" style=\"text-align: justify;\">S\u00e1bados a las 8:30 am del 4 de mayo hasta el 28 de septiembre<\/p>\n<h5 class=\"p1\" style=\"text-align: justify;\"><span style=\"text-decoration: underline;\"><span class=\"s1\" style=\"color: #000080; text-decoration: underline;\">Incluye<\/span><\/span><\/h5>\n<div class=\"column\" style=\"text-align: justify;\">\n<div class=\"column\">\n<ul>\n<li>Viaje en autocar completamente equipado.<\/li>\n<li>Visita guiada al Monasterio de sta. Maria de Ripoll.<\/li>\n<li>Tren cremallera hasta el Valle de Nuria.<\/li>\n<li>Visita guiada orientativa.<\/li>\n<li>Paseo panor\u00e1mico en Telecabina.<\/li>\n<li>Degustaci\u00f3n de embutidos y licor tradicionales.<\/li>\n<\/ul>\n<\/div>\n<\/div>\n<h5 class=\"p3\" style=\"text-align: justify;\"><span style=\"color: #000080; text-decoration: underline; font-family: inherit; font-weight: bold;\">Excluye<\/span><\/h5>\n<div class=\"column\" style=\"text-align: justify;\">&#8211; \u00a0Recogidas en el hotel<\/div>\n<div class=\"column\" style=\"text-align: justify;\">&#8211; \u00a0Cualquier comida o bebida que no haya sido especificada en &#8220;Incluye&#8221;<\/div>\n<h5 class=\"p1\" style=\"text-align: justify;\"><span style=\"text-decoration: underline; color: #000080;\"><span class=\"s1\">Informaci\u00f3n Adicional<\/span><\/span><\/h5>\n<p class=\"p3\" style=\"text-align: justify;\"><span class=\"s1\"><b>Duraci\u00f3n:<\/b><\/span>\u00a011 horas<\/p>\n<p class=\"p3\" style=\"text-align: justify;\"><span class=\"s1\"><b>Precio:<\/b><\/span> 74 euros adultos | ni\u00f1os (1-8) gratis<\/p>\n<p style=\"text-align: justify;\"><strong>Idiomas: <\/strong>catal\u00e1n, castellano e ingl\u00e9s.<\/p>\n<p style=\"text-align: justify;\"><b>Gu\u00eda de audio en 10 idiomas<\/b>: catal\u00e1n, castellano, ingl\u00e9s, franc\u00e9s, alem\u00e1n, italiano, japon\u00e9s, chino, portugu\u00e9s y ruso. La misma gu\u00eda de audio es v\u00e1lida para las tres rutas y tiene un coste adicional de 5\u20ac. Recomendable la compra de la audiogu\u00eda unicamente para aquellas personas que no hablen castellano,\u00a0catal\u00e1n\u00a0ni ingl\u00e9s.<\/p>\n<p class=\"p1\"><b>Para peticiones especiales, no dude en contactar con nosotros v\u00eda mail:<\/b> info@tourstickets.com o haga click <a href=\"https:\/\/www.barcelonatourstickets.com\/contact\/\"><span class=\"s1\">aqu\u00ed<\/span><\/a><\/p>","protected":false},"excerpt":{"rendered":"<p style=\"text-align: justify;\">S\u00fabete al singular tren cremallera y <strong>descubre el paradis\u00edaco Valle de Nuria<\/strong>. Podr\u00e1s contemplar espectaculares vistas desde el aire, pasear entre magn\u00edficos bosques, saborear apetitosos embutidos tradicionales.<\/p>\n","protected":false},"featured_media":1671,"comment_status":"closed","ping_status":"closed","template":"","meta":[],"product_brand":[],"product_cat":[61,17,18],"product_tag":[67,57,93,28,114,62,29,98,97,99],"class_list":{"0":"post-1668","1":"product","2":"type-product","3":"status-publish","4":"has-post-thumbnail","6":"product_cat-shore-excursions","7":"product_cat-1-day-tours","8":"product_cat-from-barcelona","9":"product_tag-by-bus","10":"product_tag-countryside","11":"product_tag-from-barcelona","12":"product_tag-highlights","13":"product_tag-multi","14":"product_tag-shore-excursions","15":"product_tag-sightseeing","16":"product_tag-traveling-by-yourself","17":"product_tag-traveling-with-children","18":"product_tag-traveling-with-partner","20":"first","21":"instock","22":"virtual","23":"sold-individually","24":"purchasable","25":"product-type-booking"},"_links":{"self":[{"href":"https:\/\/www.barcelonatourstickets.com\/es\/wp-json\/wp\/v2\/product\/1668","targetHints":{"allow":["GET"]}}],"collection":[{"href":"https:\/\/www.barcelonatourstickets.com\/es\/wp-json\/wp\/v2\/product"}],"about":[{"href":"https:\/\/www.barcelonatourstickets.com\/es\/wp-json\/wp\/v2\/types\/product"}],"replies":[{"embeddable":true,"href":"https:\/\/www.barcelonatourstickets.com\/es\/wp-json\/wp\/v2\/comments?post=1668"}],"wp:featuredmedia":[{"embeddable":true,"href":"https:\/\/www.barcelonatourstickets.com\/es\/wp-json\/wp\/v2\/media\/1671"}],"wp:attachment":[{"href":"https:\/\/www.barcelonatourstickets.com\/es\/wp-json\/wp\/v2\/media?parent=1668"}],"wp:term":[{"taxonomy":"product_brand","embeddable":true,"href":"https:\/\/www.barcelonatourstickets.com\/es\/wp-json\/wp\/v2\/product_brand?post=1668"},{"taxonomy":"product_cat","embeddable":true,"href":"https:\/\/www.barcelonatourstickets.com\/es\/wp-json\/wp\/v2\/product_cat?post=1668"},{"taxonomy":"product_tag","embeddable":true,"href":"https:\/\/www.barcelonatourstickets.com\/es\/wp-json\/wp\/v2\/product_tag?post=1668"}],"curies":[{"name":"wp","href":"https:\/\/api.w.org\/{rel}","templated":true}]}}