{"id":1681,"date":"2017-04-28T11:03:13","date_gmt":"2017-04-28T09:03:13","guid":{"rendered":"https:\/\/www.barcelonatourstickets.com\/tours\/hola-barcelona-card\/"},"modified":"2021-01-14T10:32:08","modified_gmt":"2021-01-14T09:32:08","slug":"hola-barcelona-card","status":"publish","type":"product","link":"https:\/\/www.barcelonatourstickets.com\/es\/tours\/hola-barcelona-card\/","title":{"rendered":"Hola Barcelona Card"},"content":{"rendered":"<h4 style=\"text-align: justify;\">Hola Barcelona\u00a0Card<\/h4>\n<div style=\"text-align: justify;\">\n<p style=\"text-align: justify;\">Barcelona es una ciudad para descubrir caminando, para perderse en las callejuelas de sus barrios, disfrutar de sus \u00e1reas verdes i pasear por el frente mar\u00edtimo con <strong>Hola Barcelona<\/strong>. Por eso el mejor m\u00e9todo de transporte es la red de metro y bus de la ciudad, <strong>una de las mejores de Europa<\/strong>.<\/p>\n<p style=\"text-align: justify;\">D\u00e9jate sorprender por la ciudad con la tranquilidad de poder cambiar de idea, sin tener que regresar para recoger un veh\u00edculo o utilizar un transporte concreto, con las tarjetas de transporte con viajes ilimitados para 48, 72, 96 o 120 horas de la red ferroviaria integrada central.<\/p>\n<p style=\"text-align: justify;\">Podr\u00e1s <strong>subir y bajar tantas veces como necesites<\/strong> a cualquier tranv\u00eda, bus y l\u00ednea de metro TMB, adem\u00e1s de las l\u00edneas urbanas de los Ferrocarriles de la Generalitat (FGC) y las l\u00edneas de cercan\u00edas de RENFE. Aprovecha tu tarjeta tambi\u00e9n para los trayectos desde el aeropuerto del Prat, la puedes recoger directamente en las oficinas de turismo de las dos terminales.<\/p>\n<p style=\"text-align: justify;\">Con las tarjetas de transporte con viajes ilimitados, Hola Barcelona, para 48, 72, 96 o 120 horas, te podr\u00e1s mover por toda la ciudad y cercan\u00edas ahorrando tiempo y dinero. Descubre Barcelona a tu aire y sin preocupaciones ya que podr\u00e1s subir y bajar del metro, bus y tranv\u00eda entre otros, tantas veces como quieras.<\/p>\n<\/div>\n<h5 style=\"text-align: justify;\"><span style=\"color: #000080; text-decoration: underline; font-family: inherit; font-weight: bold;\">Hola Barcelona\u00a0Card punto de recogida<\/span><\/h5>\n<div class=\"column\" style=\"text-align: justify;\">\n<p><strong>Oficinas de Turismo mencionadas a continuaci\u00f3n:<\/strong><\/p>\n<p><span style=\"text-decoration: underline;\">Plac\u0327a de Catalunya<\/span><\/p>\n<div class=\"section\">\n<div class=\"layoutArea\">\n<div class=\"column\">\n<p>Pl.Catalunya, 17 S Daily: 8:30- 21 h<\/p>\n<p>Cerrada: 1\/1 and 25\/12<\/p>\n<p><span style=\"text-decoration: underline;\">Plac\u0327a de Sant Jaume<\/span><\/p>\n<p>Lunes a viernes: 8:30-20:30 h\u00a0Sabados 9-19 h<\/p>\n<p>Domingos y Festivos: 9-14 h Cerrado: 1\/1 and 25\/12<\/p>\n<\/div>\n<\/div>\n<div class=\"layoutArea\">\n<div class=\"column\">\n<p><span style=\"text-decoration: underline;\">Aeropuerto. Terminales 1 &amp; 2<\/span><\/p>\n<p>Diariamente: 8:30- 20:30 h Cerrado:1\/1 and 25\/12<\/p>\n<p><span style=\"text-decoration: underline;\">Estacio\u0301 de Sants<\/span><\/p>\n<p>Pl.Pai\u0308sos Catalans, s\/n Diariamente: 8:30-20:30 h Cerrado 1\/1 and 25\/12<\/p>\n<p><span style=\"text-decoration: underline;\">Mirador de Colom<\/span><\/p>\n<p>Portal de la Pau s\/n Diariamente: 8:30-20:30h Cerrado : 1\/1 and 25\/12<\/p>\n<\/div>\n<\/div>\n<\/div>\n<\/div>\n<h5 class=\"p1\" style=\"text-align: justify;\"><span style=\"text-decoration: underline; color: #000080;\"><span class=\"s1\">Incluye<\/span><\/span><\/h5>\n<p>Tarjeta de transporte con viajes ilimitados para 48, 72, 96 o 120 horas desde la primera validaci\u00f3n.<\/p>\n<p>V\u00e1lida para todas las l\u00edneas de metro y bus de Transports Metropolitans de Barcelona (TMB), l\u00edneas urbanas de Ferrocarrils de la Generalitat de Catalunya (FCG), TRAM, l\u00edneas de Cercan\u00edas Renfe zona 1 y metro y tren al aeropuerto de Barcelona.<\/p>\n<h5 class=\"p1\" style=\"text-align: justify;\"><span style=\"color: #000080; text-decoration: underline; font-family: inherit; font-weight: bold;\">Informaci\u00f3n Adicional<\/span><\/h5>\n<p style=\"text-align: justify;\">Lista de precios de Hola Barcelona Card:<\/p>\n<p style=\"text-align: justify;\">48 horas: 15,20\u20ac<\/p>\n<p style=\"text-align: justify;\">72 horas: adult 22,20\u20ac<\/p>\n<p style=\"text-align: justify;\">96 horas: 28,80\u20ac<\/p>\n<p>120 horas: 35,40\u20ac<\/p>\n<blockquote><p>Punto de canjeo: Oficinas de Barcelona turisme.<\/p><\/blockquote>\n<p class=\"p1\"><b>Para peticiones especiales, no dude en contactar con nosotros v\u00eda mail:<\/b>\u00a0booking@barcelonatourstickets.com o haga click\u00a0<a href=\"https:\/\/www.barcelonatourstickets.com\/contact\/\"><span class=\"s1\">aqu\u00ed<\/span><\/a><\/p>","protected":false},"excerpt":{"rendered":"<p style=\"text-align: justify;\"><strong>Descubre Barcelona a tu aire y sin preocupaciones<\/strong> ya que podr\u00e1s subir y bajar del metro, bus y tranv\u00eda entre otros, tantas veces como quieras.<\/p>\n","protected":false},"featured_media":1690,"comment_status":"closed","ping_status":"closed","template":"","meta":[],"product_brand":[],"product_cat":[24,25],"product_tag":[105,114,69,106,125,98,97,99],"class_list":{"0":"post-1681","1":"product","2":"type-product","3":"status-publish","4":"has-post-thumbnail","6":"product_cat-transfers","7":"product_cat-other-activities","8":"product_tag-cards","9":"product_tag-multi","10":"product_tag-museum","11":"product_tag-public-transport","12":"product_tag-save","13":"product_tag-traveling-by-yourself","14":"product_tag-traveling-with-children","15":"product_tag-traveling-with-partner","17":"first","18":"instock","19":"virtual","20":"sold-individually","21":"purchasable","22":"product-type-booking"},"_links":{"self":[{"href":"https:\/\/www.barcelonatourstickets.com\/es\/wp-json\/wp\/v2\/product\/1681","targetHints":{"allow":["GET"]}}],"collection":[{"href":"https:\/\/www.barcelonatourstickets.com\/es\/wp-json\/wp\/v2\/product"}],"about":[{"href":"https:\/\/www.barcelonatourstickets.com\/es\/wp-json\/wp\/v2\/types\/product"}],"replies":[{"embeddable":true,"href":"https:\/\/www.barcelonatourstickets.com\/es\/wp-json\/wp\/v2\/comments?post=1681"}],"wp:featuredmedia":[{"embeddable":true,"href":"https:\/\/www.barcelonatourstickets.com\/es\/wp-json\/wp\/v2\/media\/1690"}],"wp:attachment":[{"href":"https:\/\/www.barcelonatourstickets.com\/es\/wp-json\/wp\/v2\/media?parent=1681"}],"wp:term":[{"taxonomy":"product_brand","embeddable":true,"href":"https:\/\/www.barcelonatourstickets.com\/es\/wp-json\/wp\/v2\/product_brand?post=1681"},{"taxonomy":"product_cat","embeddable":true,"href":"https:\/\/www.barcelonatourstickets.com\/es\/wp-json\/wp\/v2\/product_cat?post=1681"},{"taxonomy":"product_tag","embeddable":true,"href":"https:\/\/www.barcelonatourstickets.com\/es\/wp-json\/wp\/v2\/product_tag?post=1681"}],"curies":[{"name":"wp","href":"https:\/\/api.w.org\/{rel}","templated":true}]}}