{"id":1692,"date":"2017-04-28T11:57:17","date_gmt":"2017-04-28T09:57:17","guid":{"rendered":"https:\/\/www.barcelonatourstickets.com\/tours\/la-pedrera-the-origins\/"},"modified":"2021-01-14T10:31:55","modified_gmt":"2021-01-14T09:31:55","slug":"la-pedrera-the-origins","status":"publish","type":"product","link":"https:\/\/www.barcelonatourstickets.com\/es\/tours\/la-pedrera-the-origins\/","title":{"rendered":"La Pedrera: El Origen!"},"content":{"rendered":"<h4 style=\"text-align: justify;\">La Pedrera\u00a0&#8211; The Origins!<\/h4>\n<div class=\"column\">\n<div class=\"BloqueTxt4_3\" style=\"text-align: justify;\">\n<p><strong>Una experiencia \u00fanica por la noche en el edificio ic\u00f3nico de Gaud\u00ed.<\/strong> Descubra c\u00f3mo La Pedrera cambia al caer la noche cuando el edificio se transforma y su silueta m\u00e1gica acoge un nuevo y misterioso paisaje nocturno, como en un bosque, en el desierto y en la gran musa de Antoni Gaud\u00ed, la naturaleza.<\/p>\n<p>Esta visita \u00edntima y exclusiva revelar\u00e1 los secretos ocultos que el edificio revela cuando cae la noche.<\/p>\n<p>Ser\u00e1s un testigo privilegiado de una incre\u00edble\u00a0exhibici\u00f3n audiovisual en la azotea de La Pedrera, proyecciones en diferentes espacios, recorridos de los espacios m\u00e1s destacados del edificio. Vidas, costumbres y an\u00e9cdotas sobre las personas que vivieron en este singular edificio hace 100 a\u00f1os.<\/p>\n<p>La visita incluye una copa de cava.<\/p>\n<\/div>\n<\/div>\n<h5 style=\"text-align: justify;\"><span style=\"color: #000080; text-decoration: underline; font-family: inherit; font-weight: bold;\">La Pedrera<\/span><\/h5>\n<div class=\"column\" style=\"text-align: justify;\">\n<p>Proven\u00e7a, 261-265. Metro L3 y L5: Diagonal. Bus: 7, 16, 17, 22 y 24. <a href=\"http:\/\/professional.barcelonaturisme.com\/imgfiles\/ecv\/mapapedrera.pdf\" target=\"_blank\" rel=\"noopener noreferrer\">Ver plano.<\/a><\/p>\n<h5 class=\"p1\" style=\"text-align: justify;\"><span style=\"text-decoration: underline; color: #000080;\"><span class=\"s1\">Horarios<\/span><\/span><\/h5>\n<p class=\"p1\" style=\"text-align: justify;\">1,2 y 3 de Enero: 9:00 pm<\/p>\n<p class=\"p1\" style=\"text-align: justify;\">Horario de Invierno:<\/p>\n<p class=\"p1\" style=\"text-align: justify;\">&#8211; del 4 de Enero al 26 de Febrero: 7:00 pm<\/p>\n<p class=\"p1\" style=\"text-align: justify;\">&#8211; del 1 de Noviembre al 18 de Diciembre: 7:00 pm<\/p>\n<p class=\"p1\" style=\"text-align: justify;\">Horario de Verano:<\/p>\n<p class=\"p1\" style=\"text-align: justify;\">-del 27 de Febrero al 31 de Octubre: 10:00 pm<\/p>\n<p class=\"p1\" style=\"text-align: justify;\">&#8211; Viernes y S\u00e1bados del 17 de Junio al 21 de Agosto: 10:40 pm<\/p>\n<p><strong>Cerrado:<\/strong> 25\/12, y del 9\u00a0al 15 de enero.<\/p>\n<\/div>\n<div class=\"column\" style=\"text-align: justify;\">\n<p><span style=\"color: #000080; text-decoration: underline; font-family: inherit; font-weight: bold;\">Incluye<\/span><\/p>\n<\/div>\n<p>Entrada de acceso r\u00e1pido.<\/p>\n<p>Copa de cava.<\/p>\n<p><strong>Audio-gu\u00eda en diferentes idiomas<\/strong>: castellano, ingl\u00e9s, franc\u00e9s, alem\u00e1n, italiano, chino, japon\u00e9s, ruso y portugu\u00e9s.<\/p>\n<h5 class=\"p1\" style=\"text-align: justify;\"><span style=\"text-decoration: underline; color: #000080;\"><span class=\"s1\">Informaci\u00f3n Esencial<\/span><\/span><\/h5>\n<p style=\"text-align: justify;\">Lista de Precios:<\/p>\n<p style=\"text-align: justify;\">Adultos: 34\u20ac | Junior (7 a 12 a\u00f1os): 17\u20ac<\/p>\n<p style=\"text-align: justify;\"><em>Ni\u00f1os menores de 6 a\u00f1os entrada libre<\/em><\/p>\n<p><b>Accesibilidad<\/b>: facilidades para invidentes, sordos, personas con movilidad reducida y en silla de ruedas. Ascensor a todos los espacios de la visita.<\/p>\n<p class=\"p1\"><b>Para peticiones especiales, no dude en contactar con nosotros v\u00eda mail:<\/b> info@tourstickets.com o haga click <a href=\"https:\/\/www.barcelonatourstickets.com\/contact\/\"><span class=\"s1\">aqu\u00ed<\/span><\/a><\/p>","protected":false},"excerpt":{"rendered":"<p style=\"text-align: justify;\">Descubra c\u00f3mo La Pedrera cambia al caer la noche cuando el edificio se transforma y su silueta m\u00e1gica acoge un nuevo y misterioso paisaje nocturno, como en un bosque, en el desierto y en la gran musa de Antoni Gaud\u00ed, la naturaleza.<\/p>\n","protected":false},"featured_media":1696,"comment_status":"closed","ping_status":"closed","template":"","meta":[],"product_brand":[],"product_cat":[25],"product_tag":[128,68,105,28,114,69,127,99],"class_list":{"0":"post-1692","1":"product","2":"type-product","3":"status-publish","4":"has-post-thumbnail","6":"product_cat-other-activities","7":"product_tag-architecture","8":"product_tag-art","9":"product_tag-cards","10":"product_tag-highlights","11":"product_tag-multi","12":"product_tag-museum","13":"product_tag-skip","14":"product_tag-traveling-with-partner","16":"first","17":"instock","18":"virtual","19":"sold-individually","20":"purchasable","21":"product-type-booking"},"_links":{"self":[{"href":"https:\/\/www.barcelonatourstickets.com\/es\/wp-json\/wp\/v2\/product\/1692","targetHints":{"allow":["GET"]}}],"collection":[{"href":"https:\/\/www.barcelonatourstickets.com\/es\/wp-json\/wp\/v2\/product"}],"about":[{"href":"https:\/\/www.barcelonatourstickets.com\/es\/wp-json\/wp\/v2\/types\/product"}],"replies":[{"embeddable":true,"href":"https:\/\/www.barcelonatourstickets.com\/es\/wp-json\/wp\/v2\/comments?post=1692"}],"wp:featuredmedia":[{"embeddable":true,"href":"https:\/\/www.barcelonatourstickets.com\/es\/wp-json\/wp\/v2\/media\/1696"}],"wp:attachment":[{"href":"https:\/\/www.barcelonatourstickets.com\/es\/wp-json\/wp\/v2\/media?parent=1692"}],"wp:term":[{"taxonomy":"product_brand","embeddable":true,"href":"https:\/\/www.barcelonatourstickets.com\/es\/wp-json\/wp\/v2\/product_brand?post=1692"},{"taxonomy":"product_cat","embeddable":true,"href":"https:\/\/www.barcelonatourstickets.com\/es\/wp-json\/wp\/v2\/product_cat?post=1692"},{"taxonomy":"product_tag","embeddable":true,"href":"https:\/\/www.barcelonatourstickets.com\/es\/wp-json\/wp\/v2\/product_tag?post=1692"}],"curies":[{"name":"wp","href":"https:\/\/api.w.org\/{rel}","templated":true}]}}