{"id":1970,"date":"2017-07-20T13:01:47","date_gmt":"2017-07-20T11:01:47","guid":{"rendered":"https:\/\/www.barcelonatourstickets.com\/?post_type=product&#038;p=1970"},"modified":"2021-01-14T10:31:45","modified_gmt":"2021-01-14T09:31:45","slug":"egyptian-museum-barcelona","status":"publish","type":"product","link":"https:\/\/www.barcelonatourstickets.com\/es\/tours\/egyptian-museum-barcelona\/","title":{"rendered":"Museo Egipcio de Barcelona"},"content":{"rendered":"<h4 style=\"text-align: justify;\">Descubre los secretos del Antiguo Egipto en Barcelona!<\/h4>\n<div class=\"column\">\n<div class=\"BloqueTxt4_3\" style=\"text-align: justify;\">\n<div class=\"BloqueTxt4_3\">La Fundaci\u00f3n Arqueol\u00f3gica Clos\u00a0&#8211; Museo Egipcio de Barcelona es una de las colecciones privadas de arte y cultura egipcios m\u00e1s importantes de Europa y una entidad comprometida con la investigaci\u00f3n, el estudio y la difusi\u00f3n del antiguo Egipto.<\/div>\n<div class=\"ListaFicha1\">\n<div class=\"marginsupBloques2\">\n<div class=\"txtgris8\">\n<p>Sus m\u00e1s de <strong>2.000 m<sup>2<\/sup><\/strong> ponen al alcance del visitante una colecci\u00f3n de casi un millar de piezas entre sarc\u00f3fagos, momias, joyas y amuletos que permiten acercarse a la vida cotidiana y a las costumbres que reinaban en la antigua civilizaci\u00f3n fara\u00f3nica.<\/p>\n<p>El <strong>Museo Egipcio de Barcelona<\/strong> considera fundamental que los visitantes puedan recorrer sus salas acompa\u00f1ados por egipt\u00f3logos, ya que conocer la colecci\u00f3n egipcia de la mano de especialistas es la mejor forma de profundizar y aumentar sus conocimientos.<\/p>\n<p>Adem\u00e1s de la colecci\u00f3n permanente y de las exposiciones temporales que se exhiben regularmente, el museo organiza otras actividades que permiten al visitante disfrutar del fondo muse\u00edstico de una forma m\u00e1s amena. Ejemplo de estas actividades son las <strong>visitas nocturnas<\/strong> que, adem\u00e1s de las explicaciones del gu\u00eda, incorporan la presencia de actores que representan escenas dramatizadas durante todo el recorrido. Otra de las actividades propuestas por el museo es el llamado <strong>Banquete Eterno<\/strong>, una visita guiada centrada en <strong>el arte culinario egipcio<\/strong> que ofrece al visitante la posibilidad de degustar productos que formaban parte del r\u00e9gimen alimentario de esta antigua civilizaci\u00f3n.<\/p>\n<\/div>\n<\/div>\n<\/div>\n<\/div>\n<\/div>\n<h5 style=\"text-align: justify;\"><span style=\"color: #000080; text-decoration: underline; font-family: inherit; font-weight: bold;\">Ubicaci\u00f3n del Museo Egipcio de Barcelona<\/span><\/h5>\n<div class=\"column\" style=\"text-align: justify;\">\n<p>Carrer Valencia, 284\u00a0<a href=\"https:\/\/www.google.es\/maps\/place\/Museo+Egipcio+de+Barcelona\/@41.3935601,2.162462,17z\/data=!3m1!4b1!4m5!3m4!1s0x12a4a2ecd4a8e791:0xf2a11e471d8eeffb!8m2!3d41.393631!4d2.164699\" target=\"_blank\" rel=\"noopener noreferrer\">Ver mapa<\/a><\/p>\n<h5 class=\"p1\" style=\"text-align: justify;\"><span style=\"text-decoration: underline; color: #000080;\"><span class=\"s1\">Horarios<\/span><\/span><\/h5>\n<p class=\"p1\" style=\"text-align: justify;\"><span style=\"line-height: inherit;\">Lunes a viernes, de 10 a 14h y de 16 a 20h. S\u00e1bado, de 10 a 20h. Domingo, de 10 a 14h. | 22 junio a 11 septiembre, 1 diciembre a 5 enero, Semana Santa y festivos: lunes a s\u00e1bado, de 10 a 20h. Domingo, de 10 a 14h. | <strong>Cerrado: 1 y 6 enero, 25 y 26 diciembre.<\/strong><\/span><\/p>\n<\/div>\n<div class=\"column\" style=\"text-align: justify;\">\n<p><span style=\"color: #000080; text-decoration: underline; font-family: inherit; font-weight: bold;\">Incluye<\/span><\/p>\n<\/div>\n<p>Entrada de acceso r\u00e1pido.<\/p>\n<h5 class=\"p1\" style=\"text-align: justify;\"><span style=\"text-decoration: underline; color: #000080;\"><span class=\"s1\">Informaci\u00f3n Esencial<\/span><\/span><\/h5>\n<p style=\"text-align: justify;\">Lista de Precios:<\/p>\n<p style=\"text-align: justify;\">Adultos: 12\u20ac | Senior (+65): 8,5\u20ac | Junior (6 a 14 a\u00f1os): 5\u20ac<\/p>\n<p style=\"text-align: justify;\"><em>Ni\u00f1os menores de 6 a\u00f1os entrada libre<\/em><\/p>\n<p><b>Accesibilidad<\/b>: facilidades para invidentes, sordos, personas con movilidad reducida y en silla de ruedas. Ascensor a todos los espacios de la visita.<\/p>\n<p class=\"p1\"><b>Para peticiones especiales, no dude en contactar con nosotros v\u00eda mail:<\/b> info@tourstickets.com o haga click <a href=\"https:\/\/www.barcelonatourstickets.com\/contact\/\"><span class=\"s1\">aqu\u00ed<\/span><\/a><\/p>","protected":false},"excerpt":{"rendered":"<p><strong>Descubre los secretos del Antiguo Egipto en Barcelona!<\/strong> La Fundaci\u00f3n Arqueol\u00f3gica Clos\u00a0&#8211; Museo Egipcio de Barcelona es una de las colecciones privadas de arte y cultura egipcios m\u00e1s importantes de Europa<\/p>\n","protected":false},"featured_media":1974,"comment_status":"closed","ping_status":"closed","template":"","meta":[],"product_brand":[],"product_cat":[25],"product_tag":[68,28,114,69,127,98,97,99],"class_list":{"0":"post-1970","1":"product","2":"type-product","3":"status-publish","4":"has-post-thumbnail","6":"product_cat-other-activities","7":"product_tag-art","8":"product_tag-highlights","9":"product_tag-multi","10":"product_tag-museum","11":"product_tag-skip","12":"product_tag-traveling-by-yourself","13":"product_tag-traveling-with-children","14":"product_tag-traveling-with-partner","16":"first","17":"instock","18":"virtual","19":"sold-individually","20":"purchasable","21":"product-type-booking"},"_links":{"self":[{"href":"https:\/\/www.barcelonatourstickets.com\/es\/wp-json\/wp\/v2\/product\/1970","targetHints":{"allow":["GET"]}}],"collection":[{"href":"https:\/\/www.barcelonatourstickets.com\/es\/wp-json\/wp\/v2\/product"}],"about":[{"href":"https:\/\/www.barcelonatourstickets.com\/es\/wp-json\/wp\/v2\/types\/product"}],"replies":[{"embeddable":true,"href":"https:\/\/www.barcelonatourstickets.com\/es\/wp-json\/wp\/v2\/comments?post=1970"}],"wp:featuredmedia":[{"embeddable":true,"href":"https:\/\/www.barcelonatourstickets.com\/es\/wp-json\/wp\/v2\/media\/1974"}],"wp:attachment":[{"href":"https:\/\/www.barcelonatourstickets.com\/es\/wp-json\/wp\/v2\/media?parent=1970"}],"wp:term":[{"taxonomy":"product_brand","embeddable":true,"href":"https:\/\/www.barcelonatourstickets.com\/es\/wp-json\/wp\/v2\/product_brand?post=1970"},{"taxonomy":"product_cat","embeddable":true,"href":"https:\/\/www.barcelonatourstickets.com\/es\/wp-json\/wp\/v2\/product_cat?post=1970"},{"taxonomy":"product_tag","embeddable":true,"href":"https:\/\/www.barcelonatourstickets.com\/es\/wp-json\/wp\/v2\/product_tag?post=1970"}],"curies":[{"name":"wp","href":"https:\/\/api.w.org\/{rel}","templated":true}]}}