{"id":2116,"date":"2017-08-19T18:10:42","date_gmt":"2017-08-19T16:10:42","guid":{"rendered":"https:\/\/www.barcelonatourstickets.com\/?post_type=product&#038;p=2116"},"modified":"2021-01-14T10:31:27","modified_gmt":"2021-01-14T09:31:27","slug":"flamenco-new-years-eve-cocktail-dance","status":"publish","type":"product","link":"https:\/\/www.barcelonatourstickets.com\/es\/tours\/flamenco-new-years-eve-cocktail-dance\/","title":{"rendered":"Palacio del Flamenco Cotill\u00f3n y Baile"},"content":{"rendered":"<div class=\"column\">\n<h4 style=\"text-align: center;\"><strong>Nochevieja 2019-2020<\/strong><\/h4>\n<p style=\"text-align: center;\">3a Sesio\u0301n \u2013 22:30 h Show &amp; Cotillo\u0301n &amp; Baile<\/p>\n<p style=\"text-align: center;\">ESPECTA\u0301CULO CON BEBIDA (SIN CENA)<\/p>\n<p style=\"text-align: center;\">Especta\u0301culo de Flamenco<br \/>\nCotillo\u0301n<br \/>\nBaile con barra (4 combinados incluidos)<\/p>\n<\/div>\n<h5 style=\"text-align: justify;\"><span style=\"color: #000080; text-decoration: underline; font-family: inherit; font-weight: bold;\">Palacio del Flamenco<\/span><\/h5>\n<p class=\"p3\" style=\"text-align: justify;\">C\/Balmes 139. 08008 Barcelona<\/p>\n<h5 class=\"p3\" style=\"text-align: justify;\"><span style=\"color: #000080; text-decoration: underline; font-family: inherit; font-weight: bold;\">Programa<\/span><\/h5>\n<div class=\"column\" style=\"text-align: justify;\">\n<p>22:25h Flamenco Experience<\/p>\n<p>22:55h Espect\u00e1culo Flamenco de 1 hora<\/p>\n<p>00:00h Brindis de fin de an\u0303os con uvas de la suerte y bolsa de cotillo\u0301n<\/p>\n<p>00:00h &#8211; 03:00h Baile (DJ) con cuatro combinados incluidos<\/p>\n<\/div>\n<h5 class=\"p1\" style=\"text-align: justify;\"><span style=\"text-decoration: underline; color: #000080;\"><span class=\"s1\">Information Adicional<\/span><\/span><\/h5>\n<p class=\"p1\" style=\"text-align: justify;\">\u2013 M\u00e1s de 14 artistas en cada show.<\/p>\n<p>\u2013 M\u00e1xima calidad en la iluminaci\u00f3n y ac\u00fastica del teatro.<\/p>\n<p>\u2013 M\u00e1s de 200 trajes diferentes..<\/p>\n<p><strong>La capacidad del teatro es de: 380 personas. 280 en la planta baja y 100 m\u00e1s en el anfiteatro.<\/strong><\/p>\n<div class=\"section\" style=\"text-align: justify;\">\n<div class=\"layoutArea\">\n<div class=\"column\">\n<h5><span style=\"color: #000080;\"><strong><span style=\"text-decoration: underline;\">Precios<\/span><\/strong><\/span><\/h5>\n<p><span style=\"text-decoration: underline;\">Precio<\/span>&#8230;&#8230;&#8230;&#8230;&#8230;&#8230;&#8230;&#8230;&#8230;: 75\u20ac<\/p>\n<\/div>\n<\/div>\n<\/div>\n<p class=\"p1\"><b>Para peticiones especiales, no dude en contactar con nosotros v\u00eda mail:<\/b>\u00a0booking@barcelonatourstickets.com o haga click\u00a0<a href=\"https:\/\/www.barcelonatourstickets.com\/contact\/\"><span class=\"s1\">aqu\u00ed<\/span><\/a><\/p>","protected":false},"excerpt":{"rendered":"<p style=\"text-align: justify;\"><strong>Palacio del Flamenco is currently offering three different shows with more than 15 artists performing on stage<\/strong>. &#8220;cantaores&#8221; (singers), &#8220;bailaores&#8221; (dancers), guitar players and other musician create a mixture of flamenco styles from the traditional ones to new fusions<\/p>\n","protected":false},"featured_media":2131,"comment_status":"closed","ping_status":"closed","template":"","meta":[],"product_brand":[],"product_cat":[83,25],"product_tag":[27,81,80,114,98,99,39],"class_list":{"0":"post-2116","1":"product","2":"type-product","3":"status-publish","4":"has-post-thumbnail","6":"product_cat-flamenco-show","7":"product_cat-other-activities","8":"product_tag-barcelona","9":"product_tag-dinner","10":"product_tag-flamenco-show","11":"product_tag-multi","12":"product_tag-traveling-by-yourself","13":"product_tag-traveling-with-partner","14":"product_tag-wine","16":"first","17":"instock","18":"virtual","19":"sold-individually","20":"purchasable","21":"product-type-booking"},"_links":{"self":[{"href":"https:\/\/www.barcelonatourstickets.com\/es\/wp-json\/wp\/v2\/product\/2116","targetHints":{"allow":["GET"]}}],"collection":[{"href":"https:\/\/www.barcelonatourstickets.com\/es\/wp-json\/wp\/v2\/product"}],"about":[{"href":"https:\/\/www.barcelonatourstickets.com\/es\/wp-json\/wp\/v2\/types\/product"}],"replies":[{"embeddable":true,"href":"https:\/\/www.barcelonatourstickets.com\/es\/wp-json\/wp\/v2\/comments?post=2116"}],"wp:featuredmedia":[{"embeddable":true,"href":"https:\/\/www.barcelonatourstickets.com\/es\/wp-json\/wp\/v2\/media\/2131"}],"wp:attachment":[{"href":"https:\/\/www.barcelonatourstickets.com\/es\/wp-json\/wp\/v2\/media?parent=2116"}],"wp:term":[{"taxonomy":"product_brand","embeddable":true,"href":"https:\/\/www.barcelonatourstickets.com\/es\/wp-json\/wp\/v2\/product_brand?post=2116"},{"taxonomy":"product_cat","embeddable":true,"href":"https:\/\/www.barcelonatourstickets.com\/es\/wp-json\/wp\/v2\/product_cat?post=2116"},{"taxonomy":"product_tag","embeddable":true,"href":"https:\/\/www.barcelonatourstickets.com\/es\/wp-json\/wp\/v2\/product_tag?post=2116"}],"curies":[{"name":"wp","href":"https:\/\/api.w.org\/{rel}","templated":true}]}}