{"id":2339,"date":"2018-01-18T12:11:45","date_gmt":"2018-01-18T11:11:45","guid":{"rendered":"https:\/\/www.barcelonatourstickets.com\/?post_type=product&#038;p=2339"},"modified":"2021-01-14T10:23:07","modified_gmt":"2021-01-14T09:23:07","slug":"fc-barcelona-camp-nou-experience","status":"publish","type":"product","link":"https:\/\/www.barcelonatourstickets.com\/es\/tours\/fc-barcelona-camp-nou-experience\/","title":{"rendered":"F.C. Barcelona Camp Nou Experience con brunch"},"content":{"rendered":"<h4 style=\"text-align: justify;\">F.C. Barcelona Camp Nou Experience con comida<\/h4>\n<div class=\"column\">\n<div class=\"BloqueTxt4_3\" style=\"text-align: justify;\">\n<div class=\"BloqueTxt4_3\">\n<div class=\"BloqueTxt4_3\">\n<div class=\"ListaFicha1\">\n<div class=\"marginsupBloques2\">\n<div class=\"txtgris8\">\n<p><span style=\"font-weight: 400;\">El F.C. Barcelona Camp Nou Experience tour comienza en la primera planta del Museo.\u00a0Vivir\u00e1 el Camp Nou, reconstruyendo los pasos de los jugadores que hacen o han hecho historia como Kubala, Cruyff, Maradona, Ronaldinho, Guardiola, Messi, Xavi o Iniesta entre otros. Se trata de\u00a0<\/span><span style=\"font-weight: 400;\">un museo moderno, con murales interactivos, audiovisuales de gran formato, nuevas mesas-vitrina y una extensa colecci\u00f3n de objetos que permitir\u00e1n conocer la historia del FC Barcelona.<\/span><\/p>\n<blockquote><p><span style=\"font-weight: 400;\">El visitante entender\u00e1 a la vez los valores que hacen del Bar\u00e7a &#8220;m\u00e1s que un club&#8221;, y<\/span><span style=\"font-weight: 400;\">\u00a0sentir\u00e1 la pasi\u00f3n blaugrana <\/span><\/p><\/blockquote>\n<p><span style=\"font-weight: 400;\">Visitaremos las zonas m\u00e1s emblem\u00e1ticas del Camp Nou: el vestuario del equipo visitante, el t\u00fanel hasta llegar al pie del terreno de juego; desde aqu\u00ed, se puede disfrutar de la panor\u00e1mica de todo el estadio y hacer realidad el sue\u00f1o de cualquier barcelonista, sentirse por un momento un jugador del Bar\u00e7a; el plat\u00f3 de televisi\u00f3n, la zona mixta, la sala de prensa y las cabinas de prensa. \u00a0<\/span><span style=\"font-weight: 400;\">Seguidamente se dirigir\u00e1n sobre la Tribuna principal, en donde se encuentra la Sala Roma que destaca por su dise\u00f1o, funcionalidad y unas impresionantes y privilegiadas vistas a los alrededores del estadio. <\/span><\/p>\n<p><strong>En la Sala Roma tomar\u00e1n un brunch compuesto de una tapa y una bebida mientras se deleita con las vistas al campo. <\/strong><\/p>\n<p><span style=\"font-weight: 400;\">Para finalizar se dirigir\u00e1n a la segunda planta, en donde se emocionar\u00e1 en el espacio Multimedia, esta zona, renovada en enero del 2010, ha tenido una cr\u00edtica y aceptaci\u00f3n muy positiva por parte de los socios y visitantes<\/span>.<\/p>\n<\/div>\n<\/div>\n<\/div>\n<\/div>\n<\/div>\n<\/div>\n<\/div>\n<h5 style=\"text-align: justify;\"><span style=\"color: #000080; text-decoration: underline; font-family: inherit; font-weight: bold;\">Punto de encuentro del F.C. Barcelona Tour<\/span><\/h5>\n<div class=\"column\" style=\"text-align: justify;\">\n<p>Punto de encuentro: Calle Balmes 5, Barcelona<\/p>\n<p>Punto de finalizaci\u00f3n: Museo del F.C. Barcelona<\/p>\n<h5 class=\"p1\" style=\"text-align: justify;\"><span style=\"text-decoration: underline; color: #000080;\"><span class=\"s1\">Horarios<\/span><\/span><\/h5>\n<p class=\"p1\" style=\"text-align: justify;\"><span style=\"line-height: inherit;\">De lunes a jueves a las 10:00am.<\/span><\/p>\n<\/div>\n<div class=\"column\" style=\"text-align: justify;\">\n<h5><span style=\"color: #000080; text-decoration: underline; font-family: inherit; font-weight: bold;\">Incluye<\/span><\/h5>\n<\/div>\n<ul>\n<li style=\"font-weight: 400;\"><span style=\"font-weight: 400;\">Autocar con aire acondicionado.<\/span><\/li>\n<li style=\"font-weight: 400;\"><span style=\"font-weight: 400;\">Gu\u00eda biling\u00fce especializado en f\u00fatbol.<\/span><\/li>\n<li style=\"font-weight: 400;\"><span style=\"font-weight: 400;\">Traslado desde la oficina de Juli\u00e0 Travel hasta el Camp Nou.<\/span><\/li>\n<li style=\"font-weight: 400;\"><span style=\"font-weight: 400;\">Entrada y visita guiada al Museo F.C.B &#8211; Camp Nou Experience.<\/span><\/li>\n<li style=\"font-weight: 400;\"><span style=\"font-weight: 400;\">Brunch en la sala Roma compuesto de una tapa y una bebida a escoger entre cava, cerveza o refresco.<\/span><\/li>\n<\/ul>\n<h5><span style=\"color: #000080; text-decoration: underline; font-family: inherit; font-weight: bold;\">Excluye<\/span><\/h5>\n<ul>\n<li style=\"font-weight: 400;\"><span style=\"font-weight: 400;\">Traslado desde el Camp Nou hasta el centro de la ciudad.<\/span><\/li>\n<li style=\"font-weight: 400;\"><span style=\"font-weight: 400;\">Comidas y bebidas, excepto las especificadas <\/span><\/li>\n<li style=\"font-weight: 400;\"><span style=\"font-weight: 400;\">Recoger y dejar en el Hotel <\/span><\/li>\n<\/ul>\n<h5 class=\"p1\" style=\"text-align: justify;\"><span style=\"text-decoration: underline; color: #000080;\"><span class=\"s1\">Informaci\u00f3n Esencial<\/span><\/span><\/h5>\n<p style=\"text-align: justify;\">Lista de Precios:<\/p>\n<p style=\"text-align: justify;\">Adultos: 50\u20ac | Ni\u00f1os (4 a 10 a\u00f1os): 40\u20ac<\/p>\n<p style=\"text-align: justify;\"><em>Ni\u00f1os menores de 3 a\u00f1os entrada libre<\/em><\/p>\n<p><strong><u>Tenga en cuenta: <\/u><\/strong><b><u>El FCB se reserva el derecho a modificar el horario, el recorrido o cerrar parte del Tour o del Museo en funci\u00f3n de los horarios de los partidos, entrenamientos o por la celebraci\u00f3n de eventos.\u00a0<span style=\"font-weight: 400;\">Por motivos estructurales, debido al gran n\u00famero de escaleras que se encuentran durante el recorrido, el Camp Nou Experience no est\u00e1 adaptado para personas con discapacidades f\u00edsicas. <\/span><\/u><\/b><\/p>\n<p class=\"p1\"><b>Para peticiones especiales, no dude en contactar con nosotros v\u00eda mail:<\/b>\u00a0booking@barcelonatourstickets.com o haga click\u00a0<a href=\"https:\/\/www.barcelonatourstickets.com\/contact\/\"><span class=\"s1\">aqu\u00ed<\/span><\/a><\/p>","protected":false},"excerpt":{"rendered":"<p><b>El sue\u00f1o de cualquier seguir azulgrana se hace realidad durante este tour por el museo del F.C. Barcelona con brunch en la Sala Roma<\/b><\/p>\n","protected":false},"featured_media":2355,"comment_status":"closed","ping_status":"closed","template":"","meta":[],"product_brand":[],"product_cat":[19,17,25],"product_tag":[112,129,28,69,127,98,97,99],"class_list":{"0":"post-2339","1":"product","2":"type-product","3":"status-publish","4":"has-post-thumbnail","6":"product_cat-barcelona-highlights","7":"product_cat-1-day-tours","8":"product_cat-other-activities","9":"product_tag-engspa","10":"product_tag-fc-barcelona","11":"product_tag-highlights","12":"product_tag-museum","13":"product_tag-skip","14":"product_tag-traveling-by-yourself","15":"product_tag-traveling-with-children","16":"product_tag-traveling-with-partner","18":"first","19":"instock","20":"virtual","21":"sold-individually","22":"purchasable","23":"product-type-booking"},"_links":{"self":[{"href":"https:\/\/www.barcelonatourstickets.com\/es\/wp-json\/wp\/v2\/product\/2339","targetHints":{"allow":["GET"]}}],"collection":[{"href":"https:\/\/www.barcelonatourstickets.com\/es\/wp-json\/wp\/v2\/product"}],"about":[{"href":"https:\/\/www.barcelonatourstickets.com\/es\/wp-json\/wp\/v2\/types\/product"}],"replies":[{"embeddable":true,"href":"https:\/\/www.barcelonatourstickets.com\/es\/wp-json\/wp\/v2\/comments?post=2339"}],"wp:featuredmedia":[{"embeddable":true,"href":"https:\/\/www.barcelonatourstickets.com\/es\/wp-json\/wp\/v2\/media\/2355"}],"wp:attachment":[{"href":"https:\/\/www.barcelonatourstickets.com\/es\/wp-json\/wp\/v2\/media?parent=2339"}],"wp:term":[{"taxonomy":"product_brand","embeddable":true,"href":"https:\/\/www.barcelonatourstickets.com\/es\/wp-json\/wp\/v2\/product_brand?post=2339"},{"taxonomy":"product_cat","embeddable":true,"href":"https:\/\/www.barcelonatourstickets.com\/es\/wp-json\/wp\/v2\/product_cat?post=2339"},{"taxonomy":"product_tag","embeddable":true,"href":"https:\/\/www.barcelonatourstickets.com\/es\/wp-json\/wp\/v2\/product_tag?post=2339"}],"curies":[{"name":"wp","href":"https:\/\/api.w.org\/{rel}","templated":true}]}}