{"id":296,"date":"2016-06-29T13:21:18","date_gmt":"2016-06-29T11:21:18","guid":{"rendered":"https:\/\/www.barcelonatourstickets.com\/?post_type=product&#038;p=296"},"modified":"2021-01-14T11:03:18","modified_gmt":"2021-01-14T10:03:18","slug":"barcelona-private-tour-by-carminivan","status":"publish","type":"product","link":"https:\/\/www.barcelonatourstickets.com\/es\/tours\/barcelona-private-tour-by-carminivan\/","title":{"rendered":"Tour Privado en Barcelona con coche\/minivan"},"content":{"rendered":"Enam\u00f3rate del Barrio G\u00f3tico, camina por las calles de la Barcelona Modernista y contempla la belleza de los barrios hist\u00f3ricos de la ciudad con la comodidad de tener un conductor\/gu\u00eda privado. <strong>Nuestro Tour Privado en Barcelona con coche\/minivan har\u00e1 de su visita a Barcelona algo inolvidable.<\/strong> Usted disfrutar\u00e1 como un local, mientras visita de cerca las atracciones m\u00e1s emblem\u00e1ticas de la ciudad.<\/p>\n<p>Durante el recorrido le informaremos de los mejores lugares para disfrutar de Barcelona, as\u00ed como de informaci\u00f3n interesante sobre la ciudad (\u00e1reas de compras, los mejores lugares a visitar, restaurantes, vida nocturna&#8230;)<\/p>\n<p class=\"p2\" style=\"text-align: justify;\">Barcelona <b>ofrece una oportunidad \u00fanica para disfrutar de la historia, el ocio y la cultura <\/b>en cada esquina: playas, barrios \u00fanicos, monta\u00f1a. arte y mucho m\u00e1s. En el confort de una mini van o coche privado podr\u00e1s disfrutar de una panor\u00e1mica completa de Barcelona..<\/p>\n<h5 class=\"p1\"><span style=\"text-decoration: underline; color: #000080;\"><span class=\"s1\">Lugar de inicio y finalizaci\u00f3n<\/span><\/span><\/h5>\n<p class=\"p3\">Recogida y finalizaci\u00f3n en el lugar deseado.<\/p>\n<blockquote>\n<p class=\"p4\"><span class=\"s1\"><i>**Por favor no olvide indicar el nombre del hotel o la direcci\u00f3n, as\u00ed como la hora de la recogida a la hora de hacer la reserva.**<\/i><\/span><\/p>\n<\/blockquote>\n<h5 class=\"p1\"><span style=\"text-decoration: underline;\"><span class=\"s1\" style=\"color: #000080; text-decoration: underline;\">Hora de salida<\/span><\/span><\/h5>\n<p class=\"p3\">Diariamente a la hora escogida<\/p>\n<h5 class=\"p1\"><span style=\"text-decoration: underline;\"><span class=\"s1\" style=\"color: #000080; text-decoration: underline;\">Incluye<\/span><\/span><\/h5>\n<p class=\"p3\">Recogida y finalizaci\u00f3n en el lugar deseado<br \/>\nTransporte privado en lujosa van o coche<br \/>\nConductor\/gu\u00eda en el idioma escogido<\/p>\n<h5 class=\"p1\"><span style=\"text-decoration: underline;\"><span class=\"s1\" style=\"color: #000080; text-decoration: underline;\">Excluye<\/span><\/span><\/h5>\n<p class=\"p3\">Comida y cualquier otro servicio no especificado<\/p>\n<h5 class=\"p1\"><span style=\"text-decoration: underline; color: #000080;\"><span class=\"s1\">Informaci\u00f3n Adiocional<\/span><\/span><\/h5>\n<p class=\"p3\"><span class=\"s1\"><b>Duraci\u00f3n:<\/b><\/span>\u00a04\/8 horas<\/p>\n<p class=\"p3\"><span class=\"s1\"><b>Precios 4h tour:<\/b><\/span><\/p>\n<p class=\"p3\">Precio (1-3 pasajeros): 219\u00a0euros<\/p>\n<p class=\"p3\">Precio (4-6 pasajeros):<span style=\"line-height: inherit;\"> 259 euros<\/span><\/p>\n<p class=\"p3\"><span class=\"s1\"><b>Precios 6h tour:<\/b><\/span><\/p>\n<p class=\"p3\">Precio (1-3 pasajeros): 309\u00a0euros<\/p>\n<p class=\"p3\">Precio (4-6 pasajeros):<span style=\"line-height: inherit;\"> 369 euros<\/span><\/p>\n<p class=\"p3\"><span class=\"s1\"><b>Precios para 8h tour:<\/b><\/span><\/p>\n<p class=\"p3\">Precio (1-3 pasajeros): 399\u00a0euros<\/p>\n<p class=\"p3\">Precio (4-6 pasajeros):\u00a0449\u00a0euros<\/p>\n<p class=\"p3\"><span class=\"s1\"><b>Idiomas:<\/b><\/span><\/p>\n<p class=\"p3\">Ingl\u00e9s y Espa\u00f1ol<\/p>\n<p class=\"p3\">Alem\u00e1n s\u00f3lo para grupos de m\u00e1s de 4 personas*<\/p>\n<p class=\"p3\">*Ind\u00edquelo a la hora de hacer la reserva<\/p>\n<p class=\"p3\"><span class=\"s1\"><b>A tener en cuenta:<\/b><\/span><\/p>\n<p>Por favor tenga en cuenta que un conductor\/gu\u00eda no es un gu\u00eda oficial. \u00c9l\/ella le ofrecer\u00e1 informaci\u00f3n b\u00e1sica pero no est\u00e1 cualificado para responder a preguntas espec\u00edficas sobre historia o arte.<\/p>\n<p class=\"p1\"><b>Para peticiones especiales, no dude en contactar con nosotros v\u00eda mail:<\/b>\u00a0booking@barcelonatourstickets.com o haga click\u00a0<a href=\"https:\/\/www.barcelonatourstickets.com\/contact\/\"><span class=\"s1\">aqu\u00ed<\/span><\/a><\/p>","protected":false},"excerpt":{"rendered":"<p style=\"text-align: justify;\">Enam\u00f3rate del Barrio G\u00f3tico, camina por las calles de la Barcelona Modernista y contempla la belleza de los barrios hist\u00f3ricos de la ciudad con la comodidad de tener un conductor\/gu\u00eda privado.<\/p>\n","protected":false},"featured_media":407,"comment_status":"closed","ping_status":"closed","template":"","meta":[],"product_brand":[],"product_cat":[23],"product_tag":[27,30,28,114,31,29],"class_list":{"0":"post-296","1":"product","2":"type-product","3":"status-publish","4":"has-post-thumbnail","6":"product_cat-private-tours","7":"product_tag-barcelona","8":"product_tag-by-carminivan","9":"product_tag-highlights","10":"product_tag-multi","11":"product_tag-private","12":"product_tag-sightseeing","14":"first","15":"instock","16":"featured","17":"virtual","18":"sold-individually","19":"purchasable","20":"product-type-booking"},"_links":{"self":[{"href":"https:\/\/www.barcelonatourstickets.com\/es\/wp-json\/wp\/v2\/product\/296","targetHints":{"allow":["GET"]}}],"collection":[{"href":"https:\/\/www.barcelonatourstickets.com\/es\/wp-json\/wp\/v2\/product"}],"about":[{"href":"https:\/\/www.barcelonatourstickets.com\/es\/wp-json\/wp\/v2\/types\/product"}],"replies":[{"embeddable":true,"href":"https:\/\/www.barcelonatourstickets.com\/es\/wp-json\/wp\/v2\/comments?post=296"}],"wp:featuredmedia":[{"embeddable":true,"href":"https:\/\/www.barcelonatourstickets.com\/es\/wp-json\/wp\/v2\/media\/407"}],"wp:attachment":[{"href":"https:\/\/www.barcelonatourstickets.com\/es\/wp-json\/wp\/v2\/media?parent=296"}],"wp:term":[{"taxonomy":"product_brand","embeddable":true,"href":"https:\/\/www.barcelonatourstickets.com\/es\/wp-json\/wp\/v2\/product_brand?post=296"},{"taxonomy":"product_cat","embeddable":true,"href":"https:\/\/www.barcelonatourstickets.com\/es\/wp-json\/wp\/v2\/product_cat?post=296"},{"taxonomy":"product_tag","embeddable":true,"href":"https:\/\/www.barcelonatourstickets.com\/es\/wp-json\/wp\/v2\/product_tag?post=296"}],"curies":[{"name":"wp","href":"https:\/\/api.w.org\/{rel}","templated":true}]}}