{"id":314,"date":"2016-06-29T13:49:39","date_gmt":"2016-06-29T11:49:39","guid":{"rendered":"https:\/\/www.barcelonatourstickets.com\/tours\/arrival-transfer\/"},"modified":"2021-01-14T11:00:54","modified_gmt":"2021-01-14T10:00:54","slug":"arrival-transfer","status":"publish","type":"product","link":"https:\/\/www.barcelonatourstickets.com\/es\/tours\/arrival-transfer\/","title":{"rendered":"Transfer de llegada"},"content":{"rendered":"<p style=\"text-align: justify;\">\u00bfEst\u00e1s buscando un transfer de confianza desde el aeropuerto de Barcelona hasta el centro de la ciudad que te deje directamente en tu hotel, apartamento o terminal de cruceros? Nosotros somos tu experto local en Barcelona Airport Transfers.<\/p>\n<p class=\"p1\" style=\"text-align: justify;\">Hay varias manera de desde el aeropuerto de Barcelona al centro de la ciudad, pero al final un transfer privado es la soluci\u00f3n m\u00e1s c\u00f3moda para pasajeros individuales, familias o grupos. Nuestros conductores recogen a los pasajeros nada m\u00e1s salir el control del aeropuerto. Ellos esperan dentro del aeropuerto con un cartel con su nombre para que resulte m\u00e1s f\u00e1cil localizar a su conductor. Ellos monitorizan los vuelos, para en caso de que el vuelo se adelante o se retrase poder cambiar la hora de recogida, asegurando el mejor servicio &#8220;Meet &amp; Greet&#8221; que le lleve a su lugar de alojamiento en el centro de Barcelona.<\/p>\n<p class=\"p1\" style=\"text-align: justify;\">Nuestros\u00a0chauffeurs le asistir\u00e1n con su equipaje. Y para su comodidad el veh\u00edculo ser\u00e1 aparcado lo m\u00e1s cerca posible de la terminal de llegadas..<\/p>\n<h5 class=\"p1\" style=\"text-align: justify;\"><span style=\"text-decoration: underline; color: #000080;\"><span class=\"s1\">Lugar de encuentro<\/span><\/span><\/h5>\n<p class=\"p3\" style=\"text-align: justify;\">El conductor le esperar\u00e1 dentro de la terminal de llegadas, al pasar los controles, con un cartel con su nombre.<\/p>\n<blockquote>\n<p class=\"p4\"><span class=\"s1\"><i>**<\/i><\/span>Por favor no olvide indicar se n\u00famero de vuelo y hora estimada de llegada y uno de nuestros amables conductores le recoger\u00e1 en la puerta designada para su vuelo.<span class=\"s1\"><i>**<\/i><\/span><\/p>\n<\/blockquote>\n<h5 class=\"p1\" style=\"text-align: justify;\"><span style=\"text-decoration: underline;\"><span class=\"s1\" style=\"color: #000080; text-decoration: underline;\">Incluye<\/span><\/span><\/h5>\n<p class=\"p3\" style=\"text-align: justify;\">Recogida en el aeropuerto de Barcelona y transporte hasta el lugar deseado en <strong>el centro de Barcelona<\/strong>.<br \/>\nTransporte privado en un lujoso coche o minivan<br \/>\nConductor de habla en Espa\u00f1ol<\/p>\n<h5 class=\"p1\" style=\"text-align: justify;\"><span style=\"text-decoration: underline;\"><span class=\"s1\" style=\"color: #000080; text-decoration: underline;\">Excluye<\/span><\/span><\/h5>\n<p class=\"p3\" style=\"text-align: justify;\">Comidas o cualquier otro servicio no especificado<\/p>\n<h5 class=\"p1\" style=\"text-align: justify;\"><span style=\"text-decoration: underline; color: #000080;\"><span class=\"s1\">Informaci\u00f3n Adicional<\/span><\/span><\/h5>\n<p class=\"p3\" style=\"text-align: justify;\"><span class=\"s1\"><b>Precios:<\/b><\/span><\/p>\n<p class=\"p3\" style=\"text-align: justify;\">Precio (1-3 pasajeros): 75 euros<\/p>\n<p class=\"p3\" style=\"text-align: justify;\">Precio (4-6 pasajeros): 95 euros<\/p>\n<p class=\"p3\" style=\"text-align: justify;\"><span class=\"s1\"><b>A tener en cuenta:<\/b><\/span><\/p>\n<p class=\"p1\" style=\"text-align: justify;\">Esta reserva debe realizarse al menos 48h antes del vuelo.<\/p>\n<p class=\"p1\" style=\"text-align: justify;\">Los transfers al aeropuerto no son reembolsables en caso de cancelaci\u00f3n o retraso prolongado del vuelo por mal tiempo o cualquier otra circunstancia.<\/p>\n<h4 class=\"p1\" style=\"text-align: justify;\"><em><strong><u>Para transfers a hoteles situados a las afueras de Barcelona o desde aeropuertos de Girona o Reus contacte con nosotros para ofrecerles el mejor precio.<\/u><\/strong><\/em><\/h4>\n<p class=\"p1\" style=\"text-align: justify;\"><b>Para peticiones especiales, no dude en contactar con nosotros v\u00eda mail:<\/b>\u00a0booking@barcelonatourstickets.com o haga click\u00a0<a href=\"https:\/\/www.barcelonatourstickets.com\/contact\/\"><span class=\"s1\">aqu\u00ed<\/span><\/a><\/p>","protected":false},"excerpt":{"rendered":"<p class=\"p1\" style=\"text-align: justify;\">\u00bfEst\u00e1s buscando un transfer de confianza desde el aeropuerto de Barcelona hasta el centro de la ciudad que te deje directamente en tu hotel, apartamento o terminal de cruceros? <strong>Nosotros somos tu experto local en Barcelona Airport Transfers.<\/strong><\/p>\n","protected":false},"featured_media":526,"comment_status":"closed","ping_status":"closed","template":"","meta":[],"product_brand":[],"product_cat":[24],"product_tag":[27,30,114,31,32],"class_list":{"0":"post-314","1":"product","2":"type-product","3":"status-publish","4":"has-post-thumbnail","6":"product_cat-transfers","7":"product_tag-barcelona","8":"product_tag-by-carminivan","9":"product_tag-multi","10":"product_tag-private","11":"product_tag-transfers","13":"first","14":"instock","15":"featured","16":"virtual","17":"sold-individually","18":"purchasable","19":"product-type-booking"},"_links":{"self":[{"href":"https:\/\/www.barcelonatourstickets.com\/es\/wp-json\/wp\/v2\/product\/314","targetHints":{"allow":["GET"]}}],"collection":[{"href":"https:\/\/www.barcelonatourstickets.com\/es\/wp-json\/wp\/v2\/product"}],"about":[{"href":"https:\/\/www.barcelonatourstickets.com\/es\/wp-json\/wp\/v2\/types\/product"}],"replies":[{"embeddable":true,"href":"https:\/\/www.barcelonatourstickets.com\/es\/wp-json\/wp\/v2\/comments?post=314"}],"wp:featuredmedia":[{"embeddable":true,"href":"https:\/\/www.barcelonatourstickets.com\/es\/wp-json\/wp\/v2\/media\/526"}],"wp:attachment":[{"href":"https:\/\/www.barcelonatourstickets.com\/es\/wp-json\/wp\/v2\/media?parent=314"}],"wp:term":[{"taxonomy":"product_brand","embeddable":true,"href":"https:\/\/www.barcelonatourstickets.com\/es\/wp-json\/wp\/v2\/product_brand?post=314"},{"taxonomy":"product_cat","embeddable":true,"href":"https:\/\/www.barcelonatourstickets.com\/es\/wp-json\/wp\/v2\/product_cat?post=314"},{"taxonomy":"product_tag","embeddable":true,"href":"https:\/\/www.barcelonatourstickets.com\/es\/wp-json\/wp\/v2\/product_tag?post=314"}],"curies":[{"name":"wp","href":"https:\/\/api.w.org\/{rel}","templated":true}]}}