{"id":317,"date":"2016-06-29T14:52:46","date_gmt":"2016-06-29T12:52:46","guid":{"rendered":"https:\/\/www.barcelonatourstickets.com\/tours\/train-station-port-transfer\/"},"modified":"2021-01-14T11:00:43","modified_gmt":"2021-01-14T10:00:43","slug":"train-station-port-transfer","status":"publish","type":"product","link":"https:\/\/www.barcelonatourstickets.com\/es\/tours\/train-station-port-transfer\/","title":{"rendered":"Transfer de\/al Puerto o la Estaci\u00f3n de trenes"},"content":{"rendered":"\u00bfEst\u00e1s buscando un transfer de confianza desde\/al el centro de la ciudad, que te recoja directamente en tu hotel, apartamento terminal de cruceros o la estaci\u00f3n de trenes de Barcelona o viceversa? Nosotros somos tu experto local en Barcelona Airport Transfers.<\/p>\n<p class=\"p1\">Hay varias manera de llegar al\/desde el puerto de Barcelona o la estaci\u00f3n de trenes, pero al final un transfer privado es la soluci\u00f3n m\u00e1s c\u00f3moda para pasajeros individuales, familias o grupos. Nuestros conductores recogen a los pasajeros directamente en su hotel, apartamento, estaci\u00f3n de trenes o terminal de cruceros. Ellos esperan con un cartel con su nombre para que resulte m\u00e1s f\u00e1cil localizar a su conductor. Ofreciendo el mejor servicio &#8220;Meet &amp; Greet&#8221; de la ciudad.<\/p>\n<p class=\"p1\"><span style=\"line-height: inherit;\">Nuestros\u00a0chauffeurs le asistir\u00e1n con su equipaje. Y para su comodidad el veh\u00edculo ser\u00e1 aparcado lo m\u00e1s cerca posible del punto de recogida y le dejar\u00e1 lo m\u00e1s cerca posible de su destino final.<\/span><\/p>\n<h5 class=\"p1\"><span class=\"s1\" style=\"color: #000080;\"><u>Lugar de encuentro<\/u><\/span><\/h5>\n<p class=\"p3\">El conductor le recoger\u00e1 en el lugar indicado del centro de Barcelona (directamente en su hotel, apartamento, terminal de cruceros o estaci\u00f3n de trenes), con un cartel con su nombre.<\/p>\n<blockquote>\n<p class=\"p4\"><span class=\"s1\"><i>**<\/i><\/span>Por favor no olvide indicar el lugar de recogida y hora estimada de salida y uno de nuestros amables conductores le recoger\u00e1 en la puerta designada para su vuelo.<span class=\"s1\"><i>**<\/i><\/span><\/p>\n<\/blockquote>\n<h5 class=\"p1\"><span class=\"s1\" style=\"color: #000080;\"><u>Incluye<\/u><\/span><\/h5>\n<p class=\"p3\"><strong>Recogida en el lugar deseado y transporte hasta su destino en el centro de Barcelona<\/strong><br \/>\nTransporte privado en un lujoso coche o minivan<br \/>\nConductor de habla en Espa\u00f1ol<\/p>\n<h5 class=\"p1\"><span class=\"s1\" style=\"color: #000080;\"><u>Excluye<\/u><\/span><\/h5>\n<p class=\"p3\">Comidas o cualquier otro servicio no especificado<\/p>\n<h5 class=\"p1\"><span class=\"s1\" style=\"color: #000080;\"><u>Informaci\u00f3n Adicional<\/u><\/span><\/h5>\n<p class=\"p3\"><span class=\"s1\"><b>Precios:<\/b><\/span><\/p>\n<p class=\"p3\">Precio (1-3 pasajeros): 59 euros<\/p>\n<p class=\"p3\">Precio (4-6 pasajeros): 79 euros<\/p>\n<p class=\"p3\"><span class=\"s1\"><b>A tener en cuenta:<\/b><\/span><\/p>\n<p class=\"p1\">Esta reserva debe realizarse al menos 48h antes del vuelo.<\/p>\n<h4 class=\"p1\"><em><strong><u>Para transfers a\/desde hoteles situados a las afueras de Barcelona contacte con nosotros para ofrecerles el mejor precio.<\/u><\/strong><\/em><\/h4>\n<p class=\"p1\"><b>Para peticiones especiales, no dude en contactar con nosotros v\u00eda mail:<\/b>\u00a0booking@barcelonatourstickets.com o haga click\u00a0<a href=\"https:\/\/www.barcelonatourstickets.com\/contact\/\"><span class=\"s1\">aqu\u00ed<\/span><\/a><\/p>\n<p class=\"p3\">","protected":false},"excerpt":{"rendered":"<p class=\"p1\" style=\"text-align: justify;\">\u00bfEst\u00e1s buscando un transfer de confianza desde\/al el centro de la ciudad, que te recoja directamente en tu hotel, apartamento terminal de cruceros o la estaci\u00f3n de trenes de Barcelona o viceversa? <strong>Nosotros somos tu experto local en Barcelona Airport Transfers.<\/strong><\/p>\n","protected":false},"featured_media":867,"comment_status":"closed","ping_status":"closed","template":"","meta":[],"product_brand":[],"product_cat":[24],"product_tag":[27,30,114,31,32],"class_list":{"0":"post-317","1":"product","2":"type-product","3":"status-publish","4":"has-post-thumbnail","6":"product_cat-transfers","7":"product_tag-barcelona","8":"product_tag-by-carminivan","9":"product_tag-multi","10":"product_tag-private","11":"product_tag-transfers","13":"first","14":"instock","15":"virtual","16":"sold-individually","17":"purchasable","18":"product-type-booking"},"_links":{"self":[{"href":"https:\/\/www.barcelonatourstickets.com\/es\/wp-json\/wp\/v2\/product\/317","targetHints":{"allow":["GET"]}}],"collection":[{"href":"https:\/\/www.barcelonatourstickets.com\/es\/wp-json\/wp\/v2\/product"}],"about":[{"href":"https:\/\/www.barcelonatourstickets.com\/es\/wp-json\/wp\/v2\/types\/product"}],"replies":[{"embeddable":true,"href":"https:\/\/www.barcelonatourstickets.com\/es\/wp-json\/wp\/v2\/comments?post=317"}],"wp:featuredmedia":[{"embeddable":true,"href":"https:\/\/www.barcelonatourstickets.com\/es\/wp-json\/wp\/v2\/media\/867"}],"wp:attachment":[{"href":"https:\/\/www.barcelonatourstickets.com\/es\/wp-json\/wp\/v2\/media?parent=317"}],"wp:term":[{"taxonomy":"product_brand","embeddable":true,"href":"https:\/\/www.barcelonatourstickets.com\/es\/wp-json\/wp\/v2\/product_brand?post=317"},{"taxonomy":"product_cat","embeddable":true,"href":"https:\/\/www.barcelonatourstickets.com\/es\/wp-json\/wp\/v2\/product_cat?post=317"},{"taxonomy":"product_tag","embeddable":true,"href":"https:\/\/www.barcelonatourstickets.com\/es\/wp-json\/wp\/v2\/product_tag?post=317"}],"curies":[{"name":"wp","href":"https:\/\/api.w.org\/{rel}","templated":true}]}}