{"id":463,"date":"2016-07-12T18:42:12","date_gmt":"2016-07-12T16:42:12","guid":{"rendered":"https:\/\/www.barcelonatourstickets.com\/tours\/barcelona-ebike-tour\/"},"modified":"2021-01-14T10:57:04","modified_gmt":"2021-01-14T09:57:04","slug":"barcelona-gaudi-ebike-tour","status":"publish","type":"product","link":"https:\/\/www.barcelonatourstickets.com\/es\/tours\/barcelona-gaudi-ebike-tour\/","title":{"rendered":"Barcelona Gaud\u00ed eBike Tour"},"content":{"rendered":"<h5 class=\"p1\" style=\"text-align: justify;\">Barcelona\u00a0Highlights eBike tour: experimenta Barcelona a trav\u00e9s de los ojos de <a href=\"https:\/\/www.barcelonatourstickets.com\/es\/product-tag\/arquitecture\/\">Gaud\u00ed<\/a> con nosotros.<\/h5>\n<p style=\"text-align: justify;\">Explora Barcelona en bicicleta el\u00e9ctrica a trav\u00e9s de las historias que os hemos preparado sobre la \u00a0vida\u00a0de\u00a0<strong>\u201cAntoni Gaud\u00ed\u201d. \u00a0<\/strong>Descubrir\u00e1s en este fascinante\u00a0<strong>tour guiado<\/strong>\u00a0las leyendas escondidas en la simbolog\u00eda de cada edificio, las obras imprescindibles y m\u00e1s conocidas de Barcelona incluyendo la obra m\u00e1s impresionante de Gaud\u00ed. El<strong>\u00a0templo expiatorio<\/strong>\u00a0inacabado de La<strong>\u00a0Sagrada Familia.<\/strong><\/p>\n<p style=\"text-align: justify;\">Tras admirar detenidamente el exterior de la Sagrada Familia, mientras el gu\u00eda explica los detalles en profundidad haremos una peque\u00f1a pausa para recuperar fuerzas \u00a0y continuaremos el tour donde\u00a0atravesaremos el\u00a0<strong>Eixample <\/strong>para que puedas quedarte prendado de la arquitectura y la vida cotidiana\u00a0de la ciudad de Barcelona con dos de las casas m\u00e1s impresionantes de Gaud\u00ed: <strong>Casa Mil\u00e0<\/strong>\u00a0y\u00a0<strong>Casa Batll\u00f3<\/strong>. Te mostraremos desde\u00a0\u00a0la calle m\u00e1s prestigiosa de la ciudad hasta el paseo m\u00e1s escondido del casco viejo, pasaremos\u00a0por parques y monumentos donde veremos la vida diaria y la grandiosidad de Barcelona.<\/p>\n<p style=\"text-align: justify;\">Reserva\u00a0este tour si quieres ver las obras imprescindibles de la ciudad y tener una idea de a d\u00f3nde tienes que volver\u2026<\/p>\n<p class=\"p1\" style=\"text-align: justify;\"><span style=\"color: #000080; text-decoration: underline; font-family: inherit; font-weight: bold;\">Punto de encuentro<\/span><\/p>\n<p class=\"p1\" style=\"text-align: justify;\">Montsio 10<\/p>\n<p class=\"p1\" style=\"text-align: justify;\">*Recomendamos llegar 10 min antes del comienzo del tour*<\/p>\n<h5 class=\"p1\" style=\"text-align: justify;\"><span style=\"text-decoration: underline;\"><span class=\"s1\" style=\"color: #000080; text-decoration: underline;\">Hora de salida<\/span><\/span><\/h5>\n<p class=\"p3\" style=\"text-align: justify;\">Diariamente a las 11 am<\/p>\n<h5 class=\"p1\" style=\"text-align: justify;\"><span style=\"text-decoration: underline;\"><span class=\"s1\" style=\"color: #000080; text-decoration: underline;\">Incluye<\/span><\/span><\/h5>\n<p class=\"p1\" style=\"text-align: justify;\">Gu\u00eda de habla hispana e inglesa.<\/p>\n<p class=\"p1\" style=\"text-align: justify;\">eBike (bici el\u00e9ctrica)<\/p>\n<p class=\"p1\" style=\"text-align: justify;\">Botella de agua<\/p>\n<p class=\"p1\" style=\"text-align: justify;\">Cesta para los objetos personales.<br \/>\n* Cascos y silla para ni\u00f1os gratis*<\/p>\n<h5 class=\"p1\" style=\"text-align: justify;\"><span style=\"text-decoration: underline;\"><span class=\"s1\" style=\"color: #000080; text-decoration: underline;\">Excluye<\/span><\/span><\/h5>\n<p class=\"p3\" style=\"text-align: justify;\">Comidas u otros servicios no especificados<\/p>\n<h5 class=\"p1\" style=\"text-align: justify;\"><span style=\"text-decoration: underline; color: #000080;\"><span class=\"s1\">Informaci\u00f3n Adicional<\/span><\/span><\/h5>\n<p class=\"p3\" style=\"text-align: justify;\"><span class=\"s1\"><b>Duraci\u00f3n:<\/b><\/span>\u00a03 horas<\/p>\n<p class=\"p3\" style=\"text-align: justify;\"><span class=\"s1\"><b>Lista de precios:<\/b><\/span><\/p>\n<p class=\"p3\" style=\"text-align: justify;\">Adultos: 39\u20ac<\/p>\n<p>Junior (13-17): 30\u20ac<\/p>\n<p class=\"p3\" style=\"text-align: justify;\">Ni\u00f1os (7-12): 25\u20ac<\/p>\n<p class=\"p3\" style=\"text-align: justify;\"><span class=\"s1\"><b>Idiomas:<\/b><\/span><\/p>\n<p class=\"p3\" style=\"text-align: justify;\">Ingl\u00e9s y Espa\u00f1ol<\/p>\n<p class=\"p3\" style=\"text-align: justify;\"><span class=\"s1\"><b>Please for special requests send us an email to<\/b><\/span> <span class=\"s2\">booking@barcelonatourstickets.com<\/span><\/p>","protected":false},"excerpt":{"rendered":"<p class=\"p1\">Descubre las historias de la vida de Antoni Gaud\u00ed que hemos preparado para t\u00ed en este tour guiado en bicicleta el\u00e9ctrica.<\/p>\n","protected":false},"featured_media":1477,"comment_status":"closed","ping_status":"closed","template":"","meta":[],"product_brand":[],"product_cat":[21],"product_tag":[27,40,49,112,28,29,98,97,99],"class_list":{"0":"post-463","1":"product","2":"type-product","3":"status-publish","4":"has-post-thumbnail","6":"product_cat-bike-tour","7":"product_tag-barcelona","8":"product_tag-bike-tours","9":"product_tag-ebike","10":"product_tag-engspa","11":"product_tag-highlights","12":"product_tag-sightseeing","13":"product_tag-traveling-by-yourself","14":"product_tag-traveling-with-children","15":"product_tag-traveling-with-partner","17":"first","18":"instock","19":"virtual","20":"sold-individually","21":"purchasable","22":"product-type-booking"},"_links":{"self":[{"href":"https:\/\/www.barcelonatourstickets.com\/es\/wp-json\/wp\/v2\/product\/463","targetHints":{"allow":["GET"]}}],"collection":[{"href":"https:\/\/www.barcelonatourstickets.com\/es\/wp-json\/wp\/v2\/product"}],"about":[{"href":"https:\/\/www.barcelonatourstickets.com\/es\/wp-json\/wp\/v2\/types\/product"}],"replies":[{"embeddable":true,"href":"https:\/\/www.barcelonatourstickets.com\/es\/wp-json\/wp\/v2\/comments?post=463"}],"wp:featuredmedia":[{"embeddable":true,"href":"https:\/\/www.barcelonatourstickets.com\/es\/wp-json\/wp\/v2\/media\/1477"}],"wp:attachment":[{"href":"https:\/\/www.barcelonatourstickets.com\/es\/wp-json\/wp\/v2\/media?parent=463"}],"wp:term":[{"taxonomy":"product_brand","embeddable":true,"href":"https:\/\/www.barcelonatourstickets.com\/es\/wp-json\/wp\/v2\/product_brand?post=463"},{"taxonomy":"product_cat","embeddable":true,"href":"https:\/\/www.barcelonatourstickets.com\/es\/wp-json\/wp\/v2\/product_cat?post=463"},{"taxonomy":"product_tag","embeddable":true,"href":"https:\/\/www.barcelonatourstickets.com\/es\/wp-json\/wp\/v2\/product_tag?post=463"}],"curies":[{"name":"wp","href":"https:\/\/api.w.org\/{rel}","templated":true}]}}