{"id":473,"date":"2016-07-12T19:35:49","date_gmt":"2016-07-12T17:35:49","guid":{"rendered":"https:\/\/www.barcelonatourstickets.com\/tours\/bohemian-ebike-tour\/"},"modified":"2021-01-14T10:56:54","modified_gmt":"2021-01-14T09:56:54","slug":"bohemian-ebike-tour","status":"publish","type":"product","link":"https:\/\/www.barcelonatourstickets.com\/es\/tours\/bohemian-ebike-tour\/","title":{"rendered":"Picasso y a Barcelona Bohemia en eBike"},"content":{"rendered":"<h5 class=\"p1\" style=\"text-align: justify;\">Bohemian Neighborhoods <a href=\"https:\/\/www.barcelonatourstickets.com\/product-category\/bike-tour\/\" target=\"_blank\" rel=\"noopener noreferrer\">eBike Tour<\/a>: Disfruta de la Playa, el centros hist\u00f3rico, el Raval, el Born y enam\u00f3rate de Barcelona.<\/h5>\n<p class=\"p2\" style=\"text-align: justify;\">Disfruta de \u00a0Barcelona en bicicleta el\u00e9ctrica en este relajado itinerario que hemos preparado para ti. Atravesaremos el barrio m\u00e1s de moda del casco hist\u00f3rico, el <strong>Born<\/strong>, donde adem\u00e1s de descubrir las historias que sucedieron en esta peculiar zona de Barcelona\u00a0podr\u00e1s sentir la magia del actual barrio hipster, donde tradici\u00f3n y modernidad se mezclan para dar paso a un barrio lleno de rincones por descubrir\u00a0e historia.<\/p>\n<p class=\"p2\" style=\"text-align: justify;\">Pasearemos por \u00a0la <strong>Barceloneta<\/strong>, \u00a0el antiguo barrio de los pescadores, que ha sufrido una de las mayores modificaciones desde los Juegos Ol\u00edmpicos de 1992, nos perderemos en el G\u00f3tico, donde todas las leyendas de la ciudad se mantienen escondidas en un laberinto de calles incre\u00edble. Te mostraremos el\u00a0estudio de <strong>Pablo Ruiz Picasso<\/strong>, donde pint\u00f3 sus primer cuadros y dio sus primeros pasos como pintor.<\/p>\n<p class=\"p2\" style=\"text-align: justify;\">Un paseo sin ruidos ni tr\u00e1fico en una de las rutas m\u00e1s agradables y pac\u00edficas de la ciudad. Un forma espectacular de descubrir la ciudad desde un perspectiva diferente y amable donde disfrutar\u00e1s del ambiente mediterr\u00e1neo y de las historias mejor escogidas de los barrios m\u00e1s antiguos de la ciudad.<\/p>\n<h5 class=\"p1\"><span style=\"color: #000080;\"><strong><u>Punto de encuentro<\/u><\/strong><\/span><\/h5>\n<p class=\"p1\">Montsio 10<\/p>\n<p class=\"p1\">*Recomendamos llegar 10 min antes del comienzo del tour*<\/p>\n<h5 class=\"p1\"><span class=\"s1\" style=\"color: #000080;\"><u>Hora de salida<\/u><\/span><\/h5>\n<p class=\"p3\">Diariamente a las 16 pm<\/p>\n<h5 class=\"p1\"><span class=\"s1\" style=\"color: #000080;\"><u>Incluye<\/u><\/span><\/h5>\n<p class=\"p1\">Gu\u00eda de habla hispana e inglesa.<\/p>\n<p class=\"p1\">eBike (bici el\u00e9ctrica)<\/p>\n<p class=\"p1\">Botella de agua<\/p>\n<p class=\"p1\">Cesta para los objetos personales.<br \/>\n* Cascos y silla para ni\u00f1os gratis*<\/p>\n<h5 class=\"p1\"><span class=\"s1\" style=\"color: #000080;\"><u>Excluye<\/u><\/span><\/h5>\n<p class=\"p3\">Comidas u otros servicios no especificados<\/p>\n<h5 class=\"p1\"><span class=\"s1\" style=\"color: #000080;\"><u>Informaci\u00f3n Adicional<\/u><\/span><\/h5>\n<p class=\"p3\"><span class=\"s1\"><b>Duraci\u00f3n:<\/b><\/span>\u00a02,5 horas<\/p>\n<p class=\"p3\"><span class=\"s1\"><b>Lista de precios:<\/b><\/span><\/p>\n<p class=\"p3\">Adultos: 39\u20ac<\/p>\n<p>Junior: 30\u20ac<\/p>\n<p class=\"p3\">Ni\u00f1os: 25\u20ac<\/p>\n<p class=\"p3\"><span class=\"s1\"><b>Idiomas:<\/b><\/span><\/p>\n<p class=\"p3\">Ingl\u00e9s y Espa\u00f1ol<\/p>\n<p class=\"p3\" style=\"text-align: justify;\"><span class=\"s1\"><b>Please for special requests send us an email to<\/b><\/span> <span class=\"s2\">booking@barcelonatourstickets.com<\/span><\/p>","protected":false},"excerpt":{"rendered":"<p class=\"p1\"><strong>Bohemian Neighborhoods eBike (bici el\u00e9ctrica) Tour:<\/strong> Disfruta de la Playa, el centros hist\u00f3rico, el Raval, el Born y enam\u00f3rate de Barcelona<\/p>\n","protected":false},"featured_media":487,"comment_status":"closed","ping_status":"closed","template":"","meta":[],"product_brand":[],"product_cat":[21],"product_tag":[27,40,49,112,28,29,98,97,99],"class_list":{"0":"post-473","1":"product","2":"type-product","3":"status-publish","4":"has-post-thumbnail","6":"product_cat-bike-tour","7":"product_tag-barcelona","8":"product_tag-bike-tours","9":"product_tag-ebike","10":"product_tag-engspa","11":"product_tag-highlights","12":"product_tag-sightseeing","13":"product_tag-traveling-by-yourself","14":"product_tag-traveling-with-children","15":"product_tag-traveling-with-partner","17":"first","18":"instock","19":"virtual","20":"sold-individually","21":"purchasable","22":"product-type-booking"},"_links":{"self":[{"href":"https:\/\/www.barcelonatourstickets.com\/es\/wp-json\/wp\/v2\/product\/473","targetHints":{"allow":["GET"]}}],"collection":[{"href":"https:\/\/www.barcelonatourstickets.com\/es\/wp-json\/wp\/v2\/product"}],"about":[{"href":"https:\/\/www.barcelonatourstickets.com\/es\/wp-json\/wp\/v2\/types\/product"}],"replies":[{"embeddable":true,"href":"https:\/\/www.barcelonatourstickets.com\/es\/wp-json\/wp\/v2\/comments?post=473"}],"wp:featuredmedia":[{"embeddable":true,"href":"https:\/\/www.barcelonatourstickets.com\/es\/wp-json\/wp\/v2\/media\/487"}],"wp:attachment":[{"href":"https:\/\/www.barcelonatourstickets.com\/es\/wp-json\/wp\/v2\/media?parent=473"}],"wp:term":[{"taxonomy":"product_brand","embeddable":true,"href":"https:\/\/www.barcelonatourstickets.com\/es\/wp-json\/wp\/v2\/product_brand?post=473"},{"taxonomy":"product_cat","embeddable":true,"href":"https:\/\/www.barcelonatourstickets.com\/es\/wp-json\/wp\/v2\/product_cat?post=473"},{"taxonomy":"product_tag","embeddable":true,"href":"https:\/\/www.barcelonatourstickets.com\/es\/wp-json\/wp\/v2\/product_tag?post=473"}],"curies":[{"name":"wp","href":"https:\/\/api.w.org\/{rel}","templated":true}]}}