{"id":481,"date":"2016-07-12T20:04:09","date_gmt":"2016-07-12T18:04:09","guid":{"rendered":"https:\/\/www.barcelonatourstickets.com\/tours\/fine-wine-tasting-ebike-tour\/"},"modified":"2021-01-14T10:56:43","modified_gmt":"2021-01-14T09:56:43","slug":"fine-wine-tasting-ebike-tour","status":"publish","type":"product","link":"https:\/\/www.barcelonatourstickets.com\/es\/tours\/fine-wine-tasting-ebike-tour\/","title":{"rendered":"eBike Tour con cata de vinos"},"content":{"rendered":"<h5 class=\"p1\" style=\"text-align: justify;\">Fine Wine Tasting <a href=\"https:\/\/www.barcelonatourstickets.com\/product-category\/bike-tour\/\" target=\"_blank\" rel=\"noopener noreferrer\">ebike Tour<\/a>: Disfruta de la Playa, el centros hist\u00f3rico, el Raval, el Born y acaba el tour con una incre\u00edble cata de vinos en una bodega o en la fonda\u00a0donde Picasso lo hacia de estudiante..<\/h5>\n<section class=\"av_textblock_section\">\n<div class=\"avia_textblock \">\n<p style=\"text-align: justify;\">Disfruta de \u00a0Barcelona en bicicleta el\u00e9ctrica y de una <strong>Cata de vinos<\/strong> en una autentica<strong> bodega del centro<\/strong> de la ciudad o en la fonda donde<strong>Picasso<\/strong> lo hacia en sus tiempo de <strong>estudiante<\/strong> en Barcelona. Atravesaremos el barrio mas de moda del casco hist\u00f3rico, el<strong> Born<\/strong>, donde ademas de descubrir las historias que sucedieron en este peculiar barrio podr\u00e1s sentir la magia del<strong>\u00a0barrio hipster<\/strong> de la Barcelona, done tradici\u00f3n y modernidad se mezclan para dar paso a un barrio lleno de magia e historia.\u00a0Pasearemos por al lado del mar y la<strong> Barceloneta<\/strong>, \u00a0el antiguo barrio de los pescadores que ha sufrido una de las mayores modificaciones desde los juegos ol\u00edmpicos de 1992 , nos perderemos en el<strong>G\u00f3tico<\/strong>\u00a0donde todas las leyendas de la ciudad se mantienen escondidas en un laberinto de calles incre\u00edble. Te mostraremos el\u00a0estudio de <strong>Pablo Ruiz Picasso<\/strong> donde pint\u00f3 su primer cuadro y dio sus primeros pasos como pintor. Un paseo sin ruidos ni trafico en uno de las rutas mas agradables y pac\u00edficas de la ciudad. Un forma espectacular de descubrir la ciudad desde un perspectiva diferente y amable donde disfrutar\u00e1s de la atm\u00f3sfera Mediterr\u00e1nea y las historias mejor escogidas de los<strong> barrios mas antiguos de la ciudad<\/strong>.<\/p>\n<\/div>\n<\/section>\n<p class=\"p1\" style=\"text-align: justify;\"><span style=\"color: #000080; text-decoration: underline; font-family: inherit; font-weight: bold;\">Punto de partida<\/span><\/p>\n<p class=\"p1\">Montsio 10<\/p>\n<p class=\"p1\" style=\"text-align: justify;\">*We recommend to arrive 10 minutes before the start of the tour*<\/p>\n<h5 class=\"p1\" style=\"text-align: justify;\"><span style=\"text-decoration: underline;\"><span class=\"s1\" style=\"color: #000080; text-decoration: underline;\">Hora de salida<\/span><\/span><\/h5>\n<p class=\"p3\" style=\"text-align: justify;\">Diariamente a las\u00a016:00<\/p>\n<h5 class=\"p1\" style=\"text-align: justify;\"><span style=\"text-decoration: underline;\"><span class=\"s1\" style=\"color: #000080; text-decoration: underline;\">Incluye<\/span><\/span><\/h5>\n<p class=\"p1\">Gu\u00eda de habla hispana e inglesa.<\/p>\n<p class=\"p1\">eBike (bici el\u00e9ctrica)<\/p>\n<p class=\"p1\">Botella de agua<\/p>\n<p class=\"p1\">Cesta para los objetos personales.<br \/>\n* Cascos y silla para ni\u00f1os gratis*<\/p>\n<p class=\"p1\" style=\"text-align: justify;\">Cata de vino y cava<\/p>\n<p class=\"p1\" style=\"text-align: justify;\">Cata de Tapas<\/p>\n<h5 class=\"p1\" style=\"text-align: justify;\"><span style=\"text-decoration: underline;\"><span class=\"s1\" style=\"color: #000080; text-decoration: underline;\">Excluye<\/span><\/span><\/h5>\n<p class=\"p3\" style=\"text-align: justify;\">Comidas u otros servicios no especificados<\/p>\n<h5 class=\"p1\" style=\"text-align: justify;\"><span style=\"text-decoration: underline; color: #000080;\"><span class=\"s1\">Informaci\u00f3n Adicional<\/span><\/span><\/h5>\n<p class=\"p3\" style=\"text-align: justify;\"><span class=\"s1\"><b>Duraci\u00f3n:<\/b><\/span>\u00a03,5 horas<\/p>\n<p class=\"p3\" style=\"text-align: justify;\"><span class=\"s1\"><b>Lista de Precios:<\/b><\/span><\/p>\n<p class=\"p3\" style=\"text-align: justify;\">Adultos: 59\u20ac<\/p>\n<p>Junior (13-17): 50\u20ac<\/p>\n<p class=\"p3\" style=\"text-align: justify;\">Ni\u00f1os (6-12): 42\u20ac<\/p>\n<p class=\"p3\" style=\"text-align: justify;\"><span class=\"s1\"><b>Idiomas:\u00a0Ingl\u00e9s o Espa\u00f1ol<\/b><\/span><\/p>\n<p class=\"p1\"><b>Para peticiones especiales, no dude en contactar con nosotros v\u00eda mail:<\/b>\u00a0booking@barcelonatourstickets.com o haga click\u00a0<a href=\"https:\/\/www.barcelonatourstickets.com\/contact\/\"><span class=\"s1\">aqu\u00ed<\/span><\/a><\/p>","protected":false},"excerpt":{"rendered":"<p class=\"p1\">Disfruta de la Playa, el centros hist\u00f3rico, el Raval, el Born y acaba el tour con una incre\u00edble cata de vinos en una bodega o en la fonda\u00a0donde Picasso lo hacia de estudiante.<\/p>\n","protected":false},"featured_media":454,"comment_status":"closed","ping_status":"closed","template":"","meta":[],"product_brand":[],"product_cat":[21,22],"product_tag":[27,40,56,47,49,112,28,29,36,98,99,39],"class_list":{"0":"post-481","1":"product","2":"type-product","3":"status-publish","4":"has-post-thumbnail","6":"product_cat-bike-tour","7":"product_cat-tapas-tours","8":"product_tag-barcelona","9":"product_tag-bike-tours","10":"product_tag-cavas","11":"product_tag-cellars","12":"product_tag-ebike","13":"product_tag-engspa","14":"product_tag-highlights","15":"product_tag-sightseeing","16":"product_tag-tapas","17":"product_tag-traveling-by-yourself","18":"product_tag-traveling-with-partner","19":"product_tag-wine","21":"first","22":"instock","23":"virtual","24":"sold-individually","25":"purchasable","26":"product-type-booking"},"_links":{"self":[{"href":"https:\/\/www.barcelonatourstickets.com\/es\/wp-json\/wp\/v2\/product\/481","targetHints":{"allow":["GET"]}}],"collection":[{"href":"https:\/\/www.barcelonatourstickets.com\/es\/wp-json\/wp\/v2\/product"}],"about":[{"href":"https:\/\/www.barcelonatourstickets.com\/es\/wp-json\/wp\/v2\/types\/product"}],"replies":[{"embeddable":true,"href":"https:\/\/www.barcelonatourstickets.com\/es\/wp-json\/wp\/v2\/comments?post=481"}],"wp:featuredmedia":[{"embeddable":true,"href":"https:\/\/www.barcelonatourstickets.com\/es\/wp-json\/wp\/v2\/media\/454"}],"wp:attachment":[{"href":"https:\/\/www.barcelonatourstickets.com\/es\/wp-json\/wp\/v2\/media?parent=481"}],"wp:term":[{"taxonomy":"product_brand","embeddable":true,"href":"https:\/\/www.barcelonatourstickets.com\/es\/wp-json\/wp\/v2\/product_brand?post=481"},{"taxonomy":"product_cat","embeddable":true,"href":"https:\/\/www.barcelonatourstickets.com\/es\/wp-json\/wp\/v2\/product_cat?post=481"},{"taxonomy":"product_tag","embeddable":true,"href":"https:\/\/www.barcelonatourstickets.com\/es\/wp-json\/wp\/v2\/product_tag?post=481"}],"curies":[{"name":"wp","href":"https:\/\/api.w.org\/{rel}","templated":true}]}}