{"id":653,"date":"2016-09-13T11:15:10","date_gmt":"2016-09-13T09:15:10","guid":{"rendered":"https:\/\/www.barcelonatourstickets.com\/tours\/gaudi-tour\/"},"modified":"2021-01-14T10:50:53","modified_gmt":"2021-01-14T09:50:53","slug":"gaudi-tour","status":"publish","type":"product","link":"https:\/\/www.barcelonatourstickets.com\/es\/tours\/gaudi-tour\/","title":{"rendered":"The Gaud\u00ed Tour"},"content":{"rendered":"<h5>El Tour de Gaud\u00ed: Una visita obligatoria para cualquier visitante de Barcelona, le presentar\u00e1 el genio creativo que fue Antonio Gaud\u00ed. Descubra lo que hace que estos edificios sean tan extraordinarios: los detalles, los s\u00edmbolos, los secretos estructurales y la innovaci\u00f3n t\u00e9cnica.<\/h5>\n<p>Abra los ojos, el coraz\u00f3n y la mente durante este recorrido: preg\u00fantese c\u00f3mo Gaud\u00ed us\u00f3 la naturaleza como fuente de inspiraci\u00f3n, descubrir\u00e1 que lo que parece un caos se basa en matem\u00e1ticas sofisticadas. Cada detalle est\u00e1 lleno de sorpresas esperando ser descubiertas. Antoni Gaud\u00ed fue un arquitecto visionario durante el per\u00edodo modernista de Barcelona a principios de 1900. Adorn\u00f3 Barcelona con casi todos sus edificios extraordinarios. No menos de 7 de sus edificios han sido catalogados como Patrimonio de la Humanidad por la UNESCO, incluidas Sagrada Familia y Casa Batll\u00f3.<\/p>\n<h6>Sagrada Familia<\/h6>\n<p>Re\u00fanase con su gu\u00eda en la oficina de turismo para comenzar su paseo con un recorrido panor\u00e1mico por la Sagrada Familia. Probablemente la obra m\u00e1s famosa de Gaud\u00ed, la Sagrada Familia combina el g\u00f3tico con el estilo Art Nouveau para crear una catedral verdaderamente \u00fanica como ninguna otra. Admire las caracter\u00edsticas peculiares del exterior y marav\u00edllese con el simbolismo de los detalles de la fachada, antes de regresar al autob\u00fas para el corto viaje hasta Parque G\u00fcell.<\/p>\n<h6>Park G\u00fcell<\/h6>\n<p>Inaugurado en 1926, el Park G\u00fcell exhibe el estilo personal de Gaud\u00ed en su dise\u00f1o al inspirarse en la naturaleza y las formas org\u00e1nicas. Explore el parque declarado Patrimonio de la Humanidad por la UNESCO con una visita guiada y admire las numerosas obras emblem\u00e1ticas que salpican la zona.<\/p>\n<h6>Passeig de Gr\u00e0cia<\/h6>\n<p>Esta amplia y elegante avenida fue construida por y para los ricos barceloneses y nunca se han ido; tiendas de lujo y dise\u00f1o se alinean en la calle junto con los principales bancos y la bolsa de valores. Los detalles arquitect\u00f3nicos incluyen farolas modernistas y los azulejos de Gaud\u00ed para el pavimento y una mir\u00edada de grandes edificios:<br \/>\n\u2022 La Pedrera y Casa Mil\u00e0: Echa un vistazo a la fachada ondulada con sus extraordinarios balcones, y no te pierdas la parte superior con las extra\u00f1as chimeneas que se parecen a los soldados que buscan a los residentes.<br \/>\n\u2022 Illa de la Dic\u00f2rdia: Los principales arquitectos del estilo modernista tuvieron la oportunidad de mostrar lo mejor: Gaud\u00ed con la Casa Batll\u00f3, Dom\u00e8nech i Montaner con la Casa Lle\u00f3 Morera y Puig i Cadafalch con la Casa Amatller.<\/p>\n<h6>Casa Batll\u00f3<\/h6>\n<p>La Casa Batll\u00f3 no es solo un edificio sino una leyenda art\u00edstica; La fachada excepcional refleja un mar tranquilo y, escondido detr\u00e1s de \u00e9l, es un mundo de detalles arquitect\u00f3nicos sorprendidos y refinados. Incluya la entrada haciendo el <em>upgrade<\/em> de su reserva.<\/p>\n<h5 class=\"p1\"><span style=\"text-decoration: underline; color: #000080;\"><span class=\"s1\">El punto de encuentro<\/span><\/span><\/h5>\n<p class=\"p3\">Carrer de Balmes, 5. \u00a1Llegue 15 minutos antes de la hora de salida! Este tour termina en la Casa Batll\u00f3.<\/p>\n<h5 class=\"p1\"><span style=\"text-decoration: underline;\"><span class=\"s1\" style=\"color: #000080; text-decoration: underline;\">Horario<\/span> <\/span><\/h5>\n<p class=\"p3\">15:30 Diariamente (Abril &#8211; Octubre)<\/p>\n<p>14:30 (Noviembre to Marzo)<\/p>\n<h5 class=\"p1\"><span style=\"text-decoration: underline;\"><span class=\"s1\" style=\"color: #000080; text-decoration: underline;\">Incluido<\/span><\/span><\/h5>\n<p>La entrada en Park G\u00fcell<\/p>\n<p class=\"p3\">Transporte en Autob\u00fas. En esta excursi\u00f3n hay que caminar.<\/p>\n<p class=\"p3\">Gu\u00eda en Ingl\u00e9s y Espa\u00f1ol<\/p>\n<h5 class=\"p1\"><span style=\"text-decoration: underline;\"><span class=\"s1\" style=\"color: #000080; text-decoration: underline;\">Excluido<\/span><\/span><\/h5>\n<p>Entrada en la Sagrada familia<\/p>\n<p>Comida y bebidas<br \/>\nRecogida en hotel.<\/p>\n<h5 class=\"p1\"><span style=\"text-decoration: underline; color: #000080;\"><span class=\"s1\">Importante <\/span><\/span><\/h5>\n<p class=\"p3\"><span class=\"s1\"><b>Duraci\u00f3n:<\/b><\/span> 4 horas<\/p>\n<p class=\"p3\"><span class=\"s1\"><b>Precio:<\/b><\/span> 49\u20ac adultos | 39\u20ac ni\u00f1os<\/p>\n<p class=\"p3\"><span class=\"s1\"><b>Idioma: <\/b><\/span>Ingl\u00e9s y Espa\u00f1ol. Por favor informe el idioma en que desea hacer la excursi\u00f3n.<\/p>\n<p class=\"p3\"><span class=\"s1\"><b>Atenci\u00f3n:<\/b><\/span><\/p>\n<p>En esta excursi\u00f3n hay que caminar.<br \/>\nNo es accesible para silla de ruedas. Pero se la persona tiene alguna movilidad (i.e pueda bajar y subir en el autob\u00fas) la silla de rueda se puede poner en el autob\u00fas.<\/p>\n<p class=\"p3\"><span class=\"s1\"><b> Para m\u00e1s informaciones contacte con nosotros en<\/b><\/span> <span class=\"s2\">info@tourstickets.com<\/span><\/p>","protected":false},"excerpt":{"rendered":"<p>Un tour precioso, inclu\u00ed una visita panor\u00e1mica a la<strong> Sagrada Familia<\/strong>,<strong> Park G\u00fcell<\/strong>, pasando por<strong> Passeig de Gr\u00e0cia<\/strong> y terminando en <strong>Casa Batll\u00f3.<\/strong><\/p>\n","protected":false},"featured_media":658,"comment_status":"closed","ping_status":"closed","template":"","meta":[],"product_brand":[],"product_cat":[19,17],"product_tag":[46,27,67,113,28,48,29,98,97,99],"class_list":{"0":"post-653","1":"product","2":"type-product","3":"status-publish","4":"has-post-thumbnail","6":"product_cat-barcelona-highlights","7":"product_cat-1-day-tours","8":"product_tag-arquitecture","9":"product_tag-barcelona","10":"product_tag-by-bus","11":"product_tag-eng","12":"product_tag-highlights","13":"product_tag-sagrada-familia","14":"product_tag-sightseeing","15":"product_tag-traveling-by-yourself","16":"product_tag-traveling-with-children","17":"product_tag-traveling-with-partner","19":"first","20":"instock","21":"virtual","22":"sold-individually","23":"purchasable","24":"product-type-booking"},"_links":{"self":[{"href":"https:\/\/www.barcelonatourstickets.com\/es\/wp-json\/wp\/v2\/product\/653","targetHints":{"allow":["GET"]}}],"collection":[{"href":"https:\/\/www.barcelonatourstickets.com\/es\/wp-json\/wp\/v2\/product"}],"about":[{"href":"https:\/\/www.barcelonatourstickets.com\/es\/wp-json\/wp\/v2\/types\/product"}],"replies":[{"embeddable":true,"href":"https:\/\/www.barcelonatourstickets.com\/es\/wp-json\/wp\/v2\/comments?post=653"}],"wp:featuredmedia":[{"embeddable":true,"href":"https:\/\/www.barcelonatourstickets.com\/es\/wp-json\/wp\/v2\/media\/658"}],"wp:attachment":[{"href":"https:\/\/www.barcelonatourstickets.com\/es\/wp-json\/wp\/v2\/media?parent=653"}],"wp:term":[{"taxonomy":"product_brand","embeddable":true,"href":"https:\/\/www.barcelonatourstickets.com\/es\/wp-json\/wp\/v2\/product_brand?post=653"},{"taxonomy":"product_cat","embeddable":true,"href":"https:\/\/www.barcelonatourstickets.com\/es\/wp-json\/wp\/v2\/product_cat?post=653"},{"taxonomy":"product_tag","embeddable":true,"href":"https:\/\/www.barcelonatourstickets.com\/es\/wp-json\/wp\/v2\/product_tag?post=653"}],"curies":[{"name":"wp","href":"https:\/\/api.w.org\/{rel}","templated":true}]}}