{"id":661,"date":"2016-09-13T12:10:34","date_gmt":"2016-09-13T10:10:34","guid":{"rendered":"https:\/\/www.barcelonatourstickets.com\/tours\/picasso-museum-gothic-quarter-walking-tour\/"},"modified":"2020-03-03T16:24:56","modified_gmt":"2020-03-03T15:24:56","slug":"picasso-museum-gothic-quarter-walking-tour","status":"publish","type":"product","link":"https:\/\/www.barcelonatourstickets.com\/es\/tours\/picasso-museum-gothic-quarter-walking-tour\/","title":{"rendered":"El Museo de Picasso &#038; El Bairro G\u00f3tico"},"content":{"rendered":"<h5>S\u00e1ltate la fila para visitar el Museo Picasso y descubre el desarrollo desde un joven artista a un genio. Pasee por antiguas calles estrechas y disfrute de los encantadores rincones del<a href=\"https:\/\/www.barcelonatourstickets.com\/tours\/gothic-quarter-walking-tour\/\" target=\"_blank\" rel=\"noopener noreferrer\"> Barrio G\u00f3tico<\/a>.<\/h5>\n<p>El Museo Picasso es clave para entender el desarrollo de este joven artista en un genio. Descubre las encantadoras plazas del Barrio G\u00f3tico escondidas en antiguas calles estrechas. Ven al centro de la ciudad, donde todo comenz\u00f3 hace 2000 a\u00f1os. El Museo Picasso y los barrios g\u00f3ticos y de Ribera que lo rodean son testimonio del estrecho v\u00ednculo entre el artista y la ciudad. Con este recorrido, seguir\u00e1s la huella de Picasso en la ciudad y descubrir\u00e1s el v\u00ednculo entre Picasso y Barcelona.<\/p>\n<h6>El Museo de Picasso<\/h6>\n<p>Insp\u00edrate con los primeros pasos de Pablo Picasso como artista. El museo es clave para comprender el desarrollo de este joven artista en un genio de 1887 a 1901. Est\u00e1 ubicado en 5 palacios medievales y fue inaugurado en 1963 por deseo expreso del artista. El museo tiene una colecci\u00f3n de 4200 piezas de arte.<\/p>\n<h6>Barrio G\u00f3tico<\/h6>\n<p>Este es el n\u00facleo de la ciudad, donde todo comenz\u00f3 hace 2000 a\u00f1os. Disfruta de los encantadores rincones y plazas del Barrio G\u00f3tico escondidos en antiguas calles estrechas.<\/p>\n<p><span style=\"color: #000080; text-decoration: underline; font-family: inherit; font-weight: bold; text-align: justify;\">Punto de Encuentro<\/span><\/p>\n<p class=\"p3\" style=\"text-align: justify;\"> Este recorrido empezar\u00e1 en la oficina de Julia Travel &#8211; Tours &#038; Tickets en Ramblas 54. Llegue 15 minutos antes de la hora de salida.<\/p>\n<p class=\"p3\" style=\"text-align: justify;\"><span style=\"color: #000080; text-decoration: underline; font-family: inherit; font-weight: bold;\">Horario<\/span><\/p>\n<p class=\"p3\" style=\"text-align: justify;\"> (1 Abril &#8211; 31 Octubre) 08:15 de la ma\u00f1ana Martes, Mi\u00e9rcoles, Jueves, Viernes y S\u00e1bados<\/p>\n<p class=\"p3\" style=\"text-align: justify;\"> (1 Noviembre &#8211; 25 Marzo) 08:15 de la ma\u00f1ana Viernes y S\u00e1bados<\/p>\n<p class=\"p3\" style=\"text-align: justify;\"><span style=\"color: #000080; text-decoration: underline; font-family: inherit; font-weight: bold;\">Incluido<\/span><\/p>\n<p>Entrada en el Museo de Picasso<br \/>\nVisita Externa de la Catedral de Barcelona<br \/>\nGuia en Ingl\u00e9s<\/p>\n<h5 class=\"p1\" style=\"text-align: justify;\"><span style=\"text-decoration: underline;\"><span class=\"s1\" style=\"color: #000080; text-decoration: underline;\">Excluido<\/span><\/span><\/h5>\n<p>Comida y Bebidas<br \/>\nRecogida al hotel<\/p>\n<h5 class=\"p1\" style=\"text-align: justify;\"><span style=\"text-decoration: underline; color: #000080;\"><span class=\"s1\">Importante<\/span><\/span><\/h5>\n<p class=\"p3\" style=\"text-align: justify;\"><span class=\"s1\"><b>Duraci\u00f3n:<\/b><\/span> 2,5 horas<\/p>\n<p class=\"p3\" style=\"text-align: justify;\"><span class=\"s1\"><b>Precio:<\/b><\/span> 30 euros adulto | 20 euros para ni\u00f1os (6-10)<\/p>\n<p class=\"p3\" style=\"text-align: justify;\"><span class=\"s1\"><b>Idioma: <\/b><\/span>Ingl\u00e9s<\/p>\n<p class=\"p3\" style=\"text-align: justify;\"><span class=\"s1\"><b>Atenci\u00f3n:<\/b><\/span><\/p>\n<p>En esta excursi\u00f3n hay que caminar aprox. 2 km, no es recomendado para ni\u00f1os con menos de 3 a\u00f1os.<\/p>\n<p>No recomendamos llevar mochilas. Si lleva uno consigo, debe dejarlo en la taquilla para acceder al museo.<\/p>\n<p>El Fin del recorrido es en la plaza Sant Jaume en el Barrio G\u00f3tico. Est\u00e1 a 2 minutos a pie de la Rambla, por lo que puede quedarse y pasear o regresar a Plaza Catalunya. Nuestro gu\u00eda le dar\u00e1 todas las orientaciones que pueda necesitar.<\/p>\n<p class=\"p3\" style=\"text-align: justify;\"><span class=\"s1\"><b> Para m\u00e1s informaciones contacte con nosotros o env\u00edenos un correo a<\/b><\/span> <span class=\"s2\"> info@tourstickets.com<\/span><\/p>","protected":false},"excerpt":{"rendered":"<p><strong>S\u00e1ltate la fila para visitar el Museo Picasso<\/strong> y descubre el desarrollo desde un joven artista a un genio. Pasee por antiguas calles estrechas y disfrute de los encantadores rincones del Barrio G\u00f3tico.<\/strong><\/p>\n","protected":false},"featured_media":667,"comment_status":"closed","ping_status":"closed","template":"","meta":[],"product_brand":[],"product_cat":[20],"product_tag":[46,68,27,113,28,69,70,29,98,97,99,37],"class_list":{"0":"post-661","1":"product","2":"type-product","3":"status-publish","4":"has-post-thumbnail","6":"product_cat-walking-tours","7":"product_tag-arquitecture","8":"product_tag-art","9":"product_tag-barcelona","10":"product_tag-eng","11":"product_tag-highlights","12":"product_tag-museum","13":"product_tag-picasso","14":"product_tag-sightseeing","15":"product_tag-traveling-by-yourself","16":"product_tag-traveling-with-children","17":"product_tag-traveling-with-partner","18":"product_tag-walking-tour","20":"first","21":"instock","22":"virtual","23":"sold-individually","24":"purchasable","25":"product-type-booking"},"_links":{"self":[{"href":"https:\/\/www.barcelonatourstickets.com\/es\/wp-json\/wp\/v2\/product\/661","targetHints":{"allow":["GET"]}}],"collection":[{"href":"https:\/\/www.barcelonatourstickets.com\/es\/wp-json\/wp\/v2\/product"}],"about":[{"href":"https:\/\/www.barcelonatourstickets.com\/es\/wp-json\/wp\/v2\/types\/product"}],"replies":[{"embeddable":true,"href":"https:\/\/www.barcelonatourstickets.com\/es\/wp-json\/wp\/v2\/comments?post=661"}],"wp:featuredmedia":[{"embeddable":true,"href":"https:\/\/www.barcelonatourstickets.com\/es\/wp-json\/wp\/v2\/media\/667"}],"wp:attachment":[{"href":"https:\/\/www.barcelonatourstickets.com\/es\/wp-json\/wp\/v2\/media?parent=661"}],"wp:term":[{"taxonomy":"product_brand","embeddable":true,"href":"https:\/\/www.barcelonatourstickets.com\/es\/wp-json\/wp\/v2\/product_brand?post=661"},{"taxonomy":"product_cat","embeddable":true,"href":"https:\/\/www.barcelonatourstickets.com\/es\/wp-json\/wp\/v2\/product_cat?post=661"},{"taxonomy":"product_tag","embeddable":true,"href":"https:\/\/www.barcelonatourstickets.com\/es\/wp-json\/wp\/v2\/product_tag?post=661"}],"curies":[{"name":"wp","href":"https:\/\/api.w.org\/{rel}","templated":true}]}}