{"id":668,"date":"2016-09-13T12:45:47","date_gmt":"2016-09-13T10:45:47","guid":{"rendered":"https:\/\/www.barcelonatourstickets.com\/tours\/all-barcelona-highlights-tour\/"},"modified":"2021-01-14T10:50:34","modified_gmt":"2021-01-14T09:50:34","slug":"all-barcelona-highlights-tour","status":"publish","type":"product","link":"https:\/\/www.barcelonatourstickets.com\/es\/tours\/all-barcelona-highlights-tour\/","title":{"rendered":"All Barcelona Highlights Tour"},"content":{"rendered":"<h5 style=\"text-align: justify;\"><strong>El mejor de Barcelona en un recorrido de 5 horas. <\/strong>. Tenga una imagen general de las m\u00faltiples personalidades de Barcelona.<\/h5>\n<p style=\"text-align: justify;\">En el All Barcelona <a href=\"https:\/\/www.barcelonatourstickets.com\/product-tag\/highlights\/\" target=\"_blank\" rel=\"noopener noreferrer\">Highlights<\/a> Tour tendr\u00e1s una visita a pie del barri\u00f3 g\u00f3tico , conducir\u00e1 a lo largo del paseo mar\u00edtimo, saludar\u00e1 el Monumento a Col\u00f3n, disfrutar\u00e1 de espectaculares vistas en la colina de <a href=\"https:\/\/www.barcelonatourstickets.com\/tours\/photo-shooting-in-montjuic-by-funicular\/\" target=\"_blank\" rel=\"noopener noreferrer\">Montjuic<\/a> y visitar\u00e1 el Poble Espanyol &#8211; El pueblo Espa\u00f1ol &#8211; donde tendr\u00e1s unos 45 minutos para comer y pasear por ah\u00ed.<\/p>\n<h6>Barri\u00f3 G\u00f3tico<\/h6>\n<p>Este es el n\u00facleo de la ciudad, donde todo comenz\u00f3 hace 2000 a\u00f1os. Disfruta de los encantadores rincones y plazas del Barrio G\u00f3tico escondidos en antiguas calles estrechas, hasta llegares a la Catedral de Barcelona, d]onde tendr\u00e1n tiempo para visitarla a su aire.<\/p>\n<h6>Passeig de Gr\u00e0cia<\/h6>\n<p>Esta amplia y elegante avenida fue construida por y para los ricos barceloneses que nunca se han ido; tiendas de lujo y dise\u00f1o se alinean en la calle junto con los principales bancos y la bolsa de valores<\/p>\n<ul>\n<li><strong>Monumentos de Gaud\u00ed: La Pedrera &amp; Casa Batll\u00f3<\/strong>. Ambas fachadas son excepcionales, con las formas onduladas en la Pedrera y la piel colorida de drag\u00f3n de la Casa Batll\u00f3.<\/li>\n<li><strong>Illa de la Dic\u00f2rdia:<\/strong>. Gaud\u00ed no fue el \u00fanico arquitecto modernista y en Passeig de Gr\u00e0cia podr\u00e1s mirar las obras de otros arquitectos: Dom\u00e8nech i Montaner con la Casa Le\u00f3n Morera y Puig i Cadafalch con la Casa Amatller.<\/li>\n<\/ul>\n<h6>Paseo Mar\u00edtimo<\/h6>\n<p>Barcelona mira hacia el mar, esto es lo primero que ver\u00e1 cuando conduzca por la costa. Presta especial atenci\u00f3n al Puerto Viejo, el barrio de la Barceloneta y algunos edificios hist\u00f3ricos incre\u00edbles como los astilleros g\u00f3ticos (Drassanes).<\/p>\n<ul>\n<li>Puerto antiguo<\/li>\n<li>Momento de Columbus<\/li>\n<\/ul>\n<h6>Montju\u00efc Hill<\/h6>\n<p>Disfruta de vistas espectaculares con toda la ciudad a tus pies. Ver\u00e1s c\u00f3mo Barcelona est\u00e1 rodeada de monta\u00f1as y mira al mar desde el mirador del alcalde en la colina de Montju\u00efc.<\/p>\n<h6>Poble Espanyol<\/h6>\n<p>\u00bfSon todas las ciudades espa\u00f1olas iguales? Puedes ver la incre\u00edble diversidad en este museo al aire libre que fue construido en 1929, tiene hasta r\u00e9plicas de calles, plazas y edificios de todo el pa\u00eds.<\/p>\n<ul>\n<li>\u00a1No te pierdas los artistas y artesanos! Puedes verlos en el trabajo, sintetizando artesan\u00edas tradicionales con un dise\u00f1o moderno: vidrio, cer\u00e1mica, joyer\u00eda, telas, etc.<\/li>\n<\/ul>\n<p>Hay bares y restaurantes, tendr\u00e1 unos 45 minutos para pasear y comer.<\/p>\n<p><span style=\"color: #000080; font-family: inherit; font-weight: bold; text-align: justify; text-decoration: underline;\">Punto de Encuentro<\/span><\/p>\n<p class=\"p3\" style=\"text-align: justify;\">Este recorrido empezar\u00e1 desde la Oficina Julia Travel en la Calle de Balmes, 5 (Barcelona) \u00a1Llegue 15 minutos antes de la hora de salida!<\/p>\n<p class=\"p3\" style=\"text-align: justify;\"><span style=\"color: #000080; text-decoration: underline; font-family: inherit; font-weight: bold;\">Horario<\/span><\/p>\n<p class=\"p3\" style=\"text-align: justify;\">08:00 de la ma\u00f1ana, diariamente<\/p>\n<p class=\"p3\" style=\"text-align: justify;\"><span style=\"color: #000080; text-decoration: underline; font-family: inherit; font-weight: bold;\">Incluido<\/span><\/p>\n<p>Transporte en Autob\u00fas<br \/>\nEntrada en el castillo de Montju\u00efc<br \/>\nTelef\u00e9rico en Montju\u00efc<br \/>\nEntrada en la Catedral de Barcelona<\/p>\n<p class=\"p3\" style=\"text-align: justify;\">Gu\u00eda en ingl\u00e9s y Espanol<\/p>\n<h5 class=\"p1\" style=\"text-align: justify;\"><span style=\"text-decoration: underline;\"><span class=\"s1\" style=\"color: #000080; text-decoration: underline;\">Excluido<\/span><\/span><\/h5>\n<p>Comida y Bebida<br \/>\nRecogida en el hotel.<\/p>\n<h5 class=\"p1\" style=\"text-align: justify;\"><span style=\"text-decoration: underline; color: #000080;\"><span class=\"s1\">Importante<\/span><\/span><\/h5>\n<p class=\"p3\" style=\"text-align: justify;\"><span class=\"s1\"><b>Duraci\u00f3n:<\/b><\/span> 4.5 hours<\/p>\n<p class=\"p3\" style=\"text-align: justify;\"><span class=\"s1\"><b>Price:<\/b><\/span> 51 euros adulto | 41 euros ni\u00f1os<\/p>\n<p class=\"p3\" style=\"text-align: justify;\"><span class=\"s1\"><b>Idioma: <\/b><\/span>Ingl\u00e9s y Espa\u00f1ol<\/p>\n<p class=\"p3\" style=\"text-align: justify;\"><span class=\"s1\"><b>Atenci\u00f3n:<\/b><\/span><\/p>\n<p>En esta excursi\u00f3n hay que caminar.<br \/>\nNo es accesible para silla de ruedas. Pero se la persona tiene alguna movilidad (i.e pueda bajar y subir en el autob\u00fas) la silla de rueda se puede poner en el autob\u00fas.<br \/>\nPara m\u00e1s informaciones contacte con nosotros o env\u00edenos un correo a info@tourstickets.com.","protected":false},"excerpt":{"rendered":"<p><strong>El recorrido ideal para conocer lo mejor de Barcelona en un d\u00eda.<\/strong><\/p>\n<blockquote><p>\u00a1Barri\u00f3 G\u00f3tico, Castillo Montju\u00efc,Poble Espanyol e mucho m\u00e1s!<\/p><\/blockquote>\n","protected":false},"featured_media":841,"comment_status":"closed","ping_status":"closed","template":"","meta":[],"product_brand":[],"product_cat":[19,17],"product_tag":[46,68,27,67,113,71,28,69,48,29,98,97,99],"class_list":{"0":"post-668","1":"product","2":"type-product","3":"status-publish","4":"has-post-thumbnail","6":"product_cat-barcelona-highlights","7":"product_cat-1-day-tours","8":"product_tag-arquitecture","9":"product_tag-art","10":"product_tag-barcelona","11":"product_tag-by-bus","12":"product_tag-eng","13":"product_tag-gaudi","14":"product_tag-highlights","15":"product_tag-museum","16":"product_tag-sagrada-familia","17":"product_tag-sightseeing","18":"product_tag-traveling-by-yourself","19":"product_tag-traveling-with-children","20":"product_tag-traveling-with-partner","22":"first","23":"instock","24":"virtual","25":"sold-individually","26":"purchasable","27":"product-type-booking"},"_links":{"self":[{"href":"https:\/\/www.barcelonatourstickets.com\/es\/wp-json\/wp\/v2\/product\/668","targetHints":{"allow":["GET"]}}],"collection":[{"href":"https:\/\/www.barcelonatourstickets.com\/es\/wp-json\/wp\/v2\/product"}],"about":[{"href":"https:\/\/www.barcelonatourstickets.com\/es\/wp-json\/wp\/v2\/types\/product"}],"replies":[{"embeddable":true,"href":"https:\/\/www.barcelonatourstickets.com\/es\/wp-json\/wp\/v2\/comments?post=668"}],"wp:featuredmedia":[{"embeddable":true,"href":"https:\/\/www.barcelonatourstickets.com\/es\/wp-json\/wp\/v2\/media\/841"}],"wp:attachment":[{"href":"https:\/\/www.barcelonatourstickets.com\/es\/wp-json\/wp\/v2\/media?parent=668"}],"wp:term":[{"taxonomy":"product_brand","embeddable":true,"href":"https:\/\/www.barcelonatourstickets.com\/es\/wp-json\/wp\/v2\/product_brand?post=668"},{"taxonomy":"product_cat","embeddable":true,"href":"https:\/\/www.barcelonatourstickets.com\/es\/wp-json\/wp\/v2\/product_cat?post=668"},{"taxonomy":"product_tag","embeddable":true,"href":"https:\/\/www.barcelonatourstickets.com\/es\/wp-json\/wp\/v2\/product_tag?post=668"}],"curies":[{"name":"wp","href":"https:\/\/api.w.org\/{rel}","templated":true}]}}