{"id":675,"date":"2016-09-13T13:22:16","date_gmt":"2016-09-13T11:22:16","guid":{"rendered":"https:\/\/www.barcelonatourstickets.com\/tours\/the-sagrada-familia-tour\/"},"modified":"2021-01-14T10:50:19","modified_gmt":"2021-01-14T09:50:19","slug":"the-sagrada-familia-tour","status":"publish","type":"product","link":"https:\/\/www.barcelonatourstickets.com\/es\/tours\/the-sagrada-familia-tour\/","title":{"rendered":"El Tour a la Sagrada Familia"},"content":{"rendered":"<h5><strong>Entrada por la v\u00eda r\u00e1pida la Sagrada Familia.<\/strong> Rel\u00e1jese mientras un gu\u00eda amigable revela el mundo de fantas\u00eda y geometr\u00eda de Gaud\u00ed.<\/h5>\n<p style=\"text-align: justify;\">Empezara su recorrido directamente con la obra m\u00e1s famosas de Gaud\u00ed: La Sagrada Familia para una visita guiada interna y externa.<\/p>\n<h6 style=\"text-align: justify;\">\u00bfQui\u00e9n fue Gaud\u00ed?<\/h6>\n<p style=\"text-align: justify;\"><a href=\"https:\/\/www.barcelonatourstickets.com\/es\/tours\/gaudi-tour\/\" target=\"_blank\" rel=\"noopener noreferrer\">Antoni Gaud\u00ed<\/a> fue un arquitecto visionario durante el per\u00edodo modernista de Barcelona a principios de 1900. Adorn\u00f3 Barcelona con casi todos sus edificios extraordinarios. No menos de 7 han sido catalogadas como sitios del Patrimonio Mundial por la UNESCO, incluidas la Sagrada Familia y la Casa Batll\u00f3.<\/p>\n<p style=\"text-align: justify;\">La Sagrada Familia es la \u201cjoya de la corona\u201d de todas las obras de Gaud\u00ed, el templo es una s\u00edntesis de su concepci\u00f3n general de la arquitectura. La riqueza de detalles y su importancia deben explicarse para poder apreciar este edificio fascinante y extraordinario en su totalidad.<\/p>\n<p style=\"text-align: justify;\">Gaud\u00ed deseaba que el templo, que a\u00fan se est\u00e1 construyendo, sea financiado por la gente, no por impuestos o fondos, y eso es exactamente lo que hacen sus tarifas de entrada (incluidas en el precio de nuestro recorrido) financiar la finalizaci\u00f3n del edificio que comenz\u00f3 en 1882.<\/p>\n<ul style=\"text-align: justify;\">\n<li style=\"list-style-type: none;\">\n<ul style=\"text-align: justify;\">\n<li style=\"list-style-type: none;\">\n<ul style=\"text-align: justify;\">\n<li><strong>Exterior<\/strong>. Cada fachada explica un cap\u00edtulo de la vida de Jes\u00fas. Pasar\u00e1s por la fachada del nacimiento; mira de cerca, toda la natividad est\u00e1 representada all\u00ed. Al otro lado de la bas\u00edlica est\u00e1 la fachada de la Pasi\u00f3n, que representa las etapas antes de que Jes\u00fas muriera.<\/li>\n<li><strong>La bas\u00edlica<\/strong>. La bas\u00edlica: No hay palabras para describir la primera vez que ingresas a la Sagrada Familia. Las columnas curvas que se asemejan a los \u00e1rboles, la luz que baila y juega a trav\u00e9s del pasillo en un cambio constante de colores. \u00a1S\u00f3lo espera y mira!<\/li>\n<li><strong>El Museo<\/strong>. El taller de estudio es esencial para comprender c\u00f3mo trabaj\u00f3 y pens\u00f3 Gaud\u00ed. Los modelos que us\u00f3 est\u00e1n m\u00e1s all\u00e1 de la imaginaci\u00f3n de cualquiera.<\/li>\n<\/ul>\n<\/li>\n<\/ul>\n<\/li>\n<\/ul>\n<div class=\"destacar\" style=\"text-align: justify;\">Despu\u00e9s de la visita a la Sagrada familia, podr\u00e1n quedarse todo el tiempo que desee. Eso te dar\u00e1 tambi\u00e9n la oportunidad de visitar el museo.<\/div>\n<h5 class=\"p1\" style=\"text-align: justify;\"><span style=\"text-decoration: underline; color: #000080;\"><span class=\"s1\">El punto de encuentro<\/span><\/span><\/h5>\n<p class=\"p3\" style=\"text-align: justify;\">La excursion tiene punto de encuentro en las oficinas de Julia Travel en la Calle Sadenya 311 Su<\/p>\n<h5 class=\"p1\" style=\"text-align: justify;\"><span style=\"text-decoration: underline;\"><span class=\"s1\" style=\"color: #000080; text-decoration: underline;\">Horario<\/span><\/span><\/h5>\n<p class=\"p3\" style=\"text-align: justify;\">Temporada Alta (1 abril \u2013 31 octubre): a cada hora \/ desde las 9:00 \u2013 17:00 todos los d\u00edas.<\/p>\n<p class=\"p3\" style=\"text-align: justify;\">Temporada Baja (1 Noviembre \u2013 25 Marzo): Diariamente 10:00, 12:00pm, 14:00 and 16:00<\/p>\n<p class=\"p3\" style=\"text-align: justify;\">*Este tour no se hace a las 9:00 o las 10:00 de la ma\u00f1ana por los Domingos<\/p>\n<h5 class=\"p1\" style=\"text-align: justify;\"><span style=\"text-decoration: underline;\"><span class=\"s1\" style=\"color: #000080; text-decoration: underline;\">Included<\/span><\/span><\/h5>\n<p style=\"text-align: justify;\">Entrada a la Sagrada Familia.<\/p>\n<p style=\"text-align: justify;\">Sistema de radio gu\u00eda<\/p>\n<p style=\"text-align: justify;\">Gu\u00eda local<\/p>\n<p style=\"text-align: justify;\">Free time in Sagrada Fam\u00edlia<\/p>\n<p class=\"p3\" style=\"text-align: justify;\">English speaking guide<\/p>\n<h5 class=\"p1\" style=\"text-align: justify;\"><span style=\"text-decoration: underline;\"><span class=\"s1\" style=\"color: #000080; text-decoration: underline;\">Excluded<\/span><\/span><\/h5>\n<p style=\"text-align: justify;\">Acceso a las torres de la Sagrada Familia.<\/p>\n<p style=\"text-align: justify;\">Comida y Bebida<\/p>\n<p style=\"text-align: justify;\">Recogida en el hotel. El punto de partida es directamente en la oficina Julia Travel cerca de la Sagrada Familia<\/p>\n<h5 class=\"p1\" style=\"text-align: justify;\"><span style=\"text-decoration: underline; color: #000080;\"><span class=\"s1\">Essential Information<\/span><\/span><\/h5>\n<p class=\"p3\" style=\"text-align: justify;\"><span class=\"s1\"><b>Duraci\u00f3n:<\/b><\/span> 1,5 hours<\/p>\n<p class=\"p3\" style=\"text-align: justify;\"><span class=\"s1\"><b>El precio del Tour de La Sagrada Familia:<\/b><\/span> 49 euros adult | 29 euros child<\/p>\n<p class=\"p3\" style=\"text-align: justify;\"><span class=\"s1\"><b>Idioma: <\/b><\/span>English<\/p>\n<p class=\"p3\" style=\"text-align: justify;\"><span class=\"s1\"><b>Importante:<\/b><\/span><\/p>\n<p style=\"text-align: justify;\">En esta excursi\u00f3n hay que caminar.<\/p>\n<p style=\"text-align: justify;\">Su gu\u00eda le proporcionar\u00e1 los radios gu\u00edas para que todos puedan disfrutar de una visita guiada. Ni\u00f1os con 10 o menos anos de edad no tendr\u00e1n radio gu\u00eda. Debido a los controles de seguridad realizados para la entrada a la Sagrada Familia, los tiempos de espera puedan ser m\u00e1s largos algunos d\u00edas. Sagrada Familia es una iglesia cat\u00f3lica se requiere ropa conservadora para ingresar a la iglesia.<\/p>\n<p class=\"p3\" style=\"text-align: justify;\">Por favor, para solicitudes especiales env\u00edenos un correo electr\u00f3nico en <span class=\"s2\">info@tourstickets.com<\/span><\/p>","protected":false},"excerpt":{"rendered":"<p>Visita el templo inacabado del arquitecto Antoni Gaud\u00ed: la Sagrada Familia, el sitio m\u00e1s importante de Barcelona.<\/p>\n","protected":false},"featured_media":679,"comment_status":"closed","ping_status":"closed","template":"","meta":[],"product_brand":[],"product_cat":[19,17],"product_tag":[46,27,113,71,28,48,29,127,98,97,99],"class_list":{"0":"post-675","1":"product","2":"type-product","3":"status-publish","4":"has-post-thumbnail","6":"product_cat-barcelona-highlights","7":"product_cat-1-day-tours","8":"product_tag-arquitecture","9":"product_tag-barcelona","10":"product_tag-eng","11":"product_tag-gaudi","12":"product_tag-highlights","13":"product_tag-sagrada-familia","14":"product_tag-sightseeing","15":"product_tag-skip","16":"product_tag-traveling-by-yourself","17":"product_tag-traveling-with-children","18":"product_tag-traveling-with-partner","20":"first","21":"instock","22":"virtual","23":"sold-individually","24":"purchasable","25":"product-type-booking"},"_links":{"self":[{"href":"https:\/\/www.barcelonatourstickets.com\/es\/wp-json\/wp\/v2\/product\/675","targetHints":{"allow":["GET"]}}],"collection":[{"href":"https:\/\/www.barcelonatourstickets.com\/es\/wp-json\/wp\/v2\/product"}],"about":[{"href":"https:\/\/www.barcelonatourstickets.com\/es\/wp-json\/wp\/v2\/types\/product"}],"replies":[{"embeddable":true,"href":"https:\/\/www.barcelonatourstickets.com\/es\/wp-json\/wp\/v2\/comments?post=675"}],"wp:featuredmedia":[{"embeddable":true,"href":"https:\/\/www.barcelonatourstickets.com\/es\/wp-json\/wp\/v2\/media\/679"}],"wp:attachment":[{"href":"https:\/\/www.barcelonatourstickets.com\/es\/wp-json\/wp\/v2\/media?parent=675"}],"wp:term":[{"taxonomy":"product_brand","embeddable":true,"href":"https:\/\/www.barcelonatourstickets.com\/es\/wp-json\/wp\/v2\/product_brand?post=675"},{"taxonomy":"product_cat","embeddable":true,"href":"https:\/\/www.barcelonatourstickets.com\/es\/wp-json\/wp\/v2\/product_cat?post=675"},{"taxonomy":"product_tag","embeddable":true,"href":"https:\/\/www.barcelonatourstickets.com\/es\/wp-json\/wp\/v2\/product_tag?post=675"}],"curies":[{"name":"wp","href":"https:\/\/api.w.org\/{rel}","templated":true}]}}