{"id":694,"date":"2016-09-25T18:10:15","date_gmt":"2016-09-25T16:10:15","guid":{"rendered":"https:\/\/www.barcelonatourstickets.com\/tours\/roca-village-shopping-express\/"},"modified":"2021-01-14T10:49:18","modified_gmt":"2021-01-14T09:49:18","slug":"roca-village-shopping-express","status":"publish","type":"product","link":"https:\/\/www.barcelonatourstickets.com\/es\/tours\/roca-village-shopping-express\/","title":{"rendered":"La Roca Village Shopping Express"},"content":{"rendered":"<h4 class=\"p1\"><b>La Roca Village<\/b><\/h4>\n<p class=\"p2\">M\u00e1s de 130 boutiques con marcas populares nacionales e internacionales, y ahorros de hasta el 60% (sobre el precio original) durante todo el a\u00f1o. En La Roca Village encontrar\u00e1 todo lo que necesita para relajarse con su familia o amigos: restaurantes y terraza<\/p>\n<p>Calidad, atenci\u00f3n al detalle y el servicio de cinco estrellas son caracter\u00edsticas de La Roca Village.<\/p>\n<p class=\"p2\">La Excursi\u00f3n incluye <a href=\"https:\/\/www.barcelonatourstickets.com\/es\/product-category\/transfers\/\" target=\"_blank\" rel=\"noopener noreferrer\">transporte<\/a> de ida y vuelta a La Roca Village, servicio de gu\u00eda a bordo y la Saving Card que ofrece un 10% de descuento adicional en las compras realizadas en el village.<\/p>\n<p class=\"p2\">La Roca Village<span class=\"Apple-converted-space\">\u00a0 <\/span>es una experiencia de compras y se ha convertido en sin\u00f3nimo de marcas de lujo, de encantadores emplazamientos al aire libre, de un servicio acogedor y superior, de un calendario de famosos eventos y, en particular, de unos precios excepcionales. Las marcas l\u00edderes a nivel mundial ofrecen colecciones aut\u00e9nticas de temporadas anteriores con descuentos de hasta el 60%, y a veces con descuentos superiores, sobre el precio de venta recomendado, durante todo el a\u00f1o.<\/p>\n<h5 class=\"p3\"><span class=\"s1\" style=\"color: #000080;\"><b>La Roca Village Shopping Express\u00a0pick up and drop off point<\/b><\/span><\/h5>\n<p class=\"p4\">Salidas desde Passeig de Gr\u00e0cia, 6<\/p>\n<h5 class=\"p5\"><span class=\"s1\" style=\"color: #000080;\"><b>Horarios<\/b><\/span><\/h5>\n<p class=\"p2\">Servicios diarios<\/p>\n<ul class=\"ul1\">\n<li class=\"li6\">Salidas\n<ul class=\"ul1\">\n<li>9:00, 10:00, 11:00, 12:00 y 15:00<\/li>\n<\/ul>\n<\/li>\n<\/ul>\n<ul class=\"ul1\">\n<li class=\"li6\">Retornos\n<ul class=\"ul1\">\n<li class=\"li6\">13:00, 14:00, 16:00, 17:00 y 20:00<\/li>\n<\/ul>\n<\/li>\n<\/ul>\n<h5 class=\"p7\"><span class=\"s1\" style=\"color: #000080;\"><b>Incluye<\/b><\/span><\/h5>\n<ul class=\"ul1\">\n<li class=\"li6\">Gu\u00eda acompa\u00f1ante multiling\u00fce a bordo del bus<\/li>\n<li class=\"li6\">VIP Saving Card con el 10% adicional en todas las tiendas solamente para nuestros pasajeros<\/li>\n<li class=\"li6\">\u00danico servicio oficial de La Roca Village<\/li>\n<li class=\"li6\">Parada dentro del Village enfrente de la Oficina de Informaci\u00f3n Tur\u00edstica<\/li>\n<\/ul>\n<h5 class=\"p7\"><span class=\"s1\" style=\"color: #000080;\"><b>Excluye<\/b><\/span><\/h5>\n<p class=\"p2\">Comidas o bebidas no especificadas.<\/p>\n<h5 class=\"p7\"><span style=\"color: #000080;\"><b>Informaci\u00f3n Adicional<\/b><\/span><\/h5>\n<p class=\"p2\"><b>Precio:<\/b>\u00a020 euros adulto | 10 euros ni\u00f1os\u00a0(menores de 4 a\u00f1os entrada libre)<\/p>\n<p class=\"p4\"><b>Para peticiones especiales, no dude en contactar con nosotros v\u00eda mail:<\/b> info@tourstickets.com<\/p>","protected":false},"excerpt":{"rendered":"<p style=\"text-align: justify;\"><strong>La Roca Village\u00a0 es una experiencia de compras<\/strong> y se ha convertido en sin\u00f3nimo de marcas de lujo, de encantadores emplazamientos al aire libre, de un servicio acogedor y superior, de un calendario de famosos eventos y, en particular, de unos precios excepcionales.<\/p>\n","protected":false},"featured_media":699,"comment_status":"closed","ping_status":"closed","template":"","meta":[],"product_brand":[],"product_cat":[17,18,25],"product_tag":[27,67,114,82,29,98,99],"class_list":{"0":"post-694","1":"product","2":"type-product","3":"status-publish","4":"has-post-thumbnail","6":"product_cat-1-day-tours","7":"product_cat-from-barcelona","8":"product_cat-other-activities","9":"product_tag-barcelona","10":"product_tag-by-bus","11":"product_tag-multi","12":"product_tag-shopping","13":"product_tag-sightseeing","14":"product_tag-traveling-by-yourself","15":"product_tag-traveling-with-partner","17":"first","18":"instock","19":"featured","20":"virtual","21":"sold-individually","22":"purchasable","23":"product-type-booking"},"_links":{"self":[{"href":"https:\/\/www.barcelonatourstickets.com\/es\/wp-json\/wp\/v2\/product\/694","targetHints":{"allow":["GET"]}}],"collection":[{"href":"https:\/\/www.barcelonatourstickets.com\/es\/wp-json\/wp\/v2\/product"}],"about":[{"href":"https:\/\/www.barcelonatourstickets.com\/es\/wp-json\/wp\/v2\/types\/product"}],"replies":[{"embeddable":true,"href":"https:\/\/www.barcelonatourstickets.com\/es\/wp-json\/wp\/v2\/comments?post=694"}],"wp:featuredmedia":[{"embeddable":true,"href":"https:\/\/www.barcelonatourstickets.com\/es\/wp-json\/wp\/v2\/media\/699"}],"wp:attachment":[{"href":"https:\/\/www.barcelonatourstickets.com\/es\/wp-json\/wp\/v2\/media?parent=694"}],"wp:term":[{"taxonomy":"product_brand","embeddable":true,"href":"https:\/\/www.barcelonatourstickets.com\/es\/wp-json\/wp\/v2\/product_brand?post=694"},{"taxonomy":"product_cat","embeddable":true,"href":"https:\/\/www.barcelonatourstickets.com\/es\/wp-json\/wp\/v2\/product_cat?post=694"},{"taxonomy":"product_tag","embeddable":true,"href":"https:\/\/www.barcelonatourstickets.com\/es\/wp-json\/wp\/v2\/product_tag?post=694"}],"curies":[{"name":"wp","href":"https:\/\/api.w.org\/{rel}","templated":true}]}}