{"id":762,"date":"2016-10-04T14:26:15","date_gmt":"2016-10-04T12:26:15","guid":{"rendered":"https:\/\/www.barcelonatourstickets.com\/tours\/palacio-del-flamenco-show\/"},"modified":"2021-01-14T10:45:37","modified_gmt":"2021-01-14T09:45:37","slug":"palacio-del-flamenco-show","status":"publish","type":"product","link":"https:\/\/www.barcelonatourstickets.com\/es\/tours\/palacio-del-flamenco-show\/","title":{"rendered":"Palacio del Flamenco Show"},"content":{"rendered":"<h4 style=\"text-align: justify;\"><strong>El\u00a0Palacio del Flamenco Show<\/strong><\/h4>\n<p class=\"p1\" style=\"text-align: justify;\"><a href=\"https:\/\/www.barcelonatourstickets.com\/tours\/palacio-del-flamenco-show-dinner\/\" target=\"_blank\" rel=\"noopener noreferrer\">Palacio<\/a>\u00a0del Flamenco es una sala situada en un antiguo teatro en centro de Barcelona con una larga trayectoria social y art\u00edstica. Despu\u00e9s de una profunda restauraci\u00f3n<span class=\"Apple-converted-space\">\u00a0<\/span>se inaugura en diciembre del a\u00f1o 2006 dedicado al mundo del Flamenco.<\/p>\n<p class=\"p1\">Nuestro teatro puede albergar hasta 380 sentadas c\u00f3modamente para cenar y poder disfrutar del espect\u00e1culo con absoluto confort.<\/p>\n<p class=\"p1\">La cocina<span class=\"Apple-converted-space\">\u00a0 <\/span>es del m\u00e1s alto nivel y calidad acompa\u00f1ados<span class=\"Apple-converted-space\">\u00a0 <\/span>de un servicio de camareros altamente cualificados con un amplio conocimiento de idiomas: ingl\u00e9s, franc\u00e9s, italiano y ruso. Nuestro objetivo es crear un ambiente acogedor donde nuestros hu\u00e9spedes extranjeros se sientan como en casa.<\/p>\n<p class=\"p1\">El palacio del Flamenco ofrece actualmente tres programas diferentes diariamente presentados por un elenco de artistas en escena.<span class=\"Apple-converted-space\">\u00a0 <\/span>Cantaores, bailaores, guitarristas y m\u00fasicos realizan una propuesta esc\u00e9nica y musical de gran fuerza, un viaje por diferentes g\u00e9neros del flamenco que permite al p\u00fablico aficionado disfrutar de una velada flamenca de gran belleza en un marco inolvidable.<\/p>\n<p class=\"p1\">La gastronom\u00eda viene avalada por el buen hacer y la alta calidad del grupo Beltxenea Catering con m\u00e1s de 25 a\u00f1os de experiencia en el sector.<\/p>\n<h5 style=\"text-align: justify;\"><span style=\"color: #000080; text-decoration: underline; font-family: inherit; font-weight: bold;\">Localizaci\u00f3n<\/span><\/h5>\n<p class=\"p3\" style=\"text-align: justify;\">C\/Balmes 139. 08008 Barcelona<\/p>\n<h5 class=\"p3\" style=\"text-align: justify;\"><span style=\"color: #000080; text-decoration: underline; font-family: inherit; font-weight: bold;\">Horarios<\/span><\/h5>\n<div class=\"column\" style=\"text-align: justify;\">\n<p><span style=\"text-decoration: underline;\">1\u00b0 Sesi\u00f3n \u2013 Flamenco y Ole\u0301:<\/span><\/p>\n<ul>\n<li>&#8211; \u00a0Show: de 18:25 a\u00a019:25h<\/li>\n<\/ul>\n<p><span style=\"text-decoration: underline;\">2\u00b0 Sesi\u00f3n \u2013 Flamenco Bajano\u0301:<\/span><\/p>\n<ul>\n<li>&#8211; \u00a0Show: de 20:20 a 21:20h<\/li>\n<\/ul>\n<p><span style=\"text-decoration: underline;\">3\u00b0 Sesi\u00f3n \u2013Flamenco Pasio\u0301n*:<\/span><\/p>\n<ul>\n<li>&#8211; \u00a0Show: de 22:30 a 23:30h<\/li>\n<\/ul>\n<p><em>*no disponible el 31 de\u00a0Diciembre\u00a0<\/em><\/p>\n<\/div>\n<h5 class=\"p1\" style=\"text-align: justify;\"><span style=\"text-decoration: underline; color: #000080;\"><span class=\"s1\">Informaci\u00f3n adicional<\/span><\/span><\/h5>\n<p class=\"p1\" style=\"text-align: justify;\"><strong>Theatre and show Information<\/strong><\/p>\n<div class=\"section\" style=\"text-align: justify;\">\n<div class=\"layoutArea\">\n<div class=\"column\">\n<p>&#8211; El mejor show de Flamenco puro y fusi\u00f3n de danza cl\u00e1sica en Espa\u00f1a abre todos los d\u00edas.<br \/>\n&#8211; M\u00e1s de 14 artistas en cada show.<br \/>\n&#8211; 3 shows diarios,cada uno con m\u00fasica,, coreograf\u00edas y vestimentas diferentes.<\/p>\n<p>&#8211; M\u00e1xima calidad en la iluminaci\u00f3n y ac\u00fastica del teatro.<br \/>\n&#8211; M\u00e1s de 200 trajes diferentes..<\/p>\n<p><strong>La capacidad del teatro es de: 380 personas. 280 en la planta baja y 100 m\u00e1s en el anfiteatro.<\/strong><\/p>\n<\/div>\n<\/div>\n<\/div>\n<div class=\"section\" style=\"text-align: justify;\">\n<div class=\"layoutArea\">\n<div class=\"column\">\n<h5><span style=\"color: #000080;\"><strong><span style=\"text-decoration: underline;\">Opciones<\/span><\/strong><\/span><\/h5>\n<p><span style=\"text-decoration: underline;\">Show y bebida<\/span>&#8230;&#8230;&#8230;&#8230;&#8230;&#8230;&#8230;&#8230;&#8230;&#8230;&#8230;&#8230;..: 35\u20ac<\/p>\n<p>Copa de sangri\u0301a o refresco<\/p>\n<p><span style=\"text-decoration: underline;\">Men\u00fa de fruta y Show<\/span>&#8230;&#8230;&#8230;&#8230;&#8230;&#8230;&#8230;&#8230;&#8230;&#8230;: 45\u20ac<\/p>\n<div class=\"section\">\n<div class=\"layoutArea\">\n<div class=\"column\">\n<p>Ensalada de fruta cortada + Copa de cava<\/p>\n<\/div>\n<\/div>\n<\/div>\n<p><span style=\"text-decoration: underline;\">Show Ni\u00f1os<\/span>&#8230;&#8230;&#8230;&#8230;&#8230;&#8230;&#8230;&#8230;&#8230;&#8230;&#8230;&#8230;&#8230;: 22\u20ac [Hasta los 12 a\u00f1os]\n<p>Refresco incluido<\/p>\n<p><span style=\"text-decoration: underline;\">Show PREMIUM<\/span>&#8230;&#8230;&#8230;&#8230;&#8230;&#8230;&#8230;&#8230;&#8230;&#8230;&#8230;&#8230;: 110 \u20ac<\/p>\n<p><span class=\"s1\">Bebidas premium incluidas + VIP area<\/span><\/p>\n<p><span class=\"s1\"><b>Duraci\u00f3n:<\/b><\/span>\u00a02 horas aprox.<\/p>\n<\/div>\n<\/div>\n<\/div>\n<p class=\"p3\" style=\"text-align: justify;\"><span class=\"s1\"><b>Para peticiones especiales, no dude en contactar con nosotros v\u00eda mail:<\/b><\/span>\u00a0<span class=\"s2\">booking@barcelonatourstickets.com<\/span><\/p>","protected":false},"excerpt":{"rendered":"<p style=\"text-align: justify;\"><strong>Palacio del Flamenco actualmente ofrece tres shows diferentes cada d\u00eda con m\u00e1s de 15 artistas en el escenario. <\/strong>&#8220;Cantaores&#8221;, &#8220;bailaores&#8221;, guitarristas y otros m\u00fasicos que interact\u00faan para crear una fusi\u00f3n de diferentes estilos.<\/p>\n","protected":false},"featured_media":760,"comment_status":"closed","ping_status":"closed","template":"","meta":[],"product_brand":[],"product_cat":[83],"product_tag":[27,112,80,98,99,39],"class_list":{"0":"post-762","1":"product","2":"type-product","3":"status-publish","4":"has-post-thumbnail","6":"product_cat-flamenco-show","7":"product_tag-barcelona","8":"product_tag-engspa","9":"product_tag-flamenco-show","10":"product_tag-traveling-by-yourself","11":"product_tag-traveling-with-partner","12":"product_tag-wine","14":"first","15":"instock","16":"virtual","17":"sold-individually","18":"purchasable","19":"product-type-booking"},"_links":{"self":[{"href":"https:\/\/www.barcelonatourstickets.com\/es\/wp-json\/wp\/v2\/product\/762","targetHints":{"allow":["GET"]}}],"collection":[{"href":"https:\/\/www.barcelonatourstickets.com\/es\/wp-json\/wp\/v2\/product"}],"about":[{"href":"https:\/\/www.barcelonatourstickets.com\/es\/wp-json\/wp\/v2\/types\/product"}],"replies":[{"embeddable":true,"href":"https:\/\/www.barcelonatourstickets.com\/es\/wp-json\/wp\/v2\/comments?post=762"}],"wp:featuredmedia":[{"embeddable":true,"href":"https:\/\/www.barcelonatourstickets.com\/es\/wp-json\/wp\/v2\/media\/760"}],"wp:attachment":[{"href":"https:\/\/www.barcelonatourstickets.com\/es\/wp-json\/wp\/v2\/media?parent=762"}],"wp:term":[{"taxonomy":"product_brand","embeddable":true,"href":"https:\/\/www.barcelonatourstickets.com\/es\/wp-json\/wp\/v2\/product_brand?post=762"},{"taxonomy":"product_cat","embeddable":true,"href":"https:\/\/www.barcelonatourstickets.com\/es\/wp-json\/wp\/v2\/product_cat?post=762"},{"taxonomy":"product_tag","embeddable":true,"href":"https:\/\/www.barcelonatourstickets.com\/es\/wp-json\/wp\/v2\/product_tag?post=762"}],"curies":[{"name":"wp","href":"https:\/\/api.w.org\/{rel}","templated":true}]}}