{"id":773,"date":"2016-10-06T12:19:02","date_gmt":"2016-10-06T10:19:02","guid":{"rendered":"https:\/\/www.barcelonatourstickets.com\/tours\/new-year-eve-palacio-flamenco\/"},"modified":"2021-01-14T10:45:07","modified_gmt":"2021-01-14T09:45:07","slug":"new-year-eve-palacio-flamenco","status":"publish","type":"product","link":"https:\/\/www.barcelonatourstickets.com\/es\/tours\/new-year-eve-palacio-flamenco\/","title":{"rendered":"Nochevieja en Palacio del Flamenco"},"content":{"rendered":"<h4 style=\"text-align: center;\"><strong>Nochevieja en Palacio del Flamenco Show &amp; Cena<\/strong><\/h4>\n<p style=\"text-align: center;\"><span style=\"text-decoration: underline;\">Men\u00fa<\/span><\/p>\n<p style=\"text-align: center;\">Bouillabaisse de pescado y marisco bajo hojaldre<\/p>\n<p style=\"text-align: center;\">Medallones de solomillo con salsa Navide\u00f1a de foie<\/p>\n<p style=\"text-align: center;\">Milhojas con albaricoque y salsa de limo\u0301n<\/p>\n<p style=\"text-align: center;\">Aguas y refrescos<\/p>\n<p style=\"text-align: center;\">Cafe\u0301 con dulces y licores<\/p>\n<p style=\"text-align: center;\"><strong>Bebidas Incluidas<\/strong><\/p>\n<p style=\"text-align: center;\">Vino Blanco Verdejo &#8211; Vino Tinto Rioja &#8211; Cava: Brut<\/p>\n<h5 style=\"text-align: justify;\"><span style=\"color: #000080; text-decoration: underline; font-family: inherit; font-weight: bold;\">Palacio del Flamenco<\/span><\/h5>\n<p class=\"p3\" style=\"text-align: justify;\">C\/Balmes 139. 08008 Barcelona<\/p>\n<h5 class=\"p3\" style=\"text-align: justify;\"><span style=\"color: #000080; text-decoration: underline; font-family: inherit; font-weight: bold;\">Programa<\/span><\/h5>\n<div class=\"column\" style=\"text-align: justify;\">\n<p>21:30h Flamenco Experience<\/p>\n<p>22:00h Cena de gala<\/p>\n<p>22:55h Espect\u00e1culo Flamenco de 1 hora<\/p>\n<p>00:00h Brindis de fin de a\u00f1o con uvas de la suerte y bolsa de cotill\u00f3n<\/p>\n<p>00:00h &#8211; 03:00h Baile (DJ) con cuatro combinados incluidos<\/p>\n<\/div>\n<h5 class=\"p1\" style=\"text-align: justify;\"><span style=\"text-decoration: underline; color: #000080;\"><span class=\"s1\">Informaci\u00f3n Adicional<\/span><\/span><\/h5>\n<p>\u2013 M\u00e1s de 14 artistas en cada show.<br \/>\n\u2013 M\u00e1xima calidad en la iluminaci\u00f3n y ac\u00fastica del teatro.<br \/>\n\u2013 M\u00e1s de 200 trajes diferentes.<\/p>\n<p><strong>La capacidad del teatro es de: 380 personas. 280 en la planta baja y 100 m\u00e1s en el anfiteatro.<\/strong><\/p>\n<div class=\"section\" style=\"text-align: justify;\">\n<div class=\"layoutArea\">\n<div class=\"column\">\n<h5><span style=\"color: #000080;\"><strong><span style=\"text-decoration: underline;\">Opciones<\/span><\/strong><\/span><\/h5>\n<p><span style=\"text-decoration: underline;\">Precio<\/span>&#8230;&#8230;&#8230;&#8230;&#8230;&#8230;&#8230;&#8230;&#8230;: 150\u20ac<\/p>\n<p><span style=\"text-decoration: underline;\">Precio Area VIP<\/span> &#8230;&#8230;&#8230;&#8230;&#8230;&#8230;&#8230;&#8230;&#8230;: 200\u20ac<\/p>\n<\/div>\n<\/div>\n<\/div>\n<p class=\"p1\"><b>Para peticiones especiales, no dude en contactar con nosotros v\u00eda mail:<\/b>\u00a0booking@barcelonatourstickets.com o haga click\u00a0<a href=\"https:\/\/www.barcelonatourstickets.com\/contact\/\"><span class=\"s1\">aqu\u00ed<\/span><\/a><\/p>","protected":false},"excerpt":{"rendered":"<p><strong>\u00bfEst\u00e1s buscando una Nochevieja diferente en Barcelona?<\/strong> Deja de buscar has encontrado la opci\u00f3n perfecta: Cena, Show, Cotill\u00f3n y Baile en Palacio del Flamenco<\/p>\n","protected":false},"featured_media":2135,"comment_status":"closed","ping_status":"closed","template":"","meta":[],"product_brand":[],"product_cat":[22,83,25],"product_tag":[27,81,80,38,114,36,98,99,39],"class_list":{"0":"post-773","1":"product","2":"type-product","3":"status-publish","4":"has-post-thumbnail","6":"product_cat-tapas-tours","7":"product_cat-flamenco-show","8":"product_cat-other-activities","9":"product_tag-barcelona","10":"product_tag-dinner","11":"product_tag-flamenco-show","12":"product_tag-food","13":"product_tag-multi","14":"product_tag-tapas","15":"product_tag-traveling-by-yourself","16":"product_tag-traveling-with-partner","17":"product_tag-wine","19":"first","20":"instock","21":"virtual","22":"sold-individually","23":"purchasable","24":"product-type-booking"},"_links":{"self":[{"href":"https:\/\/www.barcelonatourstickets.com\/es\/wp-json\/wp\/v2\/product\/773","targetHints":{"allow":["GET"]}}],"collection":[{"href":"https:\/\/www.barcelonatourstickets.com\/es\/wp-json\/wp\/v2\/product"}],"about":[{"href":"https:\/\/www.barcelonatourstickets.com\/es\/wp-json\/wp\/v2\/types\/product"}],"replies":[{"embeddable":true,"href":"https:\/\/www.barcelonatourstickets.com\/es\/wp-json\/wp\/v2\/comments?post=773"}],"wp:featuredmedia":[{"embeddable":true,"href":"https:\/\/www.barcelonatourstickets.com\/es\/wp-json\/wp\/v2\/media\/2135"}],"wp:attachment":[{"href":"https:\/\/www.barcelonatourstickets.com\/es\/wp-json\/wp\/v2\/media?parent=773"}],"wp:term":[{"taxonomy":"product_brand","embeddable":true,"href":"https:\/\/www.barcelonatourstickets.com\/es\/wp-json\/wp\/v2\/product_brand?post=773"},{"taxonomy":"product_cat","embeddable":true,"href":"https:\/\/www.barcelonatourstickets.com\/es\/wp-json\/wp\/v2\/product_cat?post=773"},{"taxonomy":"product_tag","embeddable":true,"href":"https:\/\/www.barcelonatourstickets.com\/es\/wp-json\/wp\/v2\/product_tag?post=773"}],"curies":[{"name":"wp","href":"https:\/\/api.w.org\/{rel}","templated":true}]}}